{"id":109,"date":"2017-12-19T09:56:26","date_gmt":"2017-12-19T09:56:26","guid":{"rendered":"https:\/\/wordpress.gradientthemes.com\/brand-shop\/product\/purple-tshirt\/"},"modified":"2025-12-08T22:12:48","modified_gmt":"2025-12-08T22:12:48","slug":"cijanid","status":"publish","type":"product","link":"https:\/\/poisonshops.com\/hr\/proizvod\/cijanid\/","title":{"rendered":"Cijanid"},"content":{"rendered":"<h2>Cijanid na prodaju online<\/h2>\n<h4>Pregled<\/h4>\n<p>Cijanid je brzo djeluju\u0107i, potencijalno smrtonosni kemijski spoj koji mo\u017ee postojati u razli\u010ditim oblicima, uklju\u010duju\u0107i vodikov cijanid (HCN) i cijanidne soli (npr. kalijev cijanid, natrijev cijanid). On ometa sposobnost tijela da koristi kisik, \u0161to dovodi do stani\u010dne asfiksije. Cijanid na prodaju online.<\/p>\n<h4>Mehanizam djelovanja<\/h4>\n<p>Cijanid inhibira citokrom c oksidazu, klju\u010dni enzim u lancu prijenosa elektrona mitohondrija. Ovo inhibiranje sprje\u010dava stanice da koriste kisik, \u0161to dovodi do metaboli\u010dkog zastoja i smrti stanica. Cijanid na prodaju online.<\/p>\n<h4>Kako ubija<\/h4>\n<p>Pri izlaganju cijanid brzo ulazi u krvotok i sprje\u010dava prijenos i iskori\u0161tavanje kisika od strane stanica. Simptomi se mogu pojaviti unutar nekoliko sekundi do nekoliko minuta, ovisno o na\u010dinu i koli\u010dini izlaganja, a mogu uklju\u010divati ubrzano disanje, glavobolju, vrtoglavicu, napadaje, komu i smrt uslijed zatajenja di\u0161nog sustava.<\/p>\n<h3>Kupite otrov na dark webu<\/h3>\n<h4>Potrebna koli\u010dina za ubijanje<\/h4>\n<p>Smrtonosna doza cijanida varira ovisno o \u010dimbenicima poput na\u010dina izlo\u017eenosti i individualne tolerancije. Unos svega 50\u2013200 mg kalijevog cijanida mo\u017ee biti fatalan za odraslu osobu. Cijanid otrov na prodaju online.<\/p>\n<h4>Znakovi i simptomi<\/h4>\n<p>Simptomi trovanja cijanidom uklju\u010duju:<\/p>\n<ul>\n<li><strong>Po\u010detni simptomi<\/strong>: Anksioznost, zbunjenost, ubrzano disanje i mu\u010dnina.<\/li>\n<li><strong>Progresivni simptomi<\/strong>: glavobolja, vrtoglavica, napadaji, gubitak svijesti i sr\u010dani zastoj.<\/li>\n<\/ul>\n<h4>Oblik i izvori<\/h4>\n<p>Cijanid se mo\u017ee na\u0107i u:<\/p>\n<ul>\n<li><strong>Industrijski uvjeti<\/strong>: Koristi se u rudarstvu zlata, metalnoj oblozi i kemijskoj proizvodnji.<\/li>\n<li><strong>Prirodni izvori<\/strong>Neke biljke proizvode cijanogene glikozide, koji pri metabolizmu mogu osloba\u0111ati cijanid.<\/li>\n<\/ul>\n<h4>Otkrivanje i lije\u010denje<\/h4>\n<ul>\n<li><strong>Otkrivanje<\/strong>: Dijagnoza se temelji na simptomima i potvr\u0111uje se krvnim testovima koji mjere razinu cijanida.<\/li>\n<li><strong>Lije\u010denje<\/strong>: Hitna primjena antidota poput hidroksokobalamina ili natrijevog tiosulfata za detoksikaciju cijanida. Pomo\u0107na skrb uklju\u010duje kisikoterapiju i kardiovaskularnu potporu. Kupite otrove online jeftino i sigurno.<\/li>\n<\/ul>\n<h4>Prevencija<\/h4>\n<ul>\n<li><strong>Sigurnosne mjere<\/strong>: Pravilna ventilacija i osobna za\u0161titna oprema (OZO) u industrijskim okru\u017eenjima. Izbjegavanje gutanja potencijalno toksi\u010dnih biljaka u prirodnom okru\u017eenju.<\/li>\n<\/ul>\n<h4>Zaklju\u010dak<\/h4>\n<p>Cijanid je izrazito otrovan kemijski spoj koji ometa stani\u010dnu upotrebu kisika, uzrokuju\u0107i brzo i potencijalno smrtonosno trovanje. Razumijevanje njegovih mehanizama, simptoma i hitnog lije\u010denja klju\u010dno je za ubla\u017eavanje rizika povezanih s izlaganjem. Kupite otrove s dark weba.<\/p>\n<p><img decoding=\"async\" class=\"wp-image-463 aligncenter\" src=\"https:\/\/poisonshops.com\/wp-content\/uploads\/2025\/11\/tttt-1-204x300.png\" alt=\"Trgovina otrovima\" width=\"54\" height=\"79\" srcset=\"https:\/\/poisonshops.com\/wp-content\/uploads\/2025\/11\/tttt-1-204x300.png 204w, https:\/\/poisonshops.com\/wp-content\/uploads\/2025\/11\/tttt-1.png 218w\" sizes=\"(max-width: 54px) 100vw, 54px\" \/><\/p>\n<h3>Kupite otrov na dark webu<\/h3>\n<p>Mnogi lije\u010dnici znaju kako otrovati osobu kod ku\u0107e i kako izbje\u0107i sumnjive znakove, no to je i dalje kazneno djelo. Ipak, danas se neki ljudi slu\u017ee ovom metodom kako bi uklonili svog protivnika, a to se \u010desto doga\u0111a u kriminalnim zajednicama.<\/p>\n<p>\u010cak i proizvodi prirodnog podrijetla opasni su ako znate kako otrovati osobu. Smrt mo\u017ee biti uzrokovana ne samo patogenima, nego i spojevima. Dobro poznat otrov je botulinum toksin, koji proizvode posebni mikrobi koji se mogu intenzivno razmno\u017eavati u proteinskom okru\u017eenju. On je uzrok trovanja nakon konzumacije pokvarenih konzervi, gljiva i drugih proizvoda. U probavnom traktu ovaj toksin ne uni\u0161tavaju enzimi, ve\u0107 se apsorbira u sluznice \u017eeluca i crijeva.<\/p>\n<p>Ljudi koji razmi\u0161ljaju o trovanju osobe do smrti rijetko biraju botulinum toksin, budu\u0107i da je smrt u tom slu\u010daju prili\u010dno rijetka.<\/p>\n<p>Me\u0111utim, znakovi bolesti uvijek se mogu povezati s posljednjim obrokom koji su konzumirali, tijekom kojeg su mogli jesti konzerviranu hranu, kobasice i drugu nesigurnu hranu. Simptomi trovanja su mu\u010dnina, povra\u0107anje i suha ko\u017ea, nakon \u010dega se razvija paraliza prugastih mi\u0161i\u0107a.<\/p>\n<p>Ve\u0107ina ljudi zna za ricinusovo ulje, ali samo rijetki znaju za ricin, toksin koji se nalazi u sjemenkama ricinusovog zrna. Kriminalci koji tra\u017ee sredstvo za tajno trovanje osobe \u010desto odabiru ovaj otrov. To su bijeli, bezmirisni kristali koji se otapaju u teku\u0107ini, no kada se vodenasti rastvor prokuha, opasna svojstva ricina nestaju.<\/p>\n<p>Ova otrovna tvar ne prodire kroz ko\u017eu, djeluje samo kada u\u0111e u organizam. U slu\u010daju trovanja ricinom, latentno razdoblje intoksikacije varira od 15 do 24 sata, ponekad se simptomi pojave ranije. Mogu se javiti crijevne kolike, proljev s krvlju, mu\u010dnina i povra\u0107anje, kao i krvarenja na mre\u017enici oka.<\/p>\n<p><img decoding=\"async\" class=\"wp-image-502 aligncenter\" src=\"https:\/\/poisonshops.com\/wp-content\/uploads\/2025\/11\/Bio-Weapons-240x300.png\" alt=\"Biolo\u0161ko oru\u017eje\" width=\"78\" height=\"97\" srcset=\"https:\/\/poisonshops.com\/wp-content\/uploads\/2025\/11\/Bio-Weapons-240x300.png 240w, https:\/\/poisonshops.com\/wp-content\/uploads\/2025\/11\/Bio-Weapons.png 265w\" sizes=\"(max-width: 78px) 100vw, 78px\" \/><\/p>\n<p>Kada zna\u010dajan dio sjemenki ricinusa dospije u organizam, smrt nastupa nakon \u0161est dana zbog o\u0161te\u0107enja unutarnjih organa i opse\u017enog krvarenja.<\/p>\n<p>Kriminalci koji razmi\u0161ljaju o tome kako brzo otrovati osobu ponekad odaberu ovaj otrov. Me\u0111utim, smrt je rijetka.<\/p>\n<p>Otrov smrtonosne kapice bio je poznat srednjovjekovnim politi\u010darima i iscjeliteljima koji su znali kako otrovati osobu do smrti. Danas su znanstvenici otkrili da ova gljiva sadr\u017ei toksine poput faloidina i alfa-amanitina, koji djeluju brzo i nepovratno; te se tvari ne razgra\u0111uju tijekom termi\u010dke obrade.<\/p>\n<p>Latentno razdoblje bez ikakvih alarmantnih znakova traje do 40 sati prije nego \u0161to velika koli\u010dina otrova u\u0111e u krvotok i izazove stra\u0161ne simptome trovanja. Karakteriziraju ga proljev, povra\u0107anje i dehidracija organizma, kao i bljedilo ko\u017ee i ubrzano srce. Nekoliko dana kasnije dolazi do opse\u017enog o\u0161te\u0107enja unutarnjih organa \u2013 jetre i bubrega, razvija se toksi\u010dni hepatitis, nakon \u010dega nastupa smrt.<\/p>\n<p>Kako mo\u017eete otrovati osobu ako ne uzmete u obzir gore navedene metode? Za tu svrhu koriste se sljede\u0107e komponente:<\/p>\n<ul class=\"wp-block-list\">\n<li>atropin;<\/li>\n<li>solanin;<\/li>\n<li>aflatoksin.<\/li>\n<\/ul>\n<p>Atropin je tvar iz skupine alkaloida, nalazi se u biljkama \u2013 belladonna, datura, henbane i drugima. Intoksikacija nastaje jedan sat nakon uzimanja otrova, stupanj trovanja mo\u017ee biti razli\u010dit.<\/p>\n<p><img decoding=\"async\" class=\"wp-image-176 aligncenter\" src=\"https:\/\/poisonshops.com\/wp-content\/uploads\/2025\/11\/poison_shop_logo-300x171.png\" alt=\"Trgovine otrovima\" width=\"96\" height=\"55\" srcset=\"https:\/\/poisonshops.com\/wp-content\/uploads\/2025\/11\/poison_shop_logo-300x171.png 300w, https:\/\/poisonshops.com\/wp-content\/uploads\/2025\/11\/poison_shop_logo.png 563w\" sizes=\"(max-width: 96px) 100vw, 96px\" \/><\/p>\n<h3>Kupite otrove online jeftino i sigurno<\/h3>\n<p>Poznato je da atropin utje\u010de na strukturu mozga, uzrokuju\u0107i naru\u0161enu koordinaciju te o\u0161te\u0107enja srca i plu\u0107a. Letalni ishod se rijetko doga\u0111a zbog nedovoljne doze toksina.<\/p>\n<p>Kako kratkoro\u010dno otrovati osobu? U tom je slu\u010daju solanin koji se nalazi u korjenastom povr\u0107u dobra opcija. Mo\u017ee se na\u0107i ne samo u krumpirima, ve\u0107 i u raj\u010dicama i patlid\u017eanima.<\/p>\n<p>Opijenost se o\u010dituje mu\u010dninom, povra\u0107anjem, gr\u010devima u trbuhu i osje\u0107ajem gor\u010dine u ustima. Ipak, malo je vjerojatno da \u0107ete unijeti veliku dozu solanina, stoga \u017ertve ne\u0107e do\u017eivjeti smrt.<\/p>\n<p>Osim toga, aflatoksini, skupina toksi\u010dnih tvari koje izlu\u010duje mikroskopski gljiv, \u010desta su metoda trovanja. Ako se nepravilno skladi\u0161te, pojavljuju se u raznim prehrambenim proizvodima, na primjer su\u0161enom vo\u0107u, mlijeku, ri\u017ei, \u010daju i sli\u010dno. Kupite cijanid online.<\/p>","protected":false},"excerpt":{"rendered":"<p>Cyanide For Sale Online Overview Cyanide is a rapidly acting, potentially deadly chemical that can exist in various forms, including hydrogen cyanide (HCN) and cyanide salts (e.g., potassium cyanide, sodium cyanide). It interferes with the body\u2019s ability to use oxygen, leading to cellular asphyxiation. Cyanide For Sale Online. Mechanism of Action Cyanide inhibits cytochrome c [&hellip;]<\/p>\n","protected":false},"featured_media":320,"comment_status":"open","ping_status":"closed","template":"","meta":[],"product_brand":[],"product_cat":[17],"product_tag":[],"class_list":{"0":"post-109","1":"product","2":"type-product","3":"status-publish","4":"has-post-thumbnail","6":"product_cat-poisons-for-sale","8":"first","9":"instock","10":"shipping-taxable","11":"purchasable","12":"product-type-variable"},"_links":{"self":[{"href":"https:\/\/poisonshops.com\/hr\/wp-json\/wp\/v2\/product\/109","targetHints":{"allow":["GET"]}}],"collection":[{"href":"https:\/\/poisonshops.com\/hr\/wp-json\/wp\/v2\/product"}],"about":[{"href":"https:\/\/poisonshops.com\/hr\/wp-json\/wp\/v2\/types\/product"}],"replies":[{"embeddable":true,"href":"https:\/\/poisonshops.com\/hr\/wp-json\/wp\/v2\/comments?post=109"}],"wp:featuredmedia":[{"embeddable":true,"href":"https:\/\/poisonshops.com\/hr\/wp-json\/wp\/v2\/media\/320"}],"wp:attachment":[{"href":"https:\/\/poisonshops.com\/hr\/wp-json\/wp\/v2\/media?parent=109"}],"wp:term":[{"taxonomy":"product_brand","embeddable":true,"href":"https:\/\/poisonshops.com\/hr\/wp-json\/wp\/v2\/product_brand?post=109"},{"taxonomy":"product_cat","embeddable":true,"href":"https:\/\/poisonshops.com\/hr\/wp-json\/wp\/v2\/product_cat?post=109"},{"taxonomy":"product_tag","embeddable":true,"href":"https:\/\/poisonshops.com\/hr\/wp-json\/wp\/v2\/product_tag?post=109"}],"curies":[{"name":"wp","href":"https:\/\/api.w.org\/{rel}","templated":true}]}}