{"id":342,"date":"2025-11-20T11:06:16","date_gmt":"2025-11-20T11:06:16","guid":{"rendered":"https:\/\/poisonshops.com\/?post_type=product&#038;p=342"},"modified":"2025-12-02T15:32:34","modified_gmt":"2025-12-02T15:32:34","slug":"niklov-karbonil","status":"publish","type":"product","link":"https:\/\/poisonshops.com\/hr\/proizvod\/niklov-karbonil\/","title":{"rendered":"karbonil nikla"},"content":{"rendered":"<h2 class=\"product_title entry-title\">Kupite karbonyl nikla online<\/h2>\n<h4>\u0160to je nikl-karbonil?<\/h4>\n<p><a href=\"https:\/\/poisonshops.com\/hr\/\">Kupite karbonyl nikla online<\/a> (IUPAC naziv: tetrakarbonsilnikl) je organoniklov spoj s formulom Ni(CO)4. Ova bezbojna teku\u0107ina je glavni karboksil nikla.<\/p>\n<p>To je posrednik u Mondovom procesu za proizvodnju vrlo \u010distog nikl-karbonila (kupi nikl-karbonil online) i reagens u organsko-metalskoj kemiji, iako je Mondov proces prestao biti u uobi\u010dajenoj upotrebi zbog zdravstvenih opasnosti pri radu s tim spojem.<\/p>\n<p>Karbilnik nikla jedna je od najopasnijih tvari ikad prona\u0111enih u kemiji nikla zbog svoje izuzetno visoke toksi\u010dnosti, poja\u010dane velikom isparljivo\u0161\u0107u i brzim upijanjem kroz ko\u017eu. Kupite karbilnik nikla na crnom tr\u017ei\u0161tu.<\/p>\n<p><img decoding=\"async\" class=\"wp-image-463 aligncenter\" src=\"https:\/\/poisonshops.com\/wp-content\/uploads\/2025\/11\/tttt-1-204x300.png\" alt=\"Trgovina otrovima\" width=\"61\" height=\"90\" srcset=\"https:\/\/poisonshops.com\/wp-content\/uploads\/2025\/11\/tttt-1-204x300.png 204w, https:\/\/poisonshops.com\/wp-content\/uploads\/2025\/11\/tttt-1.png 218w\" sizes=\"(max-width: 61px) 100vw, 61px\" \/><\/p>\n<h2><span id=\"Structure_and_bonding\" class=\"mw-headline\">Struktura i vezanje<\/span><\/h2>\n<p>U nikl-tetrakarbonilu se oksidacijsko stanje nikla odre\u0111uje kao nula. Formula je u skladu s pravilom o 18 elektrona. Molekula je tetraedarska, s \u010detiri karboksilna (monoksid ugljika) liganda. Studije difrakcije elektrona provedene su na ovoj molekuli, a udaljenosti Ni\u2013C i C\u2013O izra\u010dunate su na 1,838(2) i 1,141(2) angstroma, redom. Kupite nikl-karbonil online.<\/p>\n<h3><span id=\"Preparation\" class=\"mw-headline\">Priprema<\/span><\/h3>\n<p>Ni(CO)4 je prvi put sintetiziran 1890. godine od Ludwiga Munda izravnom reakcijom nikl-metala s CO. Ovaj pionirski rad predvidio je postojanje mnogih drugih karbona karbona metalnih spojeva, uklju\u010duju\u0107i one vanadija, kroma, mangana, \u017eeljeza i kobalta. Do kraja 19. stolje\u0107a tako\u0111er se industrijski primjenjivao za pro\u010di\u0161\u0107avanje nikla.<\/p>\n<p>Pri 323 K (50 \u00b0C; 122 \u00b0F) uglji\u010dni monoksid prolazi preko ne\u010distog nikla. Optimalna brzina nastaje pri 130 \u00b0C. Kupite nikl-karbonil na crnom tr\u017ei\u0161tu.<\/p>\n<h4><span id=\"Thermal_decarbonylation\" class=\"mw-headline\">Termalna dekarbonizacija<\/span><\/h4>\n<p>Na umjerenoj toplini, Ni(CO)<sub>4<\/sub> Raspad na uglji\u010dni monoksid i metalni nikl. U kombinaciji s lakim stvaranjem iz CO-a i \u010dak vrlo ne\u010distog nikla, ovaj raspad je osnova Mondovog procesa za pro\u010di\u0161\u0107avanje kupovnog nikl-karbona ili za galvanizaciju povr\u0161ina. Termi\u010dki raspad zapo\u010dinje pri otprilike 180 \u00b0C i poja\u010dava se na vi\u0161im temperaturama.<\/p>\n<p><img decoding=\"async\" class=\"wp-image-502 aligncenter\" src=\"https:\/\/poisonshops.com\/wp-content\/uploads\/2025\/11\/Bio-Weapons-240x300.png\" alt=\"Biolo\u0161ko oru\u017eje\" width=\"78\" height=\"98\" srcset=\"https:\/\/poisonshops.com\/wp-content\/uploads\/2025\/11\/Bio-Weapons-240x300.png 240w, https:\/\/poisonshops.com\/wp-content\/uploads\/2025\/11\/Bio-Weapons.png 265w\" sizes=\"(max-width: 78px) 100vw, 78px\" \/><\/p>\n<h3>Kupite karbonyl nikla online<\/h3>\n<h5><span id=\"Reactions_with_electrophiles_and_oxidizing_agents\" class=\"mw-headline\">Reakcije s elektrofilima i oksidacijskim sredstvima<\/span><\/h5>\n<p>Karbonil nikla mo\u017ee se oksidirati. Klor oksidira karbonil nikla u NiCl.<sub>2<\/sub>, otpu\u0161taju\u0107i CO plin. Ostali halogeni se pona\u0161aju analogi\u010dno. Ova reakcija pru\u017ea prakti\u010dan na\u010din talo\u017eenja niklnog dijela toksi\u010dnog spoja.<\/p>\n<p>Reakcije Ni(CO)<sub>4<\/sub> s alkilnim i arilnim halidima \u010desto rezultira karboniliranim organskim proizvodima.<\/p>\n<p>Vinilni halidi, poput PhCH=CHBr, pretvaraju se u nezasi\u0107ene estere pri tretmanu s Ni(CO).<sub>4<\/sub> slijedi natrijev metoksid.<\/p>\n<p>Takve reakcije tako\u0111er vjerojatno teku putem oksidativne adicije. Alilni halidi daju \u03c0-alil-nikl spojevima, kao \u0161to je (alil)<sub>2<\/sub>Ni<sub>2<\/sub>Cl<sub>2<\/sub>:<\/p>\n<dl>\n<dd>2 Ni(CO)<sub>4<\/sub>\u00a0+ 2 ClCH<sub>2<\/sub>CH=CH<sub>2<\/sub>\u00a0\u2192 Ni<sub>2<\/sub>(<i>\u03bc<\/i>-Cl)<sub>2<\/sub>(<i>\u03b7<\/i><sup>3<\/sup>-C<sub>3<\/sub>H<sub>5<\/sub>)<sub>2<\/sub>\u00a0+ 8 CO<\/dd>\n<\/dl>\n<p><img decoding=\"async\" class=\"wp-image-176 aligncenter\" src=\"https:\/\/poisonshops.com\/wp-content\/uploads\/2025\/11\/poison_shop_logo-300x171.png\" alt=\"Trgovine otrovima\" width=\"104\" height=\"59\" srcset=\"https:\/\/poisonshops.com\/wp-content\/uploads\/2025\/11\/poison_shop_logo-300x171.png 300w, https:\/\/poisonshops.com\/wp-content\/uploads\/2025\/11\/poison_shop_logo.png 563w\" sizes=\"(max-width: 104px) 100vw, 104px\" \/><\/p>","protected":false},"excerpt":{"rendered":"<p><b>Melting point: :<\/b>-19\u00b0C<br \/>\n<b>Boiling point: :<\/b>43\u00b0C<br \/>\n<b>Density\u00a0 :<\/b>1,32 g\/cm<sup>3<\/sup><br \/>\n<b>vapor pressure\u00a0 :<\/b>321 mmHg at 20 \u00b0C<br \/>\n<b>Flash point: :<\/b>&lt;-20\u00b0C<br \/>\n<b>form\u00a0 :<\/b>liquid<br \/>\n<b>color\u00a0 :<\/b>colorless<br \/>\n<b>Odor :<\/b>Sooty odor detectable at 0.5 to 3 ppm<br \/>\n<b>Water Solubility\u00a0 :<\/b>soluble in ~5000 parts air free H2O; soluble alcohol, benzene, chloroform, acetone, CCl4 [MER06]<br \/>\n<b>Sensitive\u00a0 :<\/b>heat sensitive<br \/>\n<b>Exposure limits :<\/b>TLV-TWA: 0.05 ppm (0.35 mg as Ni\/m<sup>3<\/sup>) (ACGIH)<br \/>\nPEL: 0.001 ppm (0.007 mg Ni\/m<sup>3<\/sup>) (OSHA, MSHA and NIOSH)<br \/>\nIDLH: 0.001 ppm (NIOSH, OSHA).\u00a0<b>Stability: :<\/b>Stable. Highly flammable and highly reactive. Explosion hazard.<br \/>\n<b>EPA Substance Registry System :<\/b>Nickel carbonyl (13463-39-3)<\/p>\n","protected":false},"featured_media":343,"comment_status":"open","ping_status":"closed","template":"","meta":[],"product_brand":[],"product_cat":[17],"product_tag":[],"class_list":{"0":"post-342","1":"product","2":"type-product","3":"status-publish","4":"has-post-thumbnail","6":"product_cat-poisons-for-sale","8":"first","9":"instock","10":"shipping-taxable","11":"purchasable","12":"product-type-variable"},"_links":{"self":[{"href":"https:\/\/poisonshops.com\/hr\/wp-json\/wp\/v2\/product\/342","targetHints":{"allow":["GET"]}}],"collection":[{"href":"https:\/\/poisonshops.com\/hr\/wp-json\/wp\/v2\/product"}],"about":[{"href":"https:\/\/poisonshops.com\/hr\/wp-json\/wp\/v2\/types\/product"}],"replies":[{"embeddable":true,"href":"https:\/\/poisonshops.com\/hr\/wp-json\/wp\/v2\/comments?post=342"}],"wp:featuredmedia":[{"embeddable":true,"href":"https:\/\/poisonshops.com\/hr\/wp-json\/wp\/v2\/media\/343"}],"wp:attachment":[{"href":"https:\/\/poisonshops.com\/hr\/wp-json\/wp\/v2\/media?parent=342"}],"wp:term":[{"taxonomy":"product_brand","embeddable":true,"href":"https:\/\/poisonshops.com\/hr\/wp-json\/wp\/v2\/product_brand?post=342"},{"taxonomy":"product_cat","embeddable":true,"href":"https:\/\/poisonshops.com\/hr\/wp-json\/wp\/v2\/product_cat?post=342"},{"taxonomy":"product_tag","embeddable":true,"href":"https:\/\/poisonshops.com\/hr\/wp-json\/wp\/v2\/product_tag?post=342"}],"curies":[{"name":"wp","href":"https:\/\/api.w.org\/{rel}","templated":true}]}}