{"id":388,"date":"2025-11-20T11:34:02","date_gmt":"2025-11-20T11:34:02","guid":{"rendered":"https:\/\/poisonshops.com\/?post_type=product&#038;p=388"},"modified":"2025-12-02T14:35:34","modified_gmt":"2025-12-02T14:35:34","slug":"kupiti-kalijev-cijanid","status":"publish","type":"product","link":"https:\/\/poisonshops.com\/hr\/proizvod\/kupiti-kalijev-cijanid\/","title":{"rendered":"Kalijev cijanid"},"content":{"rendered":"<h2>Kupite kalijev cijanid<\/h2>\n<p><strong>Kalijev cijanid (KCN)<\/strong> Je visoko toksi\u010dni spoj koji je op\u0107enito poznat po svojim brzim i smrtonosnim u\u010dincima kada se unese ili udahne. Koristi se u raznim industrijskim primjenama, ali je zloglasan po svojoj upotrebi kao otrova. Ispod su klju\u010dni detalji o kalijevom cijanidu, uklju\u010duju\u0107i njegove primjene, na\u010din na koji djeluje, oblike u kojima se pojavljuje i koli\u010dinu potrebnu za smrtni ishod. Kupite kalijev cijanid.<\/p>\n<h3>\u0160to je kalijev cijanid?<\/h3>\n<p>Kalijev cijanid je bijeli kristalni spoj s kemijskom formulom\u00a0<strong>KCN<\/strong>. Ima blag ora\u0161asti miris, iako ga ne mogu svi osjetiti zbog genetskih \u010dimbenika. Kalij-cijanid je vrlo topiv u vodi i pri kontaktu s kiselinama ili vodom mo\u017ee otpustiti smrtonosni plin vodikov cijanid. Kalij-cijanid na prodaju.<\/p>\n<h3>Upotrebe kalijevog cijanida<\/h3>\n<p>1.\u00a0<strong>Rudarenje zlata i ekstrakcija<\/strong>Kalijev cijanid se \u0161iroko koristi u rudarskoj industriji za izdvajanje zlata i srebra iz ruda u procesu nazvanom cijanidacija. Dobavlja\u010di kalijevog cijanida.<\/p>\n<p>2.\u00a0<strong>Galvanizacija<\/strong>: Koristi se u galvanizaciji za oblaganje metala poput srebra, zlata i drugih plemenitih metala u dekorativne i za\u0161titne svrhe.<\/p>\n<p>3. <strong>Kemijska sinteza<\/strong>Kalij-cijanid se koristi u organskoj kemiji za sintezu nitrila i drugih spojeva koji sadr\u017ee cijanid.<\/p>\n<p>4. <strong>Nakit i prerada metala:<\/strong>\u00a0U industriji nakita kalijev cijanid se ponekad koristi za \u010di\u0161\u0107enje ili poliranje metala.<\/p>\n<p>5. <strong>Povijesna uporaba kao otrov:<\/strong> KCN se povijesno koristio kao smrtonosni otrov u \u0161pijuna\u017ei, samoubojstvima i egzekucijama. Cijanid kalija na prodaju.<\/p>\n<h3>Kako kalijev cijanid ubija<\/h3>\n<p>Kalij-cijanid ubija inhibicijom stani\u010dnog disanja, \u0161to je klju\u010dno za proizvodnju energije. Evo kako djeluje:<\/p>\n<p>\u2013 <strong>Mehanizam djelovanja:<\/strong>\u00a0Pri gutanju, udisanju ili apsorpciji, kalijev cijanid otpu\u0161ta<strong>\u00a0cijanidi (CN\u207b)<\/strong>, koji se ve\u017eu za enzim\u00a0<strong>citohrom c oksidaza<\/strong>\u00a0u mitohondrijama stanica. Ovaj enzim igra klju\u010dnu ulogu u lancu prijenosa elektrona, koji je neophodan za proizvodnju ATP-a (adenozin trifosfata), energetske valute stanice.<\/p>\n<p>\u2013<strong>\u00a0Rezultat:<\/strong> Cijanid sprje\u010dava mitohondrije da koriste kisik, \u010dime se u\u010dinkovito zaustavlja aerobna respiracija. Bez proizvodnje energije stanice, osobito u vitalnim organima poput srca i mozga, po\u010dinju brzo umirati. Dobavlja\u010di kalijevog cijanida.<\/p>\n<p>\u2013 <strong>Simptomi i po\u010detak:<\/strong>\u00a0Simptomi trovanja cijanidom uklju\u010duju mu\u010dninu, vrtoglavicu, pote\u0161ko\u0107e s disanjem, konvulzije i gubitak svijesti. Smrt mo\u017ee nastupiti unutar nekoliko minuta zbog sr\u010danog zastoja ili respiratorne insuficijencije, ovisno o dozi i na\u010dinu izlaganja.<\/p>\n<h3>Oblici kalijevog cijanida<\/h3>\n<p>1.\u00a0<strong>\u010cvrsto (kristalno\/pra\u0161kasto):**<\/strong>\u00a0Kalij-cijanid se obi\u010dno nalazi u obliku bijelog kristalnog \u010dvrstog tvari ili u prahu.<\/p>\n<p>2. <strong>Rje\u0161enje:<\/strong>\u00a0Mo\u017ee se otopiti u vodi ili drugim teku\u0107inama i stvoriti visoko otrovnu otopinu. Ovaj oblik je tako\u0111er opasan jer mo\u017ee otpustiti\u00a0<strong>plin vodikov cijanid\u00a0<\/strong>ako do\u0111e u kontakt s kiselinama.<\/p>\n<p>3. <strong>Tablete ili kapsule:<\/strong> U nekim slu\u010dajevima kalijev cijanid je formuliran u tablete ili kapsule, povijesno se koristio u \u0161pijuna\u017ei za samoubojstvo kako bi se izbjeglo zarobljavanje. Kupite kalijev cijanid online.<\/p>\n<h3>Kalijev cijanid na prodaju<\/h3>\n<p><img decoding=\"async\" class=\"wp-image-463 aligncenter\" src=\"https:\/\/poisonshops.com\/wp-content\/uploads\/2025\/11\/tttt-1-204x300.png\" alt=\"Trgovina otrovima\" width=\"68\" height=\"100\" srcset=\"https:\/\/poisonshops.com\/wp-content\/uploads\/2025\/11\/tttt-1-204x300.png 204w, https:\/\/poisonshops.com\/wp-content\/uploads\/2025\/11\/tttt-1.png 218w\" sizes=\"(max-width: 68px) 100vw, 68px\" \/><\/p>\n<h3>Smrtonosna doza kalijevog cijanida<\/h3>\n<p>\u2013\u00a0<strong>Usmena smrtonosna doza (LD50)<\/strong>: Procijenjeno\u00a0<strong>Smrtonosna doza za ljude kre\u0107e se od 200 do 300 mg, odnosno 2 do 3 mg po kilogramu tjelesne te\u017eine.<\/strong>\u00a0pri gutanju.<\/p>\n<p>\u2013<strong>\u00a0Udisanje<\/strong>Udisanje kalijevog cijanida ili njegove plinovite forme, vodikovog cijanida, mo\u017ee biti smrtonosno u koncentracijama tako niskim kao<strong>\u00a0100\u2013300 ppm (dijelova na milijun)<\/strong>. Inhalacija rezultira br\u017eim apsorpcijom i mo\u017ee dovesti do neposrednijih u\u010dinaka u usporedbi s ingestijom. Kupite kalijev cijanid (KCN) online.<\/p>\n<p>\u2013\u00a0<strong>Koli\u010dina za ubijanje:<\/strong> Nekoliko stotina miligrama kalijevog cijanida (otprilike veli\u010dine zrna ri\u017ee) mo\u017ee biti dovoljno da ubije odraslu osobu. Za manje osobe ili one slabijeg zdravlja, \u010dak i manje koli\u010dine mogu biti smrtonosne. Kupite kalijev cijanid.<\/p>\n<p><img decoding=\"async\" class=\"wp-image-502 aligncenter\" src=\"https:\/\/poisonshops.com\/wp-content\/uploads\/2025\/11\/Bio-Weapons-240x300.png\" alt=\"Biolo\u0161ko oru\u017eje\" width=\"63\" height=\"79\" srcset=\"https:\/\/poisonshops.com\/wp-content\/uploads\/2025\/11\/Bio-Weapons-240x300.png 240w, https:\/\/poisonshops.com\/wp-content\/uploads\/2025\/11\/Bio-Weapons.png 265w\" sizes=\"(max-width: 63px) 100vw, 63px\" \/><\/p>\n<h3>Sigurnost i pravna razmatranja kalijevog cijanida<\/h3>\n<p>\u2013\u00a0<strong>Mjere opreza pri rukovanju<\/strong>Kalijev cijanid je kontrolirana tvar zbog svoje izuzetne toksi\u010dnosti. Rukovanje zahtijeva za\u0161titnu opremu, uklju\u010duju\u0107i rukavice, za\u0161titne nao\u010dale i odgovaraju\u0107u ventilaciju kako bi se izbjeglo udisanje.<br \/>\n<strong>\u2013 Odlaganje:<\/strong> Kalijev cijanid mora se zbrinuti u skladu s propisima o opasnim tvarima, \u0161to \u010desto uklju\u010duje neutralizaciju izbjeljiva\u010dem ili vodikovim peroksidom pod kontroliranim uvjetima. Kupite kalijev cijanid online po najboljoj cijeni.<br \/>\n\u2013\u00a0<strong>Pravna ograni\u010denja<\/strong>Prodaja, posjedovanje i uporaba kalijevog cijanida strogo su regulirani u ve\u0107ini zemalja. Neovla\u0161tena uporaba, osobito u \u0161tetne svrhe, je nezakonita i mo\u017ee dovesti do te\u0161kih pravnih sankcija. Kupite kalijev cijanid online uz osiguranu diskretnu dostavu.<\/p>\n<h4 class=\"LnpumSThxEWMIsDdAT17 CXMyPcQ6nDv47DKFeywM\"><span class=\"EKtkFWMYpwzMKOYr0GYm LQVY1Jpkk8nyJ6HBWKAk\">Gdje mo\u017eete sigurno kupiti cijanid kalija?<\/span><\/h4>\n<h3>Zaklju\u010dak<\/h3>\n<p>Kalijev cijanid je izuzetno otrovna kemikalija koja ometa sposobnost tijela da koristi kisik, \u0161to dovodi do brzog smrti uslijed respiratorne ili sr\u010dane insuficijencije. \u010cak i male koli\u010dine mogu biti smrtonosne, a njegova se uporaba prvenstveno ograni\u010dava na industrijske procese pod strogim sigurnosnim propisima. Rukovanje kalijevim cijanidom zahtijeva iznimnu opreznost zbog rizika od fatalnog trovanja uslijed gutanja, udisanja ili apsorpcije kroz ko\u017eu. Dobavlja\u010di kalijevog cijanida.<\/p>\n<h4>Kupite kalijev cijanid online uz sigurno i diskretno dostavu<\/h4>\n<p><img decoding=\"async\" class=\"wp-image-176 aligncenter\" src=\"https:\/\/poisonshops.com\/wp-content\/uploads\/2025\/11\/poison_shop_logo-300x171.png\" alt=\"Trgovine otrovima\" width=\"133\" height=\"76\" srcset=\"https:\/\/poisonshops.com\/wp-content\/uploads\/2025\/11\/poison_shop_logo-300x171.png 300w, https:\/\/poisonshops.com\/wp-content\/uploads\/2025\/11\/poison_shop_logo.png 563w\" sizes=\"(max-width: 133px) 100vw, 133px\" \/><\/p>","protected":false},"excerpt":{"rendered":"<p>Buy Potassium Cyanide Potassium cyanide (KCN) is a highly toxic compound commonly known for its rapid and lethal effects when ingested or inhaled. It is used in various industrial applications but is notorious for its use as a poison. Below are key details about potassium cyanide, including its uses, how it kills, forms it comes [&hellip;]<\/p>\n","protected":false},"featured_media":389,"comment_status":"open","ping_status":"closed","template":"","meta":[],"product_brand":[],"product_cat":[21],"product_tag":[],"class_list":{"0":"post-388","1":"product","2":"type-product","3":"status-publish","4":"has-post-thumbnail","6":"product_cat-buy-research-chemicals-online","8":"first","9":"instock","10":"shipping-taxable","11":"purchasable","12":"product-type-simple"},"_links":{"self":[{"href":"https:\/\/poisonshops.com\/hr\/wp-json\/wp\/v2\/product\/388","targetHints":{"allow":["GET"]}}],"collection":[{"href":"https:\/\/poisonshops.com\/hr\/wp-json\/wp\/v2\/product"}],"about":[{"href":"https:\/\/poisonshops.com\/hr\/wp-json\/wp\/v2\/types\/product"}],"replies":[{"embeddable":true,"href":"https:\/\/poisonshops.com\/hr\/wp-json\/wp\/v2\/comments?post=388"}],"wp:featuredmedia":[{"embeddable":true,"href":"https:\/\/poisonshops.com\/hr\/wp-json\/wp\/v2\/media\/389"}],"wp:attachment":[{"href":"https:\/\/poisonshops.com\/hr\/wp-json\/wp\/v2\/media?parent=388"}],"wp:term":[{"taxonomy":"product_brand","embeddable":true,"href":"https:\/\/poisonshops.com\/hr\/wp-json\/wp\/v2\/product_brand?post=388"},{"taxonomy":"product_cat","embeddable":true,"href":"https:\/\/poisonshops.com\/hr\/wp-json\/wp\/v2\/product_cat?post=388"},{"taxonomy":"product_tag","embeddable":true,"href":"https:\/\/poisonshops.com\/hr\/wp-json\/wp\/v2\/product_tag?post=388"}],"curies":[{"name":"wp","href":"https:\/\/api.w.org\/{rel}","templated":true}]}}