{"id":390,"date":"2025-11-20T11:36:50","date_gmt":"2025-11-20T11:36:50","guid":{"rendered":"https:\/\/poisonshops.com\/?post_type=product&#038;p=390"},"modified":"2025-12-26T00:39:50","modified_gmt":"2025-12-26T00:39:50","slug":"kupiti-crvenu-tekucu-zivu","status":"publish","type":"product","link":"https:\/\/poisonshops.com\/hr\/proizvod\/kupiti-crvenu-tekucu-zivu\/","title":{"rendered":"Crvena teku\u0107a \u017eiva"},"content":{"rendered":"<h2>\u010cisti crveni teku\u0107i \u017eivi<\/h2>\n<p>Mi smo vrhunski veleprodajni i maloprodajni dobavlja\u010d crvene teku\u0107e \u017eive.   Isporu\u010dujemo vrhunsku \u010distu crvenu teku\u0107u \u017eivu 20\/20 iz SAD-a, Kine i Europe.   Na\u0161a crvena teku\u0107a \u017eiva 20\/20 iznimno je tra\u017eena u industrijama diljem svijeta.   To je visokokvalitetna i savr\u0161eno sastavljena crvena teku\u0107a \u017eiva 20\/20.   Kupite crvenu teku\u0107u \u017eivu.<\/p>\n<p>Crvena teku\u0107a \u017eiva je tre\u0161njastocrvena teku\u0107ina dobivena zra\u010denjem antimonovog oksida \u017eive elementarnom \u017eivom. Vi\u0161e desetlje\u0107a smo specijalizirani za proizvode od \u017eive i istinski razumijemo \u0161to vam kao kupcu treba.<\/p>\n<h4>\u0160to je teku\u0107i \u017eivi crveni tre\u0161njak?<\/h4>\n<p>Crvena teku\u0107a \u017eiva smatra se poluteku\u0107im crvenim materijalom. Ljudi su crvenu \u017eivu opisivali kao materijal s magi\u010dnim svojstvima. Danas je, me\u0111utim, poznata po svojoj toksi\u010dnosti. No upotreba \u017eive u ritualima nastavila se u nekim zajednicama u SAD-u. Crvena teku\u0107a \u017eiva na prodaju.<\/p>\n<p>Crveni \u017eivi je tre\u0161njocrveni polute\u010dni materijal.<br \/>\nIntenzitet crvenog \u017eive je vrlo visok 20,2 g\/cm3.<br \/>\nOva teku\u0107ina Hg2 Sb207 je materijal vojnih laboratorija:<br \/>\nAntimonov-\u017eivini oksid<br \/>\nDruga imena: tre\u0161njocrvena teku\u0107a \u017eiva<br \/>\nFormula: Sb2O7Hg2<br \/>\nIzgled: tre\u0161nje-crvena metalik teku\u0107ina<\/p>\n<h3><strong>Svojstva crvenog \u017eive<\/strong><\/h3>\n<ul>\n<li><strong>Molekulska formula<\/strong>: Hg2 Sb207<\/li>\n<li><strong>vrsta<\/strong>: oksid antimonij crveni \u017eiva<\/li>\n<li><strong>Okvir<\/strong>:\u00a0\u00a0 Sb2O7Hg2<\/li>\n<li><strong>Kvaliteta<\/strong>Teku\u0107e, polute\u010dno<\/li>\n<li><strong>\u010cisto\u0107a<\/strong>:\u00a0\u00a0\u00a0\u00a0\u00a0 99.999% (5N)<\/li>\n<li><strong>Boja<\/strong>: Ponceau (homogena tre\u0161nje-crvena)<\/li>\n<li><strong>raznolikost<\/strong>:\u00a0\u00a0\u00a0\u00a0 37.00016<\/li>\n<li><strong>Povez:\u00a0\u00a0\u00a0<\/strong>Energia: 211 Kcal \/ mol<\/li>\n<li><strong>Gusto\u0107a<\/strong>\u00a0: BK-20\/20 \u2013 20,2 g\/cm3<\/li>\n<li><strong>Tala\u010dka to\u010dka<\/strong>:\u00a0 -37.67<\/li>\n<li><strong>Vrhunac<\/strong>: \u00a0 170.026<\/li>\n<\/ul>\n<h3>\u010cisti crveni teku\u0107i \u017eivi pri veleprodajnim cijenama<\/h3>\n<p>Intenzitet crvenog \u017eive je vrlo visok, oko 20,2 g\/cm\u00b3, \u0161to je sli\u010dno intenzitetu Alneptinyuma 237 budu\u0107i da nije radioaktivan. Crvena teku\u0107a \u017eiva na prodaju. Crveni teku\u0107i \u017eivi 20\/20 za prodaju koristi se kao otapalo za uranij-235 i time olak\u0161ava proces skladi\u0161tenja radioaktivnog uranija-235, a taj se radioaktivni uranij-235 mo\u017ee lako odvojiti od crvenog teku\u0107eg \u017eive destilacijom. Dobro je poznato da je u \u017eivi bilo deset fosfora, od kojih je sedam bilo stabilnih izotopa, a ostali nestabilni, pri \u010demu beta zrake proizvode dva negativna ekvivalenta, a jedan od tih izotopa za industrijski \u017eivi poznat je kao crveni. Crveni teku\u0107i \u017eivi za prodaju.<\/p>\n<h3>Crvena teku\u0107a \u017eiva na prodaju<\/h3>\n<p>Crveni \u017eivi je opasna tvar i o\u010dito sama po sebi nije eksplozivna, koristi se kao izvor neutrona koji pokre\u0107u sadr\u017eaj tlaka atomske bombe, deuterij i tritij do vrhunca kriti\u010dne mase, a kada je u eksplozivnom ure\u0111aju, proizvodi silovitu eksploziju pra\u0107enu uni\u0161tenjem podru\u010dja radijusa 600 m, bomba s veli\u010dinom od oko 500 cm3 (oko 10 kg) gdje Benitronat Fast ostaje u poplavnom podru\u010dju oko dva dana, ovo je va\u017ean strate\u0161ki razvoj neutronske bombe.<\/p>\n<p>Crveni \u017eivi se tako\u0111er koristi za mobilizaciju plutonija i tritija u neutronskom zra\u010denju neutronske bombe, gdje se on pojavljuje.<\/p>\n<h3>Kako dobiti crveni \u017eivi srebro<\/h3>\n<p>Ako odete na Google, prona\u0107i \u0107ete mnogo \u010dlanaka koji govore o razli\u010ditim na\u010dinima nabave crvenog \u017eive. Neki \u0107e govoriti o \u017eivi s uli\u010dnih prodava\u010da, dok \u0107e drugi savjetovati kako je kupiti putem interneta. Iako je mogu\u0107e kupiti je na ta dva mjesta, bit \u0107e te\u017ee jer zahtijevaju identifikaciju i dokaz o namjeni.<\/p>\n<p>Mi smo dobavlja\u010di koji posluju ve\u0107 dugo vremena. Oslobodite se birokracije i provjera identiteta, ostat \u0107ete anonimni tijekom transakcija zahvaljuju\u0107i tehnologijama poput TOR-a.<\/p>\n<p><img decoding=\"async\" class=\"wp-image-463 aligncenter\" src=\"https:\/\/poisonshops.com\/wp-content\/uploads\/2025\/11\/tttt-1-204x300.png\" alt=\"Trgovina otrovima\" width=\"67\" height=\"98\" srcset=\"https:\/\/poisonshops.com\/wp-content\/uploads\/2025\/11\/tttt-1-204x300.png 204w, https:\/\/poisonshops.com\/wp-content\/uploads\/2025\/11\/tttt-1.png 218w\" sizes=\"(max-width: 67px) 100vw, 67px\" \/><\/p>\n<h4>Pa kako dobiti teku\u0107i \u017eivi crvene tre\u0161nje?<\/h4>\n<p>Prilikom kupnje crvene teku\u0107e \u017eive klju\u010dno je znati oblik i kvalitetu koju kupujete. To\u010dno znanje o tome \u0161to \u017eelite kupiti izbjegava mnoge probleme. Crvena \u017eiva je rijedak proizvod; na internetu \u0107ete prona\u0107i razne kupce i prodava\u010de, \u0161to mo\u017ee biti zbunjuju\u0107e kad poku\u0161avate nabaviti ono \u0161to vam treba. Kupite crvenu teku\u0107u \u017eivu.<\/p>\n<p>Ako vas crveni \u017eivi\u0107 zbunjuje, savjetujemo vam da provedete temeljito istra\u017eivanje ili se posavjetujete sa stru\u010dnjakom prije kupnje. Stru\u010dnjak \u0107e vam pomo\u0107i utvrditi cijenu, vrijednost i sve klju\u010dne detalje koje trebate znati prije kupnje. Stru\u010dnjak \u0107e vjerojatno znati prava mjesta gdje mo\u017eete kupiti crveni \u017eivi\u0107.<\/p>\n<p><img decoding=\"async\" class=\"wp-image-502 aligncenter\" src=\"https:\/\/poisonshops.com\/wp-content\/uploads\/2025\/11\/Bio-Weapons-240x300.png\" alt=\"Biolo\u0161ko oru\u017eje\" width=\"80\" height=\"100\" srcset=\"https:\/\/poisonshops.com\/wp-content\/uploads\/2025\/11\/Bio-Weapons-240x300.png 240w, https:\/\/poisonshops.com\/wp-content\/uploads\/2025\/11\/Bio-Weapons.png 265w\" sizes=\"(max-width: 80px) 100vw, 80px\" \/><\/p>\n<h3>Pa gdje mo\u017eete kupiti crveni \u017eivi srebro?<\/h3>\n<p>Ako ste primijetili, kako industrija e-trgovine nastavlja rasti, tako raste i broj trgovina koje prodaju razli\u010dite proizvode. To se odnosi i na proizvode poput \u017eive. Ako u Googleu potra\u017eite \u201cred mercury for sale\u201d, prona\u0107i \u0107ete mnoge internetske prodava\u010de koji ogla\u0161avaju svoje usluge. Ako niste navikli kupovati putem interneta, mno\u0161tvo web-stranica mo\u017ee vas preplaviti. Crvena \u017eiva se obi\u010dno prodaje po gramu kod razli\u010ditih dobavlja\u010da.<\/p>\n<p><span class=\"HwtZe\" lang=\"en\"><span class=\"jCAhz ChMk0b\"><span class=\"ryNqvb\">Da bismo vas spasili od svega ovoga, mi smo dobavlja\u010di \u017eive u va\u0161oj blizini, bez ikakvih zahtjeva i potpuno anonimni.<\/span><\/span>\u00a0<span class=\"jCAhz ChMk0b\"><span class=\"ryNqvb\">Prodajemo sve proizvode s \u017eivom koji vam mogu zatrebati.<\/span><\/span>\u00a0<span class=\"jCAhz ChMk0b\"><span class=\"ryNqvb\">Nakon mnogo godina na tr\u017ei\u0161tu razumijemo sve potrebe na\u0161ih kupaca.<\/span><\/span>\u00a0<span class=\"jCAhz ChMk0b\"><span class=\"ryNqvb\">Ve\u0107ina kupaca \u017eeli kupiti \u017eivu po pristupa\u010dnoj cijeni i anonimno, a mi upravo to nudimo.<\/span><\/span>\u00a0<span class=\"jCAhz ChMk0b\"><span class=\"ryNqvb\">Vjerujemo u sigurnost i kvalitetu i nikada ne\u0107emo na tome praviti kompromise. Crvena teku\u0107a \u017eiva na prodaju.<\/span><\/span><\/span><\/p>\n<h2>Kupite crveni teku\u0107i \u017eivi<\/h2>\n<p><img decoding=\"async\" class=\"wp-image-176 aligncenter\" src=\"https:\/\/poisonshops.com\/wp-content\/uploads\/2025\/11\/poison_shop_logo-300x171.png\" alt=\"Trgovine otrovima\" width=\"135\" height=\"77\" srcset=\"https:\/\/poisonshops.com\/wp-content\/uploads\/2025\/11\/poison_shop_logo-300x171.png 300w, https:\/\/poisonshops.com\/wp-content\/uploads\/2025\/11\/poison_shop_logo.png 563w\" sizes=\"(max-width: 135px) 100vw, 135px\" \/><\/p>","protected":false},"excerpt":{"rendered":"<p>Pure red liquid mercury We are a premium wholesaler and retailer of red liquid mercury. We supply excellent quality Pure Red Liquid Mercury 20\/20 from USA, China and Europe. Our Red Liquid Mercury 20\/20 is highly sought after by industries around the world. It is a high quality and perfectly composed 20\/20 Red Liquid Mercury. [&hellip;]<\/p>\n","protected":false},"featured_media":392,"comment_status":"open","ping_status":"closed","template":"","meta":[],"product_brand":[],"product_cat":[21],"product_tag":[],"class_list":{"0":"post-390","1":"product","2":"type-product","3":"status-publish","4":"has-post-thumbnail","6":"product_cat-buy-research-chemicals-online","8":"first","9":"instock","10":"shipping-taxable","11":"purchasable","12":"product-type-simple"},"_links":{"self":[{"href":"https:\/\/poisonshops.com\/hr\/wp-json\/wp\/v2\/product\/390","targetHints":{"allow":["GET"]}}],"collection":[{"href":"https:\/\/poisonshops.com\/hr\/wp-json\/wp\/v2\/product"}],"about":[{"href":"https:\/\/poisonshops.com\/hr\/wp-json\/wp\/v2\/types\/product"}],"replies":[{"embeddable":true,"href":"https:\/\/poisonshops.com\/hr\/wp-json\/wp\/v2\/comments?post=390"}],"wp:featuredmedia":[{"embeddable":true,"href":"https:\/\/poisonshops.com\/hr\/wp-json\/wp\/v2\/media\/392"}],"wp:attachment":[{"href":"https:\/\/poisonshops.com\/hr\/wp-json\/wp\/v2\/media?parent=390"}],"wp:term":[{"taxonomy":"product_brand","embeddable":true,"href":"https:\/\/poisonshops.com\/hr\/wp-json\/wp\/v2\/product_brand?post=390"},{"taxonomy":"product_cat","embeddable":true,"href":"https:\/\/poisonshops.com\/hr\/wp-json\/wp\/v2\/product_cat?post=390"},{"taxonomy":"product_tag","embeddable":true,"href":"https:\/\/poisonshops.com\/hr\/wp-json\/wp\/v2\/product_tag?post=390"}],"curies":[{"name":"wp","href":"https:\/\/api.w.org\/{rel}","templated":true}]}}