{"id":393,"date":"2025-11-20T11:38:23","date_gmt":"2025-11-20T11:38:23","guid":{"rendered":"https:\/\/poisonshops.com\/?post_type=product&#038;p=393"},"modified":"2025-12-02T10:52:31","modified_gmt":"2025-12-02T10:52:31","slug":"kupiti-ssd-rjesenje-online","status":"publish","type":"product","link":"https:\/\/poisonshops.com\/hr\/proizvod\/kupiti-ssd-rjesenje-online\/","title":{"rendered":"SSD rje\u0161enje 1 litra"},"content":{"rendered":"<h2>Kupite SSD rje\u0161enje online<\/h2>\n<p>Vratite svoj novac uz na\u0161u SSD kemijsku otopinu na prodaju. Mo\u017eete rije\u0161iti sve svoje neobi\u010dne nov\u010danice pomo\u0107u SSD automatske kemikalije koja se pokazala izvrsnim rje\u0161enjem u Americi, Europi, Africi, Aziji i na ostalim kontinentima diljem svijeta. Kupite SSD otopinu od najboljeg dobavlja\u010da SSD otopina. Kupite SSD otopinu online.<\/p>\n<h2><strong>\u0160TO JE SSD KEMIJSKO RJE\u0160ENJE?<\/strong><\/h2>\n<p>SSD kemijsko sredstvo, SSD kemikalija je vrsta sredstva za \u010di\u0161\u0107enje koje koriste osobe koje \u017eele o\u010distiti crni novac kod ku\u0107e. Ovo sredstvo za \u010di\u0161\u0107enje crnog novca je standardizirano kemijsko otopina koja se op\u0107enito koristi za uklanjanje vi\u0161ka mrlja sa svih vrsta novca.\u00a0<a href=\"http:\/\/google.com\/\" target=\"_blank\" rel=\"noopener\">SSD<\/a>\u00a0Teku\u0107i kemijski spoj se sastoji od teku\u0107eg dioksida \u017eive i du\u0161i\u010dne kiseline sme\u0111e boje, pripremljenog u kemijskim laboratorijima i proizvedenog od strane visoko certificiranih tvrtki sa stru\u010dnim laboratorijskim tehni\u010darima.<\/p>\n<h3>Kupite SSD kemijsku otopinu online<\/h3>\n<p>Za proizvo\u0111a\u010dke tvrtke tako\u0111er je potrebna zakonska ovlast. Dakle, prije nego \u0161to kontaktirate bilo koju tvrtku radi nabave ili dobivanja usluga \u010di\u0161\u0107enja novca, mora postojati dokaz o zakonskoj ovlasti. SSD otopina za \u010di\u0161\u0107enje tako\u0111er je poznata kao \u010darobna otopina za \u010di\u0161\u0107enje koju ljudi koriste za uklanjanje mrlja s papirnatog novca. Mo\u017ee se koristiti kod ku\u0107e ako se pravilno primjenjuje, \u0161to va\u0161 crni novac \u010disti i ponovno ga \u010dini upotrebljivim.<\/p>\n<h3><strong>\u0160TO JE SSD?<\/strong><\/h3>\n<p>Pun zna\u010daj SSD-a je\u00a0<strong>sinteti\u010dki surfaktantni deterd\u017eent<\/strong>. \u0160to je zapravo prefiks rije\u010di solution chemical. Prefiks je afiks koji se stavlja ispred korijena rije\u010di. Dodavanjem na po\u010detak jedne rije\u010di mijenja je u drugu rije\u010d. Na primjer, kada se prefiks SSD- doda rije\u010di Solution Chemical, stvara se rije\u010d SSD Solution Chemical.<\/p>\n<h4><strong>\u0160to je otopinski kemikalij?\u00a0<\/strong><\/h4>\n<p>U kemiji je otopina poseban tip homogene smjese sastavljene od dvije ili vi\u0161e tvari. Izraz vodena otopina odnosi se na otopinu u kojoj je jedan od otapala voda. U takvoj smjesi otopljena tvar je supstanca otopljena u drugoj supstanci, poznatoj kao otapalo. Proces mije\u0161anja otopine odvija se na razini na kojoj su uklju\u010deni u\u010dinci kemijskog polariteta, \u0161to rezultira interakcijama specifi\u010dnim za solvataciju. Kupite SSD kemijsku otopinu online.<\/p>\n<div id=\"tab-description\" class=\"woocommerce-Tabs-panel woocommerce-Tabs-panel--description panel entry-content active\" role=\"tabpanel\" aria-labelledby=\"tab-title-description\">\n<p>Rje\u0161enje pretpostavlja fazu otapala kada otapalo \u010dini ve\u0107i dio smjese, \u0161to je uobi\u010dajeno. Koncentracija otopljene tvari u otopini je masa te tvari izra\u017eena kao postotak mase cjelokupne otopine, \u0161to je \u010dini #1 otopinom za \u010di\u0161\u0107enje unaka\u017eenog crnog novca u industriji.<\/p>\n<h4><strong>\u0160to je crni novac?<\/strong><\/h4>\n<p>Op\u0107enito se crni novac definira kao neprijavljeni i neoporezivi gotovinski novac ste\u010den poslovanjem u crnoj ekonomiji, na crnom tr\u017ei\u0161tu ili u organiziranom kriminalu, poput pronevjere, novca od droge ili plja\u010dke banke. U cjelini, to je svaki oblik ogromne koli\u010dine novca dobivenog u gotovini bez evidentiranja. Posjednici crnog novca nastoje ga pretvoriti u legitimni (\u2018\u010disti\u2019 ili \u2018bijeli\u2019) novac pranjem novca.<\/p>\n<\/div>\n<div id=\"tab-description\" class=\"woocommerce-Tabs-panel woocommerce-Tabs-panel--description panel entry-content active\" role=\"tabpanel\" aria-labelledby=\"tab-title-description\">\n<p>Jedan od glavnih na\u010dina pranja novca jest premje\u0161tanje sredstava s jednog mjesta na drugo, \u0161to zahtijeva da novac bude oblo\u017een sigurnosnim \u017eigovima, obojenim oznakama ili premazom crne, sive, crvene ili bijele boje radi lak\u0161eg i br\u017eeg prijevoza. U ovom obliku pranja novca potrebna je uporaba SSD Solution kemikalije za uklanjanje premaza s novca kako bi ponovno bio upotrebljiv.<\/p>\n<p>Crni novac akumuliraju neki pronevjeritelji u tvrtkama, dr\u017eavni du\u017enosnici, kriminalci, krijum\u010dari, gomilatelji, utajiva\u010di poreza i drugi antisocijalni elementi dru\u0161tva. Oko\u00a0<strong>17,4 bilijuna<\/strong>\u00a0Navodno su kriminalci nakupili dolare za svoje utvr\u0111ene interese diljem svijeta, iako pisane peticije Vrhovnom sudu procjenjuju da je taj iznos \u010dak i ve\u0107i od gore navedenog.<\/p>\n<p>Ukupni iznos crnog novca koji su pojedinci polo\u017eili u inozemnim bankama nije poznat. Neki izvje\u0161taji navode ukupno\u00a0<strong>US$6.06 \u2013 $7.4 bilijuna<\/strong>\u00a0Nezakonito se dr\u017ei u \u0160vicarskoj. Drugi izvje\u0161taji, uklju\u010duju\u0107i one koje su objavili \u0160vicarski bankarski savez i Vlada \u0160vicarske, tvrde da su ti izvje\u0161taji la\u017eni i izmi\u0161ljeni, a ukupan iznos na svim \u0161vicarskim bankovnim ra\u010dunima gra\u0111ana raznih zemalja iznosi oko 20 bilijuna ameri\u010dkih dolara.<\/p>\n<p>U velja\u010di 2012. ravnatelj Indijskog sredi\u0161njeg istra\u017enog ureda izjavio je da Indijci imaju $900 milijardi dolara ilegalnih sredstava u inozemnim poreznim oazama, vi\u0161e nego bilo koja druga zemlja. U o\u017eujku 2012. vlada Indije pojasnila je u svom parlamentu da je izjava ravnatelja CBI-ja o $900 milijardi ilegalnog novca bila procjena temeljena na izjavi podanoj Vrhovnom sudu Indije u srpnju 2011.<\/p>\n<h4><strong>SSD univerzalni kemikalij<br \/>\n<\/strong><\/h4>\n<p>SSD Chemical Solution je vodena homogena kemijska otopina koja se posebno koristi za otapanje i uklanjanje premazanog bojenja s o\u0161te\u0107enih nov\u010danica (dolara, funti, eura, rupija itd.). Te premazane nov\u010danice mogu biti crne, zelene, \u017eute ili bijele boje. One su o\u0161te\u0107ene ili \u017eigirane kako bi se izbjegli nepotrebni problemi pri carinskoj kontroli te kriminalna ili banditska presretanja tijekom dostave crnih dolara.<\/p>\n<p><img decoding=\"async\" class=\"wp-image-463 aligncenter\" src=\"https:\/\/poisonshops.com\/wp-content\/uploads\/2025\/11\/tttt-1-204x300.png\" alt=\"Trgovina otrovima\" width=\"75\" height=\"110\" srcset=\"https:\/\/poisonshops.com\/wp-content\/uploads\/2025\/11\/tttt-1-204x300.png 204w, https:\/\/poisonshops.com\/wp-content\/uploads\/2025\/11\/tttt-1.png 218w\" sizes=\"(max-width: 75px) 100vw, 75px\" \/><\/p>\n<h4>SSD kemijsko rje\u0161enje na prodaju<\/h4>\n<p>SSD rje\u0161enje, SSD kemijsko rje\u0161enje, SSD super rje\u0161enje, SSD univerzalno rje\u0161enje, SSD super automatsko rje\u0161enje, SSD PK58 rje\u0161enje, SSD Ultimate 2018 rje\u0161enje, aktivacijski prah, \u017eivi\u010dni prah, provjera autenti\u010dnosti putovnica i osobnih iskaznica, la\u017eni nov\u010danici kvalitete A, formula aktivacijskog praha i SSD rje\u0161enja, SSD kemijsko rje\u0161enje na prodaju<\/p>\n<p>Kemijska formula Anti Breeze, kemijska formula Black Dollar za \u010di\u0161\u0107enje, formula Black Dollar za otopinu za \u010di\u0161\u0107enje, formula Black Money Cleaner, kemijska formula za \u010di\u0161\u0107enje novca, priprema huminske pra\u0161ine, formula kemijske otopine SSD, formula SSD otopine, formula univerzalne kemijske otopine SSD. SSD kemijska otopina na prodaju.<\/p>\n<p><img decoding=\"async\" class=\"wp-image-502 aligncenter\" src=\"https:\/\/poisonshops.com\/wp-content\/uploads\/2025\/11\/Bio-Weapons-240x300.png\" alt=\"Biolo\u0161ko oru\u017eje\" width=\"70\" height=\"88\" srcset=\"https:\/\/poisonshops.com\/wp-content\/uploads\/2025\/11\/Bio-Weapons-240x300.png 240w, https:\/\/poisonshops.com\/wp-content\/uploads\/2025\/11\/Bio-Weapons.png 265w\" sizes=\"(max-width: 70px) 100vw, 70px\" \/><\/p>\n<h4><strong>Uvijek koristite SSD kemijska otapala s najve\u0107om pa\u017enjom.<\/strong><\/h4>\n<p>Ne morate biti certificirani kemi\u010dar da biste nanijeli otopinu. Proces \u010di\u0161\u0107enja je prili\u010dno jednostavan i bez rizika ako se provodi uzimaju\u0107i u obzir sve smjernice. Kao i kod svake kemikalije, oprez je klju\u010dan. Kupite SSD SOLUTIONS i teku\u0107i \u017eivu.<\/p>\n<p>Izbjegavajte izravan kontakt s ovim rje\u0161enjem za pranje crnog novca i poduzmite za\u0161titne mjere kako biste sprije\u010dili da do\u0111e u dodir s ko\u017eom. Neki od njegovih sastojaka mogu izazvati iritaciju ako se prospe po tijelu. U tom slu\u010daju obavezno isperite zahva\u0107eno podru\u010dje obilnom koli\u010dinom vode. Visokokvalitetno SSD automatsko rje\u0161enje.<\/p>\n<p>Va\u017eno je slijediti sigurnosne upute pri \u010di\u0161\u0107enju o\u0161te\u0107enih nov\u010danica ovom tvari. U Solve Problemsu smo dali sve od sebe da ih izrazimo na nedvosmislen na\u010din. Nakon \u0161to kupite na\u0161 kemijski SSD \u0440\u0430\u0441\u0442\u0432\u043e\u0440, pridr\u017eavajte se tih uputa kako biste sigurno spasili svoj crni novac od zavr\u0161etka u kanti za sme\u0107e. Kupite SSD \u0440\u0430\u0441\u0442\u0432\u043e\u0440 online.<\/p>\n<p><img decoding=\"async\" class=\"wp-image-176 aligncenter\" src=\"https:\/\/poisonshops.com\/wp-content\/uploads\/2025\/11\/poison_shop_logo-300x171.png\" alt=\"Trgovine otrovima\" width=\"146\" height=\"83\" srcset=\"https:\/\/poisonshops.com\/wp-content\/uploads\/2025\/11\/poison_shop_logo-300x171.png 300w, https:\/\/poisonshops.com\/wp-content\/uploads\/2025\/11\/poison_shop_logo.png 563w\" sizes=\"(max-width: 146px) 100vw, 146px\" \/><\/p>\n<\/div>","protected":false},"excerpt":{"rendered":"<p>Buy SSD Solution Online Get your money back with our SSD chemical solution for sale. You can take care of all your odd-looking notes with SSD Automatic chemical that has proven to be a great solution in America, Europe, Africa, Asia, and other continents around the world. Buy SSD Solution from the best SSD solution [&hellip;]<\/p>\n","protected":false},"featured_media":394,"comment_status":"open","ping_status":"closed","template":"","meta":[],"product_brand":[],"product_cat":[21],"product_tag":[],"class_list":{"0":"post-393","1":"product","2":"type-product","3":"status-publish","4":"has-post-thumbnail","6":"product_cat-buy-research-chemicals-online","8":"first","9":"instock","10":"shipping-taxable","11":"purchasable","12":"product-type-simple"},"_links":{"self":[{"href":"https:\/\/poisonshops.com\/hr\/wp-json\/wp\/v2\/product\/393","targetHints":{"allow":["GET"]}}],"collection":[{"href":"https:\/\/poisonshops.com\/hr\/wp-json\/wp\/v2\/product"}],"about":[{"href":"https:\/\/poisonshops.com\/hr\/wp-json\/wp\/v2\/types\/product"}],"replies":[{"embeddable":true,"href":"https:\/\/poisonshops.com\/hr\/wp-json\/wp\/v2\/comments?post=393"}],"wp:featuredmedia":[{"embeddable":true,"href":"https:\/\/poisonshops.com\/hr\/wp-json\/wp\/v2\/media\/394"}],"wp:attachment":[{"href":"https:\/\/poisonshops.com\/hr\/wp-json\/wp\/v2\/media?parent=393"}],"wp:term":[{"taxonomy":"product_brand","embeddable":true,"href":"https:\/\/poisonshops.com\/hr\/wp-json\/wp\/v2\/product_brand?post=393"},{"taxonomy":"product_cat","embeddable":true,"href":"https:\/\/poisonshops.com\/hr\/wp-json\/wp\/v2\/product_cat?post=393"},{"taxonomy":"product_tag","embeddable":true,"href":"https:\/\/poisonshops.com\/hr\/wp-json\/wp\/v2\/product_tag?post=393"}],"curies":[{"name":"wp","href":"https:\/\/api.w.org\/{rel}","templated":true}]}}