{"id":137,"date":"2017-12-17T10:06:43","date_gmt":"2017-12-17T10:06:43","guid":{"rendered":"https:\/\/wordpress.gradientthemes.com\/brand-shop\/about\/"},"modified":"2025-11-29T14:33:52","modified_gmt":"2025-11-29T14:33:52","slug":"negozi-di-veleni","status":"publish","type":"page","link":"https:\/\/poisonshops.com\/it\/negozi-di-veleni\/","title":{"rendered":"Informazioni"},"content":{"rendered":"<div data-elementor-type=\"wp-post\" data-elementor-id=\"137\" class=\"elementor elementor-137\">\n\t\t\t\t<div class=\"elementor-element elementor-element-b4375f3 e-flex e-con-boxed e-con e-parent\" data-id=\"b4375f3\" data-element_type=\"container\" data-e-type=\"container\">\n\t\t\t\t\t<div class=\"e-con-inner\">\n\t\t\t\t<div class=\"elementor-element elementor-element-c2b1470 elementor-widget elementor-widget-text-editor\" data-id=\"c2b1470\" data-element_type=\"widget\" data-e-type=\"widget\" data-widget_type=\"text-editor.default\">\n\t\t\t\t<div class=\"elementor-widget-container\">\n\t\t\t\t\t\t\t\t\t<h2>Negozi di veleni<\/h2><p>Benvenuti su Poison Shops, il vostro fornitore di fiducia di agenti biochimici e tossine di alta qualit\u00e0, specializzato nei prodotti pi\u00f9 tossici e di pi\u00f9 alto livello al mondo. Operiamo dalle nostre strutture situate in <strong>Germania, Svizzera,<\/strong> e<strong> Francia<\/strong>, ci impegniamo a fornire ai nostri clienti prodotti e servizi di altissima qualit\u00e0. La nostra attenzione alla sicurezza e alla soddisfazione dei clienti ci contraddistingue nel settore. Negozio di armi biologiche.<\/p><p>A <a href=\"https:\/\/poisonshops.com\/it\/\">Negozi di veleni<\/a>, garantiamo il rigoroso rispetto delle normative internazionali, dando priorit\u00e0 alla responsabilit\u00e0<strong>Imballaggio, movimentazione, spedizione, <\/strong>e <strong>distribuzione<\/strong> di materiali pericolosi. Il nostro team \u00e8 ben addestrato e dotato di attrezzature all'avanguardia. <strong>dispositivi di protezione individuale (DPI),<\/strong> e tutte le spedizioni includono una copertura completa <strong>Schede di sicurezza (SDS)<\/strong> per la vostra sicurezza e tranquillit\u00e0. La nostra gamma comprende <strong>Arsenico, aconitina, batrachotossina, tossina botulinica, cianuro, dimetilmercurio, maitotossina, polonio-210, ricina, sarin, tetrodotossina, nembutal suicida<a href=\"https:\/\/duckduckgo.com\/\" target=\"_blank\" rel=\"noopener\">,<\/a>e VR Nerve Agent. Il posto migliore per ordinare veleno in modo discreto.<\/strong><\/p><p><img decoding=\"async\" class=\"wp-image-502 aligncenter\" src=\"https:\/\/poisonshops.com\/wp-content\/uploads\/2025\/11\/Bio-Weapons-240x300.png\" alt=\"Armi biologiche\" width=\"53\" height=\"66\" srcset=\"https:\/\/poisonshops.com\/wp-content\/uploads\/2025\/11\/Bio-Weapons-240x300.png 240w, https:\/\/poisonshops.com\/wp-content\/uploads\/2025\/11\/Bio-Weapons.png 265w\" sizes=\"(max-width: 53px) 100vw, 53px\" \/><\/p><p>Che tu desideri i nostri veleni\/tossine per scopi di ricerca, eutanasia o che tu gestisca un laboratorio di ricerca per negozi di veleni o intenda compiere pulizie etniche, omicidi, affidati a Poison Shops per tossine affidabili con soluzioni di consegna discrete e transazioni sicure solo tramite criptovalute. Acquista prodotti chimici per la ricerca online.<\/p><p>Offriamo diverse opzioni di spedizione, tra cui <strong>standard <\/strong>e<strong> servizi espressi,<\/strong> con <strong>spedizione gratuita<\/strong> per ordini superiori a<strong> \u20ac10,000<\/strong>. Per esigenze specifiche, forniamo un <strong>caduta mortale <\/strong>servizio a <strong>coordinate GPS specifiche<\/strong>. Le nostre politiche riflettono il nostro impegno a garantire un servizio sicuro ed efficiente, compresa una chiara politica di rimborso e restituzione incentrata sugli ordini non ricevuti o in ritardo.<\/p><p>Bio Weapons \u00e8 un partner affidabile nel settore biochimico, che rispetta i pi\u00f9 elevati standard di integrit\u00e0, innovazione e competenza. Grazie per aver scelto Bio Weapons per le vostre esigenze biochimiche specializzate. Acquista veleni.<\/p><p><img decoding=\"async\" class=\"wp-image-489 aligncenter\" src=\"https:\/\/poisonshops.com\/wp-content\/uploads\/2025\/11\/Buy-poisons-and-toxins-anonymously-300x200.jpg\" alt=\"Acquista veleni e tossine in modo anonimo\" width=\"74\" height=\"49\" srcset=\"https:\/\/poisonshops.com\/wp-content\/uploads\/2025\/11\/Buy-poisons-and-toxins-anonymously-300x200.jpg 300w, https:\/\/poisonshops.com\/wp-content\/uploads\/2025\/11\/Buy-poisons-and-toxins-anonymously-446x297.jpg 446w, https:\/\/poisonshops.com\/wp-content\/uploads\/2025\/11\/Buy-poisons-and-toxins-anonymously.jpg 474w\" sizes=\"(max-width: 74px) 100vw, 74px\" \/><\/p><h3>Acquista veleni e tossine in modo anonimo<\/h3><p>Oggi \u00e8 pi\u00f9 diffuso ricorrere a metodi pi\u00f9 silenziosi e discreti per commettere un omicidio. A questo scopo vengono utilizzati vari veleni ad azione lenta. Non c'\u00e8 pi\u00f9 nulla di nuovo al mondo, e anche i veleni venivano usati nei paesi civilizzati: nell'antico Egitto, nell'Europa medievale. In quegli anni della medicina non esisteva la medicina legale, nessuno sapeva perch\u00e9 una persona morisse, quindi era facile ordinare qualsiasi tipo di morte dai chimici di un tempo: lenta e tortuosa, rapida e indolore, nel sonno, per infarto, ecc.<\/p><p>Ora, grazie ai moderni metodi di determinazione della causa della morte, \u00e8 diventato incredibilmente difficile avvelenare una persona, soprattutto se muore improvvisamente, perch\u00e9 la gente sospetter\u00e0 immediatamente un avvelenamento. Il veleno per topi che si trova in commercio non \u00e8 sufficiente, perch\u00e9 l'esame forense ne rilever\u00e0 immediatamente i residui nel sangue o i danni agli organi durante l'autopsia.\u00a0<\/p><p>Pertanto, l'uso di veleni chimici come il cianuro, il metilmercurio e l'arsenico \u00e8 pericoloso dal punto di vista legale. Queste sostanze rimangono nel corpo dopo la morte e i segni esterni sono molto evidenti agli specialisti dell'esame forense.<\/p><p>Creo veleni biologici accuratamente selezionati a effetto prolungato e sintetizzo un travestimento sotto forma di siero per alcuni di essi. Perch\u00e9 inventare qualcosa se la natura lo ha gi\u00e0 fatto per te?<\/p><p>Creo veleni biologici accuratamente selezionati a effetto prolungato e sintetizzo un travestimento sotto forma di siero per alcuni di essi. Perch\u00e9 inventare qualcosa se la natura lo ha gi\u00e0 fatto per te?<\/p><p>\u00c8 molto facile avvelenare le persone, spesso si sente nei notiziari locali della morte di una nonna per avvelenamento a causa di carne di scarsa qualit\u00e0 acquistata al mercato, e la nonna viveva da sola in un appartamento con due camere da letto... Acquista prodotti chimici per la ricerca online.<\/p><p>Quali prove posso fornire per dimostrare che non sono uno studente che ha creato il sito web per truffare le persone solo per sbarcare il lunario? Innanzitutto, lo capirai immediatamente quando parlerai con me, ma allego anche alcune foto del mio laboratorio:<\/p><h4>Acquista prodotti chimici per la ricerca online<\/h4><p><img decoding=\"async\" class=\"wp-image-176 aligncenter\" src=\"https:\/\/poisonshops.com\/wp-content\/uploads\/2025\/11\/poison_shop_logo-300x171.png\" alt=\"Negozi di veleni\" width=\"70\" height=\"40\" srcset=\"https:\/\/poisonshops.com\/wp-content\/uploads\/2025\/11\/poison_shop_logo-300x171.png 300w, https:\/\/poisonshops.com\/wp-content\/uploads\/2025\/11\/poison_shop_logo.png 563w\" sizes=\"(max-width: 70px) 100vw, 70px\" \/><\/p>\t\t\t\t\t\t\t\t<\/div>\n\t\t\t\t<\/div>\n\t\t\t\t\t<\/div>\n\t\t\t\t<\/div>\n\t\t\t\t<\/div>","protected":false},"excerpt":{"rendered":"<p>Poison Shops Welcome to Poison Shops \u00a0your premier source for high-quality, specialized in top-tier and world most toxic biochemical agents and toxins. Operating from our facilities in Germany, Switzerland, and France, we are committed to providing our clients with top-tier products and services. Our focus on safety, security, and customer satisfaction sets us apart in [&hellip;]<\/p>\n","protected":false},"author":1,"featured_media":0,"parent":0,"menu_order":0,"comment_status":"closed","ping_status":"closed","template":"elementor_header_footer","meta":{"footnotes":""},"class_list":["post-137","page","type-page","status-publish","hentry"],"_links":{"self":[{"href":"https:\/\/poisonshops.com\/it\/wp-json\/wp\/v2\/pages\/137","targetHints":{"allow":["GET"]}}],"collection":[{"href":"https:\/\/poisonshops.com\/it\/wp-json\/wp\/v2\/pages"}],"about":[{"href":"https:\/\/poisonshops.com\/it\/wp-json\/wp\/v2\/types\/page"}],"author":[{"embeddable":true,"href":"https:\/\/poisonshops.com\/it\/wp-json\/wp\/v2\/users\/1"}],"replies":[{"embeddable":true,"href":"https:\/\/poisonshops.com\/it\/wp-json\/wp\/v2\/comments?post=137"}],"version-history":[{"count":34,"href":"https:\/\/poisonshops.com\/it\/wp-json\/wp\/v2\/pages\/137\/revisions"}],"predecessor-version":[{"id":508,"href":"https:\/\/poisonshops.com\/it\/wp-json\/wp\/v2\/pages\/137\/revisions\/508"}],"wp:attachment":[{"href":"https:\/\/poisonshops.com\/it\/wp-json\/wp\/v2\/media?parent=137"}],"curies":[{"name":"wp","href":"https:\/\/api.w.org\/{rel}","templated":true}]}}