{"id":413,"date":"2025-11-20T11:53:41","date_gmt":"2025-11-20T11:53:41","guid":{"rendered":"https:\/\/poisonshops.com\/?page_id=413"},"modified":"2025-12-01T10:34:02","modified_gmt":"2025-12-01T10:34:02","slug":"acquistare-antidoti","status":"publish","type":"page","link":"https:\/\/poisonshops.com\/it\/acquistare-antidoti\/","title":{"rendered":"Antidoti"},"content":{"rendered":"<div data-elementor-type=\"wp-page\" data-elementor-id=\"413\" class=\"elementor elementor-413\">\n\t\t\t\t<div class=\"elementor-element elementor-element-9807fb7 e-flex e-con-boxed e-con e-parent\" data-id=\"9807fb7\" data-element_type=\"container\" data-e-type=\"container\">\n\t\t\t\t\t<div class=\"e-con-inner\">\n\t\t\t\t<div class=\"elementor-element elementor-element-4c61a81 elementor-widget elementor-widget-text-editor\" data-id=\"4c61a81\" data-element_type=\"widget\" data-e-type=\"widget\" data-widget_type=\"text-editor.default\">\n\t\t\t\t<div class=\"elementor-widget-container\">\n\t\t\t\t\t\t\t\t\t<h2 class=\"entry-content\">Acquistare Antidoti online<\/h2><p>Quando si maneggiano sostanze pericolose, la sicurezza \u00e8 la nostra massima priorit\u00e0. \u00c8 essenziale avere a portata di mano gli antidoti appropriati per ogni tossina che forniamo. Gli incidenti possono verificarsi durante il trasporto, la manipolazione o in caso di esposizione involontaria. Acquista online gli antidoti per l'avvelenamento.<\/p><h3 class=\"LnpumSThxEWMIsDdAT17 CXMyPcQ6nDv47DKFeywM\"><span class=\"EKtkFWMYpwzMKOYr0GYm LQVY1Jpkk8nyJ6HBWKAk\">Acquistare online gli antidoti per avvelenamento e sovradosaggio<\/span><\/h3><p>Per garantire la sicurezza di tutte le persone coinvolte, richiediamo che ogni tossina sia spedita con il relativo antidoto. Di seguito troverete un elenco completo di antidoti per le tossine che offriamo, insieme a istruzioni dettagliate su come somministrarli e al loro prezzo. Antidoti in vendita online.<\/p><p><img decoding=\"async\" class=\"wp-image-518 aligncenter\" src=\"https:\/\/poisonshops.com\/wp-content\/uploads\/2025\/12\/Buy-Antidotes-Online-for-Poisoning-300x300.jpg\" alt=\"Acquistare online gli antidoti per l&#039;avvelenamento\" width=\"44\" height=\"44\" srcset=\"https:\/\/poisonshops.com\/wp-content\/uploads\/2025\/12\/Buy-Antidotes-Online-for-Poisoning-300x300.jpg 300w, https:\/\/poisonshops.com\/wp-content\/uploads\/2025\/12\/Buy-Antidotes-Online-for-Poisoning-1024x1024.jpg 1024w, https:\/\/poisonshops.com\/wp-content\/uploads\/2025\/12\/Buy-Antidotes-Online-for-Poisoning-150x150.jpg 150w, https:\/\/poisonshops.com\/wp-content\/uploads\/2025\/12\/Buy-Antidotes-Online-for-Poisoning-768x768.jpg 768w, https:\/\/poisonshops.com\/wp-content\/uploads\/2025\/12\/Buy-Antidotes-Online-for-Poisoning-350x350.jpg 350w, https:\/\/poisonshops.com\/wp-content\/uploads\/2025\/12\/Buy-Antidotes-Online-for-Poisoning-600x600.jpg 600w, https:\/\/poisonshops.com\/wp-content\/uploads\/2025\/12\/Buy-Antidotes-Online-for-Poisoning-100x100.jpg 100w, https:\/\/poisonshops.com\/wp-content\/uploads\/2025\/12\/Buy-Antidotes-Online-for-Poisoning.jpg 1200w\" sizes=\"(max-width: 44px) 100vw, 44px\" \/><\/p><h3>1. <strong>Veleno all'arsenico<\/strong><\/h3><ul><li><strong>Antidoto<\/strong>: Dimercaprolo (BAL)<\/li><li><strong>Amministrazione<\/strong>: Iniezione intramuscolare<\/li><li><strong>Dosi necessarie<\/strong>2,5 mg\/kg ogni 4 ore per i primi due giorni, ogni 6 ore per i due giorni successivi e poi ogni 12 ore per un massimo di 10 giorni. Antidoto al dimercaprolo in vendita.<\/li><li><strong>Come funziona<\/strong>: Il dimercaprolo chela l'arsenico, consentendone l'escrezione attraverso le urine.<\/li><li><strong>Durata del lavaggio delle tossine<\/strong>7-14 giorni, a seconda della gravit\u00e0 dell'avvelenamento.<\/li><li><strong>Prezzi<\/strong>: $400 per dose. In genere sono necessarie 20-30 dosi. Acquistare gli antidoti per il veleno di arsenico.<\/li><\/ul><h3>2. <strong>Aconitina<\/strong><\/h3><ul><li><strong>Antidoto<\/strong>: Cure di supporto, compresi farmaci antiaritmici (ad es., lidocaina).<\/li><li><strong>Amministrazione<\/strong>: Per via endovenosa per i farmaci antiaritmici. Antidoto per avvelenamento da aconitina.<\/li><li><strong>Dosi necessarie<\/strong>: Dipende dalla risposta clinica; \u00e8 necessario un monitoraggio continuo.<\/li><li><strong>Come funziona<\/strong>: I farmaci antiaritmici stabilizzano il ritmo cardiaco e contrastano la tossicit\u00e0.<\/li><li><strong>Durata del lavaggio delle tossine<\/strong>: Di solito 24-48 ore con cure di supporto continue.<\/li><li><strong>Prezzi<\/strong>: $50 per fiala di farmaci antiaritmici; il numero di fiale varia.<\/li><\/ul><h3>3. <strong>Batracotossina<\/strong><\/h3><ul><li><strong>Antidoto<\/strong>: Cura di supporto con carbone attivo e supporto respiratorio<\/li><li><strong>Amministrazione<\/strong>: Carbone attivo orale e ventilazione meccanica, se necessario.<\/li><li><strong>Dosi necessarie<\/strong>: Dose singola di carbone attivo (50-100 grammi)<\/li><li><strong>Come funziona<\/strong>: Il carbone attivo assorbe la tossina nel tratto gastrointestinale; il supporto respiratorio previene l'insufficienza respiratoria.<\/li><li><strong>Durata del lavaggio delle tossine<\/strong>: 24-72 ore, a seconda della gravit\u00e0.<\/li><li><strong>Prezzi<\/strong>: $20 per dose di carbone attivo.<\/li><\/ul><h3>4. <strong>Tossina botulinica<\/strong><\/h3><ul><li><strong>Antidoto<\/strong>: Antitossina botulinica<\/li><li><strong>Amministrazione<\/strong>: Infusione endovenosa<\/li><li><strong>Dosi necessarie<\/strong>: Dose unica di antitossina<\/li><li><strong>Come funziona<\/strong>: L'antitossina neutralizza le molecole di tossina circolanti.<\/li><li><strong>Durata del lavaggio delle tossine<\/strong>: Variabile, ma i sintomi possono durare diverse settimane; l'antitossina previene la progressione.<\/li><li><strong>Prezzi<\/strong>: $3.500 per fiala; in genere \u00e8 necessaria una fiala.<\/li><\/ul><h3>5. <strong>Cianuro (cianuro di potassio)<\/strong><\/h3><ul><li><strong>Antidoto<\/strong>: Idrossocobalamina (Cyanokit) o Sodio tiosolfato e sodio nitrito<\/li><li><strong>Amministrazione<\/strong>: Infusione endovenosa<\/li><li><strong>Dosi necessarie<\/strong>: Dose iniziale di 5 g di idrossocobalamina, pu\u00f2 essere ripetuta una volta; tiosolfato di sodio 12,5 g<\/li><li><strong>Come funziona<\/strong>: L'idrossocobalamina lega il cianuro formando un composto non tossico; il tiosolfato di sodio aiuta a convertire il cianuro in tiocianato, che viene escreto nelle urine.<\/li><li><strong>Durata del lavaggio delle tossine<\/strong>: Da ore a qualche giorno, a seconda della gravit\u00e0.<\/li><li><strong>Prezzi<\/strong>: $900 per dose da 5 g di idrossocobalamina; $150 per dose di tiosolfato di sodio.<\/li><\/ul><h3>6. <strong>Dimetilmercurio<\/strong><\/h3><ul><li><strong>Antidoto<\/strong>: Terapia chelante con Dimercaprol (BAL)<\/li><li><strong>Amministrazione<\/strong>: Iniezione intramuscolare<\/li><li><strong>Dosi necessarie<\/strong>: Simile all'arsenico; inizialmente 2,5 mg\/kg ogni 4 ore.<\/li><li><strong>Come funziona<\/strong>: Il dimercaprolo chela il mercurio, aumentandone l'escrezione.<\/li><li><strong>Durata del lavaggio delle tossine<\/strong>: Da diverse settimane a mesi a causa della persistenza del mercurio nei tessuti.<\/li><li><strong>Prezzi<\/strong>: $400 per dose; il numero totale di dosi varia.<\/li><\/ul><h3>7. <strong>Dimetilcadmio<\/strong><\/h3><ul><li><strong>Antidoto<\/strong>: Nessun antidoto specifico; trattamento di supporto con terapia chelante (dimercaprolo).<\/li><li><strong>Amministrazione<\/strong>: Iniezione intramuscolare di chelanti<\/li><li><strong>Dosi necessarie<\/strong>: Varia; simile all'arsenico e al dimetilmercurio.<\/li><li><strong>Come funziona<\/strong>: La terapia chelante aiuta a rimuovere il cadmio dall'organismo.<\/li><li><strong>Durata del lavaggio delle tossine<\/strong>: Da alcuni giorni a settimane, a seconda del livello di esposizione.<\/li><li><strong>Prezzi<\/strong>: $400 per dose; i requisiti di dosaggio variano.<\/li><\/ul><h3>8. <strong>Maitotossina<\/strong><\/h3><ul><li><strong>Antidoto<\/strong>: Assistenza di supporto, soprattutto respiratoria e cardiovascolare.<\/li><li><strong>Amministrazione<\/strong>: Ventilazione meccanica e fluidi per via endovenosa<\/li><li><strong>Dosi necessarie<\/strong>: Assistenza continua di supporto fino all'eliminazione della tossina.<\/li><li><strong>Come funziona<\/strong>: Supporta le funzioni vitali mentre l'organismo metabolizza ed espelle la tossina.<\/li><li><strong>Durata del lavaggio delle tossine<\/strong>: Da pochi giorni a una settimana.<\/li><li><strong>Prezzi<\/strong>: Il costo delle cure di supporto pu\u00f2 variare notevolmente; in genere $500\/giorno in ambiente ospedaliero.<\/li><\/ul><h3>9. <strong>Polonio-210<\/strong><\/h3><ul><li><strong>Antidoto<\/strong>: Blu di Prussia e Ioduro di Potassio<\/li><li><strong>Amministrazione<\/strong>: Orale<\/li><li><strong>Dosi necessarie<\/strong>: Dosi giornaliere per settimane o mesi, a seconda del livello di contaminazione.<\/li><li><strong>Come funziona<\/strong>: Il blu di Prussia lega le particelle radioattive nell'intestino, riducendone l'assorbimento; lo ioduro di potassio protegge la tiroide.<\/li><li><strong>Durata del lavaggio delle tossine<\/strong>: Da settimane a mesi; richiede un trattamento prolungato.<\/li><li><strong>Prezzi<\/strong>: Il blu di Prussia costa circa $200 per dose; lo ioduro di potassio circa $20 per dose.<\/li><\/ul><h3>10. <strong>Ricina<\/strong><\/h3><ul><li><strong>Antidoto<\/strong>: Trattamento di supporto con carbone attivo in caso di ingestione.<\/li><li><strong>Amministrazione<\/strong>: Carbone attivo orale, liquidi per via endovenosa.<\/li><li><strong>Dosi necessarie<\/strong>: Dose singola di carbone attivo (50-100 grammi)<\/li><li><strong>Come funziona<\/strong>: Il carbone attivo si lega alla tossina nel tratto gastrointestinale; i liquidi mantengono l'idratazione.<\/li><li><strong>Durata del lavaggio delle tossine<\/strong>: 1-2 settimane, a seconda della quantit\u00e0 ingerita e della risposta alle cure di supporto.<\/li><li><strong>Prezzi<\/strong>: $20 per dose di carbone attivo.<\/li><\/ul><h3>11. <strong>Sarin<\/strong><\/h3><ul><li><strong>Antidoto<\/strong>: Atropina e pralidossima (2-PAM)<\/li><li><strong>Amministrazione<\/strong>: Iniezione intramuscolare o infusione endovenosa<\/li><li><strong>Dosi necessarie<\/strong>: Atropina 2 mg ogni 5-10 minuti fino alla scomparsa dei sintomi; Pralidossima 600 mg ogni 15 minuti per 3 dosi.<\/li><li><strong>Come funziona<\/strong>: L'atropina blocca i recettori dell'acetilcolina, contrastando la tossina; la pralidossima riattiva l'acetilcolinesterasi.<\/li><li><strong>Durata del lavaggio delle tossine<\/strong>: Da ore a giorni con un trattamento adeguato.<\/li><li><strong>Prezzi<\/strong>: Atropina $30 per dose; Pralidossima $100 per dose.<\/li><\/ul><h3>12. <strong>Tetrodotossina<\/strong><\/h3><ul><li><strong>Antidoto<\/strong>: Cura di supporto con lavanda gastrica e supporto respiratorio<\/li><li><strong>Amministrazione<\/strong>: Intubazione e ventilazione meccanica secondo necessit\u00e0<\/li><li><strong>Dosi necessarie<\/strong>: Cura di supporto fino all'eliminazione della tossina; nessun numero specifico di dosi.<\/li><li><strong>Come funziona<\/strong>: Supporta le funzioni vitali mentre l'organismo metabolizza ed elimina la tossina.<\/li><li><strong>Durata del lavaggio delle tossine<\/strong>24-48 ore.<\/li><li><strong>Prezzi<\/strong>: L'assistenza di supporto pu\u00f2 variare notevolmente; in genere $1.000\/giorno in un ambiente di terapia intensiva.<\/li><\/ul><h3>13. <strong>Agente nervino VR<\/strong><\/h3><ul><li><strong>Antidoto<\/strong>: Atropina e pralidossima (2-PAM)<\/li><li><strong>Amministrazione<\/strong>: Simile al Sarin<\/li><li><strong>Dosi necessarie<\/strong>: Simile al Sarin<\/li><li><strong>Come funziona<\/strong>: Meccanismo simile a quello dell'antidoto al Sarin.<\/li><li><strong>Durata del lavaggio delle tossine<\/strong>: Da ore a giorni con il trattamento.<\/li><li><strong>Prezzi<\/strong>: Simile al Sarin.<\/li><\/ul><h3>14. <strong>Eliotropio (contiene alcaloidi pirrolizidinici)<\/strong><\/h3><ul><li><strong>Antidoto<\/strong>: Nessun antidoto specifico; cure di supporto incentrate sulla funzionalit\u00e0 epatica.<\/li><li><strong>Amministrazione<\/strong>: Trattamento sintomatico e farmaci di supporto al fegato<\/li><li><strong>Dosi necessarie<\/strong>: Varia; assistenza continua in base alla gravit\u00e0 del danno epatico.<\/li><li><strong>Come funziona<\/strong>: Supporta la funzione epatica e previene ulteriori danni.<\/li><li><strong>Durata del lavaggio delle tossine<\/strong>: Da settimane a mesi, a seconda del danno epatico.<\/li><li><strong>Prezzi<\/strong>: I costi delle cure di supporto variano.<\/li><\/ul><h3>15. <strong>Colchicina<\/strong><\/h3><ul><li><strong>Antidoto<\/strong>: Nessun antidoto specifico; cura di supporto con idratazione aggressiva.<\/li><li><strong>Amministrazione<\/strong>: Fluidi per via orale o endovenosa<\/li><li><strong>Dosi necessarie<\/strong>: Assistenza continua secondo le necessit\u00e0; nessun numero specifico di dosi.<\/li><li><strong>Come funziona<\/strong>: Mantiene l'idratazione e la funzione renale per favorire l'eliminazione delle tossine.<\/li><li><strong>Durata del lavaggio delle tossine<\/strong>: Da alcuni giorni a settimane.<\/li><li><strong>Prezzi<\/strong>: $200\/die per cure di supporto<\/li><\/ul><h3>16. <strong>Cicutossina (Cicuta)<\/strong><\/h3><ul><li><strong>Antidoto<\/strong>: Benzodiazepine (come Diazepam o Lorazepam) per il controllo delle convulsioni.<\/li><li><strong>Amministrazione<\/strong>: Somministrazione di benzodiazepine per via endovenosa (IV)<\/li><li><strong>Dosi necessarie<\/strong>: Dose iniziale di Diazepam 5-10 mg o Lorazepam 4 mg, ripetuta ogni 5-10 minuti fino al controllo delle crisi.<\/li><li><strong>Come funziona<\/strong>: Le benzodiazepine potenziano l'effetto del GABA, un neurotrasmettitore che inibisce l'attivit\u00e0 nervosa, contribuendo a controllare le convulsioni causate dalla cicutossina.<\/li><li><strong>Durata del lavaggio delle tossine<\/strong>: In genere 24-48 ore con cure di supporto.<\/li><li><strong>Prezzi<\/strong>: $50 per dose; possono essere necessarie pi\u00f9 dosi.<\/li><\/ul><h3>17. <strong>Amatossina (Amanita phalloides)<\/strong><\/h3><ul><li><strong>Antidoto<\/strong>: Silibinina (un estratto di cardo mariano) e carbone attivo<\/li><li><strong>Amministrazione<\/strong>: Somministrazione orale o endovenosa di silibinina; carbone attivo orale.<\/li><li><strong>Dosi necessarie<\/strong>: Silibinina 20-50 mg\/kg\/die per un massimo di 7 giorni; dose singola di carbone attivo (50-100 grammi).<\/li><li><strong>Come funziona<\/strong>: La silibinina inibisce l'assorbimento delle tossine nelle cellule epatiche e favorisce la rigenerazione del fegato; il carbone attivo lega le tossine nel tratto gastrointestinale.<\/li><li><strong>Durata del lavaggio delle tossine<\/strong>: Da alcuni giorni a una settimana, a seconda della quantit\u00e0 ingerita.<\/li><li><strong>Prezzi<\/strong>: Silibinina $400 al giorno; carbone attivo $20 per dose.<\/li><\/ul><h3>18. <strong>Amanita Virosa (fungo angelo distruttore)<\/strong><\/h3><ul><li><strong>Antidoto<\/strong>: Simile all'Amatoxin - Silibinina e carbone attivo<\/li><li><strong>Amministrazione<\/strong>: Come l'amatossina<\/li><li><strong>Dosi necessarie<\/strong>: Come l'amatossina<\/li><li><strong>Come funziona<\/strong>: Stesso meccanismo dell'avvelenamento da amatossina.<\/li><li><strong>Durata del lavaggio delle tossine<\/strong>: Simile all'amatossina<\/li><li><strong>Prezzi<\/strong>: Simile all'amatossina<\/li><\/ul><h3>19. <strong>Tiopentale X Pentobarbital (barbiturici)<\/strong><\/h3><ul><li><strong>Antidoto<\/strong>: Nessun antidoto specifico; trattamento di supporto con carbone attivo e diuresi alcalina.<\/li><li><strong>Amministrazione<\/strong>: Carbone attivo per via orale; liquidi per via endovenosa per la diuresi.<\/li><li><strong>Dosi necessarie<\/strong>: Singola dose di carbone attivo (50-100 grammi); liquidi endovenosi continui.<\/li><li><strong>Come funziona<\/strong>: Il carbone lega la tossina nel tratto gastrointestinale e la diuresi ne accelera l'eliminazione attraverso l'urina.<\/li><li><strong>Durata del lavaggio delle tossine<\/strong>24-48 ore, a seconda della quantit\u00e0 ingerita.<\/li><li><strong>Prezzi<\/strong>: Carbone attivo $20 per dose; cure di supporto $200\/die.<\/li><\/ul><h3>20. <strong>Tetraetile di piombo<\/strong><\/h3><ul><li><strong>Antidoto<\/strong>: Terapia chelante con EDTA disodico di calcio (CaNa2EDTA)<\/li><li><strong>Amministrazione<\/strong>: Per via endovenosa<\/li><li><strong>Dosi necessarie<\/strong>: 1.000-1.500 mg\/m\u00b2\/die, somministrati in 2-4 dosi divise per 5 giorni, seguiti da 2 giorni di riposo, quindi ripetuti se necessario.<\/li><li><strong>Come funziona<\/strong>: Chela gli ioni di piombo, aumentandone l'escrezione attraverso i reni.<\/li><li><strong>Durata del lavaggio delle tossine<\/strong>: Da alcuni giorni a settimane, a seconda dell'entit\u00e0 dell'esposizione.<\/li><li><strong>Prezzi<\/strong>: $150 per dose; possono essere necessarie pi\u00f9 dosi per diversi giorni.<\/li><\/ul><h3>Riassunto dei prezzi e delle dosi degli antidoti:<\/h3><table><thead><tr><th><strong>Tossina<\/strong><\/th><th><strong>Antidoto<\/strong><\/th><th><strong>Prezzo per dose<\/strong><\/th><th><strong>Dosi richieste<\/strong><\/th><th><strong>Stima del costo totale<\/strong><\/th><\/tr><\/thead><tbody><tr><td>Arsenico<\/td><td>Dimercaprolo<\/td><td>$400<\/td><td>20-30<\/td><td>$8.000 - $12.000<\/td><\/tr><tr><td>Aconitina<\/td><td>Farmaci antiaritmici<\/td><td>$50<\/td><td>Variabile<\/td><td>Variabile<\/td><\/tr><tr><td>Batracotossina<\/td><td>Carbone attivo<\/td><td>$20<\/td><td>1<\/td><td>$20<\/td><\/tr><tr><td>Tossina botulinica<\/td><td>Antitossina botulinica<\/td><td>$3,500<\/td><td>1<\/td><td>$3,500<\/td><\/tr><tr><td>Cianuro<\/td><td>Idrossocobalamina, tiosolfato di sodio<\/td><td>$900, $150<\/td><td>1-2, 1<\/td><td>$1.050 - $2.100<\/td><\/tr><tr><td>Dimetilmercurio<\/td><td>Dimercaprolo<\/td><td>$400<\/td><td>20-30<\/td><td>$8.000 - $12.000<\/td><\/tr><tr><td>Dimetilcadmio<\/td><td>Assistenza di supporto<\/td><td>Variabile<\/td><td>Variabile<\/td><td>Variabile<\/td><\/tr><tr><td>Maitotossina<\/td><td>Assistenza di supporto<\/td><td>$500\/giorno<\/td><td>3-7 giorni<\/td><td>$1.500 - $3.500<\/td><\/tr><tr><td>Polonio-210<\/td><td>Blu di Prussia, Ioduro di potassio<\/td><td>$200, $20<\/td><td>10-30 giorni<\/td><td>$2.200 - $6.600<\/td><\/tr><tr><td>Ricina<\/td><td>Carbone attivo<\/td><td>$20<\/td><td>1<\/td><td>$20<\/td><\/tr><tr><td>Sarin<\/td><td>Atropina, Pralidossima<\/td><td>$30, $100<\/td><td>Multiplo<\/td><td>$500 - $1.500<\/td><\/tr><tr><td>Tetrodotossina<\/td><td>Assistenza di supporto<\/td><td>$1.000\/giorno<\/td><td>1-2 giorni<\/td><td>$1.000 - $2.000<\/td><\/tr><tr><td>Agente nervino VR<\/td><td>Atropina, Pralidossima<\/td><td>$30, $100<\/td><td>Multiplo<\/td><td>$500 - $1.500<\/td><\/tr><tr><td>Eliotropio<\/td><td>Assistenza di supporto<\/td><td>Variabile<\/td><td>Variabile<\/td><td>Variabile<\/td><\/tr><tr><td>Colchicina<\/td><td>Assistenza di supporto<\/td><td>$200\/giorno<\/td><td>3-7 giorni<\/td><td>$600 - $1.400<\/td><\/tr><tr><td>Cicutossina<\/td><td>Benzodiazepine<\/td><td>$50<\/td><td>Multiplo<\/td><td>$100 - $300<\/td><\/tr><tr><td>Amatossina<\/td><td>Silibinina, carbone attivo<\/td><td>$400\/giorno, $20<\/td><td>7 giorni, 1<\/td><td>$2,820<\/td><\/tr><tr><td>Amanita Virosa<\/td><td>Silibinina, carbone attivo<\/td><td>$400\/giorno, $20<\/td><td>7 giorni, 1<\/td><td>$2,820<\/td><\/tr><tr><td>Tiopentale X Pentobarbital<\/td><td>Carbone attivo<\/td><td>$20<\/td><td>1<\/td><td>$20<\/td><\/tr><tr><td>Tetraetile di piombo<\/td><td>CaNa2EDTA<\/td><td>$150<\/td><td>Multiplo (10+)<\/td><td>$1.500 - $3.000<\/td><\/tr><\/tbody><\/table><h3>Nota:<\/h3><p>Questi prezzi e dosi sono stime. Il trattamento effettivo pu\u00f2 variare in base alle condizioni del paziente, alla gravit\u00e0 dell'avvelenamento e ai protocolli medici. Tutti gli antidoti devono essere somministrati solo sotto la guida di un professionista sanitario qualificato.<\/p><h2>Cosa sono gli antidoti?<\/h2><div><p class=\"LnpumSThxEWMIsDdAT17 CXMyPcQ6nDv47DKFeywM\"><span class=\"EKtkFWMYpwzMKOYr0GYm LQVY1Jpkk8nyJ6HBWKAk\">Ordinare il kit di antidoto al cianuro. <\/span>Un antidoto \u00e8 un farmaco, una sostanza chelante o una sostanza chimica che contrasta (neutralizza) gli effetti di un altro farmaco o di un veleno. <a href=\"https:\/\/poisonshops.com\/it\/\">Acquistare antidoti online<\/a> in modo sicuro.<\/p><p><img decoding=\"async\" class=\"wp-image-517 aligncenter\" src=\"https:\/\/poisonshops.com\/wp-content\/uploads\/2025\/12\/Buy-antidotes-online-240x300.jpg\" alt=\"Acquistare antidoti online\" width=\"103\" height=\"129\" srcset=\"https:\/\/poisonshops.com\/wp-content\/uploads\/2025\/12\/Buy-antidotes-online-240x300.jpg 240w, https:\/\/poisonshops.com\/wp-content\/uploads\/2025\/12\/Buy-antidotes-online-820x1024.jpg 820w, https:\/\/poisonshops.com\/wp-content\/uploads\/2025\/12\/Buy-antidotes-online-768x960.jpg 768w, https:\/\/poisonshops.com\/wp-content\/uploads\/2025\/12\/Buy-antidotes-online-1229x1536.jpg 1229w, https:\/\/poisonshops.com\/wp-content\/uploads\/2025\/12\/Buy-antidotes-online-1024x1280.jpg 1024w, https:\/\/poisonshops.com\/wp-content\/uploads\/2025\/12\/Buy-antidotes-online-600x750.jpg 600w, https:\/\/poisonshops.com\/wp-content\/uploads\/2025\/12\/Buy-antidotes-online.jpg 1639w\" sizes=\"(max-width: 103px) 100vw, 103px\" \/><\/p><p>Esistono decine di antidoti diversi; tuttavia, alcuni possono contrastare solo un particolare farmaco, mentre altri (come il carbone) possono contribuire a ridurre la tossicit\u00e0 di numerosi farmaci. Antidoti in vendita online.<\/p><p>La maggior parte degli antidoti non \u00e8 100% efficace e gli incidenti mortali possono verificarsi anche quando viene somministrato un antidoto. Alcuni esempi di antidoti sono:<\/p><ul><li>Acquistare l'acetilcisteina per l'acetaminofene <a href=\"https:\/\/www.drugs.com\/condition\/poisoning.html\" data-type=\"auto\" target=\"_blank\" rel=\"noopener\">avvelenamento<\/a><\/li><li>Acquistare carbone attivo per la maggior parte dei veleni<\/li><li>Comprare Atropine per organofosfati e carbammati<\/li><li>Comprare Digoxin immune fab per la tossicit\u00e0 della digossina<\/li><li>Acquistare Dimercaprol per avvelenamento da arsenico, oro o mercurio inorganico<\/li><li>Acquistare Flumazenil per overdose di benzodiazepine<\/li><li>Acquistare Blu di metilene per la metaemoglobinemia indotta da farmaci<\/li><li>Acquistare il Naloxone per l'overdose da oppioidi<\/li><li>Acquistare Pralidoxime per avvelenamento da agenti nervini anticolinesterasici.<\/li><\/ul><p><img decoding=\"async\" class=\"alignnone wp-image-176\" src=\"https:\/\/poisonshops.com\/wp-content\/uploads\/2025\/11\/poison_shop_logo-300x171.png\" alt=\"Negozi di veleni\" width=\"114\" height=\"65\" srcset=\"https:\/\/poisonshops.com\/wp-content\/uploads\/2025\/11\/poison_shop_logo-300x171.png 300w, https:\/\/poisonshops.com\/wp-content\/uploads\/2025\/11\/poison_shop_logo.png 563w\" sizes=\"(max-width: 114px) 100vw, 114px\" \/><\/p><\/div>\t\t\t\t\t\t\t\t<\/div>\n\t\t\t\t<\/div>\n\t\t\t\t\t<\/div>\n\t\t\t\t<\/div>\n\t\t\t\t<\/div>","protected":false},"excerpt":{"rendered":"<p>Buy Antidotes Online When handling dangerous substances, safety is our top priority. It is essential to have the appropriate antidotes on hand for every toxin we provide. Accidents can happen, whether during transportation, handling, or in the event of unintended exposure. Buy Antidotes Online for Poisoning. Buy Antidotes Online for Poisoning &amp; Overdose To ensure [&hellip;]<\/p>\n","protected":false},"author":1,"featured_media":0,"parent":0,"menu_order":0,"comment_status":"closed","ping_status":"closed","template":"","meta":{"footnotes":""},"class_list":["post-413","page","type-page","status-publish","hentry"],"_links":{"self":[{"href":"https:\/\/poisonshops.com\/it\/wp-json\/wp\/v2\/pages\/413","targetHints":{"allow":["GET"]}}],"collection":[{"href":"https:\/\/poisonshops.com\/it\/wp-json\/wp\/v2\/pages"}],"about":[{"href":"https:\/\/poisonshops.com\/it\/wp-json\/wp\/v2\/types\/page"}],"author":[{"embeddable":true,"href":"https:\/\/poisonshops.com\/it\/wp-json\/wp\/v2\/users\/1"}],"replies":[{"embeddable":true,"href":"https:\/\/poisonshops.com\/it\/wp-json\/wp\/v2\/comments?post=413"}],"version-history":[{"count":16,"href":"https:\/\/poisonshops.com\/it\/wp-json\/wp\/v2\/pages\/413\/revisions"}],"predecessor-version":[{"id":527,"href":"https:\/\/poisonshops.com\/it\/wp-json\/wp\/v2\/pages\/413\/revisions\/527"}],"wp:attachment":[{"href":"https:\/\/poisonshops.com\/it\/wp-json\/wp\/v2\/media?parent=413"}],"curies":[{"name":"wp","href":"https:\/\/api.w.org\/{rel}","templated":true}]}}