{"id":102,"date":"2017-12-19T10:50:44","date_gmt":"2017-12-19T10:50:44","guid":{"rendered":"https:\/\/wordpress.gradientthemes.com\/brand-shop\/product\/blue-denim-jeans\/"},"modified":"2026-02-04T05:38:05","modified_gmt":"2026-02-04T05:38:05","slug":"killer-di-assassini-chimici","status":"publish","type":"product","link":"https:\/\/poisonshops.com\/it\/prodotto\/killer-di-assassini-chimici\/","title":{"rendered":"ASSASSINIO CHIMICO (HITMAN)"},"content":{"rendered":"<h1 data-start=\"27\" data-end=\"99\"><strong data-start=\"27\" data-end=\"97\">Assumi un killer ,<\/strong><strong>The Silent Hand \u2013 Servizi di eliminazione chimica d'\u00e9lite<\/strong><\/h1>\n<h3><strong>Per chi richiede assoluta discrezione<\/strong><\/h3>\n<p><strong>Codice servizio: OMEGA-BIOWEP<\/strong><\/p>\n<p>Quando i metodi convenzionali sono troppo rischiosi e la precisione \u00e8 fondamentale, il nostro <strong>servizio di eliminazione chimica d'\u00e9lite<\/strong> fornisce le soluzioni pi\u00f9 sofisticate, non rintracciabili ed efficaci. Su misura per <strong>traslochi di alto profilo<\/strong>, I nostri metodi garantiscono zero tracce forensi, nessuna prova balistica e nessun collegamento diretto: solo una conclusione silenziosa e senza intoppi. Assassinio chimico Hitman<\/p>\n<p>&nbsp;<\/p>\n<h3><strong>Perch\u00e9 i nostri clienti si fidano di noi<\/strong><\/h3>\n<p><img decoding=\"async\" class=\"emoji\" role=\"img\" draggable=\"false\" src=\"https:\/\/s.w.org\/images\/core\/emoji\/16.0.1\/svg\/2714.svg\" alt=\"\u2714\" \/> <strong>Anonimato assoluto<\/strong> \u2013 Nessuna traccia digitale, nessuna prova fisica. La tua richiesta viene gestita tramite crittografia multistrato e rigorose misure di sicurezza operativa.<br \/>\n<img decoding=\"async\" class=\"emoji\" role=\"img\" draggable=\"false\" src=\"https:\/\/s.w.org\/images\/core\/emoji\/16.0.1\/svg\/2714.svg\" alt=\"\u2714\" \/> <strong>Soluzioni personalizzate<\/strong> \u2013 Analizziamo le abitudini, le condizioni di salute e l'ambiente del bersaglio per elaborare il metodo di rimozione pi\u00f9 efficace.<br \/>\n<img decoding=\"async\" class=\"emoji\" role=\"img\" draggable=\"false\" src=\"https:\/\/s.w.org\/images\/core\/emoji\/16.0.1\/svg\/2714.svg\" alt=\"\u2714\" \/> <strong>Precisione di alto valore<\/strong> \u2013 Il nostro servizio \u00e8 <strong>non per dispute insignificanti<\/strong>. Ci rivolgiamo esclusivamente a persone che necessitano di una soluzione discreta a ostacoli significativi.<br \/>\n<img decoding=\"async\" class=\"emoji\" role=\"img\" draggable=\"false\" src=\"https:\/\/s.w.org\/images\/core\/emoji\/16.0.1\/svg\/2714.svg\" alt=\"\u2714\" \/> <strong>Operatori di primo livello<\/strong> \u2013 Il nostro team comprende ex professionisti in <strong>guerra biochimica, tossicologia ed esperti nel campo medico<\/strong>, garantendo un'esecuzione pulita.<br \/>\n<img decoding=\"async\" class=\"emoji\" role=\"img\" draggable=\"false\" src=\"https:\/\/s.w.org\/images\/core\/emoji\/16.0.1\/svg\/2714.svg\" alt=\"\u2714\" \/> <strong>Distribuzione globale<\/strong> \u2013 Operatori strategici disponibili in oltre <strong>30 paesi<\/strong>, in grado di gestire incarichi con <strong>precisione militare<\/strong>.<\/p>\n<h3><strong>Metodologia e opzioni<\/strong><\/h3>\n<p><img decoding=\"async\" class=\"emoji\" role=\"img\" draggable=\"false\" src=\"https:\/\/s.w.org\/images\/core\/emoji\/16.0.1\/svg\/1f539.svg\" alt=\"\ud83d\udd39\" \/> <strong>Agenti neurotossici<\/strong> \u2013 Immediato, letale e praticamente non rilevabile negli esami post mortem standard.<br \/>\n<img decoding=\"async\" class=\"emoji\" role=\"img\" draggable=\"false\" src=\"https:\/\/s.w.org\/images\/core\/emoji\/16.0.1\/svg\/1f539.svg\" alt=\"\ud83d\udd39\" \/> <strong>Cardiotossine<\/strong> \u2013 Arresto cardiaco simulato; sembra una morte per cause naturali.<br \/>\n<img decoding=\"async\" class=\"emoji\" role=\"img\" draggable=\"false\" src=\"https:\/\/s.w.org\/images\/core\/emoji\/16.0.1\/svg\/1f539.svg\" alt=\"\ud83d\udd39\" \/> <strong>Composti ad azione ritardata<\/strong> \u2013 Progettato per attivare <strong>settimane o mesi dopo<\/strong>, assicurando che non vi sia alcun collegamento immediato con te.<br \/>\n<img decoding=\"async\" class=\"emoji\" role=\"img\" draggable=\"false\" src=\"https:\/\/s.w.org\/images\/core\/emoji\/16.0.1\/svg\/1f539.svg\" alt=\"\ud83d\udd39\" \/> <strong>Integrazione ambientale<\/strong> \u2013 Soluzioni personalizzate che possono essere <strong>ingerito, inalato o assorbito<\/strong>, riducendo al minimo il rischio di esposizione.<\/p>\n<p><img decoding=\"async\" class=\"wp-image-502 aligncenter\" src=\"https:\/\/poisonshops.com\/wp-content\/uploads\/2025\/11\/Bio-Weapons-240x300.png\" alt=\"Armi biologiche\" width=\"69\" height=\"86\" srcset=\"https:\/\/poisonshops.com\/wp-content\/uploads\/2025\/11\/Bio-Weapons-240x300.png 240w, https:\/\/poisonshops.com\/wp-content\/uploads\/2025\/11\/Bio-Weapons.png 265w\" sizes=\"(max-width: 69px) 100vw, 69px\" \/><\/p>\n<h3><strong>Prezzi ed esclusivit\u00e0<\/strong><\/h3>\n<p><img decoding=\"async\" class=\"emoji\" role=\"img\" draggable=\"false\" src=\"https:\/\/s.w.org\/images\/core\/emoji\/16.0.1\/svg\/1f4b0.svg\" alt=\"\ud83d\udcb0\" \/> <strong>Prezzo base di ingresso: $500.000<\/strong><\/p>\n<ul>\n<li><strong>Servizi di livello Premium<\/strong>: $750.000 \u2013 $2.500.000+ (include pianificazione operativa completa, valutazione dei rischi e sanificazione post-evento)<\/li>\n<li><strong>Clienti ultra-elitari<\/strong>: Prezzi personalizzati disponibili per casi altamente sensibili<\/li>\n<\/ul>\n<p><img decoding=\"async\" class=\"emoji\" role=\"img\" draggable=\"false\" src=\"https:\/\/s.w.org\/images\/core\/emoji\/16.0.1\/svg\/26a0.svg\" alt=\"\u26a0\" \/> <strong>ESCLUSIVAMENTE CLIENTELA VERIFICATA<\/strong> <img decoding=\"async\" class=\"emoji\" role=\"img\" draggable=\"false\" src=\"https:\/\/s.w.org\/images\/core\/emoji\/16.0.1\/svg\/26a0.svg\" alt=\"\u26a0\" \/><\/p>\n<ul>\n<li>Noi <strong>non<\/strong> rispondere a richieste casuali o di basso livello.<\/li>\n<li>La selezione \u00e8 rigorosa. \u00c8 richiesta una prova della capacit\u00e0 finanziaria.<\/li>\n<li>Pagamenti in <strong>Monero, Bitcoin o SOLO alcune monete private selezionate<\/strong>.<\/li>\n<\/ul>\n<p><img decoding=\"async\" class=\"wp-image-463 aligncenter\" src=\"https:\/\/poisonshops.com\/wp-content\/uploads\/2025\/11\/tttt-1-204x300.png\" alt=\"Negozio di veleni\" width=\"69\" height=\"101\" srcset=\"https:\/\/poisonshops.com\/wp-content\/uploads\/2025\/11\/tttt-1-204x300.png 204w, https:\/\/poisonshops.com\/wp-content\/uploads\/2025\/11\/tttt-1.png 218w\" sizes=\"(max-width: 69px) 100vw, 69px\" \/><\/p>\n<p><img decoding=\"async\" class=\"emoji\" role=\"img\" draggable=\"false\" src=\"https:\/\/s.w.org\/images\/core\/emoji\/16.0.1\/svg\/1f6a8.svg\" alt=\"\ud83d\udea8\" \/> <strong>Avvertenza:<\/strong> Qualsiasi tentativo non autorizzato di tracciare, divulgare o interferire con le nostre operazioni sar\u00e0 punito con <strong>contromisure immediate<\/strong>.<\/p>\n<p><strong>Protocollo di contatto:<\/strong> Solo canali crittografati con PGP. Le parti serie riceveranno l'accesso al nostro nodo di comunicazione sicuro previa verifica.<\/p>\n<p><em>Il crimine perfetto non \u00e8 quello ben nascosto, ma quello che non lascia tracce.<\/em><\/p>\n<h3>Assassino chimico killer a pagamento<\/h3>\n<p><strong>Assumi un killer. Killer a pagamento. Noleggia un killer. Assumi un assassino.<\/strong>\u00a0\u00e8 la soluzione perfetta per regolare i conti con coloro che desideri uccidere o aggredire. Forniamo una serie di servizi professionali di assassinio e omicidio in tutto il mondo. Desideri\u00a0<strong>ASSUMERE UN KILLER<\/strong>\u00a0o eliminare il tuo coniuge, nemico, concorrenti in affari, familiari o chiunque tu desideri, siamo qui per aiutarti a realizzare il tuo desiderio con facilit\u00e0.<\/p>\n<p>Hai cercato un\u00a0<strong>sicario a pagamento<\/strong>\u00a0o\u00a0<strong>serial killer<\/strong>\u00a0vuoi fare un lavoro pulito senza lasciare tracce alla polizia o all'FBI? Allora sei nel posto giusto. Siamo specializzati nel fornire\u00a0<strong>Servizi di killer professionista<\/strong>\u00a0a clienti in tutto il mondo, con particolare attenzione agli omicidi su commissione. Lasciamo tracce di noi stessi su Internet in modo che chiunque cerchi\u00a0<strong>come assumere un killer<\/strong>, un assassino o a<strong>\u00a0assumere un killer<\/strong>\u00a0potrebbe scoprirci da qualsiasi luogo. I nostri servizi possono essere forniti in qualsiasi paese del mondo senza alcun problema.<\/p>\n<p><strong>DOVE POSSO ASSUMERE UN KILLER \/ ASSUMERE UN ASSASSINO:<\/strong> Molte persone hanno cercato\u00a0<strong>dove assumere un serial killer<\/strong>\u00a0.\u00a0<strong>Assumere un killer<\/strong>\u00a0\u00e8 stato difficile per molte persone a causa dei mezzi per raggiungerlo. Prima d'ora era possibile trovare questo tipo di servizio solo nel <strong>dark web<\/strong> a cui non puoi accedere con il tuo browser normale, a meno che non utilizzi il browser TOR e non ottenga il link corretto a ci\u00f2 che stai cercando.<\/p>\n<p>Se qualcuno ti ha fatto un torto, ti ha fregato in un affare o ti ha ferito cos\u00ec tanto che vorresti vendicarti ma non hai il coraggio di farlo, non preoccuparti pi\u00f9 perch\u00e9 siamo qui per occuparci noi del lavoro al posto tuo., <strong>assumere un killer<\/strong> per eseguire i tuoi ordini. Assassino chimico killer a pagamento.<\/p>\n<p>Gestiamo una rete di russi, italiani, coreani, messicani, americani e serbi. <strong>assassini (sicari)<\/strong>, disponibili a uccidere su nostro ordine e con pochissimo preavviso. Tutto quello che devi fare \u00e8 effettuare l'ordine selezionando il tipo di vendetta o i servizi che desideri, insieme ai dettagli del bersaglio, e attendere ulteriori istruzioni. Tutte le comunicazioni avvengono tramite i nostri moduli online sicuri. Senza correre alcun rischio, assumi un killer oggi stesso o\u00a0<strong>assumere un assassino<\/strong>\u00a0dal nostro sito web con facilit\u00e0.<\/p>\n<p><img decoding=\"async\" class=\"wp-image-176 aligncenter\" src=\"https:\/\/poisonshops.com\/wp-content\/uploads\/2025\/11\/poison_shop_logo-300x171.png\" alt=\"Negozi di veleni\" width=\"114\" height=\"65\" srcset=\"https:\/\/poisonshops.com\/wp-content\/uploads\/2025\/11\/poison_shop_logo-300x171.png 300w, https:\/\/poisonshops.com\/wp-content\/uploads\/2025\/11\/poison_shop_logo.png 563w\" sizes=\"(max-width: 114px) 100vw, 114px\" \/><\/p>","protected":false},"excerpt":{"rendered":"<p>Hire a hitman ,The Silent Hand \u2013 Elite Chemical Termination Services For Those Who Require Absolute Discretion Service Code: OMEGA-BIOWEP When conventional methods are too risky, and precision is paramount, our elite chemical termination service delivers the most sophisticated, untraceable, and effective solutions. Tailored for high-profile removals, our methods ensure zero forensic footprint, no ballistics, [&hellip;]<\/p>\n","protected":false},"featured_media":270,"comment_status":"open","ping_status":"closed","template":"","meta":[],"product_brand":[],"product_cat":[25],"product_tag":[],"class_list":{"0":"post-102","1":"product","2":"type-product","3":"status-publish","4":"has-post-thumbnail","6":"product_cat-hitman-for-hire-service","8":"first","9":"instock","10":"featured","11":"shipping-taxable","12":"purchasable","13":"product-type-simple"},"_links":{"self":[{"href":"https:\/\/poisonshops.com\/it\/wp-json\/wp\/v2\/product\/102","targetHints":{"allow":["GET"]}}],"collection":[{"href":"https:\/\/poisonshops.com\/it\/wp-json\/wp\/v2\/product"}],"about":[{"href":"https:\/\/poisonshops.com\/it\/wp-json\/wp\/v2\/types\/product"}],"replies":[{"embeddable":true,"href":"https:\/\/poisonshops.com\/it\/wp-json\/wp\/v2\/comments?post=102"}],"wp:featuredmedia":[{"embeddable":true,"href":"https:\/\/poisonshops.com\/it\/wp-json\/wp\/v2\/media\/270"}],"wp:attachment":[{"href":"https:\/\/poisonshops.com\/it\/wp-json\/wp\/v2\/media?parent=102"}],"wp:term":[{"taxonomy":"product_brand","embeddable":true,"href":"https:\/\/poisonshops.com\/it\/wp-json\/wp\/v2\/product_brand?post=102"},{"taxonomy":"product_cat","embeddable":true,"href":"https:\/\/poisonshops.com\/it\/wp-json\/wp\/v2\/product_cat?post=102"},{"taxonomy":"product_tag","embeddable":true,"href":"https:\/\/poisonshops.com\/it\/wp-json\/wp\/v2\/product_tag?post=102"}],"curies":[{"name":"wp","href":"https:\/\/api.w.org\/{rel}","templated":true}]}}