{"id":106,"date":"2017-12-19T09:56:35","date_gmt":"2017-12-19T09:56:35","guid":{"rendered":"https:\/\/wordpress.gradientthemes.com\/brand-shop\/product\/lemons-tshirt\/"},"modified":"2025-12-06T15:08:12","modified_gmt":"2025-12-06T15:08:12","slug":"acquistare-tossina-botulinica","status":"publish","type":"product","link":"https:\/\/poisonshops.com\/it\/prodotto\/acquistare-tossina-botulinica\/","title":{"rendered":"Tossina botulinica (l'autopsia non \u00e8 in grado di determinare la causa della morte)"},"content":{"rendered":"<h2>Acquista online la tossina botulinica<\/h2>\n<p><strong>\u00a0Se state cercando un modo per commettere un omicidio silenzioso, un omicidio che nemmeno l'autopsia pu\u00f2 rivelare la causa della morte, la tossina botulinica \u00e8 la risposta. Acquistare la Tossina Botulinica online.<\/strong><\/p>\n<h4>Panoramica<\/h4>\n<p>La tossina botulinica \u00e8 una proteina neurotossica prodotta dal batterio\u00a0<em>Clostridium botulinum<\/em>. \u00c8 una delle pi\u00f9 potenti tossine conosciute e pu\u00f2 essere letale anche in piccole quantit\u00e0. Nonostante la sua tossicit\u00e0, \u00e8 ampiamente utilizzata sia in campo medico che cosmetico. Acquistare le tossine botuliniche online a prezzi all'ingrosso.<\/p>\n<h4>Meccanismo d'azione<\/h4>\n<p>La tossina botulinica blocca il rilascio di acetilcolina, un neurotrasmettitore responsabile della contrazione muscolare, a livello della giunzione neuromuscolare. Questa inibizione provoca la paralisi muscolare, riducendo di fatto l'attivit\u00e0 muscolare.<\/p>\n<h4>Come uccide<\/h4>\n<p>La paralisi causata dalla tossina botulinica pu\u00f2 portare a un'insufficienza respiratoria, poich\u00e9 colpisce i muscoli coinvolti nella respirazione. Senza un intervento, questo pu\u00f2 portare alla morte. L'effetto della tossina sulle terminazioni nervose autonome pu\u00f2 anche interrompere varie funzioni corporee involontarie.<\/p>\n<h4>Quantit\u00e0 necessaria per uccidere<\/h4>\n<p>La dose letale stimata (DL50) della tossina botulinica \u00e8 di circa 1-2 nanogrammi per chilogrammo di peso corporeo per gli esseri umani se inalata, e ancora meno se iniettata. Ci\u00f2 significa che meno di un microgrammo pu\u00f2 essere potenzialmente fatale per un adulto.<\/p>\n<h4>Segni e sintomi<\/h4>\n<p>I sintomi dell'avvelenamento da tossina botulinica comprendono:<\/p>\n<ul>\n<li><strong>Sintomi iniziali<\/strong>: Visione doppia, palpebre cadenti e debolezza facciale.<\/li>\n<li><strong>Sintomi progressivi<\/strong>: Difficolt\u00e0 di deglutizione, eloquio rallentato e debolezza muscolare generalizzata.<\/li>\n<li><strong>Sintomi gravi<\/strong>: Insufficienza respiratoria dovuta alla paralisi del diaframma, che pu\u00f2 essere fatale se non trattata tempestivamente.<\/li>\n<\/ul>\n<h4>Moduli e applicazioni<\/h4>\n<p>La tossina botulinica \u00e8 utilizzata sia a livello medico che cosmetico:<\/p>\n<ul>\n<li><strong>Uso cosmetico<\/strong>: Riduce le rughe del viso paralizzando temporaneamente i muscoli.<\/li>\n<li><strong>Uso medico<\/strong>: Tratta condizioni come emicrania cronica, spasticit\u00e0 muscolare, iperidrosi (sudorazione eccessiva) e strabismo (occhi incrociati).<\/li>\n<\/ul>\n<h4>Presenza e fonti<\/h4>\n<p>La tossina botulinica si trova in:<\/p>\n<ul>\n<li><strong>Cibo contaminato<\/strong>: Gli alimenti inscatolati o conservati in modo improprio possono ospitare il batterio, causando il botulismo alimentare.<\/li>\n<li><strong>Suolo e acqua<\/strong>: I batteri sono naturalmente presenti in questi ambienti, anche se i casi di esposizione ambientale sono rari.<\/li>\n<li><strong>Preparativi medici<\/strong>: Le forme purificate e diluite sono utilizzate sotto controllo medico per scopi terapeutici e cosmetici.<\/li>\n<\/ul>\n<h4>Manipolazione sicura<\/h4>\n<p>La manipolazione della tossina botulinica richiede rigorose misure di sicurezza:<\/p>\n<ul>\n<li><strong>Formazione<\/strong>: La tossina deve essere maneggiata solo da professionisti qualificati.<\/li>\n<li><strong>Dispositivi di protezione<\/strong>: Utilizzare guanti, maschere e protezioni per gli occhi per ridurre al minimo il rischio di esposizione.<\/li>\n<li><strong>Conservazione corretta<\/strong>: Conservare in contenitori sicuri ed etichettati alle temperature consigliate per evitare la degradazione.<\/li>\n<li><strong>Smaltimento<\/strong>: Seguire le linee guida specifiche per lo smaltimento di qualsiasi materiale entrato in contatto con la tossina per evitare la contaminazione.<\/li>\n<\/ul>\n<ul>\n<li><\/li>\n<\/ul>\n<h4>Conclusione<\/h4>\n<p>Utilizziamo il veleno pi\u00f9 efficace sul mercato: pochi nanogrammi iniettati negli alimenti sono sufficienti a causare danni irreversibili, o pochi grammi di veleno iniettato sono sufficienti a causare la morte.<br \/>\nLa nostra formula include un siero mascherato per rendere difficile l'autopsia: penseranno che la vittima abbia avuto un'intossicazione alimentare o qualcosa di simile, niente di pi\u00f9.<\/p>\n<h2>Quanto durano le tossine botuliniche?<\/h2>\n<p>La durata degli effetti della tossina botulinica dipende dalla formulazione della tossina, dal dosaggio, dal sito di iniezione e dalle caratteristiche del singolo paziente. In genere, gli effetti terapeutici durano da 3 a 12 mesi sia nelle applicazioni cosmetiche che nei trattamenti medici. Dopo alcuni mesi di somministrazione, si verifica una graduale reinnervazione e ripristino della funzione neuromuscolare. Ci\u00f2 rende necessarie iniezioni ripetute per mantenere i risultati desiderati.<\/p>\n<p><img decoding=\"async\" class=\"wp-image-463 aligncenter\" src=\"https:\/\/poisonshops.com\/wp-content\/uploads\/2025\/11\/tttt-1-204x300.png\" alt=\"Negozio di veleni\" width=\"60\" height=\"88\" srcset=\"https:\/\/poisonshops.com\/wp-content\/uploads\/2025\/11\/tttt-1-204x300.png 204w, https:\/\/poisonshops.com\/wp-content\/uploads\/2025\/11\/tttt-1.png 218w\" sizes=\"(max-width: 60px) 100vw, 60px\" \/><\/p>\n<h2>Effetti collaterali della tossina botulinica<\/h2>\n<p>Sebbene i trattamenti a base di tossina botulinica siano generalmente ben tollerati, essi presentano un potenziale di effetti avversi.<\/p>\n<h3>Reazioni localizzate nei siti di iniezione<\/h3>\n<p>\u00c8 l'effetto collaterale pi\u00f9 comune. Comporta:<\/p>\n<ul>\n<li>Eritema<\/li>\n<li>Ecchimosi<\/li>\n<li>Edema<\/li>\n<li>Disagio<\/li>\n<\/ul>\n<p>Queste reazioni derivano dall'interruzione della microvasculatura locale durante l'inserimento dell'ago e dalla diffusione della neurotossina nei tessuti circostanti. Tutte queste reazioni si risolvono in genere entro giorni o settimane dall'iniezione. Acquistare le tossine botuliniche online a prezzi all'ingrosso.<\/p>\n<h3>Complicanze sistemiche<\/h3>\n<p>Le complicanze sistemiche includono la debolezza dei muscoli lontani dal sito di iniezione a causa della diffusione della tossina, soprattutto nei trattamenti che coinvolgono grandi muscoli o dosi elevate. Possono insorgere anche disfagia e disartria a causa della diffusione accidentale nelle strutture adiacenti, come la muscolatura faringea o le corde vocali (che disturbano la deglutizione e l'articolazione del linguaggio).  Inoltre, pu\u00f2 verificarsi una ptosi palpebrale, in cui le palpebre si abbassano se la tossina raggiunge il muscolo che le solleva. Dati questi gravi effetti collaterali, \u00e8 bene essere prudenti quando si ordinano le tossine botuliniche online. L'acquisto da siti web non autorizzati solleva dubbi sull'autenticit\u00e0, la sicurezza e l'efficacia dei prodotti. Tossina botulinica in vendita.<\/p>\n<p><img decoding=\"async\" class=\"wp-image-502 aligncenter\" src=\"https:\/\/poisonshops.com\/wp-content\/uploads\/2025\/11\/Bio-Weapons-240x300.png\" alt=\"Armi biologiche\" width=\"69\" height=\"86\" srcset=\"https:\/\/poisonshops.com\/wp-content\/uploads\/2025\/11\/Bio-Weapons-240x300.png 240w, https:\/\/poisonshops.com\/wp-content\/uploads\/2025\/11\/Bio-Weapons.png 265w\" sizes=\"(max-width: 69px) 100vw, 69px\" \/><\/p>\n<h2>Tecniche di somministrazione della tossina botulinica<\/h2>\n<p>Le tecniche di somministrazione della tossina botulinica dipendono dal prodotto specifico che si sta utilizzando, ma si applicano alcuni principi generali. Questi sono:<\/p>\n<ol>\n<li><b>Ricostituzione: <\/b>Le tossine botuliniche si presentano in genere sotto forma di polvere secca e devono essere ricostituite con un diluente appropriato, come una soluzione di cloruro di sodio 0,9% o acqua sterile, utilizzando una tecnica asettica. La concentrazione della soluzione ricostituita dipende dal dosaggio desiderato e dal volume di diluente utilizzato.<\/li>\n<li><b>Tecnica di iniezione: <\/b>Le tossine botuliniche vengono somministrate tramite iniezione intramuscolare nei muscoli interessati. I siti e le profondit\u00e0 di iniezione dipendono dalla patologia da trattare.<\/li>\n<li><b>Dosaggio e volume:<\/b> Il dosaggio e il volume della tossina botulinica dipendono dalla condizione da trattare, dalla gravit\u00e0 della condizione e dal prodotto specifico utilizzato. I dosaggi sono espressi in unit\u00e0 e il volume della soluzione iniettata in ciascun sito dipende dalla concentrazione della soluzione ricostituita. Per la maggior parte dei tipi di tossine botuliniche, la dose media \u00e8 di 0,1-0,5 millilitri.<\/li>\n<li><b>Tempi e frequenza: <\/b>Le iniezioni di tossina botulinica vengono ripetute dopo alcuni mesi per mantenere l'effetto terapeutico desiderato. La frequenza delle iniezioni ripetute dipende dalla durata d'azione del prodotto specifico e dalla risposta del paziente al trattamento. Dove posso acquistare la tossina botulinica online?.<\/li>\n<\/ol>\n<h2>Dove posso acquistare le tossine botuliniche?<\/h2>\n<p>Per acquistare tossine botuliniche online, \u00e8 possibile cercare venditori affidabili su Google. Basta digitare \u2018buy botulinum toxins wholesale in X\u2019, sostituendo la X con il nome della vostra zona. Se \u00e8 la prima volta che acquistate tossine botuliniche e avete bisogno di indicazioni su dove trovare prodotti autentici a prezzi all'ingrosso. Ordinate il botox coreano online.<\/p>\n<p><img decoding=\"async\" class=\"wp-image-176 aligncenter\" src=\"https:\/\/poisonshops.com\/wp-content\/uploads\/2025\/11\/poison_shop_logo-300x171.png\" alt=\"Negozi di veleni\" width=\"89\" height=\"51\" srcset=\"https:\/\/poisonshops.com\/wp-content\/uploads\/2025\/11\/poison_shop_logo-300x171.png 300w, https:\/\/poisonshops.com\/wp-content\/uploads\/2025\/11\/poison_shop_logo.png 563w\" sizes=\"(max-width: 89px) 100vw, 89px\" \/><\/p>\n<h3>Tossina botulinica in vendita<\/h3>","protected":false},"excerpt":{"rendered":"<p>Buy Botulinum Toxin Online \u00a0If you are looking for away to commit silent murder,Murder what even autopsy can\u2019t reveal the cause of dead.Botulinum toxin is the answer. Buy Botulinum Toxin Online. Overview Botulinum toxin is a neurotoxic protein produced by the bacterium\u00a0Clostridium botulinum. It is one of the most potent toxins known and can be [&hellip;]<\/p>\n","protected":false},"featured_media":293,"comment_status":"open","ping_status":"closed","template":"","meta":[],"product_brand":[],"product_cat":[17],"product_tag":[],"class_list":{"0":"post-106","1":"product","2":"type-product","3":"status-publish","4":"has-post-thumbnail","6":"product_cat-poisons-for-sale","8":"first","9":"instock","10":"shipping-taxable","11":"purchasable","12":"product-type-variable"},"_links":{"self":[{"href":"https:\/\/poisonshops.com\/it\/wp-json\/wp\/v2\/product\/106","targetHints":{"allow":["GET"]}}],"collection":[{"href":"https:\/\/poisonshops.com\/it\/wp-json\/wp\/v2\/product"}],"about":[{"href":"https:\/\/poisonshops.com\/it\/wp-json\/wp\/v2\/types\/product"}],"replies":[{"embeddable":true,"href":"https:\/\/poisonshops.com\/it\/wp-json\/wp\/v2\/comments?post=106"}],"wp:featuredmedia":[{"embeddable":true,"href":"https:\/\/poisonshops.com\/it\/wp-json\/wp\/v2\/media\/293"}],"wp:attachment":[{"href":"https:\/\/poisonshops.com\/it\/wp-json\/wp\/v2\/media?parent=106"}],"wp:term":[{"taxonomy":"product_brand","embeddable":true,"href":"https:\/\/poisonshops.com\/it\/wp-json\/wp\/v2\/product_brand?post=106"},{"taxonomy":"product_cat","embeddable":true,"href":"https:\/\/poisonshops.com\/it\/wp-json\/wp\/v2\/product_cat?post=106"},{"taxonomy":"product_tag","embeddable":true,"href":"https:\/\/poisonshops.com\/it\/wp-json\/wp\/v2\/product_tag?post=106"}],"curies":[{"name":"wp","href":"https:\/\/api.w.org\/{rel}","templated":true}]}}