{"id":107,"date":"2017-12-19T09:56:32","date_gmt":"2017-12-19T09:56:32","guid":{"rendered":"https:\/\/wordpress.gradientthemes.com\/brand-shop\/product\/gray-pattern-tshirt\/"},"modified":"2025-12-08T07:20:17","modified_gmt":"2025-12-08T07:20:17","slug":"comprare-eliotropio","status":"publish","type":"product","link":"https:\/\/poisonshops.com\/it\/prodotto\/comprare-eliotropio\/","title":{"rendered":"Acquista Eliotropio"},"content":{"rendered":"<h2>Eliotropio Veleno potente e silenzioso<\/h2>\n<p>Oggi \u00e8 pi\u00f9 diffuso l'uso di metodi pi\u00f9 silenziosi e segreti per l'assassinio. Acquistare Heliotrope online.<\/p>\n<p>Diversi veleni lenti vengono in soccorso. Non c'\u00e8 pi\u00f9 nulla di nuovo in questo mondo, e i veleni venivano usati anche nei paesi civilizzati: nell'antico Egitto, in Europa nel Medioevo.<\/p>\n<p>Oggi, grazie ai moderni metodi di accertamento delle cause di morte, \u00e8 diventato incredibilmente difficile avvelenare una persona, soprattutto se muore all'improvviso, la gente sospetta immediatamente un avvelenamento.<\/p>\n<p>Pertanto, l'uso di veleni chimici come il cianuro, il metilmercurio e l'arsenico non \u00e8 sicuro dal punto di vista legale. Essi rimangono nel corpo dopo la morte e i segni esterni sono molto evidenti per gli esperti forensi.<\/p>\n<p>Creiamo veleni organici a lungo termine accuratamente selezionati e sintetizzati con una veste di siero per alcuni di essi. Perch\u00e9 inventare qualcosa se la natura l'ha gi\u00e0 fatto per voi?<\/p>\n<p>\u00c8 molto facile avvelenare le persone, si sente spesso nei notiziari locali della morte di una nonna per avvelenamento a causa della carne di bassa qualit\u00e0 del mercato, e la nonna viveva da sola in un appartamento con due camere da letto...<\/p>\n<p><strong>Eliotropio<\/strong>\u00a0L'estratto contiene elitrina e lisiocarpina che, accumulandosi nelle cellule epatiche, ne causano la morte e la sostituzione con tessuto adiposo - cirrosi epatica. Il processo dura dalle 3 alle 5 settimane, senza sintomi e segni evidenti di avvelenamento! Si tratta solo di una morte lenta, in seguito si manifestano i segni della cirrosi quando diventa troppo tardi per i medici portare il \u201cpaziente\u201d a fare esami e trattamenti senza senso, ma solo un trapianto di fegato pu\u00f2 aiutare, se fatto in tempo.<\/p>\n<p><img decoding=\"async\" class=\"wp-image-463 aligncenter\" src=\"https:\/\/poisonshops.com\/wp-content\/uploads\/2025\/11\/tttt-1-204x300.png\" alt=\"Negozio di veleni\" width=\"56\" height=\"82\" srcset=\"https:\/\/poisonshops.com\/wp-content\/uploads\/2025\/11\/tttt-1-204x300.png 204w, https:\/\/poisonshops.com\/wp-content\/uploads\/2025\/11\/tttt-1.png 218w\" sizes=\"(max-width: 56px) 100vw, 56px\" \/><\/p>\n<h5>Questo \u00e8 un veleno d'\u00e9lite e costoso per eliminare persone importanti, quindi ne vale la pena, il prezzo per 20g (3 dosi, saranno confezionate) versione con siero mascherante, veleno che non sar\u00e0 trovato in un'autopsia.<\/h5>\n<h3>Acquistare il veleno Heliotrope online<\/h3>\n<p>Comprare Heliotrope, comprare veleno Heliotrope, il posto migliore per comprare veleni, veleni pi\u00f9 potenti, veleni non rilevati all'autopsia, comprare veleni con cripto, il posto migliore per comprare veleni,<\/p>\n<div class=\"elementor-element elementor-element-44bc7b6 elementor-widget elementor-widget-hfe-infocard\" data-id=\"44bc7b6\" data-element_type=\"widget\" data-widget_type=\"hfe-infocard.default\">\n<div class=\"elementor-widget-container\">\n<div class=\"hfe-infocard\">\n<div class=\"hfe-infocard-title-wrap\">\n<h3 class=\"hfe-infocard-title elementor-inline-editing\" data-elementor-setting-key=\"infocard_title\" data-elementor-inline-editing-toolbar=\"basic\">Dove posso acquistare il veleno<\/h3>\n<\/div>\n<div class=\"hfe-infocard-text-wrap\">\n<div class=\"hfe-infocard-text elementor-inline-editing\" data-elementor-setting-key=\"infocard_description\" data-elementor-inline-editing-toolbar=\"advanced\">Benvenuti a Poison Shops, la vostra fonte principale di agenti biochimici e tossine di alta qualit\u00e0, specializzati nei prodotti pi\u00f9 tossici al mondo. Operando dalle nostre strutture in Germania, Svizzera e Francia, ci impegniamo a fornire ai nostri clienti prodotti e servizi di alto livello. La nostra attenzione alla sicurezza, alla protezione e alla soddisfazione del cliente ci contraddistingue nel settore.<\/div>\n<\/div>\n<\/div>\n<\/div>\n<\/div>\n<div data-elementor-setting-key=\"infocard_description\" data-elementor-inline-editing-toolbar=\"advanced\"><\/div>\n<div data-elementor-setting-key=\"infocard_description\" data-elementor-inline-editing-toolbar=\"advanced\"><img decoding=\"async\" class=\"wp-image-502 aligncenter\" src=\"https:\/\/poisonshops.com\/wp-content\/uploads\/2025\/11\/Bio-Weapons-240x300.png\" alt=\"Armi biologiche\" width=\"67\" height=\"84\" srcset=\"https:\/\/poisonshops.com\/wp-content\/uploads\/2025\/11\/Bio-Weapons-240x300.png 240w, https:\/\/poisonshops.com\/wp-content\/uploads\/2025\/11\/Bio-Weapons.png 265w\" sizes=\"(max-width: 67px) 100vw, 67px\" \/><\/div>\n<div class=\"elementor-element elementor-element-44bc7b6 elementor-widget elementor-widget-hfe-infocard\" data-id=\"44bc7b6\" data-element_type=\"widget\" data-widget_type=\"hfe-infocard.default\">\n<div class=\"elementor-widget-container\">\n<div class=\"hfe-infocard\">\n<div class=\"hfe-infocard-text-wrap\">\n<div data-elementor-setting-key=\"infocard_description\" data-elementor-inline-editing-toolbar=\"advanced\">\n<div class=\"elementor-element elementor-element-fcc7a1f elementor-widget elementor-widget-image-box\" data-id=\"fcc7a1f\" data-element_type=\"widget\" data-widget_type=\"image-box.default\">\n<div class=\"elementor-widget-container\">\n<div class=\"elementor-image-box-wrapper\">\n<div class=\"elementor-image-box-content\">\n<h2 class=\"elementor-image-box-title\">Prodotti chimici per la ricerca in vendita<\/h2>\n<p class=\"elementor-image-box-description\">Poison Shops garantisce una rigorosa conformit\u00e0 alle normative internazionali, dando priorit\u00e0 all'imballaggio, alla movimentazione, alla spedizione e alla distribuzione responsabile di materiali pericolosi. Il nostro team \u00e8 ben addestrato e dotato di dispositivi di protezione individuale (DPI) avanzati, e tutte le spedizioni includono schede di sicurezza (SDS) complete per la vostra garanzia e sicurezza. La nostra gamma comprende veleno arsenico, aconitina, batracotossina, tossina botulinica, cianuro, dimetilmercurio, maitotossina, polonio-210, ricina, sarin, tetrodotossina, suicidio Nembutal e agente nervino VR.<\/p>\n<div class=\"elementor-element elementor-element-1cf2f8a elementor-widget elementor-widget-image-box\" data-id=\"1cf2f8a\" data-element_type=\"widget\" data-widget_type=\"image-box.default\">\n<div class=\"elementor-widget-container\">\n<div class=\"elementor-image-box-wrapper\">\n<div class=\"elementor-image-box-content\">\n<h2 class=\"elementor-image-box-title\">La migliore ricerca chimica<\/h2>\n<p class=\"elementor-image-box-description\">Sia che vogliate i nostri veleni\/tossine per scopi di ricerca, per uccidere per piet\u00e0 (eutanasia) o che stiate gestendo un laboratorio di ricerca sulle armi biologiche o che abbiate intenzione di effettuare pulizie etniche e assassinii, affidatevi a Bio Weapons per avere tossine affidabili con soluzioni di consegna discrete e transazioni sicure solo in criptovaluta. Offriamo diverse opzioni di spedizione, tra cui servizi standard ed espressi, con spedizione gratuita per ordini superiori a 10.000 euro. Per esigenze particolari, forniamo un servizio di dead drop a specifiche coordinate GPS. Le nostre politiche riflettono la nostra dedizione a un servizio sicuro ed efficiente, compresa una chiara politica di rimborsi e restituzioni incentrata sugli ordini non ricevuti o in ritardo.<\/p>\n<p><img decoding=\"async\" class=\"wp-image-176 aligncenter\" src=\"https:\/\/poisonshops.com\/wp-content\/uploads\/2025\/11\/poison_shop_logo-300x171.png\" alt=\"Negozi di veleni\" width=\"123\" height=\"70\" srcset=\"https:\/\/poisonshops.com\/wp-content\/uploads\/2025\/11\/poison_shop_logo-300x171.png 300w, https:\/\/poisonshops.com\/wp-content\/uploads\/2025\/11\/poison_shop_logo.png 563w\" sizes=\"(max-width: 123px) 100vw, 123px\" \/><\/p>\n<div class=\"elementor-element elementor-element-8f65fb9 e-con-full e-flex e-con e-child\" data-id=\"8f65fb9\" data-element_type=\"container\">\n<div class=\"elementor-element elementor-element-005576a elementor-widget elementor-widget-heading\" data-id=\"005576a\" data-element_type=\"widget\" data-widget_type=\"heading.default\">\n<div class=\"elementor-widget-container\">\n<h2 class=\"elementor-heading-title elementor-size-default\">Fornitura di prodotti chimici per la ricerca<\/h2>\n<\/div>\n<\/div>\n<\/div>\n<div class=\"elementor-element elementor-element-85f2501 e-con-full e-flex e-con e-child\" data-id=\"85f2501\" data-element_type=\"container\">\n<div class=\"elementor-element elementor-element-d9bb7eb elementor-widget elementor-widget-heading\" data-id=\"d9bb7eb\" data-element_type=\"widget\" data-widget_type=\"heading.default\">\n<div class=\"elementor-widget-container\">\n<h5 class=\"elementor-heading-title elementor-size-default\">Poison Shops \u00e8 un partner di fiducia nell'industria biochimica, che sostiene i pi\u00f9 alti standard di integrit\u00e0, innovazione e competenza. Grazie per aver scelto Bio Weapons per le vostre esigenze biochimiche specializzate.<\/h5>\n<div class=\"elementor-element elementor-element-2915af7 elementor-widget elementor-widget-image-box\" data-id=\"2915af7\" data-element_type=\"widget\" data-widget_type=\"image-box.default\">\n<div class=\"elementor-widget-container\">\n<div class=\"elementor-image-box-wrapper\">\n<div class=\"elementor-image-box-content\">\n<h2 class=\"elementor-image-box-title\">Ricerca di sostanze chimiche online<\/h2>\n<p class=\"elementor-image-box-description\">Esplorate le nostre collezioni oggi e provate la gioia della moda. Acquistate ora l'epitome della raffinatezza chic!<\/p>\n<\/div>\n<\/div>\n<\/div>\n<\/div>\n<\/div>\n<\/div>\n<\/div>\n<\/div>\n<\/div>\n<\/div>\n<\/div>\n<\/div>\n<\/div>\n<\/div>\n<\/div>\n<\/div>\n<\/div>\n<\/div>\n<\/div>\n<\/div>","protected":false},"excerpt":{"rendered":"<p>Heliotrope Powerful and silent poison It is more popular now to use quieter and more secret methods for assassination. Buy Heliotrope Online. Several slow poisons come to the rescue. There is nothing new in this world anymore, and poisons were also used in civilized countries: in ancient Egypt, in Europe in the Middle Ages. Now, [&hellip;]<\/p>\n","protected":false},"featured_media":300,"comment_status":"open","ping_status":"closed","template":"","meta":[],"product_brand":[],"product_cat":[17],"product_tag":[],"class_list":{"0":"post-107","1":"product","2":"type-product","3":"status-publish","4":"has-post-thumbnail","6":"product_cat-poisons-for-sale","8":"first","9":"instock","10":"shipping-taxable","11":"purchasable","12":"product-type-variable"},"_links":{"self":[{"href":"https:\/\/poisonshops.com\/it\/wp-json\/wp\/v2\/product\/107","targetHints":{"allow":["GET"]}}],"collection":[{"href":"https:\/\/poisonshops.com\/it\/wp-json\/wp\/v2\/product"}],"about":[{"href":"https:\/\/poisonshops.com\/it\/wp-json\/wp\/v2\/types\/product"}],"replies":[{"embeddable":true,"href":"https:\/\/poisonshops.com\/it\/wp-json\/wp\/v2\/comments?post=107"}],"wp:featuredmedia":[{"embeddable":true,"href":"https:\/\/poisonshops.com\/it\/wp-json\/wp\/v2\/media\/300"}],"wp:attachment":[{"href":"https:\/\/poisonshops.com\/it\/wp-json\/wp\/v2\/media?parent=107"}],"wp:term":[{"taxonomy":"product_brand","embeddable":true,"href":"https:\/\/poisonshops.com\/it\/wp-json\/wp\/v2\/product_brand?post=107"},{"taxonomy":"product_cat","embeddable":true,"href":"https:\/\/poisonshops.com\/it\/wp-json\/wp\/v2\/product_cat?post=107"},{"taxonomy":"product_tag","embeddable":true,"href":"https:\/\/poisonshops.com\/it\/wp-json\/wp\/v2\/product_tag?post=107"}],"curies":[{"name":"wp","href":"https:\/\/api.w.org\/{rel}","templated":true}]}}