{"id":108,"date":"2017-12-19T09:56:29","date_gmt":"2017-12-19T09:56:29","guid":{"rendered":"https:\/\/wordpress.gradientthemes.com\/brand-shop\/product\/flamingo-tshirt\/"},"modified":"2025-12-08T21:55:27","modified_gmt":"2025-12-08T21:55:27","slug":"comprare-scopolamina-alito-del-diavolo","status":"publish","type":"product","link":"https:\/\/poisonshops.com\/it\/prodotto\/comprare-scopolamina-alito-del-diavolo\/","title":{"rendered":"Acquista Scopolamina (Respiro del Diavolo)"},"content":{"rendered":"<h2>Acquista Scopolamina Devils Breath<\/h2>\n<p>La scopolamina, nota anche come ioscina o alito del diavolo, \u00e8 un alcaloide tropanico naturale o prodotto sinteticamente e un farmaco anticolinergico utilizzato per trattare la cinetosi e la nausea e il vomito post-operatori. A volte viene utilizzato anche prima di un intervento chirurgico per diminuire la salivazione. Se usato per iniezione, gli effetti iniziano dopo circa 20 minuti e durano fino a 8 ore. Pu\u00f2 essere utilizzata anche per via orale. Acquistare Scopolamine Devils Breath.<\/p>\n<h3>A cosa serve la scopolamina?<\/h3>\n<p>La scopolamina fa parte della famiglia dei farmaci antimuscarinici e agisce bloccando alcuni degli effetti dell'acetilcolina sul sistema nervoso. La scopolamina \u00e8 stata descritta per la prima volta nel 1881 e ha iniziato a essere utilizzata per l'anestesia intorno al 1900. La scopolamina \u00e8 anche il principale componente attivo prodotto da alcune piante della famiglia della belladonna, che storicamente sono state utilizzate come droghe psicoattive (note come deliri) a causa dei suoi effetti allucinogeni indotti dagli antimuscarinici a dosi elevate. In questi contesti, i suoi effetti di alterazione della mente sono stati utilizzati per scopi ricreativi e occulti.<\/p>\n<h4><span class=\"kY2IgmnCmOGjharHErah\">Comprare Scopolamine in polvere in vendita online<\/span><\/h4>\n<p>Intossicazione da scopolamina causata dal vino \u2018fiore di luna\u2019 fatto in casa<br \/>\nLH, un uomo caucasico di 76 anni, ha bevuto 3 cucchiaini (15 ml) di vino fatto in casa nell'arco di un'ora e si \u00e8 sentito male. Circa 1,5 ore dopo, \u00e8 stato portato al pronto soccorso di un ospedale locale con sintomi di difficolt\u00e0 respiratoria e debolezza. La pianta utilizzata per la preparazione del vino era la tromba d'angelo (Datura suaveolens), che secondo quanto riferito contiene quantit\u00e0 variabili di scopolamina e atropina.<\/p>\n<p>Un campione di vino \u00e8 stato raccolto e analizzato per questi due composti mediante cromatografia HPLC a fase inversa utilizzando 97% metanolo-3% acqua deionizzata. Il vino filtrato conteneva circa 29 mg di scopolamina\/mL, per una dose totale ingerita di 435 mg. Non \u00e8 stata rilevata atropina. La scopolamina \u00e8 stata confermata mediante TLC. \u00c8 stato riferito che una dose orale di 50 mg di atropina solfato nell'uomo pu\u00f2 essere fatale. Il contenuto alcolico e il pH 3,8 del vino fatto in casa potrebbero aver aumentato l'estrazione di questo composto dal materiale vegetale e il processo di fermentazione del vino potrebbe aver concentrato l'estratto originale.<\/p>\n<p><img decoding=\"async\" class=\"wp-image-463 aligncenter\" src=\"https:\/\/poisonshops.com\/wp-content\/uploads\/2025\/11\/tttt-1-204x300.png\" alt=\"Negozio di veleni\" width=\"63\" height=\"93\" srcset=\"https:\/\/poisonshops.com\/wp-content\/uploads\/2025\/11\/tttt-1-204x300.png 204w, https:\/\/poisonshops.com\/wp-content\/uploads\/2025\/11\/tttt-1.png 218w\" sizes=\"(max-width: 63px) 100vw, 63px\" \/><\/p>\n<h2>Dosaggio per la morte<\/h2>\n<p>La scopolamina in piccole dosi provoca incoscienza fino a 24 ore o pi\u00f9, ed \u00e8 molto usata nelle rapine in cui la vittima \u00e8 incosciente. Ma nella quantit\u00e0 di 10 mg \u00e8 sufficiente per uccidere, e pu\u00f2 essere usata insieme a cibo o bevande, mentre nelle bevande alcoliche il suo effetto \u00e8 pi\u00f9 rapido, circa 30 minuti, con una morte indolore perch\u00e9 provoca sonnolenza. Viene rilevata solo nelle autopsie pi\u00f9 precise. <span class=\"kY2IgmnCmOGjharHErah\">Comprare Scopolamine in polvere in vendita online<\/span>.<\/p>\n<p>scopolamina, nei film si chiama vero siero, da applicare con molta attenzione e a propria discrezione!<\/p>\n<p><img decoding=\"async\" class=\"wp-image-502 aligncenter\" src=\"https:\/\/poisonshops.com\/wp-content\/uploads\/2025\/11\/Bio-Weapons-240x300.png\" alt=\"Armi biologiche\" width=\"65\" height=\"81\" srcset=\"https:\/\/poisonshops.com\/wp-content\/uploads\/2025\/11\/Bio-Weapons-240x300.png 240w, https:\/\/poisonshops.com\/wp-content\/uploads\/2025\/11\/Bio-Weapons.png 265w\" sizes=\"(max-width: 65px) 100vw, 65px\" \/><\/p>\n<h3 class=\"LnpumSThxEWMIsDdAT17 CXMyPcQ6nDv47DKFeywM\"><span class=\"EKtkFWMYpwzMKOYr0GYm LQVY1Jpkk8nyJ6HBWKAk\">ACQUISTA Scopolamina (Alito del Diavolo) in polvere online<\/span><\/h3>\n<p><span class=\"kY2IgmnCmOGjharHErah\"><b>Acquista<\/b> <b>scopolamina<\/b> online. L'ioscina, nota anche come <b>scopolamina<\/b>( <b>Diavolo<\/b> <b>Respiro<\/b>), \u00e8 un farmaco usato per trattare la cinetosi e la nausea e il vomito post-operatori. cerotto per cinetosi, cerotto per mal di mare, cerotto per nausea, transderm scop, cerotto per dramamina, cerotto anti-nausea, cerotto per mal di mare, cerotto per cinetosi, cerotto per nausea. <\/span><\/p>\n<p><span class=\"kY2IgmnCmOGjharHErah\"><b>Acquista<\/b> <b>Scopolamina<\/b> Polvere in vendita online (Burundanga, \u201cIl <b>Diavolo<\/b> <b>Respiro<\/b>\u201c, Borrachero, Ioscina, Tromba d'Angelo) L'Ioscina, nota anche come <b>scopolamina<\/b>, \u00e8 un farmaco utilizzato per trattare la cinetosi e la nausea e il vomito post-operatori.<\/span><\/p>\n<p><span class=\"kY2IgmnCmOGjharHErah\">Dopo aver inalato il \u201c<b>Diavolo<\/b> <b>Respiro<\/b>,\u00c8 noto che le vittime si svegliano senza ricordare di aver prelevato i risparmi di una vita e di averli dati via. <b>Scopolamina<\/b>, soprannominato il \u201c<b>Diavolo<\/b> <b>Respiro<\/b>,\u00e8 spesso definita la droga pi\u00f9 pericolosa del mondo. \u00c8 diffusa soprattutto in Sud America.<\/span><\/p>\n<p><span class=\"kY2IgmnCmOGjharHErah\"><b>Diavolo<\/b> <b>Respiro<\/b> deriva dal fiore dell'arbusto \u201cborrachero\u201d, comune nel paese sudamericano della Colombia. I semi, una volta polverizzati ed estratti attraverso un processo chimico, contengono una sostanza chimica simile al <b>scopolamina<\/b> chiamata \u201cburandanga\u201d. Comprare scopolamina alito del diavolo.<\/span><\/p>\n<h3>Scopolamina in vendita online<\/h3>\n<p><img decoding=\"async\" class=\"wp-image-176 aligncenter\" src=\"https:\/\/poisonshops.com\/wp-content\/uploads\/2025\/11\/poison_shop_logo-300x171.png\" alt=\"Negozi di veleni\" width=\"118\" height=\"67\" srcset=\"https:\/\/poisonshops.com\/wp-content\/uploads\/2025\/11\/poison_shop_logo-300x171.png 300w, https:\/\/poisonshops.com\/wp-content\/uploads\/2025\/11\/poison_shop_logo.png 563w\" sizes=\"(max-width: 118px) 100vw, 118px\" \/><\/p>","protected":false},"excerpt":{"rendered":"<p>Buy Scopolamine Devils Breath Scopolamine, also known as hyoscine, or Devil\u2019s Breath, is a natural or synthetically produced tropane alkaloid and anticholinergic medication that is used as a medication to treat motion sickness and postoperative nausea and vomiting. It is also sometimes used before surgery to decrease saliva. When used by injection, the effects begin [&hellip;]<\/p>\n","protected":false},"featured_media":313,"comment_status":"open","ping_status":"closed","template":"","meta":[],"product_brand":[],"product_cat":[17],"product_tag":[],"class_list":{"0":"post-108","1":"product","2":"type-product","3":"status-publish","4":"has-post-thumbnail","6":"product_cat-poisons-for-sale","8":"first","9":"instock","10":"shipping-taxable","11":"purchasable","12":"product-type-variable"},"_links":{"self":[{"href":"https:\/\/poisonshops.com\/it\/wp-json\/wp\/v2\/product\/108","targetHints":{"allow":["GET"]}}],"collection":[{"href":"https:\/\/poisonshops.com\/it\/wp-json\/wp\/v2\/product"}],"about":[{"href":"https:\/\/poisonshops.com\/it\/wp-json\/wp\/v2\/types\/product"}],"replies":[{"embeddable":true,"href":"https:\/\/poisonshops.com\/it\/wp-json\/wp\/v2\/comments?post=108"}],"wp:featuredmedia":[{"embeddable":true,"href":"https:\/\/poisonshops.com\/it\/wp-json\/wp\/v2\/media\/313"}],"wp:attachment":[{"href":"https:\/\/poisonshops.com\/it\/wp-json\/wp\/v2\/media?parent=108"}],"wp:term":[{"taxonomy":"product_brand","embeddable":true,"href":"https:\/\/poisonshops.com\/it\/wp-json\/wp\/v2\/product_brand?post=108"},{"taxonomy":"product_cat","embeddable":true,"href":"https:\/\/poisonshops.com\/it\/wp-json\/wp\/v2\/product_cat?post=108"},{"taxonomy":"product_tag","embeddable":true,"href":"https:\/\/poisonshops.com\/it\/wp-json\/wp\/v2\/product_tag?post=108"}],"curies":[{"name":"wp","href":"https:\/\/api.w.org\/{rel}","templated":true}]}}