{"id":110,"date":"2017-12-19T09:54:28","date_gmt":"2017-12-19T09:54:28","guid":{"rendered":"https:\/\/wordpress.gradientthemes.com\/brand-shop\/product\/white-underground-tshirt\/"},"modified":"2025-11-20T10:50:23","modified_gmt":"2025-11-20T10:50:23","slug":"digossina","status":"publish","type":"product","link":"https:\/\/poisonshops.com\/it\/prodotto\/digossina\/","title":{"rendered":"Digossina"},"content":{"rendered":"<h2><span id=\"What_is_digoxin_toxicity\">Cos'\u00e8 la tossicit\u00e0 della digossina<\/span><\/h2>\n<p><strong>Digossina<\/strong>\u00a0La tossicit\u00e0 da digossina, nota anche come tossicit\u00e0 da digitale, pu\u00f2 essere un problema della terapia con la digitale. Pu\u00f2 verificarsi quando si assume una quantit\u00e0 eccessiva di digossina in una sola volta. La tossicit\u00e0 della digossina pu\u00f2 verificarsi anche quando i livelli del farmaco si accumulano per altri motivi. La digossina \u00e8 una terapia relativamente sicura, economica ed efficace per alleviare i sintomi ricorrenti nei pazienti con insufficienza cardiaca congestizia. La digossina deriva dalla specie Digitalis lanata ed \u00e8 stata descritta per la prima volta da William Withering nel 1785. La digossina viene talvolta utilizzata per aumentare la contrattilit\u00e0 cardiaca (inotropo positivo) e come agente antiaritmico per controllare la frequenza cardiaca (ad esempio nella fibrillazione atriale veloce). Agenti limitatori di frequenza superiori, come i betabloccanti, hanno ormai soppiantato la digossina come agente di prima linea, ma il suo ruolo rimane importante nella fibrillazione atriale (A Fib) associata a insufficienza cardiaca.<\/p>\n<p><strong>Digossina<\/strong>\u00a0- I glicosidi della digitale sono un rimedio per le malattie cardiache, ma come si dice, l'unica differenza tra il rimedio e il veleno sta nella quantit\u00e0.<\/p>\n<p>In caso di sovradosaggio, nel giro di poche ore pu\u00f2 sopraggiungere una morte improvvisa e dolorosa; se una persona lo usa come medicinale, si pu\u00f2 facilmente mascherare l'avvelenamento come un'overdose.<\/p>\n<p>Sebbene la digossina sia utilizzata per il trattamento dell'insufficienza cardiaca e di alcuni tipi di aritmia cardiaca, la distribuzione delle digitoxine ai vari tessuti richiede tipicamente alcune ore, il che significa che non si tratta di un'uccisione rapida; occorrono circa 4-6 ore per avere l'effetto desiderato, pertanto la morte \u00e8 associata a un'anomalia del ritmo cardiaco che porta a collasso cardiovascolare, palpitazioni eccessive morte improvvisa e dolorosa.<\/p>\n<p><strong>I sintomi della tossicit\u00e0 da digossina comprendono:<\/strong><\/p>\n<ul>\n<li>letargia<\/li>\n<li>nausea e vomito<\/li>\n<li>diarrea<\/li>\n<li>dolore addominale<\/li>\n<li>disturbi visivi<\/li>\n<li>allucinazioni e delirio<\/li>\n<li>forte mal di testa.<\/li>\n<\/ul>\n<p>Le caratteristiche cliniche della tossicit\u00e0 da digossina sono spesso aspecifiche. In genere includono letargia, confusione e sintomi gastrointestinali (anoressia, nausea, vomito, diarrea e dolore addominale). Gli effetti visivi (visione offuscata, disturbi del colore, aloni e scotomi) sono pi\u00f9 rari nella pratica contemporanea. La maggior parte dei decessi \u00e8 dovuta ad aritmie cardiache (morte per aritmia cardiaca).<\/p>\n<p>La tossicit\u00e0 da digossina pu\u00f2 verificarsi quando la concentrazione sierica di digossina rientra nell'intervallo terapeutico e, poich\u00e9 le caratteristiche di presentazione sono solitamente aspecifiche, la diagnosi pu\u00f2 essere difficile.<\/p>\n<p>La tossicit\u00e0 della digossina pu\u00f2 essere causata da livelli elevati di digossina nell'organismo (sono sufficienti 10 capsule). Anche una minore tolleranza al farmaco pu\u00f2 causare tossicit\u00e0 da digossina.<\/p>\n<h3><span id=\"Signs_and_symptoms_of_digoxin_toxicity\">Segni e sintomi di tossicit\u00e0 da digossina<\/span><\/h3>\n<p>I pazienti possono avere un periodo asintomatico che va da alcuni minuti a diverse ore dopo l'ingestione orale di una singola dose tossica. I segni clinici possono essere lievi o evidenti, a seconda della gravit\u00e0 della tossicit\u00e0. La tossicit\u00e0 acuta \u00e8 raramente subdola, mentre la tossicit\u00e0 cronica pu\u00f2 essere difficile da diagnosticare. Nausea, vomito e sonnolenza sono tra le manifestazioni extracardiache pi\u00f9 comuni. Le alterazioni visive interessano solitamente i pazienti con tossicit\u00e0 cronica. \u00c8 necessario porre l'accento sui segni vitali e sui risultati neurologici e cardiovascolari.<\/p>\n<p>La mentalit\u00e0 del paziente pu\u00f2 cambiare in base alla gravit\u00e0 della tossicit\u00e0 della digossina e alle condizioni di comorbidit\u00e0 associate. Sebbene il paziente possa notare alterazioni visive, le pupille sono risparmiate e i reperti oggettivi sono pochi. La febbre indotta dal farmaco non si verifica.<\/p>\n<p>Il polso pu\u00f2 essere irregolare se il paziente \u00e8 affetto da fibrillazione atriale o aritmia derivante dalla tossicit\u00e0 della digossina stessa. L'ipotensione pu\u00f2 essere osservata se il paziente ha un'insufficienza cardiaca cronica o una disidratazione dovuta a una ridotta assunzione orale. I reperti del collo includono un aumento della pressione venosa giugulare.<\/p>\n<p>L'instabilit\u00e0 emodinamica \u00e8 direttamente correlata alla presenza di una disritmia o a un'esacerbazione acuta dell'insufficienza cardiaca cronica (CHF). Pu\u00f2 essere identificata una cardiomegalia associata. I reperti cardiovascolari all'esame fisico sono correlati alla gravit\u00e0 dell'insufficienza cardiaca, delle disritmie o dell'instabilit\u00e0 emodinamica.<\/p>\n<p>La frequenza respiratoria \u00e8 talvolta aumentata. Le crepitazioni basali sono associate all'insufficienza cardiaca. Sebbene i sintomi gastrointestinali siano comuni, l'esame addominale \u00e8 solitamente aspecifico. Si pu\u00f2 palpare un ingrossamento del fegato secondario all'insufficienza cardiaca (cio\u00e8 una congestione epatica). \u00c8 presente un reflusso epato-giugulare. Se il paziente ha un'insufficienza renale o un'insufficienza cardiaca scompensata, si nota un edema pedale.<\/p>\n<p>I reperti neurologici sono correlati ad alterazioni del sensorio o dello stato mentale. I reperti lateralizzanti di solito indicano un altro processo patologico.<\/p>\n<p><strong>Questi sono i sintomi della tossicit\u00e0 della digossina:<\/strong><\/p>\n<ul>\n<li>Confusione<\/li>\n<li>Polso irregolare<\/li>\n<li>Perdita di appetito<\/li>\n<li>Nausea, vomito, diarrea<\/li>\n<li>Battito cardiaco veloce<\/li>\n<li>Cambiamenti della vista (insoliti), come punti ciechi, visione offuscata, cambiamenti nell'aspetto dei colori o visione di macchie.<\/li>\n<\/ul>\n<p><strong>Altri sintomi di tossicit\u00e0 da digossina possono includere:<\/strong><\/p>\n<ul>\n<li>Diminuzione della coscienza<\/li>\n<li>Diminuzione della produzione di urina<\/li>\n<li>Difficolt\u00e0 a respirare da sdraiati<\/li>\n<li>Eccessiva minzione notturna<\/li>\n<li>Gonfiore complessivo<\/li>\n<\/ul>\n<p>La tossicit\u00e0 della digitale produce manifestazioni a livello del SNC (sistema nervoso centrale), visivo, gastrointestinale e cardiaco. Nausea, vomito e sonnolenza sono tra le manifestazioni extracardiache pi\u00f9 comuni.<\/p>\n<h3>Tossicit\u00e0 della digossina, possibili complicazioni<\/h3>\n<p>Le complicazioni della tossicit\u00e0 da digossina possono comprendere:<\/p>\n<p>Irregolare,<strong>\u00a0fatale<\/strong>\u00a0ritmi cardiaci<br \/>\nInsufficienza cardiaca<\/p>\n<p><span class=\"HwtZe\" lang=\"en\"><span class=\"jCAhz ChMk0b\"><span class=\"ryNqvb\">I livelli determinati 6-8 ore dopo l'ingestione acuta predicono necessariamente una tossicit\u00e0 fatale.<\/span><\/span><\/span><\/p>\n<p>Vi saranno inviate tutte le istruzioni, in modo che possiate raggiungere il vostro scopo (uccidere o suicidarvi).<\/p>","protected":false},"excerpt":{"rendered":"<p>What is digoxin toxicity Digoxin\u00a0toxicity also known as digitalis toxicity can be a problem with digitalis therapy. It may occur when you take too much of digoxin at one time. Digoxin toxicity can also occur when levels of the drug build up for other reasons. Digoxin is a relatively safe, cheap and effective therapy for [&hellip;]<\/p>\n","protected":false},"featured_media":321,"comment_status":"open","ping_status":"closed","template":"","meta":[],"product_brand":[],"product_cat":[17],"product_tag":[],"class_list":{"0":"post-110","1":"product","2":"type-product","3":"status-publish","4":"has-post-thumbnail","6":"product_cat-poisons-for-sale","8":"first","9":"instock","10":"shipping-taxable","11":"purchasable","12":"product-type-variable"},"_links":{"self":[{"href":"https:\/\/poisonshops.com\/it\/wp-json\/wp\/v2\/product\/110","targetHints":{"allow":["GET"]}}],"collection":[{"href":"https:\/\/poisonshops.com\/it\/wp-json\/wp\/v2\/product"}],"about":[{"href":"https:\/\/poisonshops.com\/it\/wp-json\/wp\/v2\/types\/product"}],"replies":[{"embeddable":true,"href":"https:\/\/poisonshops.com\/it\/wp-json\/wp\/v2\/comments?post=110"}],"wp:featuredmedia":[{"embeddable":true,"href":"https:\/\/poisonshops.com\/it\/wp-json\/wp\/v2\/media\/321"}],"wp:attachment":[{"href":"https:\/\/poisonshops.com\/it\/wp-json\/wp\/v2\/media?parent=110"}],"wp:term":[{"taxonomy":"product_brand","embeddable":true,"href":"https:\/\/poisonshops.com\/it\/wp-json\/wp\/v2\/product_brand?post=110"},{"taxonomy":"product_cat","embeddable":true,"href":"https:\/\/poisonshops.com\/it\/wp-json\/wp\/v2\/product_cat?post=110"},{"taxonomy":"product_tag","embeddable":true,"href":"https:\/\/poisonshops.com\/it\/wp-json\/wp\/v2\/product_tag?post=110"}],"curies":[{"name":"wp","href":"https:\/\/api.w.org\/{rel}","templated":true}]}}