{"id":342,"date":"2025-11-20T11:06:16","date_gmt":"2025-11-20T11:06:16","guid":{"rendered":"https:\/\/poisonshops.com\/?post_type=product&#038;p=342"},"modified":"2025-12-02T15:32:34","modified_gmt":"2025-12-02T15:32:34","slug":"nichel-carbonile","status":"publish","type":"product","link":"https:\/\/poisonshops.com\/it\/prodotto\/nichel-carbonile\/","title":{"rendered":"Nichel carbonile"},"content":{"rendered":"<h2 class=\"product_title entry-title\">Acquistare il nichel carbonile online<\/h2>\n<h4>Che cos'\u00e8 il nichel carbonile<\/h4>\n<p><a href=\"https:\/\/poisonshops.com\/it\/\">Acquistare il nichel carbonile online<\/a> (nome IUPAC: tetracarbonilnichel) \u00e8 un composto organonucleare di nichel con formula Ni(CO)4. Questo liquido incolore \u00e8 il principale carbonile del nichel.<\/p>\n<p>\u00c8 un intermedio del processo Mond per la produzione di carbonile di nichel ad altissima purezza e un reagente nella chimica organometallica, anche se il processo Mond \u00e8 caduto in disuso a causa dei rischi per la salute derivanti dalla lavorazione del composto.<\/p>\n<p>Il nichel carbonile \u00e8 una delle sostanze pi\u00f9 pericolose mai incontrate nella chimica del nichel a causa della sua altissima tossicit\u00e0, unita all'elevata volatilit\u00e0 e al rapido assorbimento cutaneo. Acquistare il nichel carbonile sul mercato nero.<\/p>\n<p><img decoding=\"async\" class=\"wp-image-463 aligncenter\" src=\"https:\/\/poisonshops.com\/wp-content\/uploads\/2025\/11\/tttt-1-204x300.png\" alt=\"Negozio di veleni\" width=\"61\" height=\"90\" srcset=\"https:\/\/poisonshops.com\/wp-content\/uploads\/2025\/11\/tttt-1-204x300.png 204w, https:\/\/poisonshops.com\/wp-content\/uploads\/2025\/11\/tttt-1.png 218w\" sizes=\"(max-width: 61px) 100vw, 61px\" \/><\/p>\n<h2><span id=\"Structure_and_bonding\" class=\"mw-headline\">Struttura e legame<\/span><\/h2>\n<p>Nel tetracarbonile di nichel, lo stato di ossidazione del nichel \u00e8 assegnato a zero. La formula \u00e8 conforme alla regola dei 18 elettroni. La molecola \u00e8 tetraedrica, con quattro leganti carbonilici (monossido di carbonio). Sono stati effettuati studi di diffrazione elettronica su questa molecola e le distanze Ni-C e C-O sono state calcolate rispettivamente a 1,838(2) e 1,141(2) angstrom. Acquistare Nichel carbonile online.<\/p>\n<h3><span id=\"Preparation\" class=\"mw-headline\">Preparazione<\/span><\/h3>\n<p>Il Ni(CO)4 \u00e8 stato sintetizzato per la prima volta nel 1890 da Ludwig Mond attraverso la reazione diretta del nichel metallico con il CO. Questo lavoro pionieristico ha preannunciato l'esistenza di molti altri composti carbonilici metallici, tra cui quelli di V, Cr, Mn, Fe e Co. Alla fine del XIX secolo, questa reazione fu applicata anche a livello industriale per la purificazione del nichel.<\/p>\n<p>A 323 K (50 \u00b0C; 122 \u00b0F), il monossido di carbonio passa sul nichel impuro. Il tasso ottimale si verifica a 130 \u00b0C. Acquistare il nichel carbonile al mercato nero.<\/p>\n<h4><span id=\"Thermal_decarbonylation\" class=\"mw-headline\">Decarbonilazione termica<\/span><\/h4>\n<p>Con un riscaldamento moderato, Ni(CO)<sub>4<\/sub> si decompone in monossido di carbonio e nichel metallico. In combinazione con la facile formazione di CO e di nichel anche molto impuro, questa decomposizione \u00e8 alla base del processo Mond per la purificazione di Buy Nickel Carbonyl Online o la placcatura su superfici. La decomposizione termica inizia in prossimit\u00e0 di 180 \u00b0C e aumenta a temperature pi\u00f9 elevate.<\/p>\n<p><img decoding=\"async\" class=\"wp-image-502 aligncenter\" src=\"https:\/\/poisonshops.com\/wp-content\/uploads\/2025\/11\/Bio-Weapons-240x300.png\" alt=\"Armi biologiche\" width=\"78\" height=\"98\" srcset=\"https:\/\/poisonshops.com\/wp-content\/uploads\/2025\/11\/Bio-Weapons-240x300.png 240w, https:\/\/poisonshops.com\/wp-content\/uploads\/2025\/11\/Bio-Weapons.png 265w\" sizes=\"(max-width: 78px) 100vw, 78px\" \/><\/p>\n<h3>Acquistare Nichel carbonile online<\/h3>\n<h5><span id=\"Reactions_with_electrophiles_and_oxidizing_agents\" class=\"mw-headline\">Reazioni con elettrofili e agenti ossidanti<\/span><\/h5>\n<p>Il nichel carbonile pu\u00f2 essere ossidato. Il cloro ossida il nichel carbonile in NiCl<sub>2<\/sub>, rilasciando il gas CO. Altri alogeni si comportano in modo analogo. Questa reazione fornisce un metodo conveniente per precipitare la porzione di nichel del composto tossico.<\/p>\n<p>Reazioni di Ni(CO)<sub>4<\/sub> con alogenuri alchilici e arilici spesso danno luogo a prodotti organici carbonilati.<\/p>\n<p>Gli alogenuri vinilici, come PhCH=CHBr, si convertono in esteri insaturi al trattamento con Ni(CO)<sub>4<\/sub> seguito da metossido di sodio.<\/p>\n<p>Anche queste reazioni procedono probabilmente per addizione ossidativa. Gli alogenuri allilici danno i composti \u03c0-allilici, come (allil)<sub>2<\/sub>Ni<sub>2<\/sub>Cl<sub>2<\/sub>:<\/p>\n<dl>\n<dd>2 Ni(CO)<sub>4<\/sub>\u00a0+ 2 ClCH<sub>2<\/sub>CH=CH<sub>2<\/sub>\u00a0\u2192 Ni<sub>2<\/sub>(<i>\u03bc<\/i>-Cl)<sub>2<\/sub>(<i>\u03b7<\/i><sup>3<\/sup>-C<sub>3<\/sub>H<sub>5<\/sub>)<sub>2<\/sub>\u00a0+ 8 CO<\/dd>\n<\/dl>\n<p><img decoding=\"async\" class=\"wp-image-176 aligncenter\" src=\"https:\/\/poisonshops.com\/wp-content\/uploads\/2025\/11\/poison_shop_logo-300x171.png\" alt=\"Negozi di veleni\" width=\"104\" height=\"59\" srcset=\"https:\/\/poisonshops.com\/wp-content\/uploads\/2025\/11\/poison_shop_logo-300x171.png 300w, https:\/\/poisonshops.com\/wp-content\/uploads\/2025\/11\/poison_shop_logo.png 563w\" sizes=\"(max-width: 104px) 100vw, 104px\" \/><\/p>","protected":false},"excerpt":{"rendered":"<p><b>Melting point: :<\/b>-19\u00b0C<br \/>\n<b>Boiling point: :<\/b>43\u00b0C<br \/>\n<b>Density\u00a0 :<\/b>1,32 g\/cm<sup>3<\/sup><br \/>\n<b>vapor pressure\u00a0 :<\/b>321 mmHg at 20 \u00b0C<br \/>\n<b>Flash point: :<\/b>&lt;-20\u00b0C<br \/>\n<b>form\u00a0 :<\/b>liquid<br \/>\n<b>color\u00a0 :<\/b>colorless<br \/>\n<b>Odor :<\/b>Sooty odor detectable at 0.5 to 3 ppm<br \/>\n<b>Water Solubility\u00a0 :<\/b>soluble in ~5000 parts air free H2O; soluble alcohol, benzene, chloroform, acetone, CCl4 [MER06]<br \/>\n<b>Sensitive\u00a0 :<\/b>heat sensitive<br \/>\n<b>Exposure limits :<\/b>TLV-TWA: 0.05 ppm (0.35 mg as Ni\/m<sup>3<\/sup>) (ACGIH)<br \/>\nPEL: 0.001 ppm (0.007 mg Ni\/m<sup>3<\/sup>) (OSHA, MSHA and NIOSH)<br \/>\nIDLH: 0.001 ppm (NIOSH, OSHA).\u00a0<b>Stability: :<\/b>Stable. Highly flammable and highly reactive. Explosion hazard.<br \/>\n<b>EPA Substance Registry System :<\/b>Nickel carbonyl (13463-39-3)<\/p>\n","protected":false},"featured_media":343,"comment_status":"open","ping_status":"closed","template":"","meta":[],"product_brand":[],"product_cat":[17],"product_tag":[],"class_list":{"0":"post-342","1":"product","2":"type-product","3":"status-publish","4":"has-post-thumbnail","6":"product_cat-poisons-for-sale","8":"first","9":"instock","10":"shipping-taxable","11":"purchasable","12":"product-type-variable"},"_links":{"self":[{"href":"https:\/\/poisonshops.com\/it\/wp-json\/wp\/v2\/product\/342","targetHints":{"allow":["GET"]}}],"collection":[{"href":"https:\/\/poisonshops.com\/it\/wp-json\/wp\/v2\/product"}],"about":[{"href":"https:\/\/poisonshops.com\/it\/wp-json\/wp\/v2\/types\/product"}],"replies":[{"embeddable":true,"href":"https:\/\/poisonshops.com\/it\/wp-json\/wp\/v2\/comments?post=342"}],"wp:featuredmedia":[{"embeddable":true,"href":"https:\/\/poisonshops.com\/it\/wp-json\/wp\/v2\/media\/343"}],"wp:attachment":[{"href":"https:\/\/poisonshops.com\/it\/wp-json\/wp\/v2\/media?parent=342"}],"wp:term":[{"taxonomy":"product_brand","embeddable":true,"href":"https:\/\/poisonshops.com\/it\/wp-json\/wp\/v2\/product_brand?post=342"},{"taxonomy":"product_cat","embeddable":true,"href":"https:\/\/poisonshops.com\/it\/wp-json\/wp\/v2\/product_cat?post=342"},{"taxonomy":"product_tag","embeddable":true,"href":"https:\/\/poisonshops.com\/it\/wp-json\/wp\/v2\/product_tag?post=342"}],"curies":[{"name":"wp","href":"https:\/\/api.w.org\/{rel}","templated":true}]}}