{"id":358,"date":"2025-11-20T11:15:12","date_gmt":"2025-11-20T11:15:12","guid":{"rendered":"https:\/\/poisonshops.com\/?post_type=product&#038;p=358"},"modified":"2025-12-02T14:34:32","modified_gmt":"2025-12-02T14:34:32","slug":"comprare-veleno-di-ricina","status":"publish","type":"product","link":"https:\/\/poisonshops.com\/it\/prodotto\/comprare-veleno-di-ricina\/","title":{"rendered":"Veleno ricina (veleno irreversibile)"},"content":{"rendered":"<h2>Acquista veleno ricina<\/h2>\n<h4>Panoramica<\/h4>\n<p>La ricina \u00e8 una proteina naturale derivata dai semi della pianta del ricino. \u00c8 considerata una potente tossina e pu\u00f2 essere fatale anche in quantit\u00e0 minime. Acquistare il veleno di ricina online in modo sicuro.<\/p>\n<h4>Meccanismo d'azione<\/h4>\n<p>La ricina agisce inibendo la sintesi proteica nelle cellule, portando alla morte cellulare. Agisce legandosi ai ribosomi, le strutture cellulari responsabili della produzione di proteine, impedendo cos\u00ec alle cellule di produrre proteine essenziali. Acquistare online il veleno irreversibile della ricina.<\/p>\n<h4>Come uccide<\/h4>\n<p>In seguito all'ingestione, all'inalazione o all'iniezione, la ricina pu\u00f2 causare gravi danni alle cellule e ai tessuti, portando a un'insufficienza multipla degli organi e alla morte. I sintomi e l'insorgenza della tossicit\u00e0 dipendono dalla via di esposizione. Come ordinare il veleno irreversibile di ricina sul dark web.<\/p>\n<h4>Quantit\u00e0 necessaria per uccidere<\/h4>\n<p>La ricina \u00e8 estremamente potente, con una dose letale stimata (LD50) per gli esseri umani che si aggira intorno a 1-20 microgrammi per chilogrammo di peso corporeo, a seconda della via di esposizione. Ci\u00f2 la rende una delle sostanze pi\u00f9 letali conosciute.<\/p>\n<h4>Segni e sintomi<\/h4>\n<p>I sintomi dell'avvelenamento da ricina variano a seconda della via di esposizione, ma possono comprendere:<\/p>\n<ul>\n<li><strong>Ingestione<\/strong>: Dolore addominale, vomito, diarrea e insufficienza d'organo.<\/li>\n<li><strong>Inalazione<\/strong>: Distress respiratorio, tosse, febbre ed edema polmonare potenzialmente fatale.<\/li>\n<li><strong>Iniezione<\/strong>: Dolore localizzato, gonfiore e danni agli organi.<\/li>\n<\/ul>\n<h4>Moduli e applicazioni<\/h4>\n<p>La ricina pu\u00f2 essere estratta dai semi di ricino e purificata in polvere bianca o in pellet. \u00c8 stata utilizzata nei laboratori di ricerca per le sue propriet\u00e0 tossiche ed \u00e8 stata anche presa in considerazione come arma chimica.<\/p>\n<p><img decoding=\"async\" class=\"wp-image-463 aligncenter\" src=\"https:\/\/poisonshops.com\/wp-content\/uploads\/2025\/11\/tttt-1-204x300.png\" alt=\"Negozio di veleni\" width=\"46\" height=\"68\" srcset=\"https:\/\/poisonshops.com\/wp-content\/uploads\/2025\/11\/tttt-1-204x300.png 204w, https:\/\/poisonshops.com\/wp-content\/uploads\/2025\/11\/tttt-1.png 218w\" sizes=\"(max-width: 46px) 100vw, 46px\" \/><\/p>\n<h4>Presenza e fonti<\/h4>\n<ul>\n<li><strong>Fonte naturale<\/strong>: Si trova nei semi della pianta del ricino, principalmente\u00a0<em>Ricinus communis<\/em>.<\/li>\n<li><strong>Uso industriale<\/strong>: Applicazioni industriali limitate a causa della sua tossicit\u00e0, principalmente nella ricerca e potenzialmente nello sviluppo di armi biologiche. Veleno irreversibile di ricina in vendita.<\/li>\n<\/ul>\n<h4>Manipolazione sicura<\/h4>\n<p>A causa della sua estrema tossicit\u00e0, la ricina deve essere maneggiata con estrema cautela:<\/p>\n<ul>\n<li><strong>Protezione<\/strong>: Durante la manipolazione della ricina \u00e8 necessario indossare un equipaggiamento protettivo completo, compresi guanti, maschere e occhiali.<\/li>\n<li><strong>Contenimento<\/strong>: La ricina deve essere conservata in contenitori sicuri ed etichettati per evitare un'esposizione accidentale.<\/li>\n<li><strong>Smaltimento<\/strong>: Lo smaltimento deve seguire linee guida rigorose per evitare la contaminazione dell'ambiente.<\/li>\n<\/ul>\n<h3>Veleno irreversibile alla ricina in vendita<\/h3>\n<p><img decoding=\"async\" class=\"wp-image-502 aligncenter\" src=\"https:\/\/poisonshops.com\/wp-content\/uploads\/2025\/11\/Bio-Weapons-240x300.png\" alt=\"Armi biologiche\" width=\"64\" height=\"80\" srcset=\"https:\/\/poisonshops.com\/wp-content\/uploads\/2025\/11\/Bio-Weapons-240x300.png 240w, https:\/\/poisonshops.com\/wp-content\/uploads\/2025\/11\/Bio-Weapons.png 265w\" sizes=\"(max-width: 64px) 100vw, 64px\" \/><\/p>\n<h4>Trattamento e antidoti<\/h4>\n<p>Attualmente non esiste un antidoto per l'avvelenamento da ricina. Il trattamento \u00e8 principalmente di supporto e si concentra sulla gestione dei sintomi e sulla prevenzione di ulteriori esposizioni. Acquistare il veleno di ricina online.<\/p>\n<h4>Conclusione<\/h4>\n<p>La ricina \u00e8 una potente tossina derivata dalla pianta del ricino, nota per i suoi effetti letali su cellule e tessuti. La comprensione dei suoi meccanismi, dei potenziali pericoli e delle procedure di manipolazione appropriate \u00e8 fondamentale per ridurre i rischi associati all'esposizione. Come ordinare il veleno irreversibile della ricina sul dark web.<\/p>\n<p><img decoding=\"async\" class=\"wp-image-176 aligncenter\" src=\"https:\/\/poisonshops.com\/wp-content\/uploads\/2025\/11\/poison_shop_logo-300x171.png\" alt=\"Negozi di veleni\" width=\"96\" height=\"55\" srcset=\"https:\/\/poisonshops.com\/wp-content\/uploads\/2025\/11\/poison_shop_logo-300x171.png 300w, https:\/\/poisonshops.com\/wp-content\/uploads\/2025\/11\/poison_shop_logo.png 563w\" sizes=\"(max-width: 96px) 100vw, 96px\" \/><\/p>","protected":false},"excerpt":{"rendered":"<p>Buy Ricin Poison Overview Ricin is a naturally occurring protein derived from the seeds of the castor bean plant. It is considered a potent toxin and can be fatal even in very small amounts. Buy Ricin Poison online safely. Mechanism of Action Ricin works by inhibiting protein synthesis in cells, leading to cell death. It [&hellip;]<\/p>\n","protected":false},"featured_media":359,"comment_status":"open","ping_status":"closed","template":"","meta":[],"product_brand":[],"product_cat":[17],"product_tag":[],"class_list":{"0":"post-358","1":"product","2":"type-product","3":"status-publish","4":"has-post-thumbnail","6":"product_cat-poisons-for-sale","8":"first","9":"instock","10":"shipping-taxable","11":"purchasable","12":"product-type-variable"},"_links":{"self":[{"href":"https:\/\/poisonshops.com\/it\/wp-json\/wp\/v2\/product\/358","targetHints":{"allow":["GET"]}}],"collection":[{"href":"https:\/\/poisonshops.com\/it\/wp-json\/wp\/v2\/product"}],"about":[{"href":"https:\/\/poisonshops.com\/it\/wp-json\/wp\/v2\/types\/product"}],"replies":[{"embeddable":true,"href":"https:\/\/poisonshops.com\/it\/wp-json\/wp\/v2\/comments?post=358"}],"wp:featuredmedia":[{"embeddable":true,"href":"https:\/\/poisonshops.com\/it\/wp-json\/wp\/v2\/media\/359"}],"wp:attachment":[{"href":"https:\/\/poisonshops.com\/it\/wp-json\/wp\/v2\/media?parent=358"}],"wp:term":[{"taxonomy":"product_brand","embeddable":true,"href":"https:\/\/poisonshops.com\/it\/wp-json\/wp\/v2\/product_brand?post=358"},{"taxonomy":"product_cat","embeddable":true,"href":"https:\/\/poisonshops.com\/it\/wp-json\/wp\/v2\/product_cat?post=358"},{"taxonomy":"product_tag","embeddable":true,"href":"https:\/\/poisonshops.com\/it\/wp-json\/wp\/v2\/product_tag?post=358"}],"curies":[{"name":"wp","href":"https:\/\/api.w.org\/{rel}","templated":true}]}}