{"id":388,"date":"2025-11-20T11:34:02","date_gmt":"2025-11-20T11:34:02","guid":{"rendered":"https:\/\/poisonshops.com\/?post_type=product&#038;p=388"},"modified":"2025-12-02T14:35:34","modified_gmt":"2025-12-02T14:35:34","slug":"acquistare-cianuro-di-potassio","status":"publish","type":"product","link":"https:\/\/poisonshops.com\/it\/prodotto\/acquistare-cianuro-di-potassio\/","title":{"rendered":"Cianuro di potassio"},"content":{"rendered":"<h2>Acquista cianuro di potassio<\/h2>\n<p><strong>Cianuro di potassio (KCN)<\/strong> \u00e8 un composto altamente tossico comunemente noto per i suoi effetti rapidi e letali se ingerito o inalato. Viene utilizzato in varie applicazioni industriali, ma \u00e8 noto per il suo uso come veleno. Di seguito sono riportati i principali dettagli sul cianuro di potassio, compresi i suoi usi, il modo in cui uccide, le forme in cui si presenta e la quantit\u00e0 necessaria per la letalit\u00e0. Acquista Cianuro di potassio.<\/p>\n<h3>Che cos'\u00e8 il cianuro di potassio?<\/h3>\n<p>Il cianuro di potassio \u00e8 un composto cristallino bianco con formula chimica\u00a0<strong>KCN<\/strong>. Ha un leggero odore di mandorla, anche se non tutti sono in grado di percepirlo a causa di fattori genetici. Il cianuro di potassio \u00e8 altamente solubile in acqua e pu\u00f2 rilasciare il letale acido cianidrico a contatto con acidi o acqua. Cianuro di potassio in vendita.<\/p>\n<h3>Usi del cianuro di potassio<\/h3>\n<p>1.\u00a0<strong>Estrazione e lavorazione dell'oro<\/strong>: Il cianuro di potassio \u00e8 ampiamente utilizzato nell'industria mineraria per estrarre oro e argento dai minerali in un processo chiamato cianurazione. Fornitori di cianuro di potassio.<\/p>\n<p>2.\u00a0<strong>Galvanoplastica<\/strong>: Viene utilizzato nella galvanoplastica per rivestire metalli come argento, oro e altri metalli preziosi a scopo decorativo e protettivo.<\/p>\n<p>3. <strong>Sintesi chimica<\/strong>Il cianuro di potassio \u00e8 utilizzato nella chimica organica per sintetizzare nitrili e altri composti contenenti cianuro.<\/p>\n<p>4. <strong>Gioielleria e raffinazione dei metalli:<\/strong>\u00a0Nel settore della gioielleria, il cianuro di potassio viene talvolta utilizzato per pulire o lucidare i metalli.<\/p>\n<p>5. <strong>Uso storico come veleno:<\/strong> Il KCN \u00e8 stato usato storicamente come veleno letale nello spionaggio, nei suicidi e nelle esecuzioni. Cianuro di potassio in vendita.<\/p>\n<h3>Come uccide il cianuro di potassio<\/h3>\n<p>Il cianuro di potassio uccide inibendo la respirazione cellulare, essenziale per la produzione di energia. Ecco come funziona:<\/p>\n<p>\u2013 <strong>Meccanismo d'azione:<\/strong>\u00a0Quando ingerito, inalato o assorbito, il cianuro di potassio rilascia<strong>\u00a0ioni cianuro (CN\u207b)<\/strong>, che si legano all'enzima\u00a0<strong>citocromo c ossidasi<\/strong>\u00a0nei mitocondri delle cellule. Questo enzima svolge un ruolo fondamentale nella catena di trasporto degli elettroni, essenziale per la produzione di ATP (adenosina trifosfato), la fonte di energia della cellula.<\/p>\n<p>\u2013<strong>\u00a0Risultato:<\/strong> Il cianuro impedisce ai mitocondri di utilizzare l'ossigeno, bloccando di fatto la respirazione aerobica. Senza produzione di energia, le cellule, in particolare quelle di organi vitali come il cuore e il cervello, iniziano a morire rapidamente. Fornitori di cianuro di potassio.<\/p>\n<p>\u2013 <strong>Sintomi e insorgenza:<\/strong>\u00a0I sintomi dell'avvelenamento da cianuro comprendono nausea, vertigini, difficolt\u00e0 respiratorie, convulsioni e perdita di coscienza. La morte pu\u00f2 sopraggiungere in pochi minuti per arresto cardiaco o insufficienza respiratoria, a seconda della dose e della via di esposizione.<\/p>\n<h3>Forme di cianuro di potassio<\/h3>\n<p>1.\u00a0<strong>Solido (cristallino\/polvere):**<\/strong>\u00a0Il cianuro di potassio si presenta tipicamente sotto forma di solido cristallino bianco o in polvere.<\/p>\n<p>2. <strong>Soluzione:<\/strong>\u00a0Pu\u00f2 essere disciolto in acqua o altri liquidi per formare una soluzione altamente tossica. Questa forma \u00e8 pericolosa anche perch\u00e9 pu\u00f2 rilasciare\u00a0<strong>acido cianidrico\u00a0<\/strong>se entra in contatto con gli acidi.<\/p>\n<p>3. <strong>Compresse o capsule:<\/strong> In alcuni casi, il cianuro di potassio \u00e8 stato formulato in compresse o capsule, storicamente utilizzate nello spionaggio per suicidarsi ed evitare la cattura. Acquistare il cianuro di potassio online.<\/p>\n<h3>Cianuro di potassio in vendita<\/h3>\n<p><img decoding=\"async\" class=\"wp-image-463 aligncenter\" src=\"https:\/\/poisonshops.com\/wp-content\/uploads\/2025\/11\/tttt-1-204x300.png\" alt=\"Negozio di veleni\" width=\"68\" height=\"100\" srcset=\"https:\/\/poisonshops.com\/wp-content\/uploads\/2025\/11\/tttt-1-204x300.png 204w, https:\/\/poisonshops.com\/wp-content\/uploads\/2025\/11\/tttt-1.png 218w\" sizes=\"(max-width: 68px) 100vw, 68px\" \/><\/p>\n<h3>Dose letale di cianuro di potassio<\/h3>\n<p>\u2013\u00a0<strong>Dose letale orale (LD50)<\/strong>: La stima\u00a0<strong>La dose letale per l'uomo varia da 200 a 300 mg, ovvero da 2 a 3 mg per chilogrammo di peso corporeo.<\/strong>\u00a0se ingerito.<\/p>\n<p>\u2013<strong>\u00a0Inalazione<\/strong>: L'inalazione di cianuro di potassio o della sua forma gassosa, l'acido cianidrico, pu\u00f2 essere letale gi\u00e0 a concentrazioni minime.<strong>\u00a0100\u2013300 ppm (parti per milione)<\/strong>. L'inalazione comporta un assorbimento pi\u00f9 rapido e pu\u00f2 portare a effetti pi\u00f9 immediati rispetto all'ingestione. Acquistare il cianuro di potassio (KCN) online.<\/p>\n<p>\u2013\u00a0<strong>Quantit\u00e0 da uccidere:<\/strong> Poche centinaia di milligrammi di cianuro di potassio (circa le dimensioni di un chicco di riso) possono essere sufficienti per uccidere un essere umano adulto. Per le persone pi\u00f9 piccole o in cattive condizioni di salute, anche quantit\u00e0 minori possono essere letali. Acquista Cianuro di potassio.<\/p>\n<p><img decoding=\"async\" class=\"wp-image-502 aligncenter\" src=\"https:\/\/poisonshops.com\/wp-content\/uploads\/2025\/11\/Bio-Weapons-240x300.png\" alt=\"Armi biologiche\" width=\"63\" height=\"79\" srcset=\"https:\/\/poisonshops.com\/wp-content\/uploads\/2025\/11\/Bio-Weapons-240x300.png 240w, https:\/\/poisonshops.com\/wp-content\/uploads\/2025\/11\/Bio-Weapons.png 265w\" sizes=\"(max-width: 63px) 100vw, 63px\" \/><\/p>\n<h3>Considerazioni legali e di sicurezza relative al cianuro di potassio<\/h3>\n<p>\u2013\u00a0<strong>Precauzioni per la manipolazione<\/strong>: Il cianuro di potassio \u00e8 una sostanza controllata a causa della sua estrema tossicit\u00e0. La manipolazione richiede l'uso di dispositivi di protezione, tra cui guanti, occhiali e un'adeguata ventilazione per evitare l'inalazione.<br \/>\n<strong>\u2013 Smaltimento:<\/strong> Il cianuro di potassio deve essere smaltito in base alle normative sui materiali pericolosi, che spesso prevedono la neutralizzazione con candeggina o perossido di idrogeno in condizioni controllate. Acquistare Cianuro di potassio online al miglior prezzo.<br \/>\n\u2013\u00a0<strong>Restrizioni legali<\/strong>: La vendita, il possesso e l'uso del cianuro di potassio sono altamente regolamentati nella maggior parte dei Paesi. L'uso non autorizzato, soprattutto per scopi dannosi, \u00e8 illegale e pu\u00f2 comportare gravi sanzioni legali. Acquistare il cianuro di potassio online con spedizione discreta e sicura.<\/p>\n<h4 class=\"LnpumSThxEWMIsDdAT17 CXMyPcQ6nDv47DKFeywM\"><span class=\"EKtkFWMYpwzMKOYr0GYm LQVY1Jpkk8nyJ6HBWKAk\">Dove si pu\u00f2 acquistare il cianuro di potassio in modo sicuro?<\/span><\/h4>\n<h3>Conclusione<\/h3>\n<p>Il cianuro di potassio \u00e8 una sostanza chimica estremamente tossica che inibisce la capacit\u00e0 dell'organismo di utilizzare l'ossigeno, portando a una rapida morte per insufficienza respiratoria o cardiaca. Anche piccole quantit\u00e0 possono essere letali e il suo uso \u00e8 principalmente limitato ai processi industriali in base a severe norme di sicurezza. La manipolazione del cianuro di potassio richiede estrema cautela a causa del rischio di avvelenamento mortale per ingestione, inalazione o assorbimento cutaneo. Fornitori di cianuro di potassio.<\/p>\n<h4>Acquistare Cianuro di potassio online con spedizione sicura e discreta<\/h4>\n<p><img decoding=\"async\" class=\"wp-image-176 aligncenter\" src=\"https:\/\/poisonshops.com\/wp-content\/uploads\/2025\/11\/poison_shop_logo-300x171.png\" alt=\"Negozi di veleni\" width=\"133\" height=\"76\" srcset=\"https:\/\/poisonshops.com\/wp-content\/uploads\/2025\/11\/poison_shop_logo-300x171.png 300w, https:\/\/poisonshops.com\/wp-content\/uploads\/2025\/11\/poison_shop_logo.png 563w\" sizes=\"(max-width: 133px) 100vw, 133px\" \/><\/p>","protected":false},"excerpt":{"rendered":"<p>Buy Potassium Cyanide Potassium cyanide (KCN) is a highly toxic compound commonly known for its rapid and lethal effects when ingested or inhaled. It is used in various industrial applications but is notorious for its use as a poison. Below are key details about potassium cyanide, including its uses, how it kills, forms it comes [&hellip;]<\/p>\n","protected":false},"featured_media":389,"comment_status":"open","ping_status":"closed","template":"","meta":[],"product_brand":[],"product_cat":[21],"product_tag":[],"class_list":{"0":"post-388","1":"product","2":"type-product","3":"status-publish","4":"has-post-thumbnail","6":"product_cat-buy-research-chemicals-online","8":"first","9":"instock","10":"shipping-taxable","11":"purchasable","12":"product-type-simple"},"_links":{"self":[{"href":"https:\/\/poisonshops.com\/it\/wp-json\/wp\/v2\/product\/388","targetHints":{"allow":["GET"]}}],"collection":[{"href":"https:\/\/poisonshops.com\/it\/wp-json\/wp\/v2\/product"}],"about":[{"href":"https:\/\/poisonshops.com\/it\/wp-json\/wp\/v2\/types\/product"}],"replies":[{"embeddable":true,"href":"https:\/\/poisonshops.com\/it\/wp-json\/wp\/v2\/comments?post=388"}],"wp:featuredmedia":[{"embeddable":true,"href":"https:\/\/poisonshops.com\/it\/wp-json\/wp\/v2\/media\/389"}],"wp:attachment":[{"href":"https:\/\/poisonshops.com\/it\/wp-json\/wp\/v2\/media?parent=388"}],"wp:term":[{"taxonomy":"product_brand","embeddable":true,"href":"https:\/\/poisonshops.com\/it\/wp-json\/wp\/v2\/product_brand?post=388"},{"taxonomy":"product_cat","embeddable":true,"href":"https:\/\/poisonshops.com\/it\/wp-json\/wp\/v2\/product_cat?post=388"},{"taxonomy":"product_tag","embeddable":true,"href":"https:\/\/poisonshops.com\/it\/wp-json\/wp\/v2\/product_tag?post=388"}],"curies":[{"name":"wp","href":"https:\/\/api.w.org\/{rel}","templated":true}]}}