{"id":390,"date":"2025-11-20T11:36:50","date_gmt":"2025-11-20T11:36:50","guid":{"rendered":"https:\/\/poisonshops.com\/?post_type=product&#038;p=390"},"modified":"2025-12-26T00:39:50","modified_gmt":"2025-12-26T00:39:50","slug":"comprare-mercurio-liquido-rosso","status":"publish","type":"product","link":"https:\/\/poisonshops.com\/it\/prodotto\/comprare-mercurio-liquido-rosso\/","title":{"rendered":"Mercurio liquido rosso"},"content":{"rendered":"<h2>Mercurio liquido rosso puro<\/h2>\n<p>Siamo un grossista e un rivenditore di prima qualit\u00e0 di mercurio liquido rosso. Forniamo mercurio liquido rosso puro 20\/20 di eccellente qualit\u00e0 proveniente da USA, Cina ed Europa. Il nostro Mercurio liquido rosso 20\/20 \u00e8 molto richiesto dalle industrie di tutto il mondo. Si tratta di un mercurio liquido rosso 20\/20 di alta qualit\u00e0 e perfettamente composto. Acquistare Mercurio liquido rosso.<\/p>\n<p>Il mercurio liquido rosso \u00e8 un liquido rosso ciliegia prodotto irradiando l'ossido di mercurio e antimonio con il mercurio elementare. Siamo specializzati in prodotti a base di mercurio da decenni e comprendiamo perfettamente le esigenze dei nostri clienti.<\/p>\n<h4>Che cos'\u00e8 il mercurio liquido rosso ciliegia?<\/h4>\n<p>Si dice che il mercurio liquido rosso sia un materiale semiliquido di colore rosso. La gente descrive il mercurio rosso come dotato di propriet\u00e0 magiche. Oggi, tuttavia, lo conosciamo per la sua tossicit\u00e0. Ma l'uso del mercurio nei rituali \u00e8 persistito in alcune comunit\u00e0 degli Stati Uniti. Mercurio liquido rosso in vendita.<\/p>\n<p>Il mercurio rosso \u00e8 un materiale semiliquido di colore rosso ciliegia.<br \/>\nL'intensit\u00e0 del mercurio rosso \u00e8 molto alta 20,2 g\/cm3.<br \/>\nQuesto liquido Hg2 Sb207 \u00e8 roba da laboratori militari:<br \/>\nOssido di antimonio e mercurio<br \/>\nAltri nomi: mercurio liquido rosso ciliegia<br \/>\nFormula: Sb2O7Hg2<br \/>\nAspetto: Liquido metallico rosso ciliegia<\/p>\n<h3><strong>Propriet\u00e0 Mercurio Rosso<\/strong><\/h3>\n<ul>\n<li><strong>Formula molecolare<\/strong>: Hg2 Sb207<\/li>\n<li><strong>Tipo<\/strong>:  Ossido di antimonio rosso mercurio<\/li>\n<li><strong>Telaio<\/strong>:   Sb2O7Hg2<\/li>\n<li><strong>Qualit\u00e0<\/strong>:   Fluido, semiliquido<\/li>\n<li><strong>Purezza<\/strong>: 99,999% (5N)<\/li>\n<li><strong>Colore<\/strong>:  Ponceau (Rosso ciliegia omogeneo)<\/li>\n<li><strong>variet\u00e0<\/strong>:\u00a0\u00a0\u00a0\u00a0 37.00016<\/li>\n<li><strong>Rilegatura:\u00a0\u00a0\u00a0<\/strong>Energia: 211Kcal \/ mole<\/li>\n<li><strong>Densit\u00e0<\/strong>\u00a0:   BK-20\/20 - 20,2 gam (20,2 g\/cm3)<\/li>\n<li><strong>Punto di fusione<\/strong>:\u00a0 -37.67<\/li>\n<li><strong>Punto di infiammabilit\u00e0<\/strong>: \u00a0 170.026<\/li>\n<\/ul>\n<h3>Mercurio liquido rosso puro a prezzi all'ingrosso<\/h3>\n<p>L'intensit\u00e0 del mercurio rosso \u00e8 molto elevata, circa 20,2 g\/cm 3, simile a quella dell'Alneptinio 237, in quanto non \u00e8 radioattivo. Mercurio liquido rosso in vendita. Il Mercurio liquido rosso 20\/20 in vendita \u00e8 utilizzato come solvente per l'uranio-235 e quindi facilita il processo di stoccaggio dell'uranio-235 radioattivo e questo pu\u00f2 essere facilmente separato dal mercurio liquido rosso con un processo di distillazione, \u00e8 noto che il mercurio c'erano dieci fosfori, sette dei quali erano isotopi stabili, poi instabili, e i raggi beta producono due uguali negativi, e uno di questi isotopi per il Mercurio industriale \u00e8 noto come rosso. Mercurio liquido rosso in vendita.<\/p>\n<h3>Mercurio liquido rosso in vendita<\/h3>\n<p>Il mercurio rosso \u00e8 una sostanza pericolosa e apparentemente non \u00e8 esplosivo di per s\u00e9, viene utilizzato come fonte di neutroni che corrono con il contenuto della pressione della bomba atomica, deuterio e trizio fino alla cima della massa critica, e quando c'\u00e8 l'ordigno esplosivo produce una violenta esplosione accompagnata dalla distruzione di un'area con un raggio di 600 Mtermn bomba con una dimensione di circa 500 cm 3 (circa 10 kg) in cui l'area Benitronat Fast alluvione rimane per circa due giorni questo \u00e8 un importante sviluppo strategico della bomba di neutroni.<\/p>\n<p>Il mercurio rosso viene utilizzato anche come mobilitazione di plutonio e trizio nella radiazione neutronica della bomba a neutroni da cui parte.<\/p>\n<h3>Come ottenere il mercurio rosso<\/h3>\n<p>Se andate su Google, troverete molti articoli che parlano di diversi modi per ottenere il mercurio rosso. Alcuni parlano del mercurio dai venditori ambulanti, mentre altri consigliano di acquistarlo online. Anche se \u00e8 possibile acquistare da questi due posti, sarebbe pi\u00f9 difficile, in quanto richiedono un'identit\u00e0 e una prova di utilizzabilit\u00e0.<\/p>\n<p>Siamo fornitori che operano da molto tempo. Liberi da burocrazia e prove di identit\u00e0, rimarrete anonimi durante le transazioni grazie a tecnologie come TOR.<\/p>\n<p><img decoding=\"async\" class=\"wp-image-463 aligncenter\" src=\"https:\/\/poisonshops.com\/wp-content\/uploads\/2025\/11\/tttt-1-204x300.png\" alt=\"Negozio di veleni\" width=\"67\" height=\"98\" srcset=\"https:\/\/poisonshops.com\/wp-content\/uploads\/2025\/11\/tttt-1-204x300.png 204w, https:\/\/poisonshops.com\/wp-content\/uploads\/2025\/11\/tttt-1.png 218w\" sizes=\"(max-width: 67px) 100vw, 67px\" \/><\/p>\n<h4>Come si ottiene il mercurio liquido rosso ciliegia?<\/h4>\n<p>Quando si acquista il mercurio liquido rosso, \u00e8 essenziale conoscere la forma e la qualit\u00e0 che si sta acquistando. Sapere esattamente cosa si vuole acquistare evita molti problemi. Il mercurio rosso \u00e8 un prodotto raro, si trovano diversi acquirenti e venditori online e pu\u00f2 essere fonte di confusione quando si cerca di ottenere ci\u00f2 di cui si ha bisogno. Acquistare il mercurio liquido rosso.<\/p>\n<p>Se il mercurio rosso vi confonde, vi consigliamo di fare una ricerca adeguata o di consultare un esperto prima di fare un acquisto. Un esperto vi aiuter\u00e0 a determinare il prezzo, il valore e tutti i dettagli cruciali che dovete conoscere prima di fare un acquisto. \u00c8 probabile che un esperto conosca i luoghi giusti in cui \u00e8 possibile acquistare il mercurio rosso.<\/p>\n<p><img decoding=\"async\" class=\"wp-image-502 aligncenter\" src=\"https:\/\/poisonshops.com\/wp-content\/uploads\/2025\/11\/Bio-Weapons-240x300.png\" alt=\"Armi biologiche\" width=\"80\" height=\"100\" srcset=\"https:\/\/poisonshops.com\/wp-content\/uploads\/2025\/11\/Bio-Weapons-240x300.png 240w, https:\/\/poisonshops.com\/wp-content\/uploads\/2025\/11\/Bio-Weapons.png 265w\" sizes=\"(max-width: 80px) 100vw, 80px\" \/><\/p>\n<h3>Dove si pu\u00f2 acquistare il mercurio rosso?<\/h3>\n<p>Se ci fate caso, con la continua crescita del settore online, cresce anche il numero di negozi che vendono prodotti diversi. Questo vale anche per prodotti come il mercurio. Se cercate su Google \u201cmercurio rosso in vendita\u201d, troverete molti venditori online che pubblicizzano i loro servizi. Se non si \u00e8 abituati ad acquistare online, i numerosi siti web possono essere fonte di preoccupazione. Il mercurio rosso viene solitamente venduto al grammo da diversi fornitori.<\/p>\n<p><span class=\"HwtZe\" lang=\"en\"><span class=\"jCAhz ChMk0b\"><span class=\"ryNqvb\">Per salvarvi da tutto questo, siamo fornitori di mercurio vicino a voi senza alcun requisito e completamente anonimi.<\/span><\/span>\u00a0<span class=\"jCAhz ChMk0b\"><span class=\"ryNqvb\">Vendiamo tutti i prodotti al mercurio di cui potreste aver bisogno.<\/span><\/span>\u00a0<span class=\"jCAhz ChMk0b\"><span class=\"ryNqvb\">Dopo molti anni di presenza sul mercato, comprendiamo tutte le esigenze dei nostri clienti.<\/span><\/span>\u00a0<span class=\"jCAhz ChMk0b\"><span class=\"ryNqvb\">La maggior parte dei clienti desidera acquistare mercurio a un prezzo accessibile e nell'anonimato e noi offriamo proprio questo.<\/span><\/span>\u00a0<span class=\"jCAhz ChMk0b\"><span class=\"ryNqvb\">Crediamo nella sicurezza e nella qualit\u00e0 e non possiamo mai scendere a compromessi. Mercurio liquido rosso in vendita.<\/span><\/span><\/span><\/p>\n<h2>Acquista mercurio liquido rosso<\/h2>\n<p><img decoding=\"async\" class=\"wp-image-176 aligncenter\" src=\"https:\/\/poisonshops.com\/wp-content\/uploads\/2025\/11\/poison_shop_logo-300x171.png\" alt=\"Negozi di veleni\" width=\"135\" height=\"77\" srcset=\"https:\/\/poisonshops.com\/wp-content\/uploads\/2025\/11\/poison_shop_logo-300x171.png 300w, https:\/\/poisonshops.com\/wp-content\/uploads\/2025\/11\/poison_shop_logo.png 563w\" sizes=\"(max-width: 135px) 100vw, 135px\" \/><\/p>","protected":false},"excerpt":{"rendered":"<p>Pure red liquid mercury We are a premium wholesaler and retailer of red liquid mercury. We supply excellent quality Pure Red Liquid Mercury 20\/20 from USA, China and Europe. Our Red Liquid Mercury 20\/20 is highly sought after by industries around the world. It is a high quality and perfectly composed 20\/20 Red Liquid Mercury. [&hellip;]<\/p>\n","protected":false},"featured_media":392,"comment_status":"open","ping_status":"closed","template":"","meta":[],"product_brand":[],"product_cat":[21],"product_tag":[],"class_list":{"0":"post-390","1":"product","2":"type-product","3":"status-publish","4":"has-post-thumbnail","6":"product_cat-buy-research-chemicals-online","8":"first","9":"instock","10":"shipping-taxable","11":"purchasable","12":"product-type-simple"},"_links":{"self":[{"href":"https:\/\/poisonshops.com\/it\/wp-json\/wp\/v2\/product\/390","targetHints":{"allow":["GET"]}}],"collection":[{"href":"https:\/\/poisonshops.com\/it\/wp-json\/wp\/v2\/product"}],"about":[{"href":"https:\/\/poisonshops.com\/it\/wp-json\/wp\/v2\/types\/product"}],"replies":[{"embeddable":true,"href":"https:\/\/poisonshops.com\/it\/wp-json\/wp\/v2\/comments?post=390"}],"wp:featuredmedia":[{"embeddable":true,"href":"https:\/\/poisonshops.com\/it\/wp-json\/wp\/v2\/media\/392"}],"wp:attachment":[{"href":"https:\/\/poisonshops.com\/it\/wp-json\/wp\/v2\/media?parent=390"}],"wp:term":[{"taxonomy":"product_brand","embeddable":true,"href":"https:\/\/poisonshops.com\/it\/wp-json\/wp\/v2\/product_brand?post=390"},{"taxonomy":"product_cat","embeddable":true,"href":"https:\/\/poisonshops.com\/it\/wp-json\/wp\/v2\/product_cat?post=390"},{"taxonomy":"product_tag","embeddable":true,"href":"https:\/\/poisonshops.com\/it\/wp-json\/wp\/v2\/product_tag?post=390"}],"curies":[{"name":"wp","href":"https:\/\/api.w.org\/{rel}","templated":true}]}}