{"id":393,"date":"2025-11-20T11:38:23","date_gmt":"2025-11-20T11:38:23","guid":{"rendered":"https:\/\/poisonshops.com\/?post_type=product&#038;p=393"},"modified":"2025-12-02T10:52:31","modified_gmt":"2025-12-02T10:52:31","slug":"acquista-la-soluzione-ssd-online","status":"publish","type":"product","link":"https:\/\/poisonshops.com\/it\/prodotto\/acquista-la-soluzione-ssd-online\/","title":{"rendered":"Soluzione SSD 1 litro"},"content":{"rendered":"<h2>Acquista online la soluzione SSD<\/h2>\n<p>Ottenete il vostro rimborso con la nostra soluzione chimica SSD in vendita. Potete occuparvi di tutte le vostre note dall'aspetto strano con la soluzione chimica SSD Automatic che si \u00e8 dimostrata un'ottima soluzione in America, Europa, Africa, Asia e altri continenti del mondo. Acquistate la soluzione SSD dal miglior fornitore di soluzioni SSD. Acquistate la Soluzione SSD online.<\/p>\n<h2><strong>QUAL \u00c8 LA SOLUZIONE CHIMICA DELL'SSD?<\/strong><\/h2>\n<p>SSD Chemical Solution, SSD Chemical \u00e8 un tipo di prodotto chimico per la pulizia utilizzato da chi vuole pulire il denaro nero a casa. Questa soluzione per la pulizia del denaro nero \u00e8 una soluzione chimica standardizzata generalmente utilizzata per rimuovere le macchie in eccesso da ogni tipo di valuta.\u00a0<a href=\"http:\/\/google.com\/\" target=\"_blank\" rel=\"noopener\">SSD<\/a>\u00a0La sostanza chimica liquida \u00e8 costituita da biossido di mercurio-nitrico liquido di colore marrone, preparato in laboratori chimici e prodotto da aziende altamente certificate con tecnici di laboratorio specializzati.<\/p>\n<h3>Acquistare online la soluzione chimica SSD<\/h3>\n<p>L'autorit\u00e0 legale \u00e8 necessaria anche per le aziende produttrici. Quindi, prima di contattare qualsiasi azienda per la fornitura o per ottenere i servizi di pulizia della valuta, \u00e8 necessario che vi sia la prova dell'autorit\u00e0 legale. La soluzione di pulizia SSD \u00e8 nota anche come soluzione di pulizia magica utilizzata tra le persone per pulire le macchie sulla cartamoneta. Se utilizzata correttamente, pu\u00f2 essere utilizzata anche a casa per pulire il denaro nero e renderlo nuovamente utilizzabile.<\/p>\n<h3><strong>CHE COS'\u00c8 L'SSD?<\/strong><\/h3>\n<p>Il significato completo di SSD \u00e8\u00a0<strong>tensioattivo sintetico detedente<\/strong>. Che in realt\u00e0 \u00e8 un prefisso della parola soluzione chimica. Un prefisso \u00e8 un affisso che viene posto prima del gambo di una parola. Aggiungendolo all'inizio di una parola, la si trasforma in un'altra parola. Ad esempio, quando il prefisso SSD- viene aggiunto alla parola soluzione chimica, si crea la parola SSD soluzione chimica.<\/p>\n<h4><strong>Che cos'\u00e8 una soluzione chimica?\u00a0<\/strong><\/h4>\n<p>In chimica, una soluzione \u00e8 un tipo speciale di miscela omogenea composta da due o pi\u00f9 sostanze. Si parla di soluzione acquosa quando uno dei solventi \u00e8 l'acqua. In una miscela di questo tipo, un soluto \u00e8 una sostanza disciolta in un'altra sostanza, nota come solvente. Il processo di miscelazione di una soluzione avviene su una scala in cui sono coinvolti gli effetti della polarit\u00e0 chimica, con conseguenti interazioni specifiche della solvatazione. Acquista online SSD chemical Solution.<\/p>\n<div id=\"tab-description\" class=\"woocommerce-Tabs-panel woocommerce-Tabs-panel--description panel entry-content active\" role=\"tabpanel\" aria-labelledby=\"tab-title-description\">\n<p>La soluzione assume la fase del solvente quando quest'ultimo \u00e8 la frazione maggiore della miscela, come avviene comunemente. La concentrazione di un soluto in una soluzione \u00e8 la massa di quel soluto espressa come percentuale della massa dell'intera soluzione, rendendola la soluzione #1 per la pulizia del denaro nero deturpato nel settore.<\/p>\n<h4><strong>Che cos'\u00e8 il denaro nero?<\/strong><\/h4>\n<p>In generale, per denaro nero si intende il contante non contabilizzato e non tassato generato da operazioni di economia sommersa, mercato nero o criminalit\u00e0 organizzata, come l'appropriazione indebita, il denaro proveniente dalla droga o le rapine in banca. Nel complesso, qualsiasi forma di enorme quantit\u00e0 di denaro ottenuto in contanti non contabilizzato. I detentori di denaro nero cercano di convertirlo in denaro legittimo (\u2018pulito\u2019 o \u2018bianco\u2019) attraverso il riciclaggio di denaro.<\/p>\n<\/div>\n<div id=\"tab-description\" class=\"woocommerce-Tabs-panel woocommerce-Tabs-panel--description panel entry-content active\" role=\"tabpanel\" aria-labelledby=\"tab-title-description\">\n<p>Un modo importante di riciclare denaro \u00e8 quello di spostare i fondi da un luogo all'altro, il che richiede che il denaro sia ricoperto da timbri di sicurezza, marchi macchiati o rivestiti di nero\/grigio\/rosso o bianco per un trasporto facile e veloce. In questa forma di riciclaggio di denaro, \u00e8 necessario l'uso di una soluzione chimica SSD per eliminare il rivestimento dal denaro e renderlo utilizzabile.<\/p>\n<p>Il denaro nero \u00e8 accumulato da alcune societ\u00e0 che si appropriano di denaro, da funzionari statali, da criminali, da contrabbandieri, da accaparratori, da evasori fiscali e da altri elementi antisociali della societ\u00e0. Circa\u00a0<strong>17,4 trilioni<\/strong>\u00a0Si suppone che i criminali abbiano accumulato dollari per interessi acquisiti in tutto il mondo, anche se le petizioni scritte alla Corte Suprema stimano che la cifra sia ancora pi\u00f9 grande di quella sopra menzionata.<\/p>\n<p>Non si conosce l'ammontare totale del denaro nero depositato in banche estere da privati. Alcuni rapporti affermano che un totale di\u00a0<strong>US$6,06 - $7,4 trilioni di euro<\/strong>\u00a0\u00e8 detenuto illegalmente in Svizzera. Altri rapporti, tra cui quelli dell'Associazione svizzera dei banchieri e del governo svizzero, affermano che queste notizie sono false e inventate e che l'importo totale detenuto in tutti i conti bancari svizzeri da cittadini di vari Paesi \u00e8 di circa $20 trilioni di dollari.<\/p>\n<p>Nel febbraio 2012, il direttore del Central Bureau of Investigation indiano ha dichiarato che gli indiani hanno $900 miliardi di dollari di fondi illegali nei paradisi fiscali esteri, pi\u00f9 di qualsiasi altro Paese. Nel marzo 2012, il governo indiano ha chiarito in parlamento che la dichiarazione del direttore del CBI su $900 miliardi di denaro illegale era una stima basata su una dichiarazione fatta alla Corte Suprema indiana nel luglio 2011.<\/p>\n<h4><strong>SSD Universal Chemical<br \/>\n<\/strong><\/h4>\n<p>La soluzione chimica SSD \u00e8 una soluzione chimica omogenea a base d'acqua utilizzata specificamente per dissolvere e rimuovere il colorante patinato dalle valute deturpate (DOLLARI, PTA, EURO, RUPE, ecc.). Queste valute rivestite possono essere nere, verdi, gialle o bianche. Vengono deturpate o timbrate per evitare inutili problemi di sdoganamento, intercettazioni criminali o di bande durante la consegna dei dollari neri.<\/p>\n<p><img decoding=\"async\" class=\"wp-image-463 aligncenter\" src=\"https:\/\/poisonshops.com\/wp-content\/uploads\/2025\/11\/tttt-1-204x300.png\" alt=\"Negozio di veleni\" width=\"75\" height=\"110\" srcset=\"https:\/\/poisonshops.com\/wp-content\/uploads\/2025\/11\/tttt-1-204x300.png 204w, https:\/\/poisonshops.com\/wp-content\/uploads\/2025\/11\/tttt-1.png 218w\" sizes=\"(max-width: 75px) 100vw, 75px\" \/><\/p>\n<h4>Soluzione chimica SSD in vendita<\/h4>\n<p>Soluzione SSD, Soluzione chimica SSD, Soluzione super SSD, Soluzione universale SSD, Soluzione super automatica SSD, Soluzione SSD PK58, Soluzione definitiva SSD 2018, Polvere di attivazione, Polvere di mercurio, Autenticazione di passaporti e documenti d'identit\u00e0, Banconote false di grado A, Polvere di attivazione e Formula della soluzione Ssd, Soluzione chimica SSD in vendita<\/p>\n<p>Formula chimica anti brezza, Formula chimica di pulizia del dollaro nero, Formula della soluzione di pulizia del dollaro nero, Formula del pulitore del denaro nero, Formula chimica di pulizia della valuta, Preparazione della polvere di Humine, Formula della soluzione chimica Ssd, Formula della soluzione Ssd, Formula della soluzione chimica universale SSD. Soluzione chimica SSD in vendita.<\/p>\n<p><img decoding=\"async\" class=\"wp-image-502 aligncenter\" src=\"https:\/\/poisonshops.com\/wp-content\/uploads\/2025\/11\/Bio-Weapons-240x300.png\" alt=\"Armi biologiche\" width=\"70\" height=\"88\" srcset=\"https:\/\/poisonshops.com\/wp-content\/uploads\/2025\/11\/Bio-Weapons-240x300.png 240w, https:\/\/poisonshops.com\/wp-content\/uploads\/2025\/11\/Bio-Weapons.png 265w\" sizes=\"(max-width: 70px) 100vw, 70px\" \/><\/p>\n<h4><strong>Utilizzare sempre le soluzioni chimiche SSD con la massima attenzione.<\/strong><\/h4>\n<p>Non \u00e8 necessario essere un chimico certificato per applicare la soluzione. Il processo di pulizia \u00e8 piuttosto semplice e privo di rischi se eseguito tenendo conto di tutte le linee guida. Come per qualsiasi prodotto chimico, tuttavia, la prudenza \u00e8 fondamentale. Acquistare SOLUZIONI SSD E MERCURIO LIQUIDO.<\/p>\n<p>Evitare l'esposizione diretta a questa soluzione di lavaggio del denaro nero e adottare misure di protezione per evitare che finisca sulla pelle. Alcuni dei suoi ingredienti possono causare irritazioni se versati sul corpo. In questo caso, assicurarsi di sciacquare l'area interessata con molta acqua. Soluzione automatica SSD di alta qualit\u00e0.<\/p>\n<p>\u00c8 importante seguire le istruzioni di sicurezza quando si puliscono le banconote deturpate con questa sostanza. Noi di Solve Problems abbiamo fatto del nostro meglio per riportarle in modo inequivocabile. Dopo aver acquistato la nostra soluzione chimica SSD, attenetevi ad essa per salvare il vostro denaro nero dal finire in un bidone della spazzatura in tutta sicurezza. Acquistare la soluzione SSD online.<\/p>\n<p><img decoding=\"async\" class=\"wp-image-176 aligncenter\" src=\"https:\/\/poisonshops.com\/wp-content\/uploads\/2025\/11\/poison_shop_logo-300x171.png\" alt=\"Negozi di veleni\" width=\"146\" height=\"83\" srcset=\"https:\/\/poisonshops.com\/wp-content\/uploads\/2025\/11\/poison_shop_logo-300x171.png 300w, https:\/\/poisonshops.com\/wp-content\/uploads\/2025\/11\/poison_shop_logo.png 563w\" sizes=\"(max-width: 146px) 100vw, 146px\" \/><\/p>\n<\/div>","protected":false},"excerpt":{"rendered":"<p>Buy SSD Solution Online Get your money back with our SSD chemical solution for sale. You can take care of all your odd-looking notes with SSD Automatic chemical that has proven to be a great solution in America, Europe, Africa, Asia, and other continents around the world. Buy SSD Solution from the best SSD solution [&hellip;]<\/p>\n","protected":false},"featured_media":394,"comment_status":"open","ping_status":"closed","template":"","meta":[],"product_brand":[],"product_cat":[21],"product_tag":[],"class_list":{"0":"post-393","1":"product","2":"type-product","3":"status-publish","4":"has-post-thumbnail","6":"product_cat-buy-research-chemicals-online","8":"first","9":"instock","10":"shipping-taxable","11":"purchasable","12":"product-type-simple"},"_links":{"self":[{"href":"https:\/\/poisonshops.com\/it\/wp-json\/wp\/v2\/product\/393","targetHints":{"allow":["GET"]}}],"collection":[{"href":"https:\/\/poisonshops.com\/it\/wp-json\/wp\/v2\/product"}],"about":[{"href":"https:\/\/poisonshops.com\/it\/wp-json\/wp\/v2\/types\/product"}],"replies":[{"embeddable":true,"href":"https:\/\/poisonshops.com\/it\/wp-json\/wp\/v2\/comments?post=393"}],"wp:featuredmedia":[{"embeddable":true,"href":"https:\/\/poisonshops.com\/it\/wp-json\/wp\/v2\/media\/394"}],"wp:attachment":[{"href":"https:\/\/poisonshops.com\/it\/wp-json\/wp\/v2\/media?parent=393"}],"wp:term":[{"taxonomy":"product_brand","embeddable":true,"href":"https:\/\/poisonshops.com\/it\/wp-json\/wp\/v2\/product_brand?post=393"},{"taxonomy":"product_cat","embeddable":true,"href":"https:\/\/poisonshops.com\/it\/wp-json\/wp\/v2\/product_cat?post=393"},{"taxonomy":"product_tag","embeddable":true,"href":"https:\/\/poisonshops.com\/it\/wp-json\/wp\/v2\/product_tag?post=393"}],"curies":[{"name":"wp","href":"https:\/\/api.w.org\/{rel}","templated":true}]}}