{"id":137,"date":"2017-12-17T10:06:43","date_gmt":"2017-12-17T10:06:43","guid":{"rendered":"https:\/\/wordpress.gradientthemes.com\/brand-shop\/about\/"},"modified":"2025-11-29T14:33:52","modified_gmt":"2025-11-29T14:33:52","slug":"sklepy-z-truciznami","status":"publish","type":"page","link":"https:\/\/poisonshops.com\/pl\/sklepy-z-truciznami\/","title":{"rendered":"O"},"content":{"rendered":"<div data-elementor-type=\"wp-post\" data-elementor-id=\"137\" class=\"elementor elementor-137\">\n\t\t\t\t<div class=\"elementor-element elementor-element-b4375f3 e-flex e-con-boxed e-con e-parent\" data-id=\"b4375f3\" data-element_type=\"container\" data-e-type=\"container\">\n\t\t\t\t\t<div class=\"e-con-inner\">\n\t\t\t\t<div class=\"elementor-element elementor-element-c2b1470 elementor-widget elementor-widget-text-editor\" data-id=\"c2b1470\" data-element_type=\"widget\" data-e-type=\"widget\" data-widget_type=\"text-editor.default\">\n\t\t\t\t<div class=\"elementor-widget-container\">\n\t\t\t\t\t\t\t\t\t<h2>Sklepy z truciznami<\/h2><p>Witamy w Poison Shops, g\u0142\u00f3wnym \u017ar\u00f3dle wysokiej jako\u015bci, wyspecjalizowanym w najlepszych i najbardziej toksycznych na \u015bwiecie \u015brodkach biochemicznych i toksynach. Dzia\u0142aj\u0105c z naszych obiekt\u00f3w w <strong>Niemcy, Szwajcaria,<\/strong> oraz<strong> Francja<\/strong>, Jeste\u015bmy zaanga\u017cowani w dostarczanie naszym klientom najwy\u017cszej jako\u015bci produkt\u00f3w i us\u0142ug. Nasza koncentracja na bezpiecze\u0144stwie, ochronie i zadowoleniu klienta wyr\u00f3\u017cnia nas w bran\u017cy. Sklep z broni\u0105 biologiczn\u0105.<\/p><p>W <a href=\"https:\/\/poisonshops.com\/pl\/\">Sklepy z truciznami<\/a>, Zapewniamy rygorystyczn\u0105 zgodno\u015b\u0107 z mi\u0119dzynarodowymi regulacjami, stawiaj\u0105c na pierwszym miejscu odpowiedzialne podej\u015bcie.<strong>pakowanie, obs\u0142uga, wysy\u0142ka, <\/strong>oraz <strong>dystrybucja<\/strong> materia\u0142\u00f3w niebezpiecznych. Nasz zesp\u00f3\u0142 jest dobrze wyszkolony i wyposa\u017cony w zaawansowane <strong>\u015brodki ochrony indywidualnej (PPE),<\/strong> a wszystkie przesy\u0142ki zawieraj\u0105 kompleksowe <strong>Karty charakterystyki (SDS)<\/strong> dla Twojej pewno\u015bci i bezpiecze\u0144stwa. Nasz asortyment obejmuje <strong>Trucizna arsenowa, akonityna, batrachotoksyna, toksyna botulinowa, cyjanek, dimetylort\u0119\u0107, maitotoksyna, polon-210, rycyna, sarina, tetrodotoksyna, samob\u00f3jstwo nembutalem<a href=\"https:\/\/duckduckgo.com\/\" target=\"_blank\" rel=\"noopener\">,<\/a>i VR Nerve Agent. najlepsze miejsce do dyskretnego zamawiania trucizny.<\/strong><\/p><p><img decoding=\"async\" class=\"wp-image-502 aligncenter\" src=\"https:\/\/poisonshops.com\/wp-content\/uploads\/2025\/11\/Bio-Weapons-240x300.png\" alt=\"Bro\u0144 biologiczna\" width=\"53\" height=\"66\" srcset=\"https:\/\/poisonshops.com\/wp-content\/uploads\/2025\/11\/Bio-Weapons-240x300.png 240w, https:\/\/poisonshops.com\/wp-content\/uploads\/2025\/11\/Bio-Weapons.png 265w\" sizes=\"(max-width: 53px) 100vw, 53px\" \/><\/p><p>Niezale\u017cnie od tego, czy potrzebujesz naszych trucizn\/toksyn do cel\u00f3w badawczych, lito\u015bciwego zabijania (eutanazji), czy prowadzisz laboratorium badawcze dla Poison Shops lub zamierzasz przeprowadzi\u0107 czystki etniczne, zab\u00f3jstwa, zaufaj Poison Shops, aby uzyska\u0107 niezawodne toksyny z dyskretnymi rozwi\u0105zaniami w zakresie dostaw i bezpiecznymi transakcjami kryptograficznymi. Kupuj chemikalia badawcze online.<\/p><p>Oferujemy r\u00f3\u017cne opcje wysy\u0142ki, w tym <strong>standard <\/strong>oraz<strong> us\u0142ugi ekspresowe,<\/strong> z <strong>bezp\u0142atna wysy\u0142ka<\/strong> przy zam\u00f3wieniach powy\u017cej<strong> \u20ac10,000<\/strong>. W przypadku specjalistycznych wymaga\u0144 zapewniamy <strong>martwy spadek <\/strong>us\u0142uga dla <strong>okre\u015blone wsp\u00f3\u0142rz\u0119dne GPS<\/strong>. Nasze zasady odzwierciedlaj\u0105 nasze zaanga\u017cowanie w bezpieczn\u0105 i wydajn\u0105 obs\u0142ug\u0119, w tym jasn\u0105 polityk\u0119 zwrot\u00f3w i zwrot\u00f3w skoncentrowan\u0105 na nieotrzymanych lub op\u00f3\u017anionych zam\u00f3wieniach.<\/p><p>Bio Weapons jest zaufanym partnerem w bran\u017cy biochemicznej, przestrzegaj\u0105cym najwy\u017cszych standard\u00f3w uczciwo\u015bci, innowacyjno\u015bci i wiedzy specjalistycznej. Dzi\u0119kujemy za wybranie Bio Weapons dla swoich specjalistycznych potrzeb biochemicznych. Kup trucizny.<\/p><p><img decoding=\"async\" class=\"wp-image-489 aligncenter\" src=\"https:\/\/poisonshops.com\/wp-content\/uploads\/2025\/11\/Buy-poisons-and-toxins-anonymously-300x200.jpg\" alt=\"Kupuj trucizny i toksyny anonimowo\" width=\"74\" height=\"49\" srcset=\"https:\/\/poisonshops.com\/wp-content\/uploads\/2025\/11\/Buy-poisons-and-toxins-anonymously-300x200.jpg 300w, https:\/\/poisonshops.com\/wp-content\/uploads\/2025\/11\/Buy-poisons-and-toxins-anonymously-446x297.jpg 446w, https:\/\/poisonshops.com\/wp-content\/uploads\/2025\/11\/Buy-poisons-and-toxins-anonymously.jpg 474w\" sizes=\"(max-width: 74px) 100vw, 74px\" \/><\/p><h3>Kupuj trucizny i toksyny anonimowo<\/h3><p>Obecnie bardziej popularne jest stosowanie cichszych i bardziej skrytych metod zab\u00f3jstwa. Z pomoc\u0105 przychodz\u0105 r\u00f3\u017cne powolne trucizny. Nie ma ju\u017c czego\u015b takiego jak nowo\u015b\u0107 na tym \u015bwiecie, a trucizny by\u0142y r\u00f3wnie\u017c u\u017cywane w cywilizowanych krajach: staro\u017cytnym Egipcie, w Europie w \u015bredniowieczu. W tamtych latach medycyny nie by\u0142o medycyny s\u0105dowej, nikt nie wiedzia\u0142, dlaczego dana osoba zmar\u0142a, wi\u0119c mo\u017cna by\u0142o \u0142atwo zam\u00f3wi\u0107 dowolny rodzaj \u015bmierci u dawnych chemik\u00f3w: powoln\u0105 i torturuj\u0105c\u0105, szybk\u0105 i bezbolesn\u0105, we \u015bnie, atak serca itp.<\/p><p>Obecnie, ze wzgl\u0119du na nowoczesne metody ustalania przyczyny \u015bmierci, niezwykle trudno jest otru\u0107 osob\u0119, zw\u0142aszcza je\u015bli umiera nagle, ludzie natychmiast podejrzewaj\u0105 zatrucie. Trutka na szczury ze sklepu nie wystarczy, badanie kryminalistyczne natychmiast wykryje jej pozosta\u0142o\u015bci we krwi lub uszkodzenie narz\u0105d\u00f3w podczas sekcji zw\u0142ok.\u00a0<\/p><p>Dlatego stosowanie trucizn chemicznych, takich jak cyjanek, rt\u0119\u0107 metylowa, arsen, jest niebezpieczne z prawnego punktu widzenia. Pozostaj\u0105 one w ciele po \u015bmierci, a zewn\u0119trzne oznaki s\u0105 bardzo oczywiste dla specjalist\u00f3w medycyny s\u0105dowej.<\/p><p>Tworz\u0119 starannie wyselekcjonowane organiczne trucizny o d\u0142ugotrwa\u0142ym dzia\u0142aniu i syntetyzuj\u0119 przebranie jako serum do niekt\u00f3rych z nich. Po co wymy\u015bla\u0107 co\u015b, skoro natura ju\u017c to zrobi\u0142a?<\/p><p>Tworz\u0119 starannie wyselekcjonowane organiczne trucizny o d\u0142ugotrwa\u0142ym dzia\u0142aniu i syntetyzuj\u0119 przebranie jako serum do niekt\u00f3rych z nich. Po co wymy\u015bla\u0107 co\u015b, skoro natura ju\u017c to zrobi\u0142a?<\/p><p>Bardzo \u0142atwo jest otru\u0107 ludzi, cz\u0119sto mo\u017cna us\u0142ysze\u0107 w lokalnych wiadomo\u015bciach o \u015bmierci babci z powodu zatrucia z powodu z\u0142ej jako\u015bci mi\u0119sa z rynku, a babcia mieszka\u0142a sama w 2-pokojowym mieszkaniu... Kupuj chemikalia badawcze online.<\/p><p>Jakie dowody mog\u0119 przedstawi\u0107, \u017ce nie jestem studentem, kt\u00f3ry stworzy\u0142 stron\u0119 internetow\u0105 oszukuj\u0105c\u0105 ludzi tylko po to, by zwi\u0105za\u0107 koniec z ko\u0144cem? Po pierwsze, od razu to zrozumiesz, gdy ze mn\u0105 porozmawiasz, ale do\u0142\u0105cz\u0119 te\u017c kilka zdj\u0119\u0107 mojego laboratorium:<\/p><h4>Kup chemikalia badawcze online<\/h4><p><img decoding=\"async\" class=\"wp-image-176 aligncenter\" src=\"https:\/\/poisonshops.com\/wp-content\/uploads\/2025\/11\/poison_shop_logo-300x171.png\" alt=\"Sklepy z truciznami\" width=\"70\" height=\"40\" srcset=\"https:\/\/poisonshops.com\/wp-content\/uploads\/2025\/11\/poison_shop_logo-300x171.png 300w, https:\/\/poisonshops.com\/wp-content\/uploads\/2025\/11\/poison_shop_logo.png 563w\" sizes=\"(max-width: 70px) 100vw, 70px\" \/><\/p>\t\t\t\t\t\t\t\t<\/div>\n\t\t\t\t<\/div>\n\t\t\t\t\t<\/div>\n\t\t\t\t<\/div>\n\t\t\t\t<\/div>","protected":false},"excerpt":{"rendered":"<p>Poison Shops Welcome to Poison Shops \u00a0your premier source for high-quality, specialized in top-tier and world most toxic biochemical agents and toxins. Operating from our facilities in Germany, Switzerland, and France, we are committed to providing our clients with top-tier products and services. Our focus on safety, security, and customer satisfaction sets us apart in [&hellip;]<\/p>\n","protected":false},"author":1,"featured_media":0,"parent":0,"menu_order":0,"comment_status":"closed","ping_status":"closed","template":"elementor_header_footer","meta":{"footnotes":""},"class_list":["post-137","page","type-page","status-publish","hentry"],"_links":{"self":[{"href":"https:\/\/poisonshops.com\/pl\/wp-json\/wp\/v2\/pages\/137","targetHints":{"allow":["GET"]}}],"collection":[{"href":"https:\/\/poisonshops.com\/pl\/wp-json\/wp\/v2\/pages"}],"about":[{"href":"https:\/\/poisonshops.com\/pl\/wp-json\/wp\/v2\/types\/page"}],"author":[{"embeddable":true,"href":"https:\/\/poisonshops.com\/pl\/wp-json\/wp\/v2\/users\/1"}],"replies":[{"embeddable":true,"href":"https:\/\/poisonshops.com\/pl\/wp-json\/wp\/v2\/comments?post=137"}],"version-history":[{"count":34,"href":"https:\/\/poisonshops.com\/pl\/wp-json\/wp\/v2\/pages\/137\/revisions"}],"predecessor-version":[{"id":508,"href":"https:\/\/poisonshops.com\/pl\/wp-json\/wp\/v2\/pages\/137\/revisions\/508"}],"wp:attachment":[{"href":"https:\/\/poisonshops.com\/pl\/wp-json\/wp\/v2\/media?parent=137"}],"curies":[{"name":"wp","href":"https:\/\/api.w.org\/{rel}","templated":true}]}}