{"id":418,"date":"2025-11-20T11:56:12","date_gmt":"2025-11-20T11:56:12","guid":{"rendered":"https:\/\/poisonshops.com\/?page_id=418"},"modified":"2025-12-01T12:00:53","modified_gmt":"2025-12-01T12:00:53","slug":"wytyczne-dotyczace-srodkow-ochrony-indywidualnej","status":"publish","type":"page","link":"https:\/\/poisonshops.com\/pl\/wytyczne-dotyczace-srodkow-ochrony-indywidualnej\/","title":{"rendered":"Wytyczne dotycz\u0105ce \u015brodk\u00f3w ochrony indywidualnej"},"content":{"rendered":"<div data-elementor-type=\"wp-page\" data-elementor-id=\"418\" class=\"elementor elementor-418\">\n\t\t\t\t<div class=\"elementor-element elementor-element-0dae480 e-flex e-con-boxed e-con e-parent\" data-id=\"0dae480\" data-element_type=\"container\" data-e-type=\"container\">\n\t\t\t\t\t<div class=\"e-con-inner\">\n\t\t\t\t<div class=\"elementor-element elementor-element-3c24701 elementor-widget elementor-widget-text-editor\" data-id=\"3c24701\" data-element_type=\"widget\" data-e-type=\"widget\" data-widget_type=\"text-editor.default\">\n\t\t\t\t<div class=\"elementor-widget-container\">\n\t\t\t\t\t\t\t\t\t<div id=\"primary\" class=\"content-area\"><main id=\"main\" class=\"site-main\"><\/main><article id=\"post-389666\" class=\"post-389666 page type-page status-publish\"><div class=\"inside-article\"><header class=\"entry-header\"><h2 class=\"entry-title\">Kompleksowe wytyczne dotycz\u0105ce \u015brodk\u00f3w ochrony indywidualnej dla bezpiecznego obchodzenia si\u0119 z substancjami toksycznymi<\/h2><\/header><div class=\"entry-content\"><p>Oto szczeg\u00f3\u0142owe zalecenia dotycz\u0105ce \u015brodk\u00f3w ochrony indywidualnej (\u015aOI) do obchodzenia si\u0119 z ka\u017cd\u0105 z wymienionych substancji toksycznych, skupiaj\u0105ce si\u0119 na najskuteczniejszym sprz\u0119cie w oparciu o konkretne zagro\u017cenia zwi\u0105zane z ka\u017cd\u0105 substancj\u0105:<\/p><h3 class=\"wp-block-heading\">1. <strong>Trucizna arsenowa<\/strong><\/h3><ul class=\"wp-block-list\"><li><strong>R\u0119kawiczki<\/strong>: R\u0119kawiczki nitrylowe lub lateksowe \u2013 zapewniaj\u0105 odporno\u015b\u0107 chemiczn\u0105 i zapobiegaj\u0105 kontaktowi ze sk\u00f3r\u0105.<\/li><li><strong>Ochrona oczu<\/strong>: Okulary ochronne \u2013 chroni\u0105 przed rozpryskami.<\/li><li><strong>Ochrona twarzy<\/strong>: Os\u0142ona twarzy \u2013 zapewnia dodatkow\u0105 ochron\u0119 twarzy i szyi.<\/li><li><strong>Odzie\u017c<\/strong>: Fartuch laboratoryjny lub jednorazowy kombinezon \u2013 chroni odzie\u017c i sk\u00f3r\u0119 przed zanieczyszczeniem.<\/li><li><strong>Ochrona dr\u00f3g oddechowych<\/strong>: Maska oddechowa N95 lub wy\u017csza \u2013 filtruje cz\u0105steczki unosz\u0105ce si\u0119 w powietrzu.<\/li><\/ul><p><strong>Pow\u00f3d<\/strong>Arsen mo\u017ce powodowa\u0107 podra\u017cnienia sk\u00f3ry i dr\u00f3g oddechowych. \u015arodki ochrony indywidualnej zapobiegaj\u0105 bezpo\u015bredniemu kontaktowi i wdychaniu.<\/p><h3 class=\"wp-block-heading\">2. <strong>Akonityna<\/strong><\/h3><ul class=\"wp-block-list\"><li><strong>R\u0119kawiczki<\/strong>R\u0119kawiczki nitrylowe \u2013 odporne na chemikalia i zapobiegaj\u0105ce wch\u0142anianiu przez sk\u00f3r\u0119.<\/li><li><strong>Ochrona oczu<\/strong>: Okulary ochronne \u2013 chroni\u0105 oczy przed ewentualnymi rozpryskami.<\/li><li><strong>Ochrona twarzy<\/strong>: Os\u0142ona twarzy \u2013 dodatkowa ochrona twarzy przed rozpryskami.<\/li><li><strong>Odzie\u017c<\/strong>: Fartuch laboratoryjny lub kombinezon jednorazowy \u2013 chroni sk\u00f3r\u0119 przed zanieczyszczeniem.<\/li><li><strong>Ochrona dr\u00f3g oddechowych<\/strong>: Maska oddechowa P100 \u2013 zapewnia ochron\u0119 przed drobnymi cz\u0105stkami sta\u0142ymi.<\/li><\/ul><p><strong>Pow\u00f3d<\/strong>: <a href=\"https:\/\/poisonshops.com\/pl\/\">Akonityna<\/a> jest wysoce toksyczny i mo\u017ce by\u0107 wch\u0142aniany przez sk\u00f3r\u0119, co wymaga stosowania kompleksowych \u015brodk\u00f3w ochrony indywidualnej.<\/p><h3 class=\"wp-block-heading\">3. <strong>Batrachotoksyna<\/strong><\/h3><ul class=\"wp-block-list\"><li><strong>R\u0119kawiczki<\/strong>R\u0119kawice z kauczuku butylowego \u2013 zapewniaj\u0105 doskona\u0142\u0105 ochron\u0119 przed substancjami wysoce toksycznymi.<\/li><li><strong>Ochrona oczu<\/strong>: Okulary ochronne \u2013 zapobiegaj\u0105 nara\u017ceniu oczu.<\/li><li><strong>Ochrona twarzy<\/strong>: Pe\u0142na os\u0142ona twarzy \u2013 niezb\u0119dna podczas pracy z materia\u0142ami o wysokiej toksyczno\u015bci.<\/li><li><strong>Odzie\u017c<\/strong>: Kombinezon ochronny na ca\u0142e cia\u0142o \u2013 chroni przed kontaktem ze sk\u00f3r\u0105.<\/li><li><strong>Ochrona dr\u00f3g oddechowych<\/strong>: Respirator z dop\u0142ywem powietrza \u2013 zapewnia ochron\u0119 przed wdychaniem toksyn zawartych w powietrzu.<\/li><\/ul><p><strong>Pow\u00f3d<\/strong>: Batrachotoksyna jest niezwykle toksyczna i wymaga pe\u0142nej ochrony cia\u0142a, aby zapobiec jakiemukolwiek nara\u017ceniu.<\/p><h3 class=\"wp-block-heading\">4. <strong>Toksyna botulinowa<\/strong><\/h3><ul class=\"wp-block-list\"><li><strong>R\u0119kawiczki<\/strong>: R\u0119kawiczki nitrylowe \u2013 odporne na toksyny i chroni\u0105ce d\u0142onie.<\/li><li><strong>Ochrona oczu<\/strong>: Okulary ochronne \u2013 zapobiegaj\u0105 kontaktowi z oczami.<\/li><li><strong>Ochrona twarzy<\/strong>: Os\u0142ona twarzy \u2013 zapewnia dodatkow\u0105 ochron\u0119 twarzy<a href=\"https:\/\/duckduckgo.com\/\" target=\"_blank\" rel=\"noopener\">.<\/a><\/li><li><strong>Odzie\u017c<\/strong>: Fartuch laboratoryjny lub jednorazowy kombinezon \u2013 chroni przed zanieczyszczeniem.<\/li><li><strong>Ochrona dr\u00f3g oddechowych<\/strong>: Respirator P100 lub wy\u017cszy \u2013 filtruje cz\u0105steczki zawarte w powietrzu.<\/li><\/ul><p><strong>Pow\u00f3d<\/strong>: Toksyna botulinowa jest wysoce toksyczna, dlatego niezwykle wa\u017cne jest zapobieganie wszelkim formom nara\u017cenia na jej dzia\u0142anie.<\/p><h3 class=\"wp-block-heading\">5. <strong>Cyjanek<\/strong><\/h3><ul class=\"wp-block-list\"><li><strong>R\u0119kawiczki<\/strong>: R\u0119kawice nitrylowe lub neoprenowe \u2013 odporne na chemikalia i chroni\u0105ce sk\u00f3r\u0119.<\/li><li><strong>Ochrona oczu<\/strong>: Okulary ochronne \u2013 chroni\u0105 przed rozpryskami.<\/li><li><strong>Ochrona twarzy<\/strong>: Os\u0142ona twarzy \u2013 dodatkowa ochrona twarzy.<\/li><li><strong>Odzie\u017c<\/strong>: Odporny na chemikalia fartuch laboratoryjny lub kombinezon \u2013 zapobiega nara\u017ceniu sk\u00f3ry.<\/li><li><strong>Ochrona dr\u00f3g oddechowych<\/strong>: Pe\u0142na maska oddechowa z odpowiednimi filtrami \u2013 chroni przed wdychaniem toksycznych opar\u00f3w.<\/li><\/ul><p><strong>Pow\u00f3d<\/strong>Cyjanek jest siln\u0105 trucizn\u0105 i mo\u017ce by\u0107 wch\u0142aniany przez sk\u00f3r\u0119 lub wdychany, co wymaga stosowania kompleksowych \u015brodk\u00f3w ochrony indywidualnej.<\/p><h3 class=\"wp-block-heading\">6. <strong>Dimetylort\u0119\u0107<\/strong><\/h3><ul class=\"wp-block-list\"><li><strong>R\u0119kawiczki<\/strong>R\u0119kawice z kauczuku butylowego \u2013 zapewniaj\u0105 wysok\u0105 odporno\u015b\u0107 chemiczn\u0105.<\/li><li><strong>Ochrona oczu<\/strong>: Okulary ochronne \u2013 chroni\u0105 oczy przed nara\u017ceniem.<\/li><li><strong>Ochrona twarzy<\/strong>: Pe\u0142na os\u0142ona twarzy \u2013 zapewnia ca\u0142kowit\u0105 ochron\u0119 twarzy.<\/li><li><strong>Odzie\u017c<\/strong>: Kombinezon chemiczny zakrywaj\u0105cy ca\u0142e cia\u0142o \u2013 zapewnia ca\u0142kowit\u0105 ochron\u0119 przed ska\u017ceniem.<\/li><li><strong>Ochrona dr\u00f3g oddechowych<\/strong>: Aparat oddechowy z dop\u0142ywem powietrza \u2013 niezb\u0119dny ze wzgl\u0119du na wysok\u0105 toksyczno\u015b\u0107 i ryzyko parowania.<\/li><\/ul><p><strong>Pow\u00f3d<\/strong>: Dimetylort\u0119\u0107 jest niezwykle toksyczna i lotna, co wymaga stosowania \u015brodk\u00f3w ochrony indywidualnej wysokiego poziomu, aby zapobiec jakiejkolwiek ekspozycji.<\/p><p><img decoding=\"async\" class=\"wp-image-462 aligncenter\" src=\"https:\/\/poisonshops.com\/wp-content\/uploads\/2025\/11\/tttt-204x300.png\" alt=\"Wytyczne dotycz\u0105ce \u015brodk\u00f3w ochrony indywidualnej (PPE) dla bezpiecznego obchodzenia si\u0119 z substancjami toksycznymi\" width=\"90\" height=\"133\" srcset=\"https:\/\/poisonshops.com\/wp-content\/uploads\/2025\/11\/tttt-204x300.png 204w, https:\/\/poisonshops.com\/wp-content\/uploads\/2025\/11\/tttt.png 218w\" sizes=\"(max-width: 90px) 100vw, 90px\" \/><\/p><h3 class=\"wp-block-heading\">7. <strong>Maitotoksyna<\/strong><\/h3><ul class=\"wp-block-list\"><li><strong>R\u0119kawiczki<\/strong>: R\u0119kawiczki nitrylowe \u2013 chroni\u0105 przed kontaktem ze sk\u00f3r\u0105.<\/li><li><strong>Ochrona oczu<\/strong>: Okulary ochronne \u2013 zapobiegaj\u0105 nara\u017ceniu oczu.<\/li><li><strong>Ochrona twarzy<\/strong>: Os\u0142ona twarzy \u2013 zapewnia dodatkow\u0105 ochron\u0119 twarzy.<\/li><li><strong>Odzie\u017c<\/strong>: Fartuch laboratoryjny lub kombinezon \u2013 chroni odzie\u017c i sk\u00f3r\u0119.<\/li><li><strong>Ochrona dr\u00f3g oddechowych<\/strong>: Maska oddechowa N95 lub wy\u017csza \u2013 filtruje cz\u0105steczki zawarte w powietrzu.<\/li><\/ul><p><strong>Pow\u00f3d<\/strong>: Maitotoksyna jest wysoce toksyczna, dlatego nale\u017cy u\u017cywa\u0107 r\u0119kawiczek i odzie\u017cy ochronnej, aby unikn\u0105\u0107 kontaktu z ni\u0105.<\/p><h3 class=\"wp-block-heading\">8. <strong>Polon-210<\/strong><\/h3><ul class=\"wp-block-list\"><li><strong>R\u0119kawiczki<\/strong>R\u0119kawice z wy\u015bci\u00f3\u0142k\u0105 o\u0142owian\u0105 \u2013 zapewniaj\u0105 ochron\u0119 przed promieniowaniem.<\/li><li><strong>Ochrona oczu<\/strong>: Okulary ochronne \u2013 chroni\u0105 oczy przed zanieczyszczeniem.<\/li><li><strong>Ochrona twarzy<\/strong>: Os\u0142ona twarzy z wy\u015bci\u00f3\u0142k\u0105 o\u0142owian\u0105 \u2013 zapewnia dodatkow\u0105 ochron\u0119 przed promieniowaniem.<\/li><li><strong>Odzie\u017c<\/strong>: Fartuch laboratoryjny z wy\u015bci\u00f3\u0142k\u0105 o\u0142owian\u0105 \u2013 chroni przed promieniowaniem.<\/li><li><strong>Ochrona dr\u00f3g oddechowych<\/strong>: Zazwyczaj nie jest to wymagane, chyba \u017ce podczas obs\u0142ugi wyst\u0119puje zanieczyszczenie powietrza.<\/li><\/ul><p><strong>Pow\u00f3d<\/strong>Polon-210 jest radioaktywny, wi\u0119c \u015brodki ochrony indywidualnej wy\u0142o\u017cone o\u0142owiem s\u0105 niezb\u0119dne do ochrony przed promieniowaniem.<\/p><h3 class=\"wp-block-heading\">9. <strong>Rycyna<\/strong><\/h3><ul class=\"wp-block-list\"><li><strong>R\u0119kawiczki<\/strong>R\u0119kawiczki nitrylowe \u2013 zapewniaj\u0105 odporno\u015b\u0107 chemiczn\u0105 i zapobiegaj\u0105 kontaktowi ze sk\u00f3r\u0105.<\/li><li><strong>Ochrona oczu<\/strong>: Okulary ochronne \u2013 chroni\u0105 oczy przed nara\u017ceniem.<\/li><li><strong>Ochrona twarzy<\/strong>: Os\u0142ona na ca\u0142\u0105 twarz \u2013 zapewnia dodatkow\u0105 ochron\u0119.<\/li><li><strong>Odzie\u017c<\/strong>: Fartuch laboratoryjny lub kombinezon jednorazowy \u2013 chroni sk\u00f3r\u0119.<\/li><li><strong>Ochrona dr\u00f3g oddechowych<\/strong>: Maska oddechowa P100 \u2013 filtruje cz\u0105stki sta\u0142e i aerozole.<\/li><\/ul><p><strong>Pow\u00f3d<\/strong>Rycyna jest wysoce toksyczna i mo\u017ce by\u0107 wch\u0142aniana przez sk\u00f3r\u0119 lub wdychana, co wymaga stosowania kompleksowych \u015brodk\u00f3w ochrony indywidualnej.<\/p><h3 class=\"wp-block-heading\">10. <strong>Sarin<\/strong><\/h3><ul class=\"wp-block-list\"><li><strong>R\u0119kawiczki<\/strong>R\u0119kawice z kauczuku butylowego \u2013 zapewniaj\u0105 ochron\u0119 przed \u015brodkami chemicznymi.<\/li><li><strong>Ochrona oczu<\/strong>: Okulary ochronne \u2013 chroni\u0105 przed rozpryskami.<\/li><li><strong>Ochrona twarzy<\/strong>: Pe\u0142na os\u0142ona twarzy \u2013 niezb\u0119dna podczas pracy z \u015brodkami paralityczno-drgawkowymi.<\/li><li><strong>Odzie\u017c<\/strong>: Kombinezon chemiczny zakrywaj\u0105cy ca\u0142e cia\u0142o \u2013 zapewnia ochron\u0119 przed ska\u017ceniem.<\/li><li><strong>Ochrona dr\u00f3g oddechowych<\/strong>: Respirator z dop\u0142ywem powietrza \u2013 niezb\u0119dny do ochrony przed oparami \u015brodk\u00f3w paralityczno-drgawkowych.<\/li><\/ul><p><strong>Pow\u00f3d<\/strong>: Sarin jest \u015brodkiem paralityczno-drgawkowym, kt\u00f3ry ze wzgl\u0119du na swoj\u0105 wysok\u0105 toksyczno\u015b\u0107 wymaga stosowania pe\u0142nego wyposa\u017cenia ochronnego.<\/p><h3 class=\"wp-block-heading\">11. <strong>Tetrodotoksyna<\/strong><\/h3><ul class=\"wp-block-list\"><li><strong>R\u0119kawiczki<\/strong>: R\u0119kawice nitrylowe \u2013 zapewniaj\u0105 ochron\u0119 przed substancjami toksycznymi.<\/li><li><strong>Ochrona oczu<\/strong>: Okulary ochronne \u2013 zapobiegaj\u0105 nara\u017ceniu oczu.<\/li><li><strong>Ochrona twarzy<\/strong>: Os\u0142ona twarzy \u2013 zapewnia dodatkow\u0105 ochron\u0119.<\/li><li><strong>Odzie\u017c<\/strong>: Fartuch laboratoryjny lub jednorazowy kombinezon \u2013 chroni przed zanieczyszczeniem.<\/li><li><strong>Ochrona dr\u00f3g oddechowych<\/strong>: Maska oddechowa N95 \u2013 filtruje cz\u0105steczki zawarte w powietrzu.<\/li><\/ul><p><strong>Pow\u00f3d<\/strong>: Tetrodotoksyna jest niezwykle toksyczna, dlatego aby zapobiec nara\u017ceniu, konieczne jest stosowanie pe\u0142nego wyposa\u017cenia ochronnego.<\/p><h3 class=\"wp-block-heading\">12. <strong>VR \u015arodek paralityczno-drgawkowy<\/strong><\/h3><ul class=\"wp-block-list\"><li><strong>R\u0119kawiczki<\/strong>R\u0119kawice z kauczuku butylowego \u2013 bardzo odporne na \u015brodki paralityczno-drgawkowe.<\/li><li><strong>Ochrona oczu<\/strong>: Okulary ochronne \u2013 chroni\u0105 oczy przed nara\u017ceniem.<\/li><li><strong>Ochrona twarzy<\/strong>: Pe\u0142na os\u0142ona twarzy \u2013 niezb\u0119dna dla zapewnienia pe\u0142nej ochrony.<\/li><li><strong>Odzie\u017c<\/strong>: Kombinezon chemiczny chroni\u0105cy ca\u0142e cia\u0142o \u2013 chroni przed kontaktem z \u015brodkami paralityczno-drgawkowymi.<\/li><li><strong>Ochrona dr\u00f3g oddechowych<\/strong>: Respirator z dop\u0142ywem powietrza \u2013 zapewnia czyste powietrze i ochron\u0119 przed wdychaniem toksycznych opar\u00f3w.<\/li><\/ul><p><strong>Pow\u00f3d<\/strong>: \u015arodki paralityczno-drgawkowe VR s\u0105 wysoce toksyczne i wymagaj\u0105 stosowania kompleksowych \u015brodk\u00f3w ochrony indywidualnej, aby zapobiec nara\u017ceniu wszystkimi mo\u017cliwymi drogami.<\/p><p>W przypadku ka\u017cdej toksyny kluczowe znaczenie ma przestrzeganie ustalonych protoko\u0142\u00f3w bezpiecze\u0144stwa oraz zapewnienie, \u017ce wszystkie \u015brodki ochrony indywidualnej s\u0105 odpowiednio dopasowane, konserwowane i u\u017cywane zgodnie z instrukcjami producenta i wytycznymi bezpiecze\u0144stwa.<\/p><p><img decoding=\"async\" class=\"wp-image-176 aligncenter\" src=\"https:\/\/poisonshops.com\/wp-content\/uploads\/2025\/11\/poison_shop_logo-300x171.png\" alt=\"Sklepy z truciznami\" width=\"122\" height=\"70\" srcset=\"https:\/\/poisonshops.com\/wp-content\/uploads\/2025\/11\/poison_shop_logo-300x171.png 300w, https:\/\/poisonshops.com\/wp-content\/uploads\/2025\/11\/poison_shop_logo.png 563w\" sizes=\"(max-width: 122px) 100vw, 122px\" \/><\/p><\/div><\/div><\/article><\/div>\t\t\t\t\t\t\t\t<\/div>\n\t\t\t\t<\/div>\n\t\t\t\t\t<\/div>\n\t\t\t\t<\/div>\n\t\t\t\t<\/div>","protected":false},"excerpt":{"rendered":"<p>Comprehensive PPE Guidelines for Safe Handling of Toxic Substances Here\u2019s a detailed recommendation of personal protective equipment (PPE) for handling each of the listed toxins, focusing on the most effective gear based on the specific hazards associated with each substance: 1. Arsenic Poison Gloves: Nitrile or latex gloves \u2013 Provide chemical resistance and prevent skin [&hellip;]<\/p>\n","protected":false},"author":1,"featured_media":0,"parent":0,"menu_order":0,"comment_status":"closed","ping_status":"closed","template":"","meta":{"footnotes":""},"class_list":["post-418","page","type-page","status-publish","hentry"],"_links":{"self":[{"href":"https:\/\/poisonshops.com\/pl\/wp-json\/wp\/v2\/pages\/418","targetHints":{"allow":["GET"]}}],"collection":[{"href":"https:\/\/poisonshops.com\/pl\/wp-json\/wp\/v2\/pages"}],"about":[{"href":"https:\/\/poisonshops.com\/pl\/wp-json\/wp\/v2\/types\/page"}],"author":[{"embeddable":true,"href":"https:\/\/poisonshops.com\/pl\/wp-json\/wp\/v2\/users\/1"}],"replies":[{"embeddable":true,"href":"https:\/\/poisonshops.com\/pl\/wp-json\/wp\/v2\/comments?post=418"}],"version-history":[{"count":7,"href":"https:\/\/poisonshops.com\/pl\/wp-json\/wp\/v2\/pages\/418\/revisions"}],"predecessor-version":[{"id":550,"href":"https:\/\/poisonshops.com\/pl\/wp-json\/wp\/v2\/pages\/418\/revisions\/550"}],"wp:attachment":[{"href":"https:\/\/poisonshops.com\/pl\/wp-json\/wp\/v2\/media?parent=418"}],"curies":[{"name":"wp","href":"https:\/\/api.w.org\/{rel}","templated":true}]}}