{"id":439,"date":"2025-11-20T12:15:58","date_gmt":"2025-11-20T12:15:58","guid":{"rendered":"https:\/\/poisonshops.com\/?page_id=439"},"modified":"2025-12-01T11:33:18","modified_gmt":"2025-12-01T11:33:18","slug":"kup-trucizny-online","status":"publish","type":"page","link":"https:\/\/poisonshops.com\/pl\/kup-trucizny-online\/","title":{"rendered":"Kontakt"},"content":{"rendered":"<div data-elementor-type=\"wp-page\" data-elementor-id=\"439\" class=\"elementor elementor-439\">\n\t\t\t\t<div class=\"elementor-element elementor-element-ac71f13 e-flex e-con-boxed e-con e-parent\" data-id=\"ac71f13\" data-element_type=\"container\" data-e-type=\"container\">\n\t\t\t\t\t<div class=\"e-con-inner\">\n\t\t\t\t<div class=\"elementor-element elementor-element-b8aef59 elementor-widget elementor-widget-text-editor\" data-id=\"b8aef59\" data-element_type=\"widget\" data-e-type=\"widget\" data-widget_type=\"text-editor.default\">\n\t\t\t\t<div class=\"elementor-widget-container\">\n\t\t\t\t\t\t\t\t\t<div id=\"primary\" class=\"content-area\"><main id=\"main\" class=\"site-main\"><\/main><article id=\"post-298\" class=\"post-298 page type-page status-publish\"><div class=\"inside-article\"><div class=\"entry-content\"><p class=\"has-text-align-left\">Kup trucizny online; Jeste\u015bmy tutaj, aby pom\u00f3c Ci w przypadku jakichkolwiek pyta\u0144 lub w\u0105tpliwo\u015bci. Prosimy o kontakt za po\u015brednictwem nast\u0119puj\u0105cych metod:<\/p><p><img fetchpriority=\"high\" decoding=\"async\" class=\"size-medium wp-image-502 alignleft\" src=\"https:\/\/poisonshops.com\/wp-content\/uploads\/2025\/11\/Bio-Weapons-240x300.png\" alt=\"Bro\u0144 biologiczna\" width=\"240\" height=\"300\" srcset=\"https:\/\/poisonshops.com\/wp-content\/uploads\/2025\/11\/Bio-Weapons-240x300.png 240w, https:\/\/poisonshops.com\/wp-content\/uploads\/2025\/11\/Bio-Weapons.png 265w\" sizes=\"(max-width: 240px) 100vw, 240px\" \/><\/p><div class=\"wp-block-columns is-layout-flex wp-container-core-columns-is-layout-9d6595d7 wp-block-columns-is-layout-flex\"><div class=\"wp-block-column is-layout-flow wp-block-column-is-layout-flow\"><div class=\"wp-block-image\">\u00a0<\/div><\/div><div class=\"wp-block-column is-layout-flow wp-block-column-is-layout-flow\"><p><mark class=\"has-inline-color\"><\/mark><span style=\"color: #000!important;\"><b>E-mail:<\/b><\/span><a class=\"info-box_link\" href=\"mailto:Ps35dk@proton.me\"><strong><span style=\"color: #ff0000;\">Ps35dk@proton.me<\/span><\/strong><\/a><\/p><\/div><\/div><p>W przypadku pyta\u0144 dotycz\u0105cych zam\u00f3wie\u0144, wysy\u0142ki lub informacji o produktach, nasz zesp\u00f3\u0142 jest gotowy do pomocy. Dzi\u0119kujemy za wybranie Poison Shops. Czekamy na wiadomo\u015b\u0107 od Ciebie!<\/p><\/div><\/div><\/article><\/div>\t\t\t\t\t\t\t\t<\/div>\n\t\t\t\t<\/div>\n\t\t\t\t\t<\/div>\n\t\t\t\t<\/div>\n\t\t<div class=\"elementor-element elementor-element-8502aa0 e-flex e-con-boxed e-con e-parent\" data-id=\"8502aa0\" data-element_type=\"container\" data-e-type=\"container\">\n\t\t\t\t\t<div class=\"e-con-inner\">\n\t\t\t\t<div class=\"elementor-element elementor-element-3d1bb0a elementor-widget elementor-widget-text-editor\" data-id=\"3d1bb0a\" data-element_type=\"widget\" data-e-type=\"widget\" data-widget_type=\"text-editor.default\">\n\t\t\t\t<div class=\"elementor-widget-container\">\n\t\t\t\t\t\t\t\t\t<h3>Kup trucizny online<\/h3><p>Witamy w <img decoding=\"async\" class=\"emoji\" role=\"img\" draggable=\"false\" src=\"https:\/\/s.w.org\/images\/core\/emoji\/16.0.1\/svg\/26a0.svg\" alt=\"\u26a0\ufe0f\" \/><a href=\"https:\/\/poisonshops.com\/pl\/\">Sklep z truciznami<\/a>, gdzie nauka spotyka si\u0119 z precyzj\u0105. Jeste\u015bmy wiod\u0105cym \u015bwiatowym dostawc\u0105 silnych trucizn i \u015brodk\u00f3w chemicznych do bada\u0144 i u\u017cytku osobistego, ciesz\u0105cym si\u0119 zaufaniem klient\u00f3w indywidualnych.<a href=\"https:\/\/duckduckgo.com\/\" target=\"_blank\" rel=\"noopener\">,<\/a> laboratori\u00f3w i organizacji. Od naturalnych toksyn po chemikalia przemys\u0142owe i \u015brodki paralityczno-drgawkowe, zapewniamy najbardziej wszechstronn\u0105 gam\u0119 trucizn na rynku. Sklepy z truciznami.<\/p><p>Poznaj nasz\u0105 szerok\u0105 gam\u0119 trucizn<br \/>Oferujemy 40 najbardziej \u015bmierciono\u015bnych trucizn na \u015bwiecie, dost\u0119pnych w postaci p\u0142ynnej, rozpylonej lub sta\u0142ej, zaprojektowanych tak, aby dok\u0142adnie spe\u0142nia\u0142y Twoje wymagania. Niezale\u017cnie od tego, czy potrzebujesz szybko dzia\u0142aj\u0105cej neurotoksyny, \u015brodka chemicznego czy naturalnego jadu, Bio Weapons gwarantuje najwy\u017csz\u0105 czysto\u015b\u0107 dla krytycznych zastosowa\u0144.<\/p><p><img decoding=\"async\" class=\"size-full wp-image-28 aligncenter\" src=\"https:\/\/poisonshops.com\/wp-content\/uploads\/2021\/12\/30-Day-Guarantee-1.png\" alt=\"Kupuj trucizny online\" width=\"300\" height=\"248\" \/><\/p><p>Portfolio produkt\u00f3w<br \/>Naturalne toksyny:<\/p><p>Toksyna botulinowa - najsilniejszy \u015brodek parali\u017cuj\u0105cy.<br \/>Ricin &amp; Abrin - inhibitory syntezy bia\u0142ek o szybkim dzia\u0142aniu.<br \/>Tetrodotoksyna i saksytoksyna - toksyny morskie wp\u0142ywaj\u0105ce na szlaki neurologiczne.<br \/>Batrachotoksyna - z truj\u0105cych \u017cab, idealna do bada\u0144 kana\u0142\u00f3w jonowych.<br \/>Konotoksyny i Ciguatoksyna - jady do zaawansowanych bada\u0144 neurotoksycznych.<br \/>Trucizny chemiczne i \u015brodki nerwowe:<\/p><p>VX, Sarin, Tabun i Soman - silnie dzia\u0142aj\u0105ce \u015brodki paralityczno-drgawkowe do bada\u0144.<br \/>Cyjanek sodu i cyjanowod\u00f3r - natychmiastowe blokery oddychania kom\u00f3rkowego.<br \/>Tr\u00f3jtlenek arsenu, polon-210, tal i rt\u0119\u0107 - idealne do toksykologii.<br \/>Trucizny pochodzenia ro\u015blinnego:<\/p><p>Atropina, akonityna, strychnina i naparstnica - do bada\u0144 nad sercem i uk\u0142adem nerwowym.<br \/>Kolchicyna i Oleandryna - kluczowe dla bada\u0144 nad rakiem.<br \/>Koniina i taksyna - klasyczne trucizny do zastosowa\u0144 toksykologicznych.<br \/>Trucizny przemys\u0142owe:<\/p><p>Chlor, fosgen, tlenek w\u0119gla, dioksyny, o\u0142\u00f3w i kadm - idealne do bada\u0144 \u015brodowiskowych i chemicznych.<\/p><p>Jady zwierz\u0119ce:<\/p><p>Jad kobry kr\u00f3lewskiej, mamby czarnej i meduzy pude\u0142kowej - do zaawansowanych bada\u0144 neurologicznych.<br \/>Jad rybi - przydatny w badaniach nad martwic\u0105 tkanek.<\/p><h4>Dlaczego sklepy z truciznami?<\/h4><p>Niezr\u00f3wnana jako\u015b\u0107: Wszystkim produktom towarzyszy certyfikat analizy (COA) gwarantuj\u0105cy moc i czysto\u015b\u0107.<br \/>Kompleksowe bezpiecze\u0144stwo: Do ka\u017cdego produktu do\u0142\u0105czona jest karta charakterystyki substancji niebezpiecznej (SDS) oraz zalecenia dotycz\u0105ce \u015brodk\u00f3w ochrony indywidualnej.<\/p><p>Wszechstronne opcje formy: Dost\u0119pne w p\u0142ynie, sprayu lub w postaci sta\u0142ej dla \u0142atwo\u015bci u\u017cycia.<br \/>Dostawa globalna: Oferujemy dyskretn\u0105 wysy\u0142k\u0119 mi\u0119dzynarodow\u0105.<\/p><p>Wskaz\u00f3wki ekspert\u00f3w: Nasi specjali\u015bci zapewniaj\u0105 instrukcje obs\u0142ugi, aby zapewni\u0107 bezpieczne i zgodne z przepisami u\u017cytkowanie.<br \/>Zam\u00f3w teraz - moc, precyzja i si\u0142a na wyci\u0105gni\u0119cie r\u0119ki<br \/>W Poison Shops rozumiemy, \u017ce precyzja i niezawodno\u015b\u0107 nie podlegaj\u0105 negocjacjom.<\/p><p>Niezale\u017cnie od tego, czy prowadzisz zaawansowane badania toksykologiczne, pracujesz nad projektami chemicznymi, czy masz osobiste potrzeby, jeste\u015bmy Twoim zaufanym partnerem.<\/p><p><img decoding=\"async\" class=\"wp-image-176 aligncenter\" src=\"https:\/\/poisonshops.com\/wp-content\/uploads\/2025\/11\/poison_shop_logo-300x171.png\" alt=\"Sklepy z truciznami\" width=\"114\" height=\"65\" srcset=\"https:\/\/poisonshops.com\/wp-content\/uploads\/2025\/11\/poison_shop_logo-300x171.png 300w, https:\/\/poisonshops.com\/wp-content\/uploads\/2025\/11\/poison_shop_logo.png 563w\" sizes=\"(max-width: 114px) 100vw, 114px\" \/><\/p><p>\u00a0<\/p><p>kup trucizn\u0119, najlepsze miejsce do zakupu trucizny, trucizna na sprzeda\u017c, kup toksyczne chemikalia, kup trucizn\u0119 online, kup toksyn\u0119 botulinow\u0105, toksyna botulinowa na sprzeda\u017c, kup rycyn\u0119, rycyna na sprzeda\u017c, kup abrin, abrin na sprzeda\u017c, kup tetrodotoksyn\u0119, tetrodotoksyna na sprzeda\u017c, kup saksytoksyn\u0119, saksytoksyna na sprzeda\u017c, kup konotoksyny, konotoksyny na sprzeda\u017c,<\/p><p>kupi\u0107 batrachotoksyna, batrachotoksyna na sprzeda\u017c, kupi\u0107 ciguatoksyna, ciguatoksyna na sprzeda\u017c, kupi\u0107 maitotoksyna, maitotoksyna na sprzeda\u017c, kupi\u0107 aflatoksyny, aflatoksyny na sprzeda\u017c, kupi\u0107 VX, VX na sprzeda\u017c, kupi\u0107 sarin, sarin na sprzeda\u017c, kupi\u0107 tabun, tabun na sprzeda\u017c, kupno soman, soman na sprzeda\u017c, kupno cyjanowod\u00f3r, cyjanowod\u00f3r na sprzeda\u017c, kupno cyjanek sodu, cyjanek sodu na sprzeda\u017c, kupno arsen, arsen na sprzeda\u017c, kupno polon-210, polon-210 na sprzeda\u017c, kupno tal, tal na sprzeda\u017c, kupno rt\u0119\u0107,<\/p><p>rt\u0119\u0107 na sprzeda\u017c, kupi\u0107 atropina, atropina na sprzeda\u017c, kupi\u0107 akonityna, akonityna na sprzeda\u017c, kupi\u0107 naparstnica, naparstnica na sprzeda\u017c, kupi\u0107 strychnina, strychnina na sprzeda\u017c, kupi\u0107 oleandryna, oleandryna na sprzeda\u017c, kupi\u0107 kolchicyna, kolchicyna na sprzeda\u017c, kupi\u0107 alkaloidy sporyszu, alkaloidy sporyszu na sprzeda\u017c, kupi\u0107 konina, konina na sprzeda\u017c, kupi\u0107 taksyna, taksyna na sprzeda\u017c,<\/p><p>kupi\u0107 chlor gazowy, chlor gazowy na sprzeda\u017c, kupi\u0107 fosgen, fosgen na sprzeda\u017c, kupi\u0107 tlenek w\u0119gla, tlenek w\u0119gla na sprzeda\u017c, kupi\u0107 dioksyny, dioksyny na sprzeda\u017c, kupi\u0107 o\u0142\u00f3w, o\u0142\u00f3w na sprzeda\u017c, kupi\u0107 kadm, kadm na sprzeda\u017c, kupi\u0107 jad kobry, jad kobry na sprzeda\u017c, kupi\u0107 jad czarnej mamby, jad czarnej mamby na sprzeda\u017c,<\/p><p>kupno jadu meduzy skrzynkowej, jad meduzy skrzynkowej na sprzeda\u017c, kupno jadu rozgwiazdy, jad rozgwiazdy na sprzeda\u017c, kupno gaz\u00f3w toksycznych, gazy toksyczne na sprzeda\u017c, kupno trucizn chemicznych, trucizny chemiczne na sprzeda\u017c, kupno toksyn morskich,<\/p><p>toksyny morskie na sprzeda\u017c, kupuj trucizny ro\u015blinne, trucizny ro\u015blinne na sprzeda\u017c, kupuj \u015brodki nerwowe, \u015brodki nerwowe na sprzeda\u017c,<\/p><p>kup metale ci\u0119\u017ckie, metale ci\u0119\u017ckie na sprzeda\u017c, kup cyjanek, najlepsze miejsce do zakupu cyjanku, kup kapsu\u0142ki cyjanku, kup proszek cyjanku, kup p\u0142yn cyjanku, kup chemikalia badawcze, chemikalia badawcze na sprzeda\u017c, gdzie kupi\u0107 trucizn\u0119, kup \u015bmiertelne toksyny, najlepsze miejsce do zakupu toksyn, kup jad zwierz\u0119cy, jad zwierz\u0119cy na sprzeda\u017c, kup rycyn\u0119 online, kup czyst\u0105 botulin\u0119, kup cyjanek z COA, kup toksyny do u\u017cytku laboratoryjnego,<\/p><p>kup tr\u00f3jtlenek arsenu, kup toksyny z dyskretn\u0105 wysy\u0142k\u0105, kup konotoksyny w sprayu, kup akonityn\u0119 w p\u0142ynie, kup rycyn\u0119 w proszku, kup chemikalia przemys\u0142owe, chemikalia przemys\u0142owe na sprzeda\u017c, kup tabletki naparstnicy, kup kapsu\u0142ki strychniny, kup \u015brodki nerwowe online, gaz VX na sprzeda\u017c, kup polon dyskretnie,<\/p><p>kup toksyny chemiczne, kup proszek o\u0142owiowy, kup p\u0142yn talowy, kup toksyny \u015brodowiskowe, kup zestaw trucizn, kup toksyny z SDS, gdzie kupi\u0107 substancje toksyczne, kup trucizny do u\u017cytku osobistego, kup toksyny z PPE, kup \u015brodki chemiczne szybka wysy\u0142ka, kup cyjanek blisko mnie, kup trucizn\u0119 dyskretna wysy\u0142ka,<\/p><p>kup toksyczne chemikalia na ca\u0142ym \u015bwiecie, kup jadowite substancje, kup trucizn\u0119 od zaufanego dostawcy, zam\u00f3w toksyn\u0119 botulinow\u0105 online, kup arszenik z certyfikatem analizy, kup cyjanek i toksyczne chemikalia, najlepszy sklep internetowy z truciznami, kup sarin online, kup tabletki rt\u0119ci, kup toksyny oleandrowe, kup rycyn\u0119 dyskretnie, kup szybko dzia\u0142aj\u0105ce trucizny, kup cyjanek bezpiecznie,<\/p><p>gdzie kupi\u0107 toksyn\u0119 botulinow\u0105 blisko mnie, zam\u00f3w \u015brodek nerwowy VX, kup toksyny nerwowe z wysy\u0142k\u0105, kup \u015bmiertelne toksyny do bada\u0144, kup strychnin\u0119 online, kup toksyny morskie z szybk\u0105 dostaw\u0105, kup kapsu\u0142ki taksyny, najlepszy sklep z jadowitymi toksynami, kup akonityn\u0119 dyskretnie, gdzie zam\u00f3wi\u0107 toksyny online, kup trucizny ro\u015blinne, kup pochodne sporyszu, kup toksyczne spraye, najlepsze miejsce do zamawiania chemikali\u00f3w online, kup kanistry z toksycznym gazem,<\/p><p>kupowa\u0107 wysoce toksyczne substancje, kupowa\u0107 trucizny online bezpiecznie, kupowa\u0107 trucizny przemys\u0142owe dyskretnie, kupowa\u0107 botulin\u0119 szybko, gdzie kupowa\u0107 cyjanek online, zamawia\u0107 toksyczne chemikalia z COA, kupowa\u0107 fosgen do u\u017cytku laboratoryjnego, kupowa\u0107 toksyny jadowitych w\u0119\u017cy, kupowa\u0107 jad czarnej mamby szybka wysy\u0142ka, kupowa\u0107 jad stonefish z analiz\u0105, najlepszy sprzedawca substancji toksycznych,<\/p><p>gdzie kupi\u0107 niebezpieczne chemikalia, kupi\u0107 akonityn\u0119 w sprayu, kupi\u0107 toksyny badawcze online, kupi\u0107 arszenik z dyskretn\u0105 dostaw\u0105, kupi\u0107 toksyny z szybk\u0105 wysy\u0142k\u0105 mi\u0119dzynarodow\u0105, kupi\u0107 \u015brodki nerwowe teraz, najlepszy rynek \u015brodk\u00f3w toksycznych, kupi\u0107 proszki o\u0142owiu i kadmu, kupi\u0107 wysoce \u015bmierciono\u015bne toksyny online,<\/p><p>zam\u00f3w trucizny bezpiecznie, kup rycyn\u0119 blisko mnie, kup cyjanek sodu bezpiecznie, kup rt\u0119\u0107 online, kup toksyn\u0119 botulinow\u0105 szybka wysy\u0142ka, zam\u00f3w toksyny dyskretnie, najlepsze \u017ar\u00f3d\u0142o \u015brodk\u00f3w nerwowych, kup niebezpieczne chemikalia teraz.<\/p>\t\t\t\t\t\t\t\t<\/div>\n\t\t\t\t<\/div>\n\t\t\t\t\t<\/div>\n\t\t\t\t<\/div>\n\t\t\t\t<\/div>","protected":false},"excerpt":{"rendered":"<p>Buy Poisons online; We\u2019re here to assist you with any inquiries or concerns. Please reach out to us through the following methods: \u00a0 Email:Ps35dk@proton.me For support related to orders, shipping, or product information, our team is ready to help. Thank you for choosing Poison Shops. We look forward to hearing from you! Buy Poisons online [&hellip;]<\/p>\n","protected":false},"author":1,"featured_media":0,"parent":0,"menu_order":0,"comment_status":"closed","ping_status":"closed","template":"","meta":{"footnotes":""},"class_list":["post-439","page","type-page","status-publish","hentry"],"_links":{"self":[{"href":"https:\/\/poisonshops.com\/pl\/wp-json\/wp\/v2\/pages\/439","targetHints":{"allow":["GET"]}}],"collection":[{"href":"https:\/\/poisonshops.com\/pl\/wp-json\/wp\/v2\/pages"}],"about":[{"href":"https:\/\/poisonshops.com\/pl\/wp-json\/wp\/v2\/types\/page"}],"author":[{"embeddable":true,"href":"https:\/\/poisonshops.com\/pl\/wp-json\/wp\/v2\/users\/1"}],"replies":[{"embeddable":true,"href":"https:\/\/poisonshops.com\/pl\/wp-json\/wp\/v2\/comments?post=439"}],"version-history":[{"count":19,"href":"https:\/\/poisonshops.com\/pl\/wp-json\/wp\/v2\/pages\/439\/revisions"}],"predecessor-version":[{"id":539,"href":"https:\/\/poisonshops.com\/pl\/wp-json\/wp\/v2\/pages\/439\/revisions\/539"}],"wp:attachment":[{"href":"https:\/\/poisonshops.com\/pl\/wp-json\/wp\/v2\/media?parent=439"}],"curies":[{"name":"wp","href":"https:\/\/api.w.org\/{rel}","templated":true}]}}