{"id":100,"date":"2017-12-19T15:02:20","date_gmt":"2017-12-19T15:02:20","guid":{"rendered":"https:\/\/wordpress.gradientthemes.com\/brand-shop\/product\/dnk-green-shoes\/"},"modified":"2025-12-05T13:07:48","modified_gmt":"2025-12-05T13:07:48","slug":"tabletki-samobojcze-nembutal","status":"publish","type":"product","link":"https:\/\/poisonshops.com\/pl\/produkt\/tabletki-samobojcze-nembutal\/","title":{"rendered":"Tabletki Nembutal do samob\u00f3jstwa"},"content":{"rendered":"<h3>Nembutal pigu\u0142ki i p\u0142yn samob\u00f3jczy<\/h3>\n<p><strong>Uwaga<\/strong>: Nembutal (Pentobarbital sodowy) jest substancj\u0105 kontrolowan\u0105, kt\u00f3ra powinna by\u0107 stosowana wy\u0142\u0105cznie pod \u015bcis\u0142ym nadzorem lekarza i zgodnie z prawem i przepisami obowi\u0105zuj\u0105cymi w danej jurysdykcji. Jego u\u017cycie w celu pope\u0142nienia samob\u00f3jstwa jest nielegalne w wielu krajach, dlatego wa\u017cne jest, aby zasi\u0119gn\u0105\u0107 odpowiedniej porady lekarskiej w przypadku jakichkolwiek obaw zdrowotnych.<\/p>\n<p>Witamy w Bio Weapons, zaufanym dostawcy wysokiej jako\u015bci produkt\u00f3w Nembutal Pentobarbital Sodium dla zatwierdzonych os\u00f3b z wa\u017cnymi receptami. Oferujemy Nembutal zar\u00f3wno w postaci tabletek, jak i p\u0142yn\u00f3w, zapewniaj\u0105c niezawodne i skuteczne rozwi\u0105zania dla r\u00f3\u017cnych potrzeb medycznych. Nasze zaanga\u017cowanie w jako\u015b\u0107, bezpiecze\u0144stwo i zadowolenie klient\u00f3w sprawi\u0142o, \u017ce jeste\u015bmy wiod\u0105cym dostawc\u0105 w bran\u017cy.<\/p>\n<h4><strong>Co to s\u0105 tabletki i p\u0142yn samob\u00f3jczy Nembutal?<\/strong><\/h4>\n<p>Nembutal, znany r\u00f3wnie\u017c jako Pentobarbital Sodium, jest lekiem barbituranowym o silnych w\u0142a\u015bciwo\u015bciach uspokajaj\u0105cych, hipnotycznych i przeciwdrgawkowych. Jest on stosowany w plac\u00f3wkach medycznych do r\u00f3\u017cnych cel\u00f3w, w tym sedacji, znieczulenia i kontroli drgawek. Nasze tabletki i p\u0142ynne preparaty Nembutal zosta\u0142y zaprojektowane z my\u015bl\u0105 o maksymalnej skuteczno\u015bci i bezpiecze\u0144stwie.<\/p>\n<h4><strong>Zastosowanie Nembutalu<\/strong><\/h4>\n<p>Nembutal jest stosowany w kilku kontekstach medycznych, w tym:<\/p>\n<ol>\n<li><strong>Sedacja<\/strong>: Nembutal jest powszechnie stosowany do wywo\u0142ywania g\u0142\u0119bokiej sedacji u pacjent\u00f3w poddawanych zabiegom medycznym. Jego szybkie dzia\u0142anie zapewnia pacjentom szybkie osi\u0105gni\u0119cie stanu odpr\u0119\u017cenia.<\/li>\n<li><strong>Znieczulenie<\/strong>: W warunkach chirurgicznych Nembutal jest stosowany jako \u015brodek przed znieczuleniem w celu wywo\u0142ania g\u0142\u0119bokiego snu, u\u0142atwiaj\u0105c p\u0142ynne i bezbolesne zabiegi.<\/li>\n<li><strong>Kontrola napad\u00f3w<\/strong>: Nembutal jest skuteczny w leczeniu ostrych napad\u00f3w padaczkowych, zw\u0142aszcza w sytuacjach nag\u0142ych, poprzez hamowanie o\u015brodkowego uk\u0142adu nerwowego i zmniejszanie aktywno\u015bci napadowej.<\/li>\n<li><strong>Eutanazja (zastosowanie weterynaryjne)<\/strong>: W medycynie weterynaryjnej Nembutal jest stosowany do humanitarnej eutanazji zwierz\u0105t, zapewniaj\u0105c spokojne i bezbolesne przej\u015bcie.<\/li>\n<\/ol>\n<h4><strong>Jako\u015b\u0107 i czysto\u015b\u0107<\/strong><\/h4>\n<p>W Bio Weapons rozumiemy kluczowe znaczenie jako\u015bci i czysto\u015bci produkt\u00f3w farmaceutycznych. Nasze tabletki i p\u0142ynne preparaty Nembutal pochodz\u0105 od renomowanych producent\u00f3w i s\u0105 poddawane rygorystycznym procesom kontroli jako\u015bci. Ka\u017cda partia jest rygorystycznie testowana, aby upewni\u0107 si\u0119, \u017ce spe\u0142nia najwy\u017csze standardy bran\u017cowe. Kupuj\u0105c u nas Nembutal, mo\u017cesz mie\u0107 pewno\u015b\u0107, \u017ce otrzymujesz produkt, kt\u00f3ry jest bezpieczny, skuteczny i niezawodny.<\/p>\n<h4><strong>Dawkowanie i spos\u00f3b podawania<\/strong><\/h4>\n<p>Lek Nembutal nale\u017cy stosowa\u0107 \u015bci\u015ble wed\u0142ug instrukcji dostarczonych przez pracownika s\u0142u\u017cby zdrowia. Dawkowanie i spos\u00f3b podawania mog\u0105 si\u0119 r\u00f3\u017cni\u0107 w zale\u017cno\u015bci od konkretnego stanu chorobowego i indywidualnych potrzeb pacjenta. Przestrzeganie zaleconego dawkowania ma kluczowe znaczenie dla zapewnienia bezpiecze\u0144stwa i skuteczno\u015bci.<\/p>\n<p><strong>Przygotowanie i przechowywanie<\/strong>:<\/p>\n<ul>\n<li><strong>Przygotowanie<\/strong>: Tabletki Nembutal s\u0105 podawane doustnie, podczas gdy posta\u0107 p\u0142ynna mo\u017ce by\u0107 przyjmowana doustnie lub podawana do\u017cylnie, zgodnie z zaleceniami lekarza.<\/li>\n<li><strong>Magazynowanie<\/strong>: Lek Nembutal nale\u017cy przechowywa\u0107 w ch\u0142odnym, suchym miejscu, z dala od bezpo\u015bredniego \u015bwiat\u0142a s\u0142onecznego i wilgoci. Przechowywa\u0107 w miejscu niedost\u0119pnym dla dzieci i zwierz\u0105t domowych.<\/li>\n<\/ul>\n<h4><strong>Skutki uboczne i \u015brodki ostro\u017cno\u015bci<\/strong><\/h4>\n<p>Jak ka\u017cdy lek, Nembutal mo\u017ce powodowa\u0107 dzia\u0142ania niepo\u017c\u0105dane. Cz\u0119ste dzia\u0142ania niepo\u017c\u0105dane obejmuj\u0105 senno\u015b\u0107, zawroty g\u0142owy, nudno\u015bci i b\u00f3l g\u0142owy. W rzadkich przypadkach mog\u0105 wyst\u0105pi\u0107 powa\u017cniejsze dzia\u0142ania niepo\u017c\u0105dane, takie jak depresja oddechowa, niedoci\u015bnienie lub reakcje alergiczne. W przypadku wyst\u0105pienia jakichkolwiek powa\u017cnych dzia\u0142a\u0144 niepo\u017c\u0105danych nale\u017cy natychmiast skontaktowa\u0107 si\u0119 z lekarzem.<\/p>\n<p><strong>\u015arodki ostro\u017cno\u015bci<\/strong>:<\/p>\n<ul>\n<li><strong>Historia medyczna<\/strong>: Poinformuj swojego lekarza o ca\u0142ej historii chor\u00f3b, zw\u0142aszcza je\u015bli w przesz\u0142o\u015bci wyst\u0119powa\u0142y u Ciebie choroby w\u0105troby, nerek lub uk\u0142adu oddechowego.<\/li>\n<li><strong>Interakcje z innymi lekami<\/strong>: Nembutal mo\u017ce wchodzi\u0107 w interakcje z innymi lekami, w tym \u015brodkami uspokajaj\u0105cymi, opioidami i alkoholem. Nale\u017cy poinformowa\u0107 lekarza o wszystkich przyjmowanych lekach.<\/li>\n<li><strong>Ci\u0105\u017ca i karmienie piersi\u0105<\/strong>: Nembutal nale\u017cy stosowa\u0107 ostro\u017cnie podczas ci\u0105\u017cy i karmienia piersi\u0105. Nale\u017cy skonsultowa\u0107 si\u0119 z lekarzem w celu uzyskania wskaz\u00f3wek.<\/li>\n<\/ul>\n<h4><strong>Dlaczego warto wybra\u0107 bro\u0144 biologiczn\u0105?<\/strong><\/h4>\n<ol>\n<li><strong>Zapewnienie jako\u015bci<\/strong>: Naszym priorytetem jest jako\u015b\u0107 i bezpiecze\u0144stwo, dzi\u0119ki czemu nasze produkty Nembutal spe\u0142niaj\u0105 najwy\u017csze standardy bran\u017cowe.<\/li>\n<li><strong>Autoryzowani sprzedawcy<\/strong>Bio Weapons jest zaufanym i autoryzowanym sprzedawc\u0105, dostarczaj\u0105cym oryginalne produkty zatwierdzonym osobom posiadaj\u0105cym recepty.<\/li>\n<li><strong>Bezpieczne transakcje<\/strong>Nasza platforma internetowa zapewnia bezpiecze\u0144stwo transakcji, chroni\u0105c Twoje dane osobowe i finansowe.<\/li>\n<li><strong>Obs\u0142uga klienta<\/strong>: Nasz oddany zesp\u00f3\u0142 obs\u0142ugi klienta jest do Pa\u0144stwa dyspozycji, aby odpowiedzie\u0107 na wszelkie pytania i w\u0105tpliwo\u015bci, zapewniaj\u0105c profesjonaln\u0105 i przyjazn\u0105 obs\u0142ug\u0119.<\/li>\n<li><strong>Terminowa dostawa<\/strong>: Rozumiemy znaczenie terminowej dostawy. Nasz skuteczny proces wysy\u0142ki zapewnia szybkie i dyskretne otrzymanie produkt\u00f3w Nembutal.<\/li>\n<\/ol>\n<p><img decoding=\"async\" class=\"wp-image-463 aligncenter\" src=\"https:\/\/poisonshops.com\/wp-content\/uploads\/2025\/11\/tttt-1-204x300.png\" alt=\"Sklep z truciznami\" width=\"71\" height=\"104\" srcset=\"https:\/\/poisonshops.com\/wp-content\/uploads\/2025\/11\/tttt-1-204x300.png 204w, https:\/\/poisonshops.com\/wp-content\/uploads\/2025\/11\/tttt-1.png 218w\" sizes=\"(max-width: 71px) 100vw, 71px\" \/><\/p>\n<h4><strong>Wnioski<\/strong><\/h4>\n<p>Bio Weapons to zaufane \u017ar\u00f3d\u0142o wysokiej jako\u015bci tabletek i p\u0142ynu Nembutal Pentobarbital Sodium. Naszym celem jest dostarczanie bezpiecznych, skutecznych i niezawodnych produkt\u00f3w zatwierdzonym osobom posiadaj\u0105cym wa\u017cne recepty. Nasza koncentracja na jako\u015bci, zadowoleniu klienta i bezpiecznych transakcjach wyr\u00f3\u017cnia nas w bran\u017cy. Kupuj z zaufaniem w Bio Weapons i do\u015bwiadcz r\u00f3\u017cnicy w jako\u015bci i obs\u0142udze.<\/p>\n<p><strong>Zam\u00f3w tabletki lub p\u0142yn Nembutal Pentobarbital Sodium ju\u017c dzi\u015b<\/strong> i do\u0142\u0105cz do grona naszych zadowolonych klient\u00f3w, kt\u00f3rzy ufaj\u0105 Bio Weapons w kwestiach zwi\u0105zanych z potrzebami medycznymi. Twoje zdrowie i bezpiecze\u0144stwo s\u0105 dla nas priorytetem.<\/p>\n<p>Kup wysokiej jako\u015bci tabletki i p\u0142yn Nembutal Pentobarbital Sodium w Bio Weapons. . Bezpieczny zakup kryptowalut, szybka dostawa i gwarancja satysfakcji klienta.<\/p>\n<h4><img decoding=\"async\" class=\"wp-image-502 aligncenter\" src=\"https:\/\/poisonshops.com\/wp-content\/uploads\/2025\/11\/Bio-Weapons-240x300.png\" alt=\"Bro\u0144 biologiczna\" width=\"84\" height=\"105\" srcset=\"https:\/\/poisonshops.com\/wp-content\/uploads\/2025\/11\/Bio-Weapons-240x300.png 240w, https:\/\/poisonshops.com\/wp-content\/uploads\/2025\/11\/Bio-Weapons.png 265w\" sizes=\"(max-width: 84px) 100vw, 84px\" \/><\/h4>\n<ol>\n<li>Kup online tabletki i p\u0142yn Nembutal Pentobarbital<\/li>\n<li>Wysokiej jako\u015bci tabletki i p\u0142yn Nembutal do u\u017cytku medycznego<\/li>\n<li>Bezpieczny zakup pentobarbitalu Nembutal<\/li>\n<li>Zaufane \u017ar\u00f3d\u0142o tabletek i p\u0142ynu Nembutal<\/li>\n<li>Bezpiecznie zam\u00f3w Nembutal Pentobarbital<\/li>\n<li>Szybka dostawa tabletek i p\u0142ynu Nembutal<\/li>\n<li>Niezawodny dostawca pentobarbitalu Nembutal<\/li>\n<li>Autentyczne tabletki i p\u0142yn Nembutal na sprzeda\u017c<\/li>\n<li>Kup Nembutal od autoryzowanych sprzedawc\u00f3w<\/li>\n<li>Najlepsze miejsce do zakupu pentobarbitalu Nembutal<\/li>\n<\/ol>\n<h4><\/h4>\n<p>Nembutal Pentobarbital Sodium, Kup tabletki Nembutal, Kup p\u0142yn Nembutal, Nembutal na sprzeda\u017c, Wysokiej jako\u015bci Nembutal, Bezpieczny zakup Nembutal, Nembutal do u\u017cytku medycznego, Wiarygodne \u017ar\u00f3d\u0142o Nembutal, Kup legalnie Nembutal, Nembutal na recept\u0119, Nembutal na uspokojenie, Zam\u00f3w tabletki Nembutal, Nembutal do znieczulenia, Oryginalny p\u0142yn Nembutal, Dostawa Nembutal, Zaufany sprzedawca Nembutal, Kup bezpiecznie Nembutal, Autentyczny Nembutal, Dostawca Nembutal, Nembutal w USA, Dost\u0119pno\u015b\u0107 Nembutal, Szybka dostawa Nembutal, Jako\u015b\u0107 Nembutal, Apteka Nembutal, Nembutal na drgawki, Kup online Nembutal, Bezpieczny zakup Nembutal, Nembutal dla profesjonalist\u00f3w, Niezawodne \u017ar\u00f3d\u0142o Nembutal, Nembutal wysy\u0142ka na ca\u0142y \u015bwiat<\/p>\n<h4>Tabletki Nembutal do samob\u00f3jstwa na sprzeda\u017c<\/h4>\n<p><img decoding=\"async\" class=\"wp-image-176 aligncenter\" src=\"https:\/\/poisonshops.com\/wp-content\/uploads\/2025\/11\/poison_shop_logo-300x171.png\" alt=\"Sklepy z truciznami\" width=\"111\" height=\"63\" srcset=\"https:\/\/poisonshops.com\/wp-content\/uploads\/2025\/11\/poison_shop_logo-300x171.png 300w, https:\/\/poisonshops.com\/wp-content\/uploads\/2025\/11\/poison_shop_logo.png 563w\" sizes=\"(max-width: 111px) 100vw, 111px\" \/><\/p>","protected":false},"excerpt":{"rendered":"<p>Nembutal Suicide Pills and Liquid Note: Nembutal (Pentobarbital Sodium) is a controlled substance that should only be used under strict medical supervision and according to the laws and regulations of the relevant jurisdiction. Its use for suicide is illegal in many countries, and it is crucial to seek proper medical guidance for any health concerns. [&hellip;]<\/p>\n","protected":false},"featured_media":263,"comment_status":"open","ping_status":"closed","template":"","meta":[],"product_brand":[],"product_cat":[18],"product_tag":[],"class_list":{"0":"post-100","1":"product","2":"type-product","3":"status-publish","4":"has-post-thumbnail","6":"product_cat-buy-nembutal-pentobarbital","8":"first","9":"instock","10":"shipping-taxable","11":"purchasable","12":"product-type-simple"},"_links":{"self":[{"href":"https:\/\/poisonshops.com\/pl\/wp-json\/wp\/v2\/product\/100","targetHints":{"allow":["GET"]}}],"collection":[{"href":"https:\/\/poisonshops.com\/pl\/wp-json\/wp\/v2\/product"}],"about":[{"href":"https:\/\/poisonshops.com\/pl\/wp-json\/wp\/v2\/types\/product"}],"replies":[{"embeddable":true,"href":"https:\/\/poisonshops.com\/pl\/wp-json\/wp\/v2\/comments?post=100"}],"wp:featuredmedia":[{"embeddable":true,"href":"https:\/\/poisonshops.com\/pl\/wp-json\/wp\/v2\/media\/263"}],"wp:attachment":[{"href":"https:\/\/poisonshops.com\/pl\/wp-json\/wp\/v2\/media?parent=100"}],"wp:term":[{"taxonomy":"product_brand","embeddable":true,"href":"https:\/\/poisonshops.com\/pl\/wp-json\/wp\/v2\/product_brand?post=100"},{"taxonomy":"product_cat","embeddable":true,"href":"https:\/\/poisonshops.com\/pl\/wp-json\/wp\/v2\/product_cat?post=100"},{"taxonomy":"product_tag","embeddable":true,"href":"https:\/\/poisonshops.com\/pl\/wp-json\/wp\/v2\/product_tag?post=100"}],"curies":[{"name":"wp","href":"https:\/\/api.w.org\/{rel}","templated":true}]}}