{"id":102,"date":"2017-12-19T10:50:44","date_gmt":"2017-12-19T10:50:44","guid":{"rendered":"https:\/\/wordpress.gradientthemes.com\/brand-shop\/product\/blue-denim-jeans\/"},"modified":"2026-02-04T05:38:05","modified_gmt":"2026-02-04T05:38:05","slug":"platny-zabojca-z-uzyciem-broni-chemicznej","status":"publish","type":"product","link":"https:\/\/poisonshops.com\/pl\/produkt\/platny-zabojca-z-uzyciem-broni-chemicznej\/","title":{"rendered":"ZAB\u00d3JSTWO CHEMICZNE (ZAB\u00d3JCA)"},"content":{"rendered":"<h1 data-start=\"27\" data-end=\"99\"><strong data-start=\"27\" data-end=\"97\">Wynaj\u0105\u0107 zab\u00f3jc\u0119, ,<\/strong><strong>The Silent Hand - Elitarne us\u0142ugi w zakresie likwidacji substancji chemicznych<\/strong><\/h1>\n<h3><strong>Dla tych, kt\u00f3rzy wymagaj\u0105 absolutnej dyskrecji<\/strong><\/h3>\n<p><strong>Kod us\u0142ugi: OMEGA-BIOWEP<\/strong><\/p>\n<p>Gdy konwencjonalne metody s\u0105 zbyt ryzykowne, a precyzja jest najwa\u017cniejsza, nasze <strong>elitarna us\u0142uga zako\u0144czenia chemicznego<\/strong> dostarcza najbardziej zaawansowane, niewykrywalne i skuteczne rozwi\u0105zania. Dostosowane do <strong>przeprowadzki na wysokim szczeblu<\/strong>, Nasze metody zapewniaj\u0105 brak \u015blad\u00f3w kryminalistycznych, brak balistyki i brak bezpo\u015brednich powi\u0105za\u0144 - po prostu ciche i p\u0142ynne zako\u0144czenie. Zab\u00f3jca chemiczny<\/p>\n<p>&nbsp;<\/p>\n<h3><strong>Dlaczego nasi klienci nam ufaj\u0105<\/strong><\/h3>\n<p><img decoding=\"async\" class=\"emoji\" role=\"img\" draggable=\"false\" src=\"https:\/\/s.w.org\/images\/core\/emoji\/16.0.1\/svg\/2714.svg\" alt=\"\u2714\" \/> <strong>Absolutna anonimowo\u015b\u0107<\/strong> - Brak \u015blad\u00f3w cyfrowych, brak dowod\u00f3w fizycznych. Twoje \u017c\u0105danie jest obs\u0142ugiwane za pomoc\u0105 wielowarstwowego szyfrowania i \u015bcis\u0142ych zabezpiecze\u0144 operacyjnych.<br \/>\n<img decoding=\"async\" class=\"emoji\" role=\"img\" draggable=\"false\" src=\"https:\/\/s.w.org\/images\/core\/emoji\/16.0.1\/svg\/2714.svg\" alt=\"\u2714\" \/> <strong>Rozwi\u0105zania niestandardowe<\/strong> - Analizujemy rutyny, warunki zdrowotne i \u015brodowisko celu, aby opracowa\u0107 najbardziej skuteczn\u0105 metod\u0119 usuwania.<br \/>\n<img decoding=\"async\" class=\"emoji\" role=\"img\" draggable=\"false\" src=\"https:\/\/s.w.org\/images\/core\/emoji\/16.0.1\/svg\/2714.svg\" alt=\"\u2714\" \/> <strong>Precyzja o wysokiej warto\u015bci<\/strong> - Nasza us\u0142uga jest <strong>nie dla drobnych spor\u00f3w<\/strong>. Obs\u0142ugujemy wy\u0142\u0105cznie osoby wymagaj\u0105ce dyskretnego rozwi\u0105zania istotnych przeszk\u00f3d.<br \/>\n<img decoding=\"async\" class=\"emoji\" role=\"img\" draggable=\"false\" src=\"https:\/\/s.w.org\/images\/core\/emoji\/16.0.1\/svg\/2714.svg\" alt=\"\u2714\" \/> <strong>Operatorzy poziomu 1<\/strong> - Nasz zesp\u00f3\u0142 sk\u0142ada si\u0119 z by\u0142ych specjalist\u00f3w w nast\u0119puj\u0105cych dziedzinach <strong>eksperci w dziedzinie wojny biochemicznej, toksykologii i medycyny<\/strong>, zapewniaj\u0105c czyste wykonanie.<br \/>\n<img decoding=\"async\" class=\"emoji\" role=\"img\" draggable=\"false\" src=\"https:\/\/s.w.org\/images\/core\/emoji\/16.0.1\/svg\/2714.svg\" alt=\"\u2714\" \/> <strong>Globalne wdro\u017cenie<\/strong> - Strategiczni pracownicy dost\u0119pni w ponad <strong>30 kraj\u00f3w<\/strong>, zdolny do obs\u0142ugi zada\u0144 z <strong>wojskowa precyzja<\/strong>.<\/p>\n<h3><strong>Metodologia i opcje<\/strong><\/h3>\n<p><img decoding=\"async\" class=\"emoji\" role=\"img\" draggable=\"false\" src=\"https:\/\/s.w.org\/images\/core\/emoji\/16.0.1\/svg\/1f539.svg\" alt=\"\ud83d\udd39\" \/> <strong>\u015arodki neurotoksyczne<\/strong> - Natychmiastowy, \u015bmiertelny i praktycznie niewykrywalny w standardowych badaniach po\u015bmiertnych.<br \/>\n<img decoding=\"async\" class=\"emoji\" role=\"img\" draggable=\"false\" src=\"https:\/\/s.w.org\/images\/core\/emoji\/16.0.1\/svg\/1f539.svg\" alt=\"\ud83d\udd39\" \/> <strong>Kardiotoksyny<\/strong> - Symulowane zatrzymanie akcji serca; wygl\u0105da na naturaln\u0105 przyczyn\u0119 \u015bmierci.<br \/>\n<img decoding=\"async\" class=\"emoji\" role=\"img\" draggable=\"false\" src=\"https:\/\/s.w.org\/images\/core\/emoji\/16.0.1\/svg\/1f539.svg\" alt=\"\ud83d\udd39\" \/> <strong>Zwi\u0105zki o op\u00f3\u017anionym dzia\u0142aniu<\/strong> - Zaprojektowany, aby aktywowa\u0107 <strong>tygodnie lub miesi\u0105ce p\u00f3\u017aniej<\/strong>, zapewniaj\u0105c brak bezpo\u015bredniego powi\u0105zania z u\u017cytkownikiem.<br \/>\n<img decoding=\"async\" class=\"emoji\" role=\"img\" draggable=\"false\" src=\"https:\/\/s.w.org\/images\/core\/emoji\/16.0.1\/svg\/1f539.svg\" alt=\"\ud83d\udd39\" \/> <strong>Integracja \u015brodowiskowa<\/strong> - Niestandardowe rozwi\u0105zania, kt\u00f3re mog\u0105 by\u0107 <strong>po\u0142kni\u0119te, wdychane lub wch\u0142oni\u0119te<\/strong>, minimalizuj\u0105c ryzyko nara\u017cenia.<\/p>\n<p><img decoding=\"async\" class=\"wp-image-502 aligncenter\" src=\"https:\/\/poisonshops.com\/wp-content\/uploads\/2025\/11\/Bio-Weapons-240x300.png\" alt=\"Bro\u0144 biologiczna\" width=\"69\" height=\"86\" srcset=\"https:\/\/poisonshops.com\/wp-content\/uploads\/2025\/11\/Bio-Weapons-240x300.png 240w, https:\/\/poisonshops.com\/wp-content\/uploads\/2025\/11\/Bio-Weapons.png 265w\" sizes=\"(max-width: 69px) 100vw, 69px\" \/><\/p>\n<h3><strong>Ceny i wy\u0142\u0105czno\u015b\u0107<\/strong><\/h3>\n<p><img decoding=\"async\" class=\"emoji\" role=\"img\" draggable=\"false\" src=\"https:\/\/s.w.org\/images\/core\/emoji\/16.0.1\/svg\/1f4b0.svg\" alt=\"\ud83d\udcb0\" \/> <strong>Podstawowa cena wej\u015bcia: $500,000<\/strong><\/p>\n<ul>\n<li><strong>Us\u0142ugi warstwy Premium<\/strong>: $750,000 - $2,500,000+ (Obejmuje pe\u0142ne planowanie operacyjne, ocen\u0119 ryzyka i sanityzacj\u0119 po zdarzeniu)<\/li>\n<li><strong>Klienci Ultra-Elite<\/strong>: Niestandardowe ceny dost\u0119pne dla bardzo wra\u017cliwych przypadk\u00f3w<\/li>\n<\/ul>\n<p><img decoding=\"async\" class=\"emoji\" role=\"img\" draggable=\"false\" src=\"https:\/\/s.w.org\/images\/core\/emoji\/16.0.1\/svg\/26a0.svg\" alt=\"\u26a0\" \/> <strong>TYLKO \u015aCI\u015aLE ZWERYFIKOWANI KLIENCI<\/strong> <img decoding=\"async\" class=\"emoji\" role=\"img\" draggable=\"false\" src=\"https:\/\/s.w.org\/images\/core\/emoji\/16.0.1\/svg\/26a0.svg\" alt=\"\u26a0\" \/><\/p>\n<ul>\n<li>My <strong>nie<\/strong> przyjmowa\u0107 przypadkowych zapyta\u0144 lub pr\u00f3\u015bb o niskiej randze.<\/li>\n<li>Weryfikacja jest rygorystyczna. Wymagany jest dow\u00f3d zdolno\u015bci finansowej.<\/li>\n<li>P\u0142atno\u015bci w <strong>TYLKO Monero, Bitcoin lub wybrane monety prywatno\u015bci<\/strong>.<\/li>\n<\/ul>\n<p><img decoding=\"async\" class=\"wp-image-463 aligncenter\" src=\"https:\/\/poisonshops.com\/wp-content\/uploads\/2025\/11\/tttt-1-204x300.png\" alt=\"Sklep z truciznami\" width=\"69\" height=\"101\" srcset=\"https:\/\/poisonshops.com\/wp-content\/uploads\/2025\/11\/tttt-1-204x300.png 204w, https:\/\/poisonshops.com\/wp-content\/uploads\/2025\/11\/tttt-1.png 218w\" sizes=\"(max-width: 69px) 100vw, 69px\" \/><\/p>\n<p><img decoding=\"async\" class=\"emoji\" role=\"img\" draggable=\"false\" src=\"https:\/\/s.w.org\/images\/core\/emoji\/16.0.1\/svg\/1f6a8.svg\" alt=\"\ud83d\udea8\" \/> <strong>Ostrze\u017cenie:<\/strong> Wszelkie nieautoryzowane pr\u00f3by \u015bledzenia, ujawniania lub zak\u0142\u00f3cania naszych dzia\u0142a\u0144 b\u0119d\u0105 spotyka\u0107 si\u0119 z nast\u0119puj\u0105cymi konsekwencjami <strong>natychmiastowe \u015brodki zaradcze<\/strong>.<\/p>\n<p><strong>Protok\u00f3\u0142 kontaktowy:<\/strong> Tylko kana\u0142y szyfrowane PGP. Powa\u017cne strony otrzymaj\u0105 dost\u0119p do naszego bezpiecznego w\u0119z\u0142a komunikacyjnego po weryfikacji.<\/p>\n<p><em>Zbrodnia doskona\u0142a to nie taka, kt\u00f3ra jest dobrze ukryta - to taka, kt\u00f3ra nic po sobie nie pozostawia.<\/em><\/p>\n<h3>Zab\u00f3jstwo chemiczne - p\u0142atny zab\u00f3jca<\/h3>\n<p><strong>Hitman do wynaj\u0119cia. Hitman do wynaj\u0119cia. Wynaj\u0119cie zab\u00f3jcy. Wynaj\u0119cie zab\u00f3jcy<\/strong>\u00a0to idealne rozwi\u0105zanie, aby wyr\u00f3wna\u0107 rachunki z tymi, kt\u00f3rych chcesz zabi\u0107 lub napa\u015b\u0107. \u015awiadczymy szereg profesjonalnych us\u0142ug zab\u00f3jstw na ca\u0142ym \u015bwiecie. Czy chcesz\u00a0<strong>ZATRUDNIJ HITMANA<\/strong>\u00a0lub wyeliminowa\u0107 wsp\u00f3\u0142ma\u0142\u017conka, wroga, konkurent\u00f3w biznesowych, cz\u0142onk\u00f3w rodziny lub kogokolwiek, kogo pragniesz, jeste\u015bmy tutaj, aby to zrobi\u0107 z \u0142atwo\u015bci\u0105.<\/p>\n<p>Czy szuka\u0142e\u015b\u00a0<strong>p\u0142atny zab\u00f3jca<\/strong>\u00a0lub\u00a0<strong>seryjny zab\u00f3jca<\/strong>\u00a0wykona\u0107 czyst\u0105 robot\u0119 bez \u017cadnych \u015blad\u00f3w ze strony policji lub FBI? to jeste\u015b we w\u0142a\u015bciwym miejscu. Specjalizujemy si\u0119 w dostarczaniu\u00a0<strong>Us\u0142ugi Hitman<\/strong>\u00a0klientom na ca\u0142ym \u015bwiecie, koncentruj\u0105c si\u0119 na zab\u00f3jstwach na zlecenie. Zostawiamy informacje o sobie w Internecie, aby ka\u017cdy, kto szuka\u00a0<strong>jak wynaj\u0105\u0107 zab\u00f3jc\u0119<\/strong>, zab\u00f3jc\u0105 lub do<strong>\u00a0wynaj\u0105\u0107 zab\u00f3jc\u0119<\/strong>\u00a0mo\u017ce nas odkry\u0107 z dowolnego miejsca. Nasze us\u0142ugi mog\u0105 by\u0107 \u015bwiadczone w dowolnym kraju na \u015bwiecie bez \u017cadnych problem\u00f3w.<\/p>\n<p><strong>GDZIE MOG\u0118 WYNAJ\u0104\u0106 ZAB\u00d3JC\u0118?<\/strong> Wiele os\u00f3b szuka\u0142o\u00a0<strong>Gdzie wynaj\u0105\u0107 seryjnego morderc\u0119<\/strong>\u00a0.\u00a0<strong>Wynaj\u0119cie zab\u00f3jcy<\/strong>\u00a0by\u0142o trudne dla tak wielu os\u00f3b ze wzgl\u0119du na spos\u00f3b dotarcia do nich. Do tej pory tego rodzaju us\u0142ugi mo\u017cna by\u0142o znale\u017a\u0107 tylko w <strong>darkweb<\/strong> do kt\u00f3rych nie mo\u017cna uzyska\u0107 dost\u0119pu za pomoc\u0105 zwyk\u0142ej przegl\u0105darki, chyba \u017ce korzystasz z przegl\u0105darki TOR, a tak\u017ce uzyskujesz w\u0142a\u015bciwy link do tego, czego szukasz.<\/p>\n<p>Je\u015bli kto\u015b jest w twojej z\u0142ej ksi\u0119dze, kto\u015b wyrwa\u0142 ci\u0119 z umowy biznesowej lub zosta\u0142e\u015b zraniony tak bardzo, \u017ce chcesz si\u0119 zem\u015bci\u0107, ale nie masz serca, aby to zrobi\u0107, nie martw si\u0119 wi\u0119cej, poniewa\u017c dlatego jeste\u015bmy tutaj, aby zaj\u0105\u0107 si\u0119 prac\u0105 dla ciebie, <strong>wynaj\u0105\u0107 zab\u00f3jc\u0119<\/strong> by wykonywa\u0107 twoje rozkazy. Zab\u00f3jca chemiczny do wynaj\u0119cia.<\/p>\n<p>Zarz\u0105dzamy sieci\u0105 rosyjsk\u0105, w\u0142osk\u0105, korea\u0144sk\u0105, meksyka\u0144sk\u0105, ameryka\u0144sk\u0105 i serbsk\u0105. <strong>zab\u00f3jcy<\/strong>, dost\u0119pnych do zabicia na nasze polecenie i w bardzo kr\u00f3tkim czasie. Wszystko, co musisz zrobi\u0107, to z\u0142o\u017cy\u0107 zam\u00f3wienie, wybieraj\u0105c rodzaj zemsty lub us\u0142ug, kt\u00f3rych pragniesz, wraz ze szczeg\u00f3\u0142ami celu i czeka\u0107 na dalsze instrukcje. Ca\u0142a komunikacja odbywa si\u0119 za po\u015brednictwem naszych bezpiecznych formularzy online. Nie podejmuj\u0105c \u017cadnego ryzyka, wynajmij zab\u00f3jc\u0119 ju\u017c dzi\u015b lub\u00a0<strong>wynaj\u0105\u0107 zab\u00f3jc\u0119<\/strong>\u00a0z naszej strony internetowej z \u0142atwo\u015bci\u0105.<\/p>\n<p><img decoding=\"async\" class=\"wp-image-176 aligncenter\" src=\"https:\/\/poisonshops.com\/wp-content\/uploads\/2025\/11\/poison_shop_logo-300x171.png\" alt=\"Sklepy z truciznami\" width=\"114\" height=\"65\" srcset=\"https:\/\/poisonshops.com\/wp-content\/uploads\/2025\/11\/poison_shop_logo-300x171.png 300w, https:\/\/poisonshops.com\/wp-content\/uploads\/2025\/11\/poison_shop_logo.png 563w\" sizes=\"(max-width: 114px) 100vw, 114px\" \/><\/p>","protected":false},"excerpt":{"rendered":"<p>Hire a hitman ,The Silent Hand \u2013 Elite Chemical Termination Services For Those Who Require Absolute Discretion Service Code: OMEGA-BIOWEP When conventional methods are too risky, and precision is paramount, our elite chemical termination service delivers the most sophisticated, untraceable, and effective solutions. Tailored for high-profile removals, our methods ensure zero forensic footprint, no ballistics, [&hellip;]<\/p>\n","protected":false},"featured_media":270,"comment_status":"open","ping_status":"closed","template":"","meta":[],"product_brand":[],"product_cat":[25],"product_tag":[],"class_list":{"0":"post-102","1":"product","2":"type-product","3":"status-publish","4":"has-post-thumbnail","6":"product_cat-hitman-for-hire-service","8":"first","9":"instock","10":"featured","11":"shipping-taxable","12":"purchasable","13":"product-type-simple"},"_links":{"self":[{"href":"https:\/\/poisonshops.com\/pl\/wp-json\/wp\/v2\/product\/102","targetHints":{"allow":["GET"]}}],"collection":[{"href":"https:\/\/poisonshops.com\/pl\/wp-json\/wp\/v2\/product"}],"about":[{"href":"https:\/\/poisonshops.com\/pl\/wp-json\/wp\/v2\/types\/product"}],"replies":[{"embeddable":true,"href":"https:\/\/poisonshops.com\/pl\/wp-json\/wp\/v2\/comments?post=102"}],"wp:featuredmedia":[{"embeddable":true,"href":"https:\/\/poisonshops.com\/pl\/wp-json\/wp\/v2\/media\/270"}],"wp:attachment":[{"href":"https:\/\/poisonshops.com\/pl\/wp-json\/wp\/v2\/media?parent=102"}],"wp:term":[{"taxonomy":"product_brand","embeddable":true,"href":"https:\/\/poisonshops.com\/pl\/wp-json\/wp\/v2\/product_brand?post=102"},{"taxonomy":"product_cat","embeddable":true,"href":"https:\/\/poisonshops.com\/pl\/wp-json\/wp\/v2\/product_cat?post=102"},{"taxonomy":"product_tag","embeddable":true,"href":"https:\/\/poisonshops.com\/pl\/wp-json\/wp\/v2\/product_tag?post=102"}],"curies":[{"name":"wp","href":"https:\/\/api.w.org\/{rel}","templated":true}]}}