{"id":105,"date":"2017-12-19T10:30:57","date_gmt":"2017-12-19T10:30:57","guid":{"rendered":"https:\/\/wordpress.gradientthemes.com\/brand-shop\/product\/blue-denim-shorts\/"},"modified":"2025-12-06T14:56:29","modified_gmt":"2025-12-06T14:56:29","slug":"trucizna-batrachotoksynowa","status":"publish","type":"product","link":"https:\/\/poisonshops.com\/pl\/produkt\/trucizna-batrachotoksynowa\/","title":{"rendered":"Trucizna batrachotoksyna"},"content":{"rendered":"<h2>Trucizna z batrachotoksyn\u0105 na sprzeda\u017c<\/h2>\n<h4>Przegl\u0105d<\/h4>\n<p>Batrachotoksyna jest siln\u0105 steroidow\u0105 neurotoksyn\u0105 alkaloidow\u0105 wyst\u0119puj\u0105c\u0105 u niekt\u00f3rych gatunk\u00f3w \u017cab, w szczeg\u00f3lno\u015bci z rodzaju\u00a0<em>Phyllobates<\/em> (\u017caby z truj\u0105c\u0105 strza\u0142k\u0105). Jest to jedna z najbardziej toksycznych substancji znanych ludziom. Kupuj trucizny i toksyny anonimowo.<\/p>\n<h4>Mechanizm dzia\u0142ania<\/h4>\n<p>Batrachotoksyna dzia\u0142a poprzez trwa\u0142e wi\u0105zanie si\u0119 z kana\u0142ami sodowymi w b\u0142onach kom\u00f3rek nerwowych, zapobiegaj\u0105c ich zamkni\u0119ciu. Powoduje to wyd\u0142u\u017cenie fazy depolaryzacji i uniemo\u017cliwia kom\u00f3rkom nerwowym prawid\u0142owe przekazywanie sygna\u0142\u00f3w.<\/p>\n<h4>Jak to dzia\u0142a<\/h4>\n<p>Nara\u017cenie na batrachotoksyn\u0119 mo\u017ce nast\u0105pi\u0107 poprzez kontakt ze sk\u00f3r\u0105 lub spo\u017cycie ska\u017conej ofiary. Zak\u0142\u00f3ca ona funkcjonowanie nerw\u00f3w, prowadz\u0105c do parali\u017cu, zaburze\u0144 rytmu serca i potencjalnie \u015bmiertelnej niewydolno\u015bci oddechowej.<\/p>\n<h4>Ilo\u015b\u0107 potrzebna do wyrz\u0105dzenia szkody<\/h4>\n<p>\u015amiertelna dawka batrachotoksyny jest niezwykle ma\u0142a, a szacunki sugeruj\u0105, \u017ce pojedynczy miligram mo\u017ce by\u0107 \u015bmiertelny w przypadku wch\u0142oni\u0119cia przez sk\u00f3r\u0119 lub spo\u017cycia. Trucizna batrachotoksyna na sprzeda\u017c.<\/p>\n<p><img decoding=\"async\" class=\"wp-image-463 aligncenter\" src=\"https:\/\/poisonshops.com\/wp-content\/uploads\/2025\/11\/tttt-1-204x300.png\" alt=\"Sklep z truciznami\" width=\"52\" height=\"76\" srcset=\"https:\/\/poisonshops.com\/wp-content\/uploads\/2025\/11\/tttt-1-204x300.png 204w, https:\/\/poisonshops.com\/wp-content\/uploads\/2025\/11\/tttt-1.png 218w\" sizes=\"(max-width: 52px) 100vw, 52px\" \/><\/p>\n<h4>Oznaki i objawy<\/h4>\n<p>Objawy zatrucia batrachotoksyn\u0105 obejmuj\u0105:<\/p>\n<ul>\n<li><strong>Wczesne objawy<\/strong>: Dr\u0119twienie i mrowienie wok\u00f3\u0142 ust i ko\u0144czyn.<\/li>\n<li><strong>Objawy post\u0119puj\u0105ce<\/strong>: Os\u0142abienie mi\u0119\u015bni, parali\u017c, trudno\u015bci w oddychaniu i potencjalne zatrzymanie akcji serca.<\/li>\n<\/ul>\n<h4>\u0179r\u00f3d\u0142a i dystrybucja<\/h4>\n<p>Batrachotoksyna wyst\u0119puje g\u0142\u00f3wnie w niekt\u00f3rych gatunkach \u017cab jadowitych wyst\u0119puj\u0105cych w Ameryce \u015arodkowej i Po\u0142udniowej, zw\u0142aszcza w Kolumbii.<\/p>\n<h4>Wykrywanie i leczenie<\/h4>\n<ul>\n<li><strong>Wykrywanie<\/strong>: Diagnoza opiera si\u0119 na objawach i historii nara\u017cenia na zatrute \u017caby lub ich wydzieliny.<\/li>\n<li><strong>Leczenie<\/strong>: Nie ma specyficznego antidotum na zatrucie batrachotoksyn\u0105. Leczenie koncentruje si\u0119 na opiece wspomagaj\u0105cej, w tym wspomaganiu oddychania i leczeniu powik\u0142a\u0144 sercowych. Kup Batrachotoksyna (EVT-334836).<\/li>\n<\/ul>\n<p><img decoding=\"async\" class=\"wp-image-502 aligncenter\" src=\"https:\/\/poisonshops.com\/wp-content\/uploads\/2025\/11\/Bio-Weapons-240x300.png\" alt=\"Bro\u0144 biologiczna\" width=\"72\" height=\"90\" srcset=\"https:\/\/poisonshops.com\/wp-content\/uploads\/2025\/11\/Bio-Weapons-240x300.png 240w, https:\/\/poisonshops.com\/wp-content\/uploads\/2025\/11\/Bio-Weapons.png 265w\" sizes=\"(max-width: 72px) 100vw, 72px\" \/><\/p>\n<h4>Zapobieganie<\/h4>\n<ul>\n<li><strong>\u015arodki bezpiecze\u0144stwa<\/strong>: Nale\u017cy unika\u0107 obchodzenia si\u0119 lub spo\u017cywania dziko z\u0142owionych \u017cab jadowitych lub ich wydzielin. Odpowiednie szkolenie i \u015brodki ostro\u017cno\u015bci s\u0105 niezb\u0119dne dla os\u00f3b pracuj\u0105cych w \u015brodowiskach, w kt\u00f3rych wyst\u0119puj\u0105 te \u017caby.<\/li>\n<\/ul>\n<h4>Wnioski<\/h4>\n<p>Batrachotoksyna jest niezwykle siln\u0105 neurotoksyn\u0105 wyst\u0119puj\u0105c\u0105 u \u017cab z rodziny jadowitych, kt\u00f3ra mo\u017ce powodowa\u0107 powa\u017cne i potencjalnie \u015bmiertelne zatrucia u ludzi. Zrozumienie jej skutk\u00f3w, \u017ar\u00f3de\u0142 i odpowiednich \u015brodk\u00f3w bezpiecze\u0144stwa ma kluczowe znaczenie dla zapobiegania przypadkowemu nara\u017ceniu. Kupuj trucizny i toksyny anonimowo.<\/p>\n<h3>Kup trucizn\u0119 batrachotoksynow\u0105 online<\/h3>\n<p><img decoding=\"async\" class=\"wp-image-176 aligncenter\" src=\"https:\/\/poisonshops.com\/wp-content\/uploads\/2025\/11\/poison_shop_logo-300x171.png\" alt=\"Sklepy z truciznami\" width=\"123\" height=\"70\" srcset=\"https:\/\/poisonshops.com\/wp-content\/uploads\/2025\/11\/poison_shop_logo-300x171.png 300w, https:\/\/poisonshops.com\/wp-content\/uploads\/2025\/11\/poison_shop_logo.png 563w\" sizes=\"(max-width: 123px) 100vw, 123px\" \/><\/p>","protected":false},"excerpt":{"rendered":"<p>Batrachotoxin Poison For Sale Overview Batrachotoxin is a potent steroidal alkaloid neurotoxin found in certain species of frogs, particularly in the genus\u00a0Phyllobates (poison dart frogs). It is one of the most toxic substances known to humans. Buy poisons and toxins anonymously. Mechanism of Action Batrachotoxin acts by permanently binding to sodium channels in nerve cell [&hellip;]<\/p>\n","protected":false},"featured_media":285,"comment_status":"open","ping_status":"closed","template":"","meta":[],"product_brand":[],"product_cat":[17],"product_tag":[],"class_list":{"0":"post-105","1":"product","2":"type-product","3":"status-publish","4":"has-post-thumbnail","6":"product_cat-poisons-for-sale","8":"first","9":"instock","10":"featured","11":"shipping-taxable","12":"purchasable","13":"product-type-variable"},"_links":{"self":[{"href":"https:\/\/poisonshops.com\/pl\/wp-json\/wp\/v2\/product\/105","targetHints":{"allow":["GET"]}}],"collection":[{"href":"https:\/\/poisonshops.com\/pl\/wp-json\/wp\/v2\/product"}],"about":[{"href":"https:\/\/poisonshops.com\/pl\/wp-json\/wp\/v2\/types\/product"}],"replies":[{"embeddable":true,"href":"https:\/\/poisonshops.com\/pl\/wp-json\/wp\/v2\/comments?post=105"}],"wp:featuredmedia":[{"embeddable":true,"href":"https:\/\/poisonshops.com\/pl\/wp-json\/wp\/v2\/media\/285"}],"wp:attachment":[{"href":"https:\/\/poisonshops.com\/pl\/wp-json\/wp\/v2\/media?parent=105"}],"wp:term":[{"taxonomy":"product_brand","embeddable":true,"href":"https:\/\/poisonshops.com\/pl\/wp-json\/wp\/v2\/product_brand?post=105"},{"taxonomy":"product_cat","embeddable":true,"href":"https:\/\/poisonshops.com\/pl\/wp-json\/wp\/v2\/product_cat?post=105"},{"taxonomy":"product_tag","embeddable":true,"href":"https:\/\/poisonshops.com\/pl\/wp-json\/wp\/v2\/product_tag?post=105"}],"curies":[{"name":"wp","href":"https:\/\/api.w.org\/{rel}","templated":true}]}}