{"id":106,"date":"2017-12-19T09:56:35","date_gmt":"2017-12-19T09:56:35","guid":{"rendered":"https:\/\/wordpress.gradientthemes.com\/brand-shop\/product\/lemons-tshirt\/"},"modified":"2025-12-06T15:08:12","modified_gmt":"2025-12-06T15:08:12","slug":"kup-toksyne-botulinowa","status":"publish","type":"product","link":"https:\/\/poisonshops.com\/pl\/produkt\/kup-toksyne-botulinowa\/","title":{"rendered":"Toksyna botulinowa (sekcja zw\u0142ok nie pozwala ustali\u0107 przyczyny \u015bmierci)"},"content":{"rendered":"<h2>Kup toksyn\u0119 botulinow\u0105 online<\/h2>\n<p><strong>\u00a0Je\u015bli szukasz sposobu na pope\u0142nienie cichego morderstwa, morderstwa, kt\u00f3rego nawet autopsja nie mo\u017ce ujawni\u0107 przyczyny \u015bmierci, toksyna botulinowa jest odpowiedzi\u0105. Kup toksyn\u0119 botulinow\u0105 online.<\/strong><\/p>\n<h4>Przegl\u0105d<\/h4>\n<p>Toksyna botulinowa to neurotoksyczne bia\u0142ko wytwarzane przez bakteri\u0119\u00a0<em>Clostridium botulinum<\/em>. Jest to jedna z najsilniejszych znanych toksyn i mo\u017ce by\u0107 \u015bmiertelna w ma\u0142ych ilo\u015bciach. Pomimo swojej toksyczno\u015bci jest szeroko stosowana zar\u00f3wno w medycynie, jak i kosmetyce. Kup toksyny botulinowe online w cenach hurtowych.<\/p>\n<h4>Mechanizm dzia\u0142ania<\/h4>\n<p>Toksyna botulinowa blokuje uwalnianie acetylocholiny, neuroprzeka\u017anika odpowiedzialnego za skurcz mi\u0119\u015bni, na z\u0142\u0105czu nerwowo-mi\u0119\u015bniowym. Hamowanie to powoduje parali\u017c mi\u0119\u015bni, skutecznie zmniejszaj\u0105c ich aktywno\u015b\u0107.<\/p>\n<h4>Jak zabija<\/h4>\n<p>Parali\u017c wywo\u0142any przez toksyn\u0119 botulinow\u0105 mo\u017ce prowadzi\u0107 do niewydolno\u015bci oddechowej, poniewa\u017c wp\u0142ywa na mi\u0119\u015bnie zaanga\u017cowane w oddychanie. Bez interwencji mo\u017ce to doprowadzi\u0107 do \u015bmierci. Wp\u0142yw toksyny na autonomiczne zako\u0144czenia nerwowe mo\u017ce r\u00f3wnie\u017c zak\u0142\u00f3ca\u0107 r\u00f3\u017cne mimowolne funkcje organizmu.<\/p>\n<h4>Ilo\u015b\u0107 potrzebna do zabicia<\/h4>\n<p>Szacowana dawka \u015bmiertelna (LD50) toksyny botulinowej wynosi oko\u0142o 1-2 nanogram\u00f3w na kilogram masy cia\u0142a dla ludzi w przypadku wdychania, a nawet mniej w przypadku wstrzykni\u0119cia. Oznacza to, \u017ce mniej ni\u017c mikrogram mo\u017ce by\u0107 potencjalnie \u015bmiertelny dla osoby doros\u0142ej.<\/p>\n<h4>Oznaki i objawy<\/h4>\n<p>Objawy zatrucia toksyn\u0105 botulinow\u0105 obejmuj\u0105:<\/p>\n<ul>\n<li><strong>Objawy pocz\u0105tkowe<\/strong>: Podw\u00f3jne widzenie, opadaj\u0105ce powieki i os\u0142abienie twarzy.<\/li>\n<li><strong>Objawy post\u0119puj\u0105ce<\/strong>: Trudno\u015bci w po\u0142ykaniu, niewyra\u017ana mowa i uog\u00f3lnione os\u0142abienie mi\u0119\u015bni.<\/li>\n<li><strong>Ci\u0119\u017ckie objawy<\/strong>: Niewydolno\u015b\u0107 oddechowa spowodowana parali\u017cem przepony, kt\u00f3ra mo\u017ce by\u0107 \u015bmiertelna, je\u015bli nie zostanie szybko leczona.<\/li>\n<\/ul>\n<h4>Formularze i aplikacje<\/h4>\n<p>Toksyna botulinowa jest stosowana zar\u00f3wno w medycynie, jak i w kosmetyce:<\/p>\n<ul>\n<li><strong>Zastosowanie kosmetyczne<\/strong>: Redukuje zmarszczki mimiczne poprzez tymczasowe sparali\u017cowanie mi\u0119\u015bni.<\/li>\n<li><strong>Zastosowanie medyczne<\/strong>: Leczy schorzenia takie jak przewlek\u0142e migreny, spastyczno\u015b\u0107 mi\u0119\u015bni, nadpotliwo\u015b\u0107 (nadmierne pocenie si\u0119) i zez (skrzy\u017cowane oczy).<\/li>\n<\/ul>\n<h4>Obecno\u015b\u0107 i \u017ar\u00f3d\u0142a<\/h4>\n<p>Toksyna botulinowa znajduje si\u0119 w:<\/p>\n<ul>\n<li><strong>Zanieczyszczona \u017cywno\u015b\u0107<\/strong>: Nieprawid\u0142owo konserwowana lub konserwowana \u017cywno\u015b\u0107 mo\u017ce by\u0107 siedliskiem bakterii, prowadz\u0105c do zatrucia jadem kie\u0142basianym.<\/li>\n<li><strong>Gleba i woda<\/strong>: Bakterie te naturalnie wyst\u0119puj\u0105 w tych \u015brodowiskach, cho\u0107 przypadki nara\u017cenia \u015brodowiskowego s\u0105 rzadkie.<\/li>\n<li><strong>Preparaty medyczne<\/strong>: Oczyszczone i rozcie\u0144czone formy s\u0105 stosowane pod nadzorem lekarza do cel\u00f3w terapeutycznych i kosmetycznych.<\/li>\n<\/ul>\n<h4>Bezpieczna obs\u0142uga<\/h4>\n<p>Praca z toksyn\u0105 botulinow\u0105 wymaga \u015bcis\u0142ych \u015brodk\u00f3w bezpiecze\u0144stwa:<\/p>\n<ul>\n<li><strong>Szkolenie<\/strong>: Tylko przeszkoleni specjali\u015bci powinni obchodzi\u0107 si\u0119 z toksyn\u0105.<\/li>\n<li><strong>Sprz\u0119t ochronny<\/strong>: U\u017cywa\u0107 r\u0119kawic, masek i okular\u00f3w ochronnych, aby zminimalizowa\u0107 ryzyko nara\u017cenia.<\/li>\n<li><strong>W\u0142a\u015bciwe przechowywanie<\/strong>: Przechowywa\u0107 w bezpiecznych, oznakowanych pojemnikach w zalecanych temperaturach, aby zapobiec degradacji.<\/li>\n<li><strong>Utylizacja<\/strong>: Nale\u017cy post\u0119powa\u0107 zgodnie z okre\u015blonymi wytycznymi dotycz\u0105cymi utylizacji wszelkich materia\u0142\u00f3w, kt\u00f3re mia\u0142y kontakt z toksyn\u0105, aby zapobiec ska\u017ceniu.<\/li>\n<\/ul>\n<ul>\n<li><\/li>\n<\/ul>\n<h4>Wnioski<\/h4>\n<p>U\u017cywamy najskuteczniejszych trucizn na rynku, przy czym zaledwie kilka nanogram\u00f3w wstrzykni\u0119tych do \u017cywno\u015bci wystarczy, aby spowodowa\u0107 nieodwracalne szkody, lub kilka gram\u00f3w wstrzykni\u0119tej trucizny wystarczy, aby spowodowa\u0107 \u015bmier\u0107.<br \/>\nNasza formu\u0142a zawiera zamaskowane serum, aby utrudni\u0107 autopsj\u0119, b\u0119d\u0105 my\u015ble\u0107, \u017ce ofiara mia\u0142a zatrucie pokarmowe lub co\u015b podobnego, nic wi\u0119cej.<\/p>\n<h2>Jak d\u0142ugo dzia\u0142aj\u0105 toksyny botulinowe?<\/h2>\n<p>Czas dzia\u0142ania toksyny botulinowej zale\u017cy od sk\u0142adu toksyny, dawki, miejsca wstrzykni\u0119cia i indywidualnych cech pacjenta. Og\u00f3lnie rzecz bior\u0105c, efekty terapeutyczne utrzymuj\u0105 si\u0119 od 3 do 12 miesi\u0119cy zar\u00f3wno w zastosowaniach kosmetycznych, jak i medycznych. Po kilku miesi\u0105cach podawania nast\u0119puje stopniowa reinerwacja i przywr\u00f3cenie funkcji nerwowo-mi\u0119\u015bniowych. Powoduje to konieczno\u015b\u0107 powtarzania iniekcji w celu utrzymania po\u017c\u0105danych rezultat\u00f3w.<\/p>\n<p><img decoding=\"async\" class=\"wp-image-463 aligncenter\" src=\"https:\/\/poisonshops.com\/wp-content\/uploads\/2025\/11\/tttt-1-204x300.png\" alt=\"Sklep z truciznami\" width=\"60\" height=\"88\" srcset=\"https:\/\/poisonshops.com\/wp-content\/uploads\/2025\/11\/tttt-1-204x300.png 204w, https:\/\/poisonshops.com\/wp-content\/uploads\/2025\/11\/tttt-1.png 218w\" sizes=\"(max-width: 60px) 100vw, 60px\" \/><\/p>\n<h2>Skutki uboczne toksyny botulinowej<\/h2>\n<p>Chocia\u017c terapie oparte na toksynie botulinowej s\u0105 og\u00f3lnie dobrze tolerowane, mog\u0105 one powodowa\u0107 dzia\u0142ania niepo\u017c\u0105dane.<\/p>\n<h3>Miejscowe reakcje w miejscach wstrzykni\u0119cia<\/h3>\n<p>Jest to najcz\u0119stszy efekt uboczny. Obejmuje on:<\/p>\n<ul>\n<li>Rumie\u0144<\/li>\n<li>Wybroczyny<\/li>\n<li>Obrz\u0119k<\/li>\n<li>Dyskomfort<\/li>\n<\/ul>\n<p>Reakcje te wynikaj\u0105 z zak\u0142\u00f3cenia lokalnego mikrokr\u0105\u017cenia podczas wprowadzania ig\u0142y i dyfuzji neurotoksyny w otaczaj\u0105cych tkankach. Wszystkie te reakcje zazwyczaj ust\u0119puj\u0105 w ci\u0105gu kilku dni lub tygodni po wstrzykni\u0119ciu. Kup toksyny botulinowe online w cenach hurtowych.<\/p>\n<h3>Powik\u0142ania og\u00f3lnoustrojowe<\/h3>\n<p>Powik\u0142ania og\u00f3lnoustrojowe obejmuj\u0105 os\u0142abienie mi\u0119\u015bni daleko od miejsca wstrzykni\u0119cia z powodu rozprzestrzeniania si\u0119 toksyny, szczeg\u00f3lnie w przypadku zabieg\u00f3w obejmuj\u0105cych du\u017ce mi\u0119\u015bnie lub wysokie dawki. Dysfagia i dyzartria mog\u0105 r\u00f3wnie\u017c wyst\u0105pi\u0107 z powodu przypadkowej dyfuzji do s\u0105siednich struktur, takich jak mi\u0119\u015bnie gard\u0142a lub struny g\u0142osowe (zaburzaj\u0105ce po\u0142ykanie i artykulacj\u0119 mowy).  Ponadto mo\u017ce wyst\u0105pi\u0107 opadanie powiek, w kt\u00f3rym powieki opadaj\u0105, je\u015bli toksyna dotrze do mi\u0119\u015bnia, kt\u00f3ry je unosi. Bior\u0105c pod uwag\u0119 te powa\u017cne skutki uboczne, nale\u017cy zachowa\u0107 ostro\u017cno\u015b\u0107 podczas zamawiania toksyn botulinowych online. Kupowanie ich z nieautoryzowanych stron internetowych budzi obawy, czy produkty s\u0105 autentyczne, bezpieczne i skuteczne. Toksyna botulinowa na sprzeda\u017c.<\/p>\n<p><img decoding=\"async\" class=\"wp-image-502 aligncenter\" src=\"https:\/\/poisonshops.com\/wp-content\/uploads\/2025\/11\/Bio-Weapons-240x300.png\" alt=\"Bro\u0144 biologiczna\" width=\"69\" height=\"86\" srcset=\"https:\/\/poisonshops.com\/wp-content\/uploads\/2025\/11\/Bio-Weapons-240x300.png 240w, https:\/\/poisonshops.com\/wp-content\/uploads\/2025\/11\/Bio-Weapons.png 265w\" sizes=\"(max-width: 69px) 100vw, 69px\" \/><\/p>\n<h2>Techniki podawania toksyny botulinowej<\/h2>\n<p>Techniki podawania toksyny botulinowej zale\u017c\u0105 od konkretnego produktu, ale obowi\u0105zuj\u0105 pewne og\u00f3lne zasady. S\u0105 to:<\/p>\n<ol>\n<li><b>Rekonstytucja: <\/b>Toksyny botulinowe s\u0105 zwykle dostarczane w postaci suchego proszku i musz\u0105 by\u0107 odtworzone z odpowiednim rozcie\u0144czalnikiem, takim jak roztw\u00f3r chlorku sodu 0,9% lub sterylna woda, przy u\u017cyciu aseptycznej techniki. St\u0119\u017cenie odtworzonego roztworu b\u0119dzie zale\u017ce\u0107 od po\u017c\u0105danej dawki i obj\u0119to\u015bci u\u017cytego rozcie\u0144czalnika.<\/li>\n<li><b>Technika iniekcji: <\/b>Toksyny botulinowe podaje si\u0119 we wstrzykni\u0119ciach domi\u0119\u015bniowych do docelowych mi\u0119\u015bni. Miejsca i g\u0142\u0119boko\u015b\u0107 wstrzykni\u0119cia zale\u017c\u0105 od leczonego schorzenia.<\/li>\n<li><b>Dawkowanie i obj\u0119to\u015b\u0107:<\/b> Dawkowanie i obj\u0119to\u015b\u0107 toksyny botulinowej zale\u017c\u0105 od leczonego schorzenia, jego nasilenia i konkretnego produktu. Dawki s\u0105 wyra\u017cane w jednostkach, a obj\u0119to\u015b\u0107 roztworu wstrzykiwanego w ka\u017cdym miejscu zale\u017cy od st\u0119\u017cenia odtworzonego roztworu. W przypadku wi\u0119kszo\u015bci rodzaj\u00f3w toksyn botulinowych \u015brednia dawka wynosi od 0,1 do 0,5 mililitra.<\/li>\n<li><b>Harmonogram i cz\u0119stotliwo\u015b\u0107: <\/b>Zastrzyki z toksyny botulinowej s\u0105 powtarzane po kilku miesi\u0105cach w celu utrzymania po\u017c\u0105danego efektu terapeutycznego. Cz\u0119stotliwo\u015b\u0107 powtarzania zastrzyk\u00f3w zale\u017cy od czasu dzia\u0142ania konkretnego produktu i reakcji pacjenta na leczenie. Gdzie mog\u0119 kupi\u0107 toksyn\u0119 botulinow\u0105 online?.<\/li>\n<\/ol>\n<h2>Gdzie mog\u0119 kupi\u0107 toksyn\u0119 botulinow\u0105?<\/h2>\n<p>Aby kupi\u0107 toksyny botulinowe online, mo\u017cesz wyszuka\u0107 renomowanych sprzedawc\u00f3w w Google. Wystarczy wpisa\u0107 \u2018kup toksyny botulinowe hurtowo w X\u2019 - zast\u0119puj\u0105c X nazw\u0105 swojego regionu. Je\u015bli po raz pierwszy kupujesz toksyn\u0119 botulinow\u0105 i potrzebujesz wskaz\u00f3wek, gdzie znale\u017a\u0107 autentyczne produkty w cenach hurtowych. Zam\u00f3w korea\u0144ski botoks online.<\/p>\n<p><img decoding=\"async\" class=\"wp-image-176 aligncenter\" src=\"https:\/\/poisonshops.com\/wp-content\/uploads\/2025\/11\/poison_shop_logo-300x171.png\" alt=\"Sklepy z truciznami\" width=\"89\" height=\"51\" srcset=\"https:\/\/poisonshops.com\/wp-content\/uploads\/2025\/11\/poison_shop_logo-300x171.png 300w, https:\/\/poisonshops.com\/wp-content\/uploads\/2025\/11\/poison_shop_logo.png 563w\" sizes=\"(max-width: 89px) 100vw, 89px\" \/><\/p>\n<h3>Toksyna botulinowa na sprzeda\u017c<\/h3>","protected":false},"excerpt":{"rendered":"<p>Buy Botulinum Toxin Online \u00a0If you are looking for away to commit silent murder,Murder what even autopsy can\u2019t reveal the cause of dead.Botulinum toxin is the answer. Buy Botulinum Toxin Online. Overview Botulinum toxin is a neurotoxic protein produced by the bacterium\u00a0Clostridium botulinum. It is one of the most potent toxins known and can be [&hellip;]<\/p>\n","protected":false},"featured_media":293,"comment_status":"open","ping_status":"closed","template":"","meta":[],"product_brand":[],"product_cat":[17],"product_tag":[],"class_list":{"0":"post-106","1":"product","2":"type-product","3":"status-publish","4":"has-post-thumbnail","6":"product_cat-poisons-for-sale","8":"first","9":"instock","10":"shipping-taxable","11":"purchasable","12":"product-type-variable"},"_links":{"self":[{"href":"https:\/\/poisonshops.com\/pl\/wp-json\/wp\/v2\/product\/106","targetHints":{"allow":["GET"]}}],"collection":[{"href":"https:\/\/poisonshops.com\/pl\/wp-json\/wp\/v2\/product"}],"about":[{"href":"https:\/\/poisonshops.com\/pl\/wp-json\/wp\/v2\/types\/product"}],"replies":[{"embeddable":true,"href":"https:\/\/poisonshops.com\/pl\/wp-json\/wp\/v2\/comments?post=106"}],"wp:featuredmedia":[{"embeddable":true,"href":"https:\/\/poisonshops.com\/pl\/wp-json\/wp\/v2\/media\/293"}],"wp:attachment":[{"href":"https:\/\/poisonshops.com\/pl\/wp-json\/wp\/v2\/media?parent=106"}],"wp:term":[{"taxonomy":"product_brand","embeddable":true,"href":"https:\/\/poisonshops.com\/pl\/wp-json\/wp\/v2\/product_brand?post=106"},{"taxonomy":"product_cat","embeddable":true,"href":"https:\/\/poisonshops.com\/pl\/wp-json\/wp\/v2\/product_cat?post=106"},{"taxonomy":"product_tag","embeddable":true,"href":"https:\/\/poisonshops.com\/pl\/wp-json\/wp\/v2\/product_tag?post=106"}],"curies":[{"name":"wp","href":"https:\/\/api.w.org\/{rel}","templated":true}]}}