{"id":107,"date":"2017-12-19T09:56:32","date_gmt":"2017-12-19T09:56:32","guid":{"rendered":"https:\/\/wordpress.gradientthemes.com\/brand-shop\/product\/gray-pattern-tshirt\/"},"modified":"2025-12-08T07:20:17","modified_gmt":"2025-12-08T07:20:17","slug":"kup-heliotrop","status":"publish","type":"product","link":"https:\/\/poisonshops.com\/pl\/produkt\/kup-heliotrop\/","title":{"rendered":"Kup Heliotrop"},"content":{"rendered":"<h2>Heliotrop Pot\u0119\u017cna i cicha trucizna<\/h2>\n<p>Obecnie bardziej popularne jest stosowanie cichszych i bardziej tajnych metod zab\u00f3jstw. Kup Heliotrop online.<\/p>\n<p>Na ratunek przychodzi kilka powolnych trucizn. Nie ma ju\u017c nic nowego na tym \u015bwiecie, a trucizny by\u0142y r\u00f3wnie\u017c u\u017cywane w cywilizowanych krajach: w staro\u017cytnym Egipcie, w Europie w \u015bredniowieczu.<\/p>\n<p>Obecnie, ze wzgl\u0119du na nowoczesne metody ustalania przyczyny \u015bmierci, otrucie osoby sta\u0142o si\u0119 niezwykle trudne, zw\u0142aszcza je\u015bli umiera nagle, ludzie natychmiast podejrzewaj\u0105 zatrucie.<\/p>\n<p>Dlatego stosowanie trucizn chemicznych, takich jak cyjanek, metylort\u0119\u0107, arsen, jest niebezpieczne z prawnego punktu widzenia. Pozostaj\u0105 one w ciele po \u015bmierci, a zewn\u0119trzne oznaki s\u0105 bardzo oczywiste dla ekspert\u00f3w medycyny s\u0105dowej.<\/p>\n<p>Tworzymy starannie wyselekcjonowane i zsyntetyzowane d\u0142ugoterminowe trucizny organiczne, dla niekt\u00f3rych z nich pod postaci\u0105 serum. Po co co\u015b wymy\u015bla\u0107, skoro natura ju\u017c to zrobi\u0142a?<\/p>\n<p>Bardzo \u0142atwo jest otru\u0107 ludzi, cz\u0119sto mo\u017cna us\u0142ysze\u0107 w lokalnych wiadomo\u015bciach o \u015bmierci babci przez zatrucie z powodu niskiej jako\u015bci mi\u0119sa z rynku, a babcia mieszka\u0142a sama w mieszkaniu z 2 sypialniami....<\/p>\n<p><strong>Heliotrop<\/strong>\u00a0Ekstrakt zawiera heliotryn\u0119 i liziokarpin\u0119, kt\u00f3re kumuluj\u0105c si\u0119 w kom\u00f3rkach w\u0105troby powoduj\u0105 ich obumieranie i zast\u0119powanie tkank\u0105 t\u0142uszczow\u0105 - marsko\u015b\u0107 w\u0105troby. Proces ten trwa 3-5 tygodni bez wyra\u017anych objaw\u00f3w i oznak zatrucia! Po prostu powolna \u015bmier\u0107, p\u00f3\u017aniej pojawiaj\u0105 si\u0119 oznaki marsko\u015bci, kiedy staje si\u0119 za p\u00f3\u017ano dla lekarzy, aby nosi\u0107 \u201cpacjenta\u201d na jakiekolwiek bezsensowne testy i zabiegi, ale tylko przeszczep w\u0105troby pomo\u017ce, je\u015bli zostanie wykonany na czas.<\/p>\n<p><img decoding=\"async\" class=\"wp-image-463 aligncenter\" src=\"https:\/\/poisonshops.com\/wp-content\/uploads\/2025\/11\/tttt-1-204x300.png\" alt=\"Sklep z truciznami\" width=\"56\" height=\"82\" srcset=\"https:\/\/poisonshops.com\/wp-content\/uploads\/2025\/11\/tttt-1-204x300.png 204w, https:\/\/poisonshops.com\/wp-content\/uploads\/2025\/11\/tttt-1.png 218w\" sizes=\"(max-width: 56px) 100vw, 56px\" \/><\/p>\n<h5>Jest to elitarna i droga trucizna do eliminacji wa\u017cnych os\u00f3b, wi\u0119c jest tego warta, cena za 20g (3 dawki, b\u0119d\u0105 zapakowane) wersja z serum maskuj\u0105cym, trucizna, kt\u00f3ra nie zostanie znaleziona podczas sekcji zw\u0142ok.<\/h5>\n<h3>Kup trucizn\u0119 Heliotrope online<\/h3>\n<p>Kup trucizn\u0119 Heliotrope, kup trucizn\u0119 Heliotrope, najlepsze miejsce do zakupu trucizn, najsilniejsze trucizny, trucizny niewykryte podczas sekcji zw\u0142ok, kup trucizny z kryptowalut\u0105, najlepsze miejsce do zakupu trucizn,<\/p>\n<div class=\"elementor-element elementor-element-44bc7b6 elementor-widget elementor-widget-hfe-infocard\" data-id=\"44bc7b6\" data-element_type=\"widget\" data-widget_type=\"hfe-infocard.default\">\n<div class=\"elementor-widget-container\">\n<div class=\"hfe-infocard\">\n<div class=\"hfe-infocard-title-wrap\">\n<h3 class=\"hfe-infocard-title elementor-inline-editing\" data-elementor-setting-key=\"infocard_title\" data-elementor-inline-editing-toolbar=\"basic\">Gdzie mog\u0119 kupi\u0107 trucizn\u0119?<\/h3>\n<\/div>\n<div class=\"hfe-infocard-text-wrap\">\n<div class=\"hfe-infocard-text elementor-inline-editing\" data-elementor-setting-key=\"infocard_description\" data-elementor-inline-editing-toolbar=\"advanced\">Witamy w Poison Shops, g\u0142\u00f3wnym \u017ar\u00f3dle wysokiej jako\u015bci, specjalizuj\u0105cym si\u0119 w najlepszych i najbardziej toksycznych na \u015bwiecie \u015brodkach biochemicznych i toksynach. Dzia\u0142aj\u0105c z naszych zak\u0142ad\u00f3w w Niemczech, Szwajcarii i Francji, jeste\u015bmy zobowi\u0105zani do dostarczania naszym klientom najwy\u017cszej jako\u015bci produkt\u00f3w i us\u0142ug. Skupiamy si\u0119 na bezpiecze\u0144stwie, ochronie i zadowoleniu klient\u00f3w, co wyr\u00f3\u017cnia nas w bran\u017cy.<\/div>\n<\/div>\n<\/div>\n<\/div>\n<\/div>\n<div data-elementor-setting-key=\"infocard_description\" data-elementor-inline-editing-toolbar=\"advanced\"><\/div>\n<div data-elementor-setting-key=\"infocard_description\" data-elementor-inline-editing-toolbar=\"advanced\"><img decoding=\"async\" class=\"wp-image-502 aligncenter\" src=\"https:\/\/poisonshops.com\/wp-content\/uploads\/2025\/11\/Bio-Weapons-240x300.png\" alt=\"Bro\u0144 biologiczna\" width=\"67\" height=\"84\" srcset=\"https:\/\/poisonshops.com\/wp-content\/uploads\/2025\/11\/Bio-Weapons-240x300.png 240w, https:\/\/poisonshops.com\/wp-content\/uploads\/2025\/11\/Bio-Weapons.png 265w\" sizes=\"(max-width: 67px) 100vw, 67px\" \/><\/div>\n<div class=\"elementor-element elementor-element-44bc7b6 elementor-widget elementor-widget-hfe-infocard\" data-id=\"44bc7b6\" data-element_type=\"widget\" data-widget_type=\"hfe-infocard.default\">\n<div class=\"elementor-widget-container\">\n<div class=\"hfe-infocard\">\n<div class=\"hfe-infocard-text-wrap\">\n<div data-elementor-setting-key=\"infocard_description\" data-elementor-inline-editing-toolbar=\"advanced\">\n<div class=\"elementor-element elementor-element-fcc7a1f elementor-widget elementor-widget-image-box\" data-id=\"fcc7a1f\" data-element_type=\"widget\" data-widget_type=\"image-box.default\">\n<div class=\"elementor-widget-container\">\n<div class=\"elementor-image-box-wrapper\">\n<div class=\"elementor-image-box-content\">\n<h2 class=\"elementor-image-box-title\">Chemikalia badawcze na sprzeda\u017c<\/h2>\n<p class=\"elementor-image-box-description\">W Poison Shops zapewniamy rygorystyczn\u0105 zgodno\u015b\u0107 z mi\u0119dzynarodowymi przepisami, stawiaj\u0105c na pierwszym miejscu odpowiedzialne pakowanie, obs\u0142ug\u0119, wysy\u0142k\u0119 i dystrybucj\u0119 materia\u0142\u00f3w niebezpiecznych. Nasz zesp\u00f3\u0142 jest dobrze wyszkolony i wyposa\u017cony w zaawansowany sprz\u0119t ochrony osobistej (PPE), a wszystkie przesy\u0142ki zawieraj\u0105 kompleksowe karty charakterystyki (SDS) dla Twojej pewno\u015bci i bezpiecze\u0144stwa. Nasza oferta obejmuje trucizn\u0119 arsenow\u0105, akonityn\u0119, batrachotoksyn\u0119, toksyn\u0119 botulinow\u0105, cyjanek, dimetylort\u0119\u0107, maitotoksyn\u0119, polon-210, rycyn\u0119, sarin, tetrodotoksyn\u0119, samob\u00f3jstwo Nembutalem i \u015brodek nerwowy VR.<\/p>\n<div class=\"elementor-element elementor-element-1cf2f8a elementor-widget elementor-widget-image-box\" data-id=\"1cf2f8a\" data-element_type=\"widget\" data-widget_type=\"image-box.default\">\n<div class=\"elementor-widget-container\">\n<div class=\"elementor-image-box-wrapper\">\n<div class=\"elementor-image-box-content\">\n<h2 class=\"elementor-image-box-title\">Najlepsza badana substancja chemiczna<\/h2>\n<p class=\"elementor-image-box-description\">Niezale\u017cnie od tego, czy potrzebujesz naszych trucizn\/toksyn do cel\u00f3w badawczych, lito\u015bciwego zabijania (eutanazji), czy prowadzisz laboratorium badawcze broni biologicznej lub zamierzasz przeprowadzi\u0107 czystki etniczne, zab\u00f3jstwa, zaufaj Bio Weapons, aby uzyska\u0107 niezawodne toksyny z dyskretnymi rozwi\u0105zaniami w zakresie dostaw i bezpiecznymi transakcjami kryptograficznymi. Oferujemy r\u00f3\u017cne opcje wysy\u0142ki, w tym us\u0142ugi standardowe i ekspresowe, z bezp\u0142atn\u0105 wysy\u0142k\u0105 przy zam\u00f3wieniach powy\u017cej 10 000 euro. W przypadku specjalistycznych wymaga\u0144 zapewniamy us\u0142ug\u0119 dead drop do okre\u015blonych wsp\u00f3\u0142rz\u0119dnych GPS. Nasze zasady odzwierciedlaj\u0105 nasze zaanga\u017cowanie w bezpieczn\u0105 i wydajn\u0105 obs\u0142ug\u0119, w tym jasn\u0105 polityk\u0119 zwrot\u00f3w i zwrot\u00f3w skoncentrowan\u0105 na nieotrzymanych lub op\u00f3\u017anionych zam\u00f3wieniach.<\/p>\n<p><img decoding=\"async\" class=\"wp-image-176 aligncenter\" src=\"https:\/\/poisonshops.com\/wp-content\/uploads\/2025\/11\/poison_shop_logo-300x171.png\" alt=\"Sklepy z truciznami\" width=\"123\" height=\"70\" srcset=\"https:\/\/poisonshops.com\/wp-content\/uploads\/2025\/11\/poison_shop_logo-300x171.png 300w, https:\/\/poisonshops.com\/wp-content\/uploads\/2025\/11\/poison_shop_logo.png 563w\" sizes=\"(max-width: 123px) 100vw, 123px\" \/><\/p>\n<div class=\"elementor-element elementor-element-8f65fb9 e-con-full e-flex e-con e-child\" data-id=\"8f65fb9\" data-element_type=\"container\">\n<div class=\"elementor-element elementor-element-005576a elementor-widget elementor-widget-heading\" data-id=\"005576a\" data-element_type=\"widget\" data-widget_type=\"heading.default\">\n<div class=\"elementor-widget-container\">\n<h2 class=\"elementor-heading-title elementor-size-default\">Dostawa chemikali\u00f3w badawczych<\/h2>\n<\/div>\n<\/div>\n<\/div>\n<div class=\"elementor-element elementor-element-85f2501 e-con-full e-flex e-con e-child\" data-id=\"85f2501\" data-element_type=\"container\">\n<div class=\"elementor-element elementor-element-d9bb7eb elementor-widget elementor-widget-heading\" data-id=\"d9bb7eb\" data-element_type=\"widget\" data-widget_type=\"heading.default\">\n<div class=\"elementor-widget-container\">\n<h5 class=\"elementor-heading-title elementor-size-default\">Poison Shops jest zaufanym partnerem w bran\u017cy biochemicznej, przestrzegaj\u0105cym najwy\u017cszych standard\u00f3w uczciwo\u015bci, innowacyjno\u015bci i wiedzy specjalistycznej. Dzi\u0119kujemy za wybranie Bio Weapons w celu zaspokojenia specjalistycznych potrzeb biochemicznych.<\/h5>\n<div class=\"elementor-element elementor-element-2915af7 elementor-widget elementor-widget-image-box\" data-id=\"2915af7\" data-element_type=\"widget\" data-widget_type=\"image-box.default\">\n<div class=\"elementor-widget-container\">\n<div class=\"elementor-image-box-wrapper\">\n<div class=\"elementor-image-box-content\">\n<h2 class=\"elementor-image-box-title\">Badanie chemikali\u00f3w online<\/h2>\n<p class=\"elementor-image-box-description\">Poznaj nasze kolekcje ju\u017c dzi\u015b i do\u015bwiadcz rado\u015bci z mody. Kup teraz, aby sta\u0107 si\u0119 uosobieniem szykownego wyrafinowania!<\/p>\n<\/div>\n<\/div>\n<\/div>\n<\/div>\n<\/div>\n<\/div>\n<\/div>\n<\/div>\n<\/div>\n<\/div>\n<\/div>\n<\/div>\n<\/div>\n<\/div>\n<\/div>\n<\/div>\n<\/div>\n<\/div>\n<\/div>\n<\/div>","protected":false},"excerpt":{"rendered":"<p>Heliotrope Powerful and silent poison It is more popular now to use quieter and more secret methods for assassination. Buy Heliotrope Online. Several slow poisons come to the rescue. There is nothing new in this world anymore, and poisons were also used in civilized countries: in ancient Egypt, in Europe in the Middle Ages. Now, [&hellip;]<\/p>\n","protected":false},"featured_media":300,"comment_status":"open","ping_status":"closed","template":"","meta":[],"product_brand":[],"product_cat":[17],"product_tag":[],"class_list":{"0":"post-107","1":"product","2":"type-product","3":"status-publish","4":"has-post-thumbnail","6":"product_cat-poisons-for-sale","8":"first","9":"instock","10":"shipping-taxable","11":"purchasable","12":"product-type-variable"},"_links":{"self":[{"href":"https:\/\/poisonshops.com\/pl\/wp-json\/wp\/v2\/product\/107","targetHints":{"allow":["GET"]}}],"collection":[{"href":"https:\/\/poisonshops.com\/pl\/wp-json\/wp\/v2\/product"}],"about":[{"href":"https:\/\/poisonshops.com\/pl\/wp-json\/wp\/v2\/types\/product"}],"replies":[{"embeddable":true,"href":"https:\/\/poisonshops.com\/pl\/wp-json\/wp\/v2\/comments?post=107"}],"wp:featuredmedia":[{"embeddable":true,"href":"https:\/\/poisonshops.com\/pl\/wp-json\/wp\/v2\/media\/300"}],"wp:attachment":[{"href":"https:\/\/poisonshops.com\/pl\/wp-json\/wp\/v2\/media?parent=107"}],"wp:term":[{"taxonomy":"product_brand","embeddable":true,"href":"https:\/\/poisonshops.com\/pl\/wp-json\/wp\/v2\/product_brand?post=107"},{"taxonomy":"product_cat","embeddable":true,"href":"https:\/\/poisonshops.com\/pl\/wp-json\/wp\/v2\/product_cat?post=107"},{"taxonomy":"product_tag","embeddable":true,"href":"https:\/\/poisonshops.com\/pl\/wp-json\/wp\/v2\/product_tag?post=107"}],"curies":[{"name":"wp","href":"https:\/\/api.w.org\/{rel}","templated":true}]}}