{"id":108,"date":"2017-12-19T09:56:29","date_gmt":"2017-12-19T09:56:29","guid":{"rendered":"https:\/\/wordpress.gradientthemes.com\/brand-shop\/product\/flamingo-tshirt\/"},"modified":"2025-12-08T21:55:27","modified_gmt":"2025-12-08T21:55:27","slug":"kup-skopolamine-oddech-diabla","status":"publish","type":"product","link":"https:\/\/poisonshops.com\/pl\/produkt\/kup-skopolamine-oddech-diabla\/","title":{"rendered":"Kup skopolamin\u0119 (oddech diab\u0142a)"},"content":{"rendered":"<h2>Kup Skopolamin\u0119 Devils Breath<\/h2>\n<p>Skopolamina, znana r\u00f3wnie\u017c jako hioscyna lub diabelski oddech, to naturalny lub syntetycznie wytwarzany alkaloid tropanowy i lek antycholinergiczny, kt\u00f3ry jest stosowany jako lek w leczeniu choroby lokomocyjnej oraz pooperacyjnych nudno\u015bci i wymiot\u00f3w. Jest r\u00f3wnie\u017c czasami stosowany przed operacj\u0105 w celu zmniejszenia wydzielania \u015bliny. W przypadku stosowania we wstrzykni\u0119ciu efekty zaczynaj\u0105 si\u0119 po oko\u0142o 20 minutach i trwaj\u0105 do 8 godzin. Mo\u017ce by\u0107 r\u00f3wnie\u017c stosowany doustnie. Kup Scopolamine Devils Breath.<\/p>\n<h3>Jak dzia\u0142a skopolamina?<\/h3>\n<p>Skopolamina nale\u017cy do rodziny lek\u00f3w antymuskarynowych i dzia\u0142a poprzez blokowanie niekt\u00f3rych efekt\u00f3w acetylocholiny na uk\u0142ad nerwowy. O skopolaminie po raz pierwszy napisano w 1881 roku, a zacz\u0119to j\u0105 stosowa\u0107 do znieczulenia oko\u0142o 1900 roku. Skopolamina jest r\u00f3wnie\u017c g\u0142\u00f3wnym aktywnym sk\u0142adnikiem wytwarzanym przez niekt\u00f3re ro\u015bliny z rodziny psiankowatych, kt\u00f3re w przesz\u0142o\u015bci by\u0142y stosowane jako leki psychoaktywne (znane jako delirium) ze wzgl\u0119du na swoje dzia\u0142anie halucynogenne wywo\u0142ywane przez leki antymuskarynowe w wy\u017cszych dawkach. W tych kontekstach jego dzia\u0142anie zmieniaj\u0105ce umys\u0142 by\u0142o wykorzystywane do cel\u00f3w rekreacyjnych i okultystycznych.<\/p>\n<h4><span class=\"kY2IgmnCmOGjharHErah\">Kup proszek skopolaminy online na sprzeda\u017c<\/span><\/h4>\n<p>Zatrucie skopolamin\u0105 z domowego wina \u2018ksi\u0119\u017cycowy kwiat<br \/>\nLH, 76-letni m\u0119\u017cczyzna rasy kaukaskiej, wypi\u0142 3 \u0142y\u017ceczki (15 ml) domowego wina w ci\u0105gu 1 godziny i zachorowa\u0142. Oko\u0142o 1,5 godziny p\u00f3\u017aniej zosta\u0142 przewieziony na izb\u0119 przyj\u0119\u0107 lokalnego szpitala z objawami niewydolno\u015bci oddechowej i os\u0142abienia. Ro\u015blin\u0105 u\u017cyt\u0105 do produkcji wina by\u0142a tr\u0105bka anielska (Datura suaveolens), kt\u00f3ra podobno zawiera r\u00f3\u017cne ilo\u015bci skopolaminy i atropiny.<\/p>\n<p>Pr\u00f3bka wina zosta\u0142a pobrana i przeanalizowana pod k\u0105tem tych dw\u00f3ch zwi\u0105zk\u00f3w za pomoc\u0105 chromatografii HPLC z faz\u0105 odwr\u00f3con\u0105 przy u\u017cyciu metanolu 97%-3% wody dejonizowanej. Przefiltrowane wino zawiera\u0142o oko\u0142o 29 mg skopolaminy\/mL, co da\u0142o ca\u0142kowit\u0105 spo\u017cyt\u0105 dawk\u0119 435 mg. Nie wykryto atropiny. Zawarto\u015b\u0107 skopolaminy potwierdzono metod\u0105 TLC. Zg\u0142oszono, \u017ce doustna dawka 50 mg siarczanu atropiny u ludzi jest \u015bmiertelna. Zawarto\u015b\u0107 alkoholu i pH 3,8 domowego wina mog\u0142y zwi\u0119kszy\u0107 ekstrakcj\u0119 tego zwi\u0105zku z materia\u0142u ro\u015blinnego, a proces fermentacji wina m\u00f3g\u0142 zag\u0119\u015bci\u0107 pierwotny ekstrakt.<\/p>\n<p><img decoding=\"async\" class=\"wp-image-463 aligncenter\" src=\"https:\/\/poisonshops.com\/wp-content\/uploads\/2025\/11\/tttt-1-204x300.png\" alt=\"Sklep z truciznami\" width=\"63\" height=\"93\" srcset=\"https:\/\/poisonshops.com\/wp-content\/uploads\/2025\/11\/tttt-1-204x300.png 204w, https:\/\/poisonshops.com\/wp-content\/uploads\/2025\/11\/tttt-1.png 218w\" sizes=\"(max-width: 63px) 100vw, 63px\" \/><\/p>\n<h2>Dawkowanie w przypadku \u015bmierci<\/h2>\n<p>Skopolamina w ma\u0142ych dawkach powoduje utrat\u0119 przytomno\u015bci do 24 godzin lub d\u0142u\u017cej, jest szeroko stosowana w napadach, w kt\u00f3rych ofiara jest nieprzytomna. Ale w ilo\u015bci 10 mg wystarcza do zabicia i mo\u017ce by\u0107 stosowana razem z jedzeniem lub napojami, gdzie w napojach alkoholowych jej efekt jest szybszy, oko\u0142o 30 minut, bezbolesna \u015bmier\u0107, poniewa\u017c powoduje senno\u015b\u0107. Jest wykrywany tylko podczas dok\u0142adniejszych autopsji. <span class=\"kY2IgmnCmOGjharHErah\">Kup proszek skopolaminy online na sprzeda\u017c<\/span>.<\/p>\n<p>skopolamina, w filmach nazywa si\u0119 to prawdziwym serum, stosuj bardzo ostro\u017cnie i wed\u0142ug w\u0142asnego uznania!<\/p>\n<p><img decoding=\"async\" class=\"wp-image-502 aligncenter\" src=\"https:\/\/poisonshops.com\/wp-content\/uploads\/2025\/11\/Bio-Weapons-240x300.png\" alt=\"Bro\u0144 biologiczna\" width=\"65\" height=\"81\" srcset=\"https:\/\/poisonshops.com\/wp-content\/uploads\/2025\/11\/Bio-Weapons-240x300.png 240w, https:\/\/poisonshops.com\/wp-content\/uploads\/2025\/11\/Bio-Weapons.png 265w\" sizes=\"(max-width: 65px) 100vw, 65px\" \/><\/p>\n<h3 class=\"LnpumSThxEWMIsDdAT17 CXMyPcQ6nDv47DKFeywM\"><span class=\"EKtkFWMYpwzMKOYr0GYm LQVY1Jpkk8nyJ6HBWKAk\">KUP skopolamin\u0119 (diabelski oddech) w proszku online<\/span><\/h3>\n<p><span class=\"kY2IgmnCmOGjharHErah\"><b>Kup<\/b> <b>skopolamina<\/b> online. Hioscyna, znana r\u00f3wnie\u017c jako <b>skopolamina<\/b>( <b>Diabelski<\/b> <b>Oddech<\/b>), jest lekiem stosowanym w leczeniu choroby lokomocyjnej oraz pooperacyjnych nudno\u015bci i wymiot\u00f3w. plaster na chorob\u0119 lokomocyjn\u0105, plaster na chorob\u0119 morsk\u0105, plaster na nudno\u015bci, plaster transdermalny, plaster z dramamin\u0105, plaster przeciw nudno\u015bciom, plaster na chorob\u0119 morsk\u0105, plaster na chorob\u0119 lokomocyjn\u0105 <\/span><\/p>\n<p><span class=\"kY2IgmnCmOGjharHErah\"><b>Kup<\/b> <b>Skopolamina<\/b> Proszek online na sprzeda\u017c (Burundanga, \u201cThe <b>Diabelski<\/b> <b>Oddech<\/b>\u201c, Borrachero, Hyoscine, Angel's Trumpet) Hioscyna, znana r\u00f3wnie\u017c jako <b>skopolamina<\/b>, jest lekiem stosowanym w leczeniu choroby lokomocyjnej oraz pooperacyjnych nudno\u015bci i wymiot\u00f3w.<\/span><\/p>\n<p><span class=\"kY2IgmnCmOGjharHErah\">Po wdychaniu \u201c<b>Diabelski<\/b> <b>Oddech<\/b>,Ofiary s\u0105 znane z tego, \u017ce budz\u0105 si\u0119, nie pami\u0119taj\u0105c, \u017ce wyp\u0142aci\u0142y oszcz\u0119dno\u015bci \u017cycia i je odda\u0142y. <b>Skopolamina<\/b>, nazwany \u201c<b>Diabelski<\/b> <b>Oddech<\/b>,jest cz\u0119sto okre\u015blany jako najniebezpieczniejszy narkotyk na \u015bwiecie. Wyst\u0119puje g\u0142\u00f3wnie w Ameryce Po\u0142udniowej.<\/span><\/p>\n<p><span class=\"kY2IgmnCmOGjharHErah\"><b>Diabelski<\/b> <b>Oddech<\/b> pochodzi z kwiatu krzewu \u201cborrachero\u201d, powszechnego w po\u0142udniowoameryka\u0144skim kraju Kolumbii. Nasiona, po sproszkowaniu i ekstrakcji w procesie chemicznym, zawieraj\u0105 substancj\u0119 chemiczn\u0105 podobn\u0105 do <b>skopolamina<\/b> zwany \u201cburandanga\u201d. Kup skopolamin\u0119 diabelski oddech.<\/span><\/p>\n<h3>Skopolamina na sprzeda\u017c online<\/h3>\n<p><img decoding=\"async\" class=\"wp-image-176 aligncenter\" src=\"https:\/\/poisonshops.com\/wp-content\/uploads\/2025\/11\/poison_shop_logo-300x171.png\" alt=\"Sklepy z truciznami\" width=\"118\" height=\"67\" srcset=\"https:\/\/poisonshops.com\/wp-content\/uploads\/2025\/11\/poison_shop_logo-300x171.png 300w, https:\/\/poisonshops.com\/wp-content\/uploads\/2025\/11\/poison_shop_logo.png 563w\" sizes=\"(max-width: 118px) 100vw, 118px\" \/><\/p>","protected":false},"excerpt":{"rendered":"<p>Buy Scopolamine Devils Breath Scopolamine, also known as hyoscine, or Devil\u2019s Breath, is a natural or synthetically produced tropane alkaloid and anticholinergic medication that is used as a medication to treat motion sickness and postoperative nausea and vomiting. It is also sometimes used before surgery to decrease saliva. When used by injection, the effects begin [&hellip;]<\/p>\n","protected":false},"featured_media":313,"comment_status":"open","ping_status":"closed","template":"","meta":[],"product_brand":[],"product_cat":[17],"product_tag":[],"class_list":{"0":"post-108","1":"product","2":"type-product","3":"status-publish","4":"has-post-thumbnail","6":"product_cat-poisons-for-sale","8":"first","9":"instock","10":"shipping-taxable","11":"purchasable","12":"product-type-variable"},"_links":{"self":[{"href":"https:\/\/poisonshops.com\/pl\/wp-json\/wp\/v2\/product\/108","targetHints":{"allow":["GET"]}}],"collection":[{"href":"https:\/\/poisonshops.com\/pl\/wp-json\/wp\/v2\/product"}],"about":[{"href":"https:\/\/poisonshops.com\/pl\/wp-json\/wp\/v2\/types\/product"}],"replies":[{"embeddable":true,"href":"https:\/\/poisonshops.com\/pl\/wp-json\/wp\/v2\/comments?post=108"}],"wp:featuredmedia":[{"embeddable":true,"href":"https:\/\/poisonshops.com\/pl\/wp-json\/wp\/v2\/media\/313"}],"wp:attachment":[{"href":"https:\/\/poisonshops.com\/pl\/wp-json\/wp\/v2\/media?parent=108"}],"wp:term":[{"taxonomy":"product_brand","embeddable":true,"href":"https:\/\/poisonshops.com\/pl\/wp-json\/wp\/v2\/product_brand?post=108"},{"taxonomy":"product_cat","embeddable":true,"href":"https:\/\/poisonshops.com\/pl\/wp-json\/wp\/v2\/product_cat?post=108"},{"taxonomy":"product_tag","embeddable":true,"href":"https:\/\/poisonshops.com\/pl\/wp-json\/wp\/v2\/product_tag?post=108"}],"curies":[{"name":"wp","href":"https:\/\/api.w.org\/{rel}","templated":true}]}}