{"id":110,"date":"2017-12-19T09:54:28","date_gmt":"2017-12-19T09:54:28","guid":{"rendered":"https:\/\/wordpress.gradientthemes.com\/brand-shop\/product\/white-underground-tshirt\/"},"modified":"2025-11-20T10:50:23","modified_gmt":"2025-11-20T10:50:23","slug":"digoksyna","status":"publish","type":"product","link":"https:\/\/poisonshops.com\/pl\/produkt\/digoksyna\/","title":{"rendered":"Digoksyna"},"content":{"rendered":"<h2><span id=\"What_is_digoxin_toxicity\">Co to jest toksyczno\u015b\u0107 digoksyny<\/span><\/h2>\n<p><strong>Digoksyna<\/strong>\u00a0Toksyczno\u015b\u0107 digoksyny, znana r\u00f3wnie\u017c jako toksyczno\u015b\u0107 naparstnicy, mo\u017ce stanowi\u0107 problem podczas terapii naparstnic\u0105. Mo\u017ce wyst\u0105pi\u0107 w przypadku przyj\u0119cia zbyt du\u017cej dawki digoksyny na raz. Toksyczno\u015b\u0107 digoksyny mo\u017ce r\u00f3wnie\u017c wyst\u0105pi\u0107, gdy poziom leku wzrasta z innych powod\u00f3w. Digoksyna jest stosunkowo bezpieczn\u0105, tani\u0105 i skuteczn\u0105 terapi\u0105 \u0142agodz\u0105c\u0105 nawracaj\u0105ce objawy u pacjent\u00f3w z zastoinow\u0105 niewydolno\u015bci\u0105 serca. Digoksyna pochodzi z gatunku Digitalis lanata i zosta\u0142a po raz pierwszy opisana przez Williama Witheringa w 1785 roku. Digoksyna jest czasami stosowana w celu zwi\u0119kszenia kurczliwo\u015bci mi\u0119\u015bnia sercowego (inotrop dodatni) oraz jako \u015brodek przeciwarytmiczny w celu kontrolowania cz\u0119sto\u015bci akcji serca (np. w szybkim migotaniu przedsionk\u00f3w). Lepsze leki ograniczaj\u0105ce cz\u0119sto\u015b\u0107 akcji serca, takie jak beta-blokery, zast\u0105pi\u0142y obecnie digoksyn\u0119 jako lek pierwszego rzutu, ale jej rola pozostaje wa\u017cna w migotaniu przedsionk\u00f3w (A Fib) zwi\u0105zanym z niewydolno\u015bci\u0105 serca.<\/p>\n<p><strong>Digoksyna<\/strong>\u00a0- Glikozydy naparstnicy s\u0105 lekarstwem na choroby serca, ale jak m\u00f3wi\u0105, jedyn\u0105 r\u00f3\u017cnic\u0105 mi\u0119dzy lekarstwem a trucizn\u0105 jest ilo\u015b\u0107.<\/p>\n<p>W przypadku przedawkowania, w ci\u0105gu kilku godzin mo\u017ce nast\u0105pi\u0107 nag\u0142a i bolesna \u015bmier\u0107; je\u015bli dana osoba u\u017cywa go jako leku, mo\u017cna \u0142atwo ukry\u0107 zatrucie jako przedawkowanie.<\/p>\n<p>Chocia\u017c digoksyna jest stosowana w leczeniu niewydolno\u015bci serca i niekt\u00f3rych rodzaj\u00f3w arytmii serca, dystrybucja digitoksyny do r\u00f3\u017cnych tkanek trwa zwykle kilka godzin, co oznacza, \u017ce nie jest to szybkie zab\u00f3jstwo; potrzeba oko\u0142o 4 do 6 godzin, aby uzyska\u0107 po\u017c\u0105dany efekt, dlatego \u015bmier\u0107 wi\u0105\u017ce si\u0119 z nieprawid\u0142owym rytmem serca, kt\u00f3ry prowadzi do zapa\u015bci sercowo-naczyniowej, nadmiernego ko\u0142atania serca, nag\u0142ej i bolesnej \u015bmierci.<\/p>\n<p><strong>Objawy toksyczno\u015bci digoksyny obejmuj\u0105:<\/strong><\/p>\n<ul>\n<li>letarg<\/li>\n<li>nudno\u015bci i wymioty<\/li>\n<li>biegunka<\/li>\n<li>b\u00f3l brzucha<\/li>\n<li>zaburzenia widzenia<\/li>\n<li>halucynacje i majaczenie<\/li>\n<li>silny b\u00f3l g\u0142owy.<\/li>\n<\/ul>\n<p>Objawy kliniczne toksyczno\u015bci digoksyny s\u0105 cz\u0119sto niespecyficzne. Zwykle obejmuj\u0105 one senno\u015b\u0107, dezorientacj\u0119 i objawy \u017co\u0142\u0105dkowo-jelitowe (anoreksja, nudno\u015bci, wymioty, biegunka i b\u00f3l brzucha). Efekty wizualne (niewyra\u017ane widzenie, zaburzenia kolor\u00f3w, aureole i plamki) s\u0105 rzadsze we wsp\u00f3\u0142czesnej praktyce. Arytmie serca stanowi\u0105 przyczyn\u0119 wi\u0119kszo\u015bci zgon\u00f3w (zgon z powodu arytmii serca).<\/p>\n<p>Toksyczno\u015b\u0107 digoksyny mo\u017ce wyst\u0105pi\u0107, gdy st\u0119\u017cenie digoksyny w surowicy mie\u015bci si\u0119 w zakresie terapeutycznym, a poniewa\u017c objawy s\u0105 zwykle niespecyficzne, diagnoza mo\u017ce by\u0107 trudna.<\/p>\n<p>Toksyczno\u015b\u0107 digoksyny mo\u017ce by\u0107 spowodowana wysokim poziomem digoksyny w organizmie (wystarczy 10 kapsu\u0142ek). Ni\u017csza tolerancja leku mo\u017ce r\u00f3wnie\u017c powodowa\u0107 toksyczno\u015b\u0107 digoksyny.<\/p>\n<h3><span id=\"Signs_and_symptoms_of_digoxin_toxicity\">Oznaki i objawy toksyczno\u015bci digoksyny<\/span><\/h3>\n<p>Pacjenci mog\u0105 mie\u0107 okres bezobjawowy od kilku minut do kilku godzin po doustnym spo\u017cyciu pojedynczej dawki toksycznej. Objawy kliniczne mog\u0105 by\u0107 subtelne lub oczywiste, w zale\u017cno\u015bci od nasilenia toksyczno\u015bci. Toksyczno\u015b\u0107 ostra rzadko jest subtelna, natomiast toksyczno\u015b\u0107 przewlek\u0142a mo\u017ce by\u0107 trudna do zdiagnozowania. Nudno\u015bci, wymioty i senno\u015b\u0107 nale\u017c\u0105 do najcz\u0119stszych objaw\u00f3w pozasercowych. Zmiany wizualne zwykle dotycz\u0105 pacjent\u00f3w z przewlek\u0142\u0105 toksyczno\u015bci\u0105. Nale\u017cy po\u0142o\u017cy\u0107 nacisk na parametry \u017cyciowe oraz wyniki bada\u0144 neurologicznych i sercowo-naczyniowych.<\/p>\n<p>Stan psychiczny pacjenta mo\u017ce si\u0119 zmienia\u0107 w zale\u017cno\u015bci od nasilenia toksyczno\u015bci digoksyny, a tak\u017ce powi\u0105zanych chor\u00f3b wsp\u00f3\u0142istniej\u0105cych. Chocia\u017c pacjent mo\u017ce zauwa\u017cy\u0107 zmiany widzenia, \u017arenice s\u0105 oszcz\u0119dzone, a obiektywne wyniki s\u0105 nieliczne. Gor\u0105czka polekowa nie wyst\u0119puje.<\/p>\n<p>T\u0119tno mo\u017ce by\u0107 nieregularne, je\u015bli u pacjenta wyst\u0119puje migotanie przedsionk\u00f3w lub arytmia wynikaj\u0105ca z samej toksyczno\u015bci digoksyny. Niedoci\u015bnienie mo\u017ce by\u0107 obserwowane, je\u015bli pacjent ma przewlek\u0142\u0105 niewydolno\u015b\u0107 serca lub odwodnienie wt\u00f3rne do zmniejszonego spo\u017cycia doustnego. Objawy ze strony szyi obejmuj\u0105 podwy\u017cszone ci\u015bnienie w \u017cy\u0142ach szyjnych.<\/p>\n<p>Niestabilno\u015b\u0107 hemodynamiczna jest bezpo\u015brednio zwi\u0105zana z obecno\u015bci\u0105 dysrytmii lub ostrym zaostrzeniem przewlek\u0142ej niewydolno\u015bci serca (CHF). Mo\u017cna zidentyfikowa\u0107 towarzysz\u0105c\u0105 kardiomegali\u0119. Ustalenia dotycz\u0105ce uk\u0142adu sercowo-naczyniowego w badaniu fizykalnym odnosz\u0105 si\u0119 do ci\u0119\u017cko\u015bci CHF, dysrytmii lub niestabilno\u015bci hemodynamicznej.<\/p>\n<p>Cz\u0119sto\u015b\u0107 oddech\u00f3w jest czasami zwi\u0119kszona. Podstawowe trzeszczenia s\u0105 zwi\u0105zane z CHF. Chocia\u017c objawy \u017co\u0142\u0105dkowo-jelitowe s\u0105 cz\u0119ste, badanie jamy brzusznej jest zwykle niespecyficzne. Powi\u0119kszona w\u0105troba wt\u00f3rna do CHF (tj. przekrwienie w\u0105troby) mo\u017ce by\u0107 wyczuwalna palpacyjnie. Wyst\u0119puje refluks w\u0105trobowo-szyjny. Je\u015bli u pacjenta wyst\u0119puje niewydolno\u015b\u0107 nerek lub zdekompensowana niewydolno\u015b\u0107 serca, obserwuje si\u0119 obrz\u0119k st\u00f3p.<\/p>\n<p>Wyniki bada\u0144 neurologicznych s\u0105 zwi\u0105zane ze zmianami w sensorium lub stanie psychicznym. Wyniki lateralizacji zwykle wskazuj\u0105 na inny proces chorobowy.<\/p>\n<p><strong>S\u0105 to objawy toksyczno\u015bci digoksyny:<\/strong><\/p>\n<ul>\n<li>Zamieszanie<\/li>\n<li>Nieregularny puls<\/li>\n<li>Utrata apetytu<\/li>\n<li>Nudno\u015bci, wymioty, biegunka<\/li>\n<li>Szybkie bicie serca<\/li>\n<li>Zmiany widzenia (nietypowe), w tym martwe punkty, niewyra\u017ane widzenie, zmiany w wygl\u0105dzie kolor\u00f3w lub widzenie plam.<\/li>\n<\/ul>\n<p><strong>Inne objawy toksyczno\u015bci digoksyny mog\u0105 obejmowa\u0107:<\/strong><\/p>\n<ul>\n<li>Zmniejszona \u015bwiadomo\u015b\u0107<\/li>\n<li>Zmniejszone wydalanie moczu<\/li>\n<li>Trudno\u015bci z oddychaniem w pozycji le\u017c\u0105cej<\/li>\n<li>Nadmierne oddawanie moczu w nocy<\/li>\n<li>Og\u00f3lny obrz\u0119k<\/li>\n<\/ul>\n<p>Toksyczno\u015b\u0107 naparstnicy wywo\u0142uje objawy ze strony o\u015brodkowego uk\u0142adu nerwowego (OUN), uk\u0142adu wzrokowego, przewodu pokarmowego i serca. Nudno\u015bci, wymioty i senno\u015b\u0107 nale\u017c\u0105 do najcz\u0119stszych objaw\u00f3w pozasercowych.<\/p>\n<h3>Toksyczno\u015b\u0107 digoksyny, mo\u017cliwe powik\u0142ania<\/h3>\n<p>Powik\u0142ania toksyczno\u015bci digoksyny mog\u0105 obejmowa\u0107:<\/p>\n<p>Nieregularne,<strong>\u00a0fatalny<\/strong>\u00a0rytmy serca<br \/>\nNiewydolno\u015b\u0107 serca<\/p>\n<p><span class=\"HwtZe\" lang=\"en\"><span class=\"jCAhz ChMk0b\"><span class=\"ryNqvb\">Poziomy okre\u015blone 6-8 godzin po ostrym spo\u017cyciu musz\u0105 przewidywa\u0107 \u015bmierteln\u0105 toksyczno\u015b\u0107.<\/span><\/span><\/span><\/p>\n<p>Wszystkie instrukcje zostan\u0105 wys\u0142ane, aby\u015b odni\u00f3s\u0142 sukces w swoim celu (zab\u00f3jstwo lub samob\u00f3jstwo).<\/p>","protected":false},"excerpt":{"rendered":"<p>What is digoxin toxicity Digoxin\u00a0toxicity also known as digitalis toxicity can be a problem with digitalis therapy. It may occur when you take too much of digoxin at one time. Digoxin toxicity can also occur when levels of the drug build up for other reasons. Digoxin is a relatively safe, cheap and effective therapy for [&hellip;]<\/p>\n","protected":false},"featured_media":321,"comment_status":"open","ping_status":"closed","template":"","meta":[],"product_brand":[],"product_cat":[17],"product_tag":[],"class_list":{"0":"post-110","1":"product","2":"type-product","3":"status-publish","4":"has-post-thumbnail","6":"product_cat-poisons-for-sale","8":"first","9":"instock","10":"shipping-taxable","11":"purchasable","12":"product-type-variable"},"_links":{"self":[{"href":"https:\/\/poisonshops.com\/pl\/wp-json\/wp\/v2\/product\/110","targetHints":{"allow":["GET"]}}],"collection":[{"href":"https:\/\/poisonshops.com\/pl\/wp-json\/wp\/v2\/product"}],"about":[{"href":"https:\/\/poisonshops.com\/pl\/wp-json\/wp\/v2\/types\/product"}],"replies":[{"embeddable":true,"href":"https:\/\/poisonshops.com\/pl\/wp-json\/wp\/v2\/comments?post=110"}],"wp:featuredmedia":[{"embeddable":true,"href":"https:\/\/poisonshops.com\/pl\/wp-json\/wp\/v2\/media\/321"}],"wp:attachment":[{"href":"https:\/\/poisonshops.com\/pl\/wp-json\/wp\/v2\/media?parent=110"}],"wp:term":[{"taxonomy":"product_brand","embeddable":true,"href":"https:\/\/poisonshops.com\/pl\/wp-json\/wp\/v2\/product_brand?post=110"},{"taxonomy":"product_cat","embeddable":true,"href":"https:\/\/poisonshops.com\/pl\/wp-json\/wp\/v2\/product_cat?post=110"},{"taxonomy":"product_tag","embeddable":true,"href":"https:\/\/poisonshops.com\/pl\/wp-json\/wp\/v2\/product_tag?post=110"}],"curies":[{"name":"wp","href":"https:\/\/api.w.org\/{rel}","templated":true}]}}