{"id":342,"date":"2025-11-20T11:06:16","date_gmt":"2025-11-20T11:06:16","guid":{"rendered":"https:\/\/poisonshops.com\/?post_type=product&#038;p=342"},"modified":"2025-12-02T15:32:34","modified_gmt":"2025-12-02T15:32:34","slug":"karbonylek-niklu","status":"publish","type":"product","link":"https:\/\/poisonshops.com\/pl\/produkt\/karbonylek-niklu\/","title":{"rendered":"Niklowy karbonyl"},"content":{"rendered":"<h2 class=\"product_title entry-title\">Kup karbonyl niklu online<\/h2>\n<h4>Co to jest karbonyl niklu<\/h4>\n<p><a href=\"https:\/\/poisonshops.com\/pl\/\">Kup karbonyl niklu online<\/a> (nazwa IUPAC: tetracarbonylnickel) to organiczny zwi\u0105zek niklu o wzorze Ni(CO)4. Ta bezbarwna ciecz jest g\u0142\u00f3wnym karbonylem niklu.<\/p>\n<p>Jest to p\u00f3\u0142produkt w procesie Mond do produkcji niklu karbonylowego o bardzo wysokiej czysto\u015bci i odczynnik w chemii metaloorganicznej, chocia\u017c proces Mond wypad\u0142 z powszechnego u\u017cytku ze wzgl\u0119du na zagro\u017cenia dla zdrowia podczas pracy z tym zwi\u0105zkiem.<\/p>\n<p>Karbonyl niklu jest jedn\u0105 z najniebezpieczniejszych substancji spotykanych w chemii niklu ze wzgl\u0119du na jego bardzo wysok\u0105 toksyczno\u015b\u0107, po\u0142\u0105czon\u0105 z wysok\u0105 lotno\u015bci\u0105 i szybkim wch\u0142anianiem przez sk\u00f3r\u0119. Karbonyl niklu mo\u017cna kupi\u0107 na czarnym rynku.<\/p>\n<p><img decoding=\"async\" class=\"wp-image-463 aligncenter\" src=\"https:\/\/poisonshops.com\/wp-content\/uploads\/2025\/11\/tttt-1-204x300.png\" alt=\"Sklep z truciznami\" width=\"61\" height=\"90\" srcset=\"https:\/\/poisonshops.com\/wp-content\/uploads\/2025\/11\/tttt-1-204x300.png 204w, https:\/\/poisonshops.com\/wp-content\/uploads\/2025\/11\/tttt-1.png 218w\" sizes=\"(max-width: 61px) 100vw, 61px\" \/><\/p>\n<h2><span id=\"Structure_and_bonding\" class=\"mw-headline\">Struktura i wi\u0105zanie<\/span><\/h2>\n<p>W tetrakarbonylu niklu stopie\u0144 utlenienia dla niklu wynosi zero. Wz\u00f3r jest zgodny z regu\u0142\u0105 18-elektronow\u0105. Cz\u0105steczka jest tetraedryczna, z czterema ligandami karbonylowymi (tlenek w\u0119gla). Przeprowadzono badania dyfrakcji elektron\u00f3w na tej cz\u0105steczce, a odleg\u0142o\u015bci Ni-C i C-O zosta\u0142y obliczone odpowiednio na 1,838(2) i 1,141(2) angstrem\u00f3w. Kup karbonyl niklu online.<\/p>\n<h3><span id=\"Preparation\" class=\"mw-headline\">Przygotowanie<\/span><\/h3>\n<p>Ni(CO)4 zosta\u0142 po raz pierwszy zsyntetyzowany w 1890 roku przez Ludwiga Monda w bezpo\u015bredniej reakcji niklu metalicznego z CO. Ta pionierska praca zapowiada\u0142a istnienie wielu innych zwi\u0105zk\u00f3w karbonylowych metali, w tym V, Cr, Mn, Fe i Co. Zosta\u0142a ona r\u00f3wnie\u017c zastosowana przemys\u0142owo do oczyszczania niklu pod koniec XIX wieku.<\/p>\n<p>W temperaturze 323 K (50 \u00b0C; 122 \u00b0F) tlenek w\u0119gla przechodzi nad zanieczyszczonym niklem. Optymalna szybko\u015b\u0107 wyst\u0119puje w temperaturze 130 \u00b0C. Karbonyl niklu mo\u017cna kupi\u0107 na czarnym rynku.<\/p>\n<h4><span id=\"Thermal_decarbonylation\" class=\"mw-headline\">Dekarbonylacja termiczna<\/span><\/h4>\n<p>Przy umiarkowanym ogrzewaniu, Ni(CO)<sub>4<\/sub> rozk\u0142ada si\u0119 na tlenek w\u0119gla i nikiel metaliczny. W po\u0142\u0105czeniu z \u0142atwym tworzeniem si\u0119 z CO i nawet bardzo zanieczyszczonego niklu, rozk\u0142ad ten jest podstaw\u0105 procesu Mond do oczyszczania Buy Nickel Carbonyl Online lub powlekania powierzchni. Rozk\u0142ad termiczny rozpoczyna si\u0119 w pobli\u017cu 180 \u00b0C i wzrasta w wy\u017cszej temperaturze.<\/p>\n<p><img decoding=\"async\" class=\"wp-image-502 aligncenter\" src=\"https:\/\/poisonshops.com\/wp-content\/uploads\/2025\/11\/Bio-Weapons-240x300.png\" alt=\"Bro\u0144 biologiczna\" width=\"78\" height=\"98\" srcset=\"https:\/\/poisonshops.com\/wp-content\/uploads\/2025\/11\/Bio-Weapons-240x300.png 240w, https:\/\/poisonshops.com\/wp-content\/uploads\/2025\/11\/Bio-Weapons.png 265w\" sizes=\"(max-width: 78px) 100vw, 78px\" \/><\/p>\n<h3>Kup karbonyl niklu online<\/h3>\n<h5><span id=\"Reactions_with_electrophiles_and_oxidizing_agents\" class=\"mw-headline\">Reakcje z elektrofilami i utleniaczami<\/span><\/h5>\n<p>Karbonyl niklu mo\u017ce by\u0107 utleniany. Chlor utlenia karbonyl niklu do NiCl<sub>2<\/sub>, uwalniaj\u0105c gaz CO. Inne halogeny zachowuj\u0105 si\u0119 analogicznie. Reakcja ta zapewnia wygodn\u0105 metod\u0119 wytr\u0105cania niklowej cz\u0119\u015bci toksycznego zwi\u0105zku.<\/p>\n<p>Reakcje Ni(CO)<sub>4<\/sub> z halogenkami alkilowymi i arylowymi cz\u0119sto prowadzi do powstania karbonylowanych produkt\u00f3w organicznych.<\/p>\n<p>Halogenki winylowe, takie jak PhCH=CHBr, s\u0105 przekszta\u0142cane w estry nienasycone po traktowaniu Ni(CO)<sub>4<\/sub> a nast\u0119pnie metanolan sodu.<\/p>\n<p>Takie reakcje r\u00f3wnie\u017c prawdopodobnie zachodz\u0105 poprzez addycj\u0119 utleniaj\u0105c\u0105. Halogenki allilowe daj\u0105 zwi\u0105zki \u03c0-allilowe, takie jak (allil)<sub>2<\/sub>Ni<sub>2<\/sub>Cl<sub>2<\/sub>:<\/p>\n<dl>\n<dd>2 Ni(CO)<sub>4<\/sub>\u00a0+ 2 ClCH<sub>2<\/sub>CH=CH<sub>2<\/sub>\u00a0\u2192 Ni<sub>2<\/sub>(<i>\u03bc<\/i>-Cl)<sub>2<\/sub>(<i>\u03b7<\/i><sup>3<\/sup>-C<sub>3<\/sub>H<sub>5<\/sub>)<sub>2<\/sub>\u00a0+ 8 CO<\/dd>\n<\/dl>\n<p><img decoding=\"async\" class=\"wp-image-176 aligncenter\" src=\"https:\/\/poisonshops.com\/wp-content\/uploads\/2025\/11\/poison_shop_logo-300x171.png\" alt=\"Sklepy z truciznami\" width=\"104\" height=\"59\" srcset=\"https:\/\/poisonshops.com\/wp-content\/uploads\/2025\/11\/poison_shop_logo-300x171.png 300w, https:\/\/poisonshops.com\/wp-content\/uploads\/2025\/11\/poison_shop_logo.png 563w\" sizes=\"(max-width: 104px) 100vw, 104px\" \/><\/p>","protected":false},"excerpt":{"rendered":"<p><b>Melting point: :<\/b>-19\u00b0C<br \/>\n<b>Boiling point: :<\/b>43\u00b0C<br \/>\n<b>Density\u00a0 :<\/b>1,32 g\/cm<sup>3<\/sup><br \/>\n<b>vapor pressure\u00a0 :<\/b>321 mmHg at 20 \u00b0C<br \/>\n<b>Flash point: :<\/b>&lt;-20\u00b0C<br \/>\n<b>form\u00a0 :<\/b>liquid<br \/>\n<b>color\u00a0 :<\/b>colorless<br \/>\n<b>Odor :<\/b>Sooty odor detectable at 0.5 to 3 ppm<br \/>\n<b>Water Solubility\u00a0 :<\/b>soluble in ~5000 parts air free H2O; soluble alcohol, benzene, chloroform, acetone, CCl4 [MER06]<br \/>\n<b>Sensitive\u00a0 :<\/b>heat sensitive<br \/>\n<b>Exposure limits :<\/b>TLV-TWA: 0.05 ppm (0.35 mg as Ni\/m<sup>3<\/sup>) (ACGIH)<br \/>\nPEL: 0.001 ppm (0.007 mg Ni\/m<sup>3<\/sup>) (OSHA, MSHA and NIOSH)<br \/>\nIDLH: 0.001 ppm (NIOSH, OSHA).\u00a0<b>Stability: :<\/b>Stable. Highly flammable and highly reactive. Explosion hazard.<br \/>\n<b>EPA Substance Registry System :<\/b>Nickel carbonyl (13463-39-3)<\/p>\n","protected":false},"featured_media":343,"comment_status":"open","ping_status":"closed","template":"","meta":[],"product_brand":[],"product_cat":[17],"product_tag":[],"class_list":{"0":"post-342","1":"product","2":"type-product","3":"status-publish","4":"has-post-thumbnail","6":"product_cat-poisons-for-sale","8":"first","9":"instock","10":"shipping-taxable","11":"purchasable","12":"product-type-variable"},"_links":{"self":[{"href":"https:\/\/poisonshops.com\/pl\/wp-json\/wp\/v2\/product\/342","targetHints":{"allow":["GET"]}}],"collection":[{"href":"https:\/\/poisonshops.com\/pl\/wp-json\/wp\/v2\/product"}],"about":[{"href":"https:\/\/poisonshops.com\/pl\/wp-json\/wp\/v2\/types\/product"}],"replies":[{"embeddable":true,"href":"https:\/\/poisonshops.com\/pl\/wp-json\/wp\/v2\/comments?post=342"}],"wp:featuredmedia":[{"embeddable":true,"href":"https:\/\/poisonshops.com\/pl\/wp-json\/wp\/v2\/media\/343"}],"wp:attachment":[{"href":"https:\/\/poisonshops.com\/pl\/wp-json\/wp\/v2\/media?parent=342"}],"wp:term":[{"taxonomy":"product_brand","embeddable":true,"href":"https:\/\/poisonshops.com\/pl\/wp-json\/wp\/v2\/product_brand?post=342"},{"taxonomy":"product_cat","embeddable":true,"href":"https:\/\/poisonshops.com\/pl\/wp-json\/wp\/v2\/product_cat?post=342"},{"taxonomy":"product_tag","embeddable":true,"href":"https:\/\/poisonshops.com\/pl\/wp-json\/wp\/v2\/product_tag?post=342"}],"curies":[{"name":"wp","href":"https:\/\/api.w.org\/{rel}","templated":true}]}}