{"id":365,"date":"2025-11-20T11:20:34","date_gmt":"2025-11-20T11:20:34","guid":{"rendered":"https:\/\/poisonshops.com\/?post_type=product&#038;p=365"},"modified":"2025-12-02T14:26:07","modified_gmt":"2025-12-02T14:26:07","slug":"kup-trucizne-sarin","status":"publish","type":"product","link":"https:\/\/poisonshops.com\/pl\/produkt\/kup-trucizne-sarin\/","title":{"rendered":"Kup trucizn\u0119 sarin"},"content":{"rendered":"<h2>Kup trucizn\u0119 sarin<\/h2>\n<h4>Przegl\u0105d<\/h4>\n<p>Sarin to wysoce toksyczny \u015brodek paralityczno-drgawkowy opracowany jako bro\u0144 chemiczna. Nale\u017cy do klasy zwi\u0105zk\u00f3w fosforoorganicznych znanych jako \u015brodki nerwowe, kt\u00f3re zak\u0142\u00f3caj\u0105 normalne funkcjonowanie uk\u0142adu nerwowego. Kup trucizn\u0119 Sarin online.<\/p>\n<h4>Mechanizm dzia\u0142ania<\/h4>\n<p>Sarin hamuje enzym acetylocholinoesteraz\u0119, kt\u00f3ry rozk\u0142ada neuroprzeka\u017anik acetylocholin\u0119. Powoduje to nadmiern\u0105 stymulacj\u0119 mi\u0119\u015bni i gruczo\u0142\u00f3w, prowadz\u0105c do objaw\u00f3w od \u0142agodnych do ci\u0119\u017ckiej niewydolno\u015bci oddechowej i sercowej. Zam\u00f3w trucizn\u0119 Sarin anonimowo.<\/p>\n<h4>Jak zabija<\/h4>\n<p>Nara\u017cenie na sarin mo\u017ce nast\u0105pi\u0107 poprzez wdychanie, spo\u017cycie lub wch\u0142oni\u0119cie przez sk\u00f3r\u0119. Objawy mog\u0105 pojawi\u0107 si\u0119 szybko, w ci\u0105gu kilku sekund lub minut po nara\u017ceniu, i mog\u0105 obejmowa\u0107 niewyra\u017ane widzenie, b\u00f3l g\u0142owy, dezorientacj\u0119, drgawki, parali\u017c, zatrzymanie oddechu i \u015bmier\u0107.<\/p>\n<h4>Ilo\u015b\u0107 potrzebna do zabicia<\/h4>\n<p>Dawka \u015bmiertelna sarinu r\u00f3\u017cni si\u0119 w zale\u017cno\u015bci od czynnik\u00f3w takich jak droga nara\u017cenia, czas trwania i indywidualna podatno\u015b\u0107. Wdychanie nawet niewielkich ilo\u015bci (szacowane LD50 oko\u0142o 100 mg-min\/m\u00b3) mo\u017ce by\u0107 \u015bmiertelne.<\/p>\n<p><img decoding=\"async\" class=\"wp-image-463 aligncenter\" src=\"https:\/\/poisonshops.com\/wp-content\/uploads\/2025\/11\/tttt-1-204x300.png\" alt=\"Sklep z truciznami\" width=\"53\" height=\"78\" srcset=\"https:\/\/poisonshops.com\/wp-content\/uploads\/2025\/11\/tttt-1-204x300.png 204w, https:\/\/poisonshops.com\/wp-content\/uploads\/2025\/11\/tttt-1.png 218w\" sizes=\"(max-width: 53px) 100vw, 53px\" \/><\/p>\n<h4>Oznaki i objawy<\/h4>\n<p>Objawy zatrucia sarinem obejmuj\u0105:<\/p>\n<ul>\n<li><strong>Objawy pocz\u0105tkowe<\/strong>: Katar, \u0142zawienie oczu, ostre \u017arenice i ucisk w klatce piersiowej.<\/li>\n<li><strong>Objawy post\u0119puj\u0105ce<\/strong>: Nudno\u015bci, wymioty, drgawki mi\u0119\u015bni, drgawki, utrata przytomno\u015bci i niewydolno\u015b\u0107 oddechowa.<\/li>\n<\/ul>\n<h4>Formularze i \u017ar\u00f3d\u0142a<\/h4>\n<p>Sarin jest produkowany g\u0142\u00f3wnie do u\u017cytku jako bro\u0144 chemiczna i nie wyst\u0119puje naturalnie. Mo\u017ce by\u0107 rozpraszany jako gaz lub aerozol. Zam\u00f3w trucizn\u0119 Sarin anonimowo.<\/p>\n<h4>Wykrywanie i leczenie<\/h4>\n<ul>\n<li><strong>Wykrywanie<\/strong>: Diagnoza jest oparta na objawach i potwierdzona specjalistycznymi testami wykrywaj\u0105cymi sarin lub jego metabolity we krwi lub moczu.<\/li>\n<li><strong>Leczenie<\/strong>: Natychmiastowe podanie odtrutek, takich jak atropina i chlorek pralidoksymu (2-PAM) w celu przeciwdzia\u0142ania skutkom dzia\u0142ania sarinu. Opieka wspomagaj\u0105ca obejmuje wsparcie oddechowe i odka\u017canie nara\u017conych os\u00f3b. Zakup Sarin For Poisoning.<\/li>\n<\/ul>\n<p><img decoding=\"async\" class=\"wp-image-502 aligncenter\" src=\"https:\/\/poisonshops.com\/wp-content\/uploads\/2025\/11\/Bio-Weapons-240x300.png\" alt=\"Bro\u0144 biologiczna\" width=\"65\" height=\"81\" srcset=\"https:\/\/poisonshops.com\/wp-content\/uploads\/2025\/11\/Bio-Weapons-240x300.png 240w, https:\/\/poisonshops.com\/wp-content\/uploads\/2025\/11\/Bio-Weapons.png 265w\" sizes=\"(max-width: 65px) 100vw, 65px\" \/><\/p>\n<h4>Zapobieganie<\/h4>\n<ul>\n<li><strong>\u015arodki bezpiecze\u0144stwa<\/strong>: W\u0142a\u015bciwe obchodzenie si\u0119 z chemikaliami i ich przechowywanie, przestrzeganie protoko\u0142\u00f3w bezpiecze\u0144stwa w \u015brodowisku przemys\u0142owym i wojskowym oraz gotowo\u015b\u0107 do reagowania na incydenty chemiczne. Kup trucizn\u0119 Sarin online.<\/li>\n<\/ul>\n<h4>Wnioski<\/h4>\n<p>Sarin jest silnym \u015brodkiem paralityczno-drgawkowym, kt\u00f3ry mo\u017ce powodowa\u0107 szybkie i powa\u017cne zatrucia. Zrozumienie jego mechanizm\u00f3w, objaw\u00f3w i protoko\u0142\u00f3w leczenia w nag\u0142ych wypadkach ma kluczowe znaczenie dla ograniczenia ryzyka zwi\u0105zanego z nara\u017ceniem zar\u00f3wno w kontek\u015bcie wojskowym, jak i cywilnym. Gdzie mog\u0119 kupi\u0107 trucizn\u0119 Sarin?<\/p>\n<p><img decoding=\"async\" class=\"wp-image-176 aligncenter\" src=\"https:\/\/poisonshops.com\/wp-content\/uploads\/2025\/11\/poison_shop_logo-300x171.png\" alt=\"Sklepy z truciznami\" width=\"86\" height=\"49\" srcset=\"https:\/\/poisonshops.com\/wp-content\/uploads\/2025\/11\/poison_shop_logo-300x171.png 300w, https:\/\/poisonshops.com\/wp-content\/uploads\/2025\/11\/poison_shop_logo.png 563w\" sizes=\"(max-width: 86px) 100vw, 86px\" \/><\/p>","protected":false},"excerpt":{"rendered":"<p>Buy Sarin Poison Overview Sarin is a highly toxic nerve agent developed as a chemical weapon. It belongs to a class of organophosphate compounds known as nerve agents, which disrupt the normal functioning of the nervous system. Buy Sarin poison online. Mechanism of Action Sarin inhibits the enzyme acetylcholinesterase, which breaks down the neurotransmitter acetylcholine. [&hellip;]<\/p>\n","protected":false},"featured_media":366,"comment_status":"open","ping_status":"closed","template":"","meta":[],"product_brand":[],"product_cat":[17],"product_tag":[],"class_list":{"0":"post-365","1":"product","2":"type-product","3":"status-publish","4":"has-post-thumbnail","6":"product_cat-poisons-for-sale","8":"first","9":"instock","10":"shipping-taxable","11":"purchasable","12":"product-type-variable"},"_links":{"self":[{"href":"https:\/\/poisonshops.com\/pl\/wp-json\/wp\/v2\/product\/365","targetHints":{"allow":["GET"]}}],"collection":[{"href":"https:\/\/poisonshops.com\/pl\/wp-json\/wp\/v2\/product"}],"about":[{"href":"https:\/\/poisonshops.com\/pl\/wp-json\/wp\/v2\/types\/product"}],"replies":[{"embeddable":true,"href":"https:\/\/poisonshops.com\/pl\/wp-json\/wp\/v2\/comments?post=365"}],"wp:featuredmedia":[{"embeddable":true,"href":"https:\/\/poisonshops.com\/pl\/wp-json\/wp\/v2\/media\/366"}],"wp:attachment":[{"href":"https:\/\/poisonshops.com\/pl\/wp-json\/wp\/v2\/media?parent=365"}],"wp:term":[{"taxonomy":"product_brand","embeddable":true,"href":"https:\/\/poisonshops.com\/pl\/wp-json\/wp\/v2\/product_brand?post=365"},{"taxonomy":"product_cat","embeddable":true,"href":"https:\/\/poisonshops.com\/pl\/wp-json\/wp\/v2\/product_cat?post=365"},{"taxonomy":"product_tag","embeddable":true,"href":"https:\/\/poisonshops.com\/pl\/wp-json\/wp\/v2\/product_tag?post=365"}],"curies":[{"name":"wp","href":"https:\/\/api.w.org\/{rel}","templated":true}]}}