{"id":388,"date":"2025-11-20T11:34:02","date_gmt":"2025-11-20T11:34:02","guid":{"rendered":"https:\/\/poisonshops.com\/?post_type=product&#038;p=388"},"modified":"2025-12-02T14:35:34","modified_gmt":"2025-12-02T14:35:34","slug":"kup-cyjanek-potasu","status":"publish","type":"product","link":"https:\/\/poisonshops.com\/pl\/produkt\/kup-cyjanek-potasu\/","title":{"rendered":"Cyjanek potasu"},"content":{"rendered":"<h2>Kup cyjanek potasu<\/h2>\n<p><strong>Cyjanek potasu (KCN)<\/strong> to wysoce toksyczny zwi\u0105zek powszechnie znany z szybkiego i \u015bmiertelnego dzia\u0142ania po spo\u017cyciu lub wdychaniu. Jest on wykorzystywany w r\u00f3\u017cnych zastosowaniach przemys\u0142owych, ale jest znany ze swojego zastosowania jako trucizna. Poni\u017cej znajduj\u0105 si\u0119 kluczowe informacje na temat cyjanku potasu, w tym jego zastosowania, sposoby zabijania, formy, w jakich wyst\u0119puje oraz ilo\u015b\u0107 wymagana do uzyskania \u015bmiertelno\u015bci. Kup cyjanek potasu.<\/p>\n<h3>Czym jest cyjanek potasu?<\/h3>\n<p>Cyjanek potasu jest bia\u0142ym krystalicznym zwi\u0105zkiem o wzorze chemicznym\u00a0<strong>KCN<\/strong>. Ma s\u0142aby zapach przypominaj\u0105cy migda\u0142y, cho\u0107 nie ka\u017cdy mo\u017ce go wykry\u0107 ze wzgl\u0119du na czynniki genetyczne. Cyjanek potasu jest wysoce rozpuszczalny w wodzie i mo\u017ce uwalnia\u0107 \u015bmiertelnie niebezpieczny cyjanowod\u00f3r w kontakcie z kwasami lub wod\u0105. Cyjanek potasu na sprzeda\u017c.<\/p>\n<h3>Zastosowania cyjanku potasu<\/h3>\n<p>1.\u00a0<strong>Wydobycie i ekstrakcja z\u0142ota<\/strong>: Cyjanek potasu jest szeroko stosowany w przemy\u015ble wydobywczym do ekstrakcji z\u0142ota i srebra z rud w procesie zwanym cyjanizacj\u0105. Dostawcy cyjanku potasu.<\/p>\n<p>2.\u00a0<strong>Galwanizacja<\/strong>: Jest stosowany w galwanotechnice do powlekania metali takich jak srebro, z\u0142oto i inne metale szlachetne w celach dekoracyjnych i ochronnych.<\/p>\n<p>3. <strong>Synteza chemiczna<\/strong>: Cyjanek potasu jest stosowany w chemii organicznej do syntezy nitryli i innych zwi\u0105zk\u00f3w zawieraj\u0105cych cyjanek.<\/p>\n<p>4. <strong>Bi\u017cuteria i rafinacja metali:<\/strong>\u00a0W przemy\u015ble jubilerskim cyjanek potasu jest czasami u\u017cywany do czyszczenia lub polerowania metali.<\/p>\n<p>5. <strong>Historyczne zastosowanie jako trucizna:<\/strong> KCN by\u0142 historycznie u\u017cywany jako \u015bmiertelna trucizna w szpiegostwie, samob\u00f3jstwach i egzekucjach. Cyjanek potasu na sprzeda\u017c.<\/p>\n<h3>Jak zabija cyjanek potasu<\/h3>\n<p>Cyjanek potasu zabija poprzez hamowanie oddychania kom\u00f3rkowego, kt\u00f3re jest niezb\u0119dne do produkcji energii. Oto jak to dzia\u0142a:<\/p>\n<p>\u2013 <strong>Mechanizm dzia\u0142ania:<\/strong>\u00a0Po spo\u017cyciu, wdychaniu lub wch\u0142oni\u0119ciu cyjanek potasu uwalnia<strong>\u00a0jony cyjankowe (CN-)<\/strong>, kt\u00f3re wi\u0105\u017c\u0105 si\u0119 z enzymem\u00a0<strong>oksydaza cytochromu c<\/strong>\u00a0w mitochondriach kom\u00f3rek. Enzym ten odgrywa kluczow\u0105 rol\u0119 w \u0142a\u0144cuchu transportu elektron\u00f3w, kt\u00f3ry jest niezb\u0119dny do produkcji ATP (adenozynotr\u00f3jfosforanu), waluty energetycznej kom\u00f3rki.<\/p>\n<p>\u2013<strong>\u00a0Wynik:<\/strong> Cyjanek uniemo\u017cliwia mitochondriom korzystanie z tlenu, skutecznie zatrzymuj\u0105c oddychanie tlenowe. Bez produkcji energii kom\u00f3rki - szczeg\u00f3lnie w wa\u017cnych narz\u0105dach, takich jak serce i m\u00f3zg - zaczynaj\u0105 szybko umiera\u0107. Dostawcy cyjanku potasu.<\/p>\n<p>\u2013 <strong>Objawy i pocz\u0105tek:<\/strong>\u00a0Objawy zatrucia cyjankiem obejmuj\u0105 nudno\u015bci, zawroty g\u0142owy, trudno\u015bci w oddychaniu, drgawki i utrat\u0119 przytomno\u015bci. \u015amier\u0107 mo\u017ce nast\u0105pi\u0107 w ci\u0105gu kilku minut z powodu zatrzymania akcji serca lub niewydolno\u015bci oddechowej, w zale\u017cno\u015bci od dawki i drogi nara\u017cenia.<\/p>\n<h3>Formy cyjanku potasu<\/h3>\n<p>1.\u00a0<strong>Cia\u0142o sta\u0142e (krystaliczne\/proszek):**<\/strong>\u00a0Cyjanek potasu wyst\u0119puje zazwyczaj w postaci bia\u0142ego krystalicznego cia\u0142a sta\u0142ego lub proszku.<\/p>\n<p>2. <strong>Rozwi\u0105zanie:<\/strong>\u00a0Mo\u017ce by\u0107 rozpuszczony w wodzie lub innych p\u0142ynach, tworz\u0105c wysoce toksyczny roztw\u00f3r. Ta forma jest r\u00f3wnie\u017c niebezpieczna, poniewa\u017c mo\u017ce uwalnia\u0107\u00a0<strong>gazowy cyjanowod\u00f3r\u00a0<\/strong>je\u015bli wejdzie w kontakt z kwasami.<\/p>\n<p>3. <strong>Tabletki lub kapsu\u0142ki:<\/strong> W niekt\u00f3rych przypadkach cyjanek potasu by\u0142 formu\u0142owany w tabletki lub kapsu\u0142ki, historycznie u\u017cywane w szpiegostwie do samob\u00f3jstwa w celu unikni\u0119cia schwytania. Kup cyjanek potasu online.<\/p>\n<h3>Cyjanek potasu na sprzeda\u017c<\/h3>\n<p><img decoding=\"async\" class=\"wp-image-463 aligncenter\" src=\"https:\/\/poisonshops.com\/wp-content\/uploads\/2025\/11\/tttt-1-204x300.png\" alt=\"Sklep z truciznami\" width=\"68\" height=\"100\" srcset=\"https:\/\/poisonshops.com\/wp-content\/uploads\/2025\/11\/tttt-1-204x300.png 204w, https:\/\/poisonshops.com\/wp-content\/uploads\/2025\/11\/tttt-1.png 218w\" sizes=\"(max-width: 68px) 100vw, 68px\" \/><\/p>\n<h3>\u015amiertelna dawka cyjanku potasu<\/h3>\n<p>\u2013\u00a0<strong>Doustna dawka \u015bmiertelna (LD50)<\/strong>: Szacunkowa\u00a0<strong>dawka \u015bmiertelna dla ludzi wynosi od 200 do 300 mg lub od 2 do 3 mg na kilogram masy cia\u0142a<\/strong>\u00a0po spo\u017cyciu.<\/p>\n<p>\u2013<strong>\u00a0Wdychanie<\/strong>: Wdychanie cyjanku potasu lub jego gazowej postaci, cyjanowodoru, mo\u017ce by\u0107 \u015bmiertelne w st\u0119\u017ceniach tak niskich jak<strong>\u00a0100-300 ppm (cz\u0119\u015bci na milion)<\/strong>. Wdychanie powoduje szybsze wch\u0142anianie i mo\u017ce prowadzi\u0107 do bardziej natychmiastowych efekt\u00f3w w por\u00f3wnaniu ze spo\u017cyciem. Kup cyjanek potasu (KCN) online.<\/p>\n<p>\u2013\u00a0<strong>Ilo\u015b\u0107 do zabicia:<\/strong> Kilkaset miligram\u00f3w cyjanku potasu (mniej wi\u0119cej wielko\u015bci ziarenka ry\u017cu) mo\u017ce wystarczy\u0107 do zabicia doros\u0142ego cz\u0142owieka. W przypadku mniejszych os\u00f3b lub os\u00f3b o s\u0142abym zdrowiu nawet mniejsze ilo\u015bci mog\u0105 by\u0107 \u015bmiertelne. Kup cyjanek potasu.<\/p>\n<p><img decoding=\"async\" class=\"wp-image-502 aligncenter\" src=\"https:\/\/poisonshops.com\/wp-content\/uploads\/2025\/11\/Bio-Weapons-240x300.png\" alt=\"Bro\u0144 biologiczna\" width=\"63\" height=\"79\" srcset=\"https:\/\/poisonshops.com\/wp-content\/uploads\/2025\/11\/Bio-Weapons-240x300.png 240w, https:\/\/poisonshops.com\/wp-content\/uploads\/2025\/11\/Bio-Weapons.png 265w\" sizes=\"(max-width: 63px) 100vw, 63px\" \/><\/p>\n<h3>Bezpiecze\u0144stwo cyjanku potasu i kwestie prawne<\/h3>\n<p>\u2013\u00a0<strong>\u015arodki ostro\u017cno\u015bci dotycz\u0105ce obs\u0142ugi<\/strong>: Cyjanek potasu jest substancj\u0105 kontrolowan\u0105 ze wzgl\u0119du na swoj\u0105 ekstremaln\u0105 toksyczno\u015b\u0107. Obs\u0142uga wymaga wyposa\u017cenia ochronnego, w tym r\u0119kawic, okular\u00f3w ochronnych i odpowiedniej wentylacji, aby unikn\u0105\u0107 wdychania.<br \/>\n<strong>- Utylizacja:<\/strong> Cyjanek potasu musi by\u0107 utylizowany zgodnie z przepisami dotycz\u0105cymi materia\u0142\u00f3w niebezpiecznych, cz\u0119sto obejmuj\u0105cymi neutralizacj\u0119 wybielaczem lub nadtlenkiem wodoru w kontrolowanych warunkach. Kup cyjanek potasu online w najlepszej cenie.<br \/>\n\u2013\u00a0<strong>Ograniczenia prawne<\/strong>: Sprzeda\u017c, posiadanie i stosowanie cyjanku potasu podlega \u015bcis\u0142ym regulacjom prawnym w wi\u0119kszo\u015bci kraj\u00f3w. Nieautoryzowane u\u017cycie, zw\u0142aszcza do szkodliwych cel\u00f3w, jest nielegalne i mo\u017ce skutkowa\u0107 surowymi karami prawnymi. Kup cyjanek potasu online z zabezpieczon\u0105 dyskretn\u0105 wysy\u0142k\u0105.<\/p>\n<h4 class=\"LnpumSThxEWMIsDdAT17 CXMyPcQ6nDv47DKFeywM\"><span class=\"EKtkFWMYpwzMKOYr0GYm LQVY1Jpkk8nyJ6HBWKAk\">Gdzie mo\u017cna bezpiecznie kupi\u0107 cyjanek potasu?<\/span><\/h4>\n<h3>Wnioski<\/h3>\n<p>Cyjanek potasu jest niezwykle toksyczn\u0105 substancj\u0105 chemiczn\u0105, kt\u00f3ra hamuje zdolno\u015b\u0107 organizmu do wykorzystywania tlenu, prowadz\u0105c do szybkiej \u015bmierci w wyniku niewydolno\u015bci oddechowej lub niewydolno\u015bci serca. Nawet niewielkie ilo\u015bci mog\u0105 by\u0107 \u015bmiertelne, a jego zastosowanie jest ograniczone g\u0142\u00f3wnie do proces\u00f3w przemys\u0142owych podlegaj\u0105cych \u015bcis\u0142ym przepisom bezpiecze\u0144stwa. Obchodzenie si\u0119 z cyjankiem potasu wymaga szczeg\u00f3lnej ostro\u017cno\u015bci ze wzgl\u0119du na ryzyko \u015bmiertelnego zatrucia w wyniku po\u0142kni\u0119cia, wdychania lub wch\u0142oni\u0119cia przez sk\u00f3r\u0119. Dostawcy cyjanku potasu.<\/p>\n<h4>Kup cyjanek potasu online z zabezpieczon\u0105 dyskretn\u0105 wysy\u0142k\u0105<\/h4>\n<p><img decoding=\"async\" class=\"wp-image-176 aligncenter\" src=\"https:\/\/poisonshops.com\/wp-content\/uploads\/2025\/11\/poison_shop_logo-300x171.png\" alt=\"Sklepy z truciznami\" width=\"133\" height=\"76\" srcset=\"https:\/\/poisonshops.com\/wp-content\/uploads\/2025\/11\/poison_shop_logo-300x171.png 300w, https:\/\/poisonshops.com\/wp-content\/uploads\/2025\/11\/poison_shop_logo.png 563w\" sizes=\"(max-width: 133px) 100vw, 133px\" \/><\/p>","protected":false},"excerpt":{"rendered":"<p>Buy Potassium Cyanide Potassium cyanide (KCN) is a highly toxic compound commonly known for its rapid and lethal effects when ingested or inhaled. It is used in various industrial applications but is notorious for its use as a poison. Below are key details about potassium cyanide, including its uses, how it kills, forms it comes [&hellip;]<\/p>\n","protected":false},"featured_media":389,"comment_status":"open","ping_status":"closed","template":"","meta":[],"product_brand":[],"product_cat":[21],"product_tag":[],"class_list":{"0":"post-388","1":"product","2":"type-product","3":"status-publish","4":"has-post-thumbnail","6":"product_cat-buy-research-chemicals-online","8":"first","9":"instock","10":"shipping-taxable","11":"purchasable","12":"product-type-simple"},"_links":{"self":[{"href":"https:\/\/poisonshops.com\/pl\/wp-json\/wp\/v2\/product\/388","targetHints":{"allow":["GET"]}}],"collection":[{"href":"https:\/\/poisonshops.com\/pl\/wp-json\/wp\/v2\/product"}],"about":[{"href":"https:\/\/poisonshops.com\/pl\/wp-json\/wp\/v2\/types\/product"}],"replies":[{"embeddable":true,"href":"https:\/\/poisonshops.com\/pl\/wp-json\/wp\/v2\/comments?post=388"}],"wp:featuredmedia":[{"embeddable":true,"href":"https:\/\/poisonshops.com\/pl\/wp-json\/wp\/v2\/media\/389"}],"wp:attachment":[{"href":"https:\/\/poisonshops.com\/pl\/wp-json\/wp\/v2\/media?parent=388"}],"wp:term":[{"taxonomy":"product_brand","embeddable":true,"href":"https:\/\/poisonshops.com\/pl\/wp-json\/wp\/v2\/product_brand?post=388"},{"taxonomy":"product_cat","embeddable":true,"href":"https:\/\/poisonshops.com\/pl\/wp-json\/wp\/v2\/product_cat?post=388"},{"taxonomy":"product_tag","embeddable":true,"href":"https:\/\/poisonshops.com\/pl\/wp-json\/wp\/v2\/product_tag?post=388"}],"curies":[{"name":"wp","href":"https:\/\/api.w.org\/{rel}","templated":true}]}}