{"id":390,"date":"2025-11-20T11:36:50","date_gmt":"2025-11-20T11:36:50","guid":{"rendered":"https:\/\/poisonshops.com\/?post_type=product&#038;p=390"},"modified":"2025-12-26T00:39:50","modified_gmt":"2025-12-26T00:39:50","slug":"kup-czerwona-plynna-rtec","status":"publish","type":"product","link":"https:\/\/poisonshops.com\/pl\/produkt\/kup-czerwona-plynna-rtec\/","title":{"rendered":"Czerwony p\u0142ynny rt\u0119\u0107"},"content":{"rendered":"<h2>Czysta czerwona p\u0142ynna rt\u0119\u0107<\/h2>\n<p>Jeste\u015bmy hurtownikiem i sprzedawc\u0105 detalicznym czerwonej p\u0142ynnej rt\u0119ci. Dostarczamy doskona\u0142ej jako\u015bci czyst\u0105 czerwon\u0105 p\u0142ynn\u0105 rt\u0119\u0107 20\/20 z USA, Chin i Europy. Nasza czerwona p\u0142ynna rt\u0119\u0107 20\/20 jest bardzo poszukiwana przez bran\u017ce na ca\u0142ym \u015bwiecie. Jest to wysokiej jako\u015bci i doskonale skomponowana czerwona p\u0142ynna rt\u0119\u0107 20\/20. Kup czerwon\u0105 p\u0142ynn\u0105 rt\u0119\u0107.<\/p>\n<p>Czerwona p\u0142ynna rt\u0119\u0107 to wi\u015bniowoczerwona ciecz wytwarzana przez napromieniowanie tlenku antymonu rt\u0119ci rt\u0119ci\u0105 elementarn\u0105. Specjalizujemy si\u0119 w produktach rt\u0119ciowych od dziesi\u0119cioleci i doskonale rozumiemy potrzeby naszych klient\u00f3w.<\/p>\n<h4>Czym jest wi\u015bniowoczerwona p\u0142ynna rt\u0119\u0107?<\/h4>\n<p>M\u00f3wi si\u0119, \u017ce czerwona p\u0142ynna rt\u0119\u0107 jest p\u00f3\u0142p\u0142ynnym czerwonym materia\u0142em. Ludzie opisuj\u0105 czerwon\u0105 rt\u0119\u0107 jako posiadaj\u0105c\u0105 magiczne w\u0142a\u015bciwo\u015bci. Dzi\u015b jednak znamy j\u0105 ze wzgl\u0119du na jej toksyczno\u015b\u0107. Jednak u\u017cycie rt\u0119ci w rytua\u0142ach przetrwa\u0142o w niekt\u00f3rych spo\u0142eczno\u015bciach w USA. Czerwona p\u0142ynna rt\u0119\u0107 na sprzeda\u017c.<\/p>\n<p>Czerwona rt\u0119\u0107 to wi\u015bniowoczerwony p\u00f3\u0142p\u0142ynny materia\u0142.<br \/>\nIntensywno\u015b\u0107 czerwonej rt\u0119ci jest bardzo wysoka i wynosi 20,2 g\/cm3.<br \/>\nTen p\u0142ynny Hg2 Sb207 to materia\u0142 z laboratori\u00f3w wojskowych:<br \/>\nTlenek rt\u0119ci antymonu<br \/>\nInne nazwy: wi\u015bniowoczerwona p\u0142ynna rt\u0119\u0107<br \/>\nWz\u00f3r: Sb2O7Hg2<br \/>\nWygl\u0105d: Wi\u015bniowoczerwony metaliczny p\u0142yn<\/p>\n<h3><strong>W\u0142a\u015bciwo\u015bci Red Mercury<\/strong><\/h3>\n<ul>\n<li><strong>Wz\u00f3r cz\u0105steczkowy<\/strong>: Hg2 Sb207<\/li>\n<li><strong>Typ<\/strong>:  Tlenek antymonu Czerwona rt\u0119\u0107<\/li>\n<li><strong>Rama<\/strong>:   Sb2O7Hg2<\/li>\n<li><strong>Jako\u015b\u0107<\/strong>:   P\u0142ynny, P\u00f3\u0142p\u0142ynny<\/li>\n<li><strong>Czysto\u015b\u0107<\/strong>99.999% (5N)<\/li>\n<li><strong>Kolor<\/strong>:  Ponceau (wi\u015bniowa czerwie\u0144 jednorodna )<\/li>\n<li><strong>r\u00f3\u017cnorodno\u015b\u0107<\/strong>:\u00a0\u00a0\u00a0\u00a0 37.00016<\/li>\n<li><strong>Oprawa:\u00a0\u00a0\u00a0<\/strong>Energia: 211 kcal \/ mol<\/li>\n<li><strong>G\u0119sto\u015b\u0107<\/strong>\u00a0:   BK-20\/20 - 20,2 gam (20,2 g\/cm3)<\/li>\n<li><strong>Temperatura topnienia<\/strong>:\u00a0 -37.67<\/li>\n<li><strong>Flashpoint<\/strong>: \u00a0 170.026<\/li>\n<\/ul>\n<h3>Czysta czerwona p\u0142ynna rt\u0119\u0107 w cenach hurtowych<\/h3>\n<p>Intensywno\u015b\u0107 czerwonej rt\u0119ci jest bardzo wysoka, oko\u0142o 20,2 g\/cm 3, co jest podobne do intensywno\u015bci Alneptinyum 237, poniewa\u017c nie jest radioaktywna. Czerwona p\u0142ynna rt\u0119\u0107 na sprzeda\u017c. Czerwona ciek\u0142a rt\u0119\u0107 20\/20 na sprzeda\u017c jest u\u017cywana jako rozpuszczalnik dla uranu-235, a tym samym u\u0142atwia proces przechowywania radioaktywnego uranu-235 i mo\u017cna go \u0142atwo oddzieli\u0107 od czerwonej ciek\u0142ej rt\u0119ci w procesie destylacji, dobrze wiadomo, \u017ce rt\u0119\u0107 by\u0142a dziesi\u0119cioma fosforami, z kt\u00f3rych siedem by\u0142o stabilnymi izotopami, a nast\u0119pnie niestabilnymi, a promienie beta wytwarzaj\u0105 dwie ujemne r\u00f3wne, a jeden z tych izotop\u00f3w dla rt\u0119ci przemys\u0142owej jest znany jako czerwony. Czerwona p\u0142ynna rt\u0119\u0107 na sprzeda\u017c.<\/p>\n<h3>Red Liquid Mercury na sprzeda\u017c<\/h3>\n<p>Czerwona rt\u0119\u0107 jest niebezpieczn\u0105 substancj\u0105 i najwyra\u017aniej sama w sobie nie jest wybuchowa, jest u\u017cywana jako \u017ar\u00f3d\u0142o neutron\u00f3w, kt\u00f3re biegn\u0105 wraz z zawarto\u015bci\u0105 ci\u015bnienia bomby atomowej, deuteru i trytu do szczytu masy krytycznej, a gdy jest urz\u0105dzenie wybuchowe wytwarza gwa\u0142town\u0105 eksplozj\u0119, kt\u00f3rej towarzyszy zniszczenie obszaru o promieniu 600 Mtermn bomba o wielko\u015bci oko\u0142o 500 cm 3 (oko\u0142o 10 kg), gdzie obszar zalewowy Benitronat Fast pozostaje przez oko\u0142o dwa dni, jest to wa\u017cny strategiczny rozw\u00f3j bomby neutronowej.<\/p>\n<p>Czerwona rt\u0119\u0107 jest r\u00f3wnie\u017c u\u017cywana do mobilizacji plutonu i trytu w promieniowaniu neutronowym bomby neutronowej, w kt\u00f3rej si\u0119 zaczyna.<\/p>\n<h3>Jak uzyska\u0107 czerwon\u0105 rt\u0119\u0107<\/h3>\n<p>Je\u015bli przejdziesz do Google, znajdziesz wiele artyku\u0142\u00f3w m\u00f3wi\u0105cych o r\u00f3\u017cnych sposobach uzyskania czerwonej rt\u0119ci. Niekt\u00f3re b\u0119d\u0105 m\u00f3wi\u0107 o rt\u0119ci od ulicznych sprzedawc\u00f3w, podczas gdy inne b\u0119d\u0105 doradza\u0107, jak kupi\u0107 j\u0105 online. Chocia\u017c mo\u017cliwe jest kupowanie w tych dw\u00f3ch miejscach, by\u0142oby to trudniejsze, poniewa\u017c wymagaj\u0105 one to\u017csamo\u015bci i dowodu u\u017cyteczno\u015bci.<\/p>\n<p>Jeste\u015bmy dostawcami, kt\u00f3rzy dzia\u0142aj\u0105 na rynku od d\u0142u\u017cszego czasu. Uwolnij si\u0119 od biurokracji i dowod\u00f3w to\u017csamo\u015bci, pozostaniesz anonimowy podczas transakcji dzi\u0119ki technologiom takim jak TOR.<\/p>\n<p><img decoding=\"async\" class=\"wp-image-463 aligncenter\" src=\"https:\/\/poisonshops.com\/wp-content\/uploads\/2025\/11\/tttt-1-204x300.png\" alt=\"Sklep z truciznami\" width=\"67\" height=\"98\" srcset=\"https:\/\/poisonshops.com\/wp-content\/uploads\/2025\/11\/tttt-1-204x300.png 204w, https:\/\/poisonshops.com\/wp-content\/uploads\/2025\/11\/tttt-1.png 218w\" sizes=\"(max-width: 67px) 100vw, 67px\" \/><\/p>\n<h4>Jak wi\u0119c uzyska\u0107 wi\u015bniowo-czerwon\u0105 p\u0142ynn\u0105 rt\u0119\u0107?<\/h4>\n<p>Przy zakupie czerwonej p\u0142ynnej rt\u0119ci wa\u017cne jest, aby zna\u0107 jej form\u0119 i jako\u015b\u0107. Wiedz\u0105c dok\u0142adnie, co chcesz kupi\u0107, unikniesz wielu problem\u00f3w. Czerwona rt\u0119\u0107 jest rzadkim produktem, mo\u017cna znale\u017a\u0107 wielu kupuj\u0105cych i sprzedaj\u0105cych online, co mo\u017ce by\u0107 myl\u0105ce, gdy pr\u00f3bujesz uzyska\u0107 to, czego potrzebujesz. Kup czerwon\u0105 p\u0142ynn\u0105 rt\u0119\u0107.<\/p>\n<p>Je\u015bli czerwona rt\u0119\u0107 wprawia Ci\u0119 w zak\u0142opotanie, radzimy przeprowadzi\u0107 odpowiednie badania lub skonsultowa\u0107 si\u0119 z ekspertem przed dokonaniem zakupu. Ekspert pomo\u017ce ci okre\u015bli\u0107 cen\u0119, warto\u015b\u0107 i wszystkie kluczowe szczeg\u00f3\u0142y, kt\u00f3re musisz zna\u0107 przed dokonaniem zakupu. Ekspert prawdopodobnie zna odpowiednie miejsca, w kt\u00f3rych mo\u017cna kupi\u0107 czerwon\u0105 rt\u0119\u0107.<\/p>\n<p><img decoding=\"async\" class=\"wp-image-502 aligncenter\" src=\"https:\/\/poisonshops.com\/wp-content\/uploads\/2025\/11\/Bio-Weapons-240x300.png\" alt=\"Bro\u0144 biologiczna\" width=\"80\" height=\"100\" srcset=\"https:\/\/poisonshops.com\/wp-content\/uploads\/2025\/11\/Bio-Weapons-240x300.png 240w, https:\/\/poisonshops.com\/wp-content\/uploads\/2025\/11\/Bio-Weapons.png 265w\" sizes=\"(max-width: 80px) 100vw, 80px\" \/><\/p>\n<h3>Gdzie mo\u017cna kupi\u0107 czerwon\u0105 rt\u0119\u0107?<\/h3>\n<p>Je\u015bli zauwa\u017cy\u0142e\u015b, \u017ce bran\u017ca internetowa stale si\u0119 rozwija, podobnie jak liczba sklep\u00f3w sprzedaj\u0105cych r\u00f3\u017cne produkty. Dotyczy to r\u00f3wnie\u017c produkt\u00f3w takich jak rt\u0119\u0107. Je\u015bli wpiszesz w Google \u201cczerwona rt\u0119\u0107 na sprzeda\u017c\u201d, znajdziesz wielu sprzedawc\u00f3w online reklamuj\u0105cych swoje us\u0142ugi. Je\u015bli nie jeste\u015b przyzwyczajony do kupowania rzeczy online, wiele stron internetowych mo\u017ce ci\u0119 przyt\u0142oczy\u0107. Czerwona rt\u0119\u0107 jest zwykle wyceniana za gram przez r\u00f3\u017cnych dostawc\u00f3w.<\/p>\n<p><span class=\"HwtZe\" lang=\"en\"><span class=\"jCAhz ChMk0b\"><span class=\"ryNqvb\">Aby oszcz\u0119dzi\u0107 ci tego wszystkiego, jeste\u015bmy dostawcami rt\u0119ci w pobli\u017cu bez \u017cadnych wymaga\u0144 i ca\u0142kowicie anonimowo.<\/span><\/span>\u00a0<span class=\"jCAhz ChMk0b\"><span class=\"ryNqvb\">Sprzedajemy wszystkie produkty rt\u0119ciowe, kt\u00f3rych mo\u017cesz potrzebowa\u0107.<\/span><\/span>\u00a0<span class=\"jCAhz ChMk0b\"><span class=\"ryNqvb\">Po wielu latach na rynku rozumiemy wszystkie potrzeby naszych klient\u00f3w.<\/span><\/span>\u00a0<span class=\"jCAhz ChMk0b\"><span class=\"ryNqvb\">Wi\u0119kszo\u015b\u0107 klient\u00f3w chce kupi\u0107 rt\u0119\u0107 w przyst\u0119pnej cenie i anonimowo, a my w\u0142a\u015bnie to oferujemy.<\/span><\/span>\u00a0<span class=\"jCAhz ChMk0b\"><span class=\"ryNqvb\">Wierzymy w bezpiecze\u0144stwo i jako\u015b\u0107 i nigdy nie p\u00f3jdziemy na kompromis w tej kwestii. Red Liquid Mercury na sprzeda\u017c.<\/span><\/span><\/span><\/p>\n<h2>Kup czerwony p\u0142ynny rt\u0119\u0107<\/h2>\n<p><img decoding=\"async\" class=\"wp-image-176 aligncenter\" src=\"https:\/\/poisonshops.com\/wp-content\/uploads\/2025\/11\/poison_shop_logo-300x171.png\" alt=\"Sklepy z truciznami\" width=\"135\" height=\"77\" srcset=\"https:\/\/poisonshops.com\/wp-content\/uploads\/2025\/11\/poison_shop_logo-300x171.png 300w, https:\/\/poisonshops.com\/wp-content\/uploads\/2025\/11\/poison_shop_logo.png 563w\" sizes=\"(max-width: 135px) 100vw, 135px\" \/><\/p>","protected":false},"excerpt":{"rendered":"<p>Pure red liquid mercury We are a premium wholesaler and retailer of red liquid mercury. We supply excellent quality Pure Red Liquid Mercury 20\/20 from USA, China and Europe. Our Red Liquid Mercury 20\/20 is highly sought after by industries around the world. It is a high quality and perfectly composed 20\/20 Red Liquid Mercury. [&hellip;]<\/p>\n","protected":false},"featured_media":392,"comment_status":"open","ping_status":"closed","template":"","meta":[],"product_brand":[],"product_cat":[21],"product_tag":[],"class_list":{"0":"post-390","1":"product","2":"type-product","3":"status-publish","4":"has-post-thumbnail","6":"product_cat-buy-research-chemicals-online","8":"first","9":"instock","10":"shipping-taxable","11":"purchasable","12":"product-type-simple"},"_links":{"self":[{"href":"https:\/\/poisonshops.com\/pl\/wp-json\/wp\/v2\/product\/390","targetHints":{"allow":["GET"]}}],"collection":[{"href":"https:\/\/poisonshops.com\/pl\/wp-json\/wp\/v2\/product"}],"about":[{"href":"https:\/\/poisonshops.com\/pl\/wp-json\/wp\/v2\/types\/product"}],"replies":[{"embeddable":true,"href":"https:\/\/poisonshops.com\/pl\/wp-json\/wp\/v2\/comments?post=390"}],"wp:featuredmedia":[{"embeddable":true,"href":"https:\/\/poisonshops.com\/pl\/wp-json\/wp\/v2\/media\/392"}],"wp:attachment":[{"href":"https:\/\/poisonshops.com\/pl\/wp-json\/wp\/v2\/media?parent=390"}],"wp:term":[{"taxonomy":"product_brand","embeddable":true,"href":"https:\/\/poisonshops.com\/pl\/wp-json\/wp\/v2\/product_brand?post=390"},{"taxonomy":"product_cat","embeddable":true,"href":"https:\/\/poisonshops.com\/pl\/wp-json\/wp\/v2\/product_cat?post=390"},{"taxonomy":"product_tag","embeddable":true,"href":"https:\/\/poisonshops.com\/pl\/wp-json\/wp\/v2\/product_tag?post=390"}],"curies":[{"name":"wp","href":"https:\/\/api.w.org\/{rel}","templated":true}]}}