{"id":393,"date":"2025-11-20T11:38:23","date_gmt":"2025-11-20T11:38:23","guid":{"rendered":"https:\/\/poisonshops.com\/?post_type=product&#038;p=393"},"modified":"2025-12-02T10:52:31","modified_gmt":"2025-12-02T10:52:31","slug":"kup-rozwiazanie-ssd-online","status":"publish","type":"product","link":"https:\/\/poisonshops.com\/pl\/produkt\/kup-rozwiazanie-ssd-online\/","title":{"rendered":"Rozwi\u0105zanie SSD 1 litr"},"content":{"rendered":"<h2>Kup rozwi\u0105zanie SSD online<\/h2>\n<p>Odzyskaj swoje pieni\u0105dze dzi\u0119ki naszemu rozwi\u0105zaniu chemicznemu SSD na sprzeda\u017c. Mo\u017cesz zaj\u0105\u0107 si\u0119 wszystkimi dziwnie wygl\u0105daj\u0105cymi banknotami za pomoc\u0105 \u015brodka chemicznego SSD Automatic, kt\u00f3ry okaza\u0142 si\u0119 doskona\u0142ym rozwi\u0105zaniem w Ameryce, Europie, Afryce, Azji i na innych kontynentach na ca\u0142ym \u015bwiecie. Kup rozwi\u0105zanie SSD od najlepszego dostawcy rozwi\u0105za\u0144 SSD. Kup SSD Solution online.<\/p>\n<h2><strong>CZYM JEST ROZTW\u00d3R CHEMICZNY SSD?<\/strong><\/h2>\n<p>SSD Chemical Solution, SSD Chemical to rodzaj chemicznego \u015brodka czyszcz\u0105cego u\u017cywanego przez osoby, kt\u00f3re chc\u0105 wyczy\u015bci\u0107 czarne pieni\u0105dze w domu. Ten roztw\u00f3r do czyszczenia czarnych pieni\u0119dzy jest znormalizowanym roztworem chemicznym powszechnie stosowanym do usuwania nadmiaru plam z ka\u017cdego rodzaju walut.\u00a0<a href=\"http:\/\/google.com\/\" target=\"_blank\" rel=\"noopener\">SSD<\/a>\u00a0P\u0142ynna substancja chemiczna sk\u0142ada si\u0119 z ciek\u0142ego dwutlenku azotu rt\u0119ciowego o br\u0105zowym kolorze, przygotowanego w laboratoriach chemicznych i wyprodukowanego przez wysoko certyfikowane firmy z wykwalifikowanymi technikami laboratoryjnymi.<\/p>\n<h3>Kup online rozwi\u0105zanie chemiczne SSD<\/h3>\n<p>Uprawnienia prawne s\u0105 r\u00f3wnie\u017c wymagane w przypadku firm produkcyjnych. Dlatego przed skontaktowaniem si\u0119 z jak\u0105kolwiek firm\u0105 w celu dostarczenia lub uzyskania us\u0142ug czyszczenia waluty, musi istnie\u0107 dow\u00f3d uprawnie\u0144 prawnych. Roztw\u00f3r czyszcz\u0105cy SSD jest r\u00f3wnie\u017c znany jako magiczny roztw\u00f3r czyszcz\u0105cy u\u017cywany przez ludzi do czyszczenia plam na papierowej walucie. Mo\u017ce by\u0107 stosowany w domu, je\u015bli jest w\u0142a\u015bciwie u\u017cywany, co sprawia, \u017ce czarne pieni\u0105dze s\u0105 czyste i ponownie nadaj\u0105 si\u0119 do u\u017cytku.<\/p>\n<h3><strong>CZYM JEST DYSK SSD?<\/strong><\/h3>\n<p>Pe\u0142ne znaczenie SSD to\u00a0<strong>syntetyczny detergent powierzchniowo czynny<\/strong>. Kt\u00f3ry w rzeczywisto\u015bci jest przedrostkiem s\u0142owa solution chemical. Przedrostek to afiks umieszczany przed rdzeniem s\u0142owa. Dodanie go na pocz\u0105tku jednego s\u0142owa zmienia je w inne s\u0142owo. Na przyk\u0142ad, po dodaniu przedrostka SSD- do s\u0142owa Solution Chemical, powstaje s\u0142owo SSD Solution Chemical.<\/p>\n<h4><strong>Co to jest roztw\u00f3r chemiczny?\u00a0<\/strong><\/h4>\n<p>W chemii roztw\u00f3r jest specjalnym rodzajem jednorodnej mieszaniny sk\u0142adaj\u0105cej si\u0119 z dw\u00f3ch lub wi\u0119cej substancji. Roztw\u00f3r wodny to roztw\u00f3r, w kt\u00f3rym jednym z rozpuszczalnik\u00f3w jest woda. W takiej mieszaninie substancja rozpuszczona jest substancj\u0105 rozpuszczon\u0105 w innej substancji, znanej jako rozpuszczalnik. Proces mieszania roztworu zachodzi w skali, w kt\u00f3rej zaanga\u017cowane s\u0105 efekty polarno\u015bci chemicznej, co skutkuje interakcjami specyficznymi dla solwatacji. Kup online roztw\u00f3r chemiczny SSD.<\/p>\n<div id=\"tab-description\" class=\"woocommerce-Tabs-panel woocommerce-Tabs-panel--description panel entry-content active\" role=\"tabpanel\" aria-labelledby=\"tab-title-description\">\n<p>Roztw\u00f3r przyjmuje faz\u0119 rozpuszczalnika, gdy rozpuszczalnik stanowi wi\u0119ksz\u0105 cz\u0119\u015b\u0107 mieszaniny, jak to zwykle bywa. St\u0119\u017cenie substancji rozpuszczonej w roztworze to masa tej substancji rozpuszczonej wyra\u017cona jako procent masy ca\u0142ego roztworu, co czyni go rozwi\u0105zaniem #1 do czyszczenia zniszczonych czarnych pieni\u0119dzy w bran\u017cy.<\/p>\n<h4><strong>Czym s\u0105 czarne pieni\u0105dze?<\/strong><\/h4>\n<p>Og\u00f3lnie rzecz bior\u0105c, czarne pieni\u0105dze definiuje si\u0119 jako nierozliczon\u0105 i nieopodatkowan\u0105 got\u00f3wk\u0119 wygenerowan\u0105 w wyniku transakcji w ramach czarnej gospodarki, czarnego rynku lub przest\u0119pczo\u015bci zorganizowanej, takich jak defraudacja, narkotyki lub napady na banki. Jako ca\u0142o\u015b\u0107, ka\u017cda forma ogromnej ilo\u015bci pieni\u0119dzy uzyskanych w got\u00f3wce, kt\u00f3ra nie zosta\u0142a rozliczona. Posiadacze czarnych pieni\u0119dzy pr\u00f3buj\u0105 przekszta\u0142ci\u0107 je w legalne (\u2018czyste\u2019 lub \u2018bia\u0142e\u2019) pieni\u0105dze poprzez pranie brudnych pieni\u0119dzy.<\/p>\n<\/div>\n<div id=\"tab-description\" class=\"woocommerce-Tabs-panel woocommerce-Tabs-panel--description panel entry-content active\" role=\"tabpanel\" aria-labelledby=\"tab-title-description\">\n<p>Jednym z g\u0142\u00f3wnych sposob\u00f3w prania pieni\u0119dzy jest przenoszenie funduszy z jednego miejsca do drugiego, co wymaga pokrycia pieni\u0119dzy znaczkami zabezpieczaj\u0105cymi, poplamionymi znakami lub pokrytymi czarn\u0105\/szar\u0105\/czerwon\u0105 lub bia\u0142\u0105 pow\u0142ok\u0105 w celu \u0142atwego i szybkiego transportu. W tej formie prania pieni\u0119dzy konieczne b\u0119dzie u\u017cycie \u015brodka chemicznego SSD Solution Chemical w celu usuni\u0119cia pow\u0142oki z pieni\u0119dzy, aby mo\u017cna je by\u0142o wykorzysta\u0107.<\/p>\n<p>Czarne pieni\u0105dze s\u0105 gromadzone przez niekt\u00f3re firmy, defraudant\u00f3w, urz\u0119dnik\u00f3w pa\u0144stwowych, przest\u0119pc\u00f3w, przemytnik\u00f3w, hochsztapler\u00f3w, oszust\u00f3w podatkowych i inne antyspo\u0142eczne elementy spo\u0142ecze\u0144stwa. Oko\u0142o\u00a0<strong>17,4 biliona<\/strong>\u00a0dolar\u00f3w zosta\u0142o rzekomo zgromadzonych przez przest\u0119pc\u00f3w dla partykularnych interes\u00f3w na ca\u0142ym \u015bwiecie, chocia\u017c pisemne petycje w S\u0105dzie Najwy\u017cszym szacuj\u0105, \u017ce jest to nawet wi\u0119cej ni\u017c wspomniano powy\u017cej.<\/p>\n<p>Ca\u0142kowita kwota czarnych pieni\u0119dzy zdeponowanych w zagranicznych bankach przez osoby fizyczne nie jest znana. Niekt\u00f3re raporty podaj\u0105 \u0142\u0105czn\u0105 kwot\u0119\u00a0<strong>US$6.06 - $7.4 trylion\u00f3w<\/strong>\u00a0jest nielegalnie przetrzymywanych w Szwajcarii. Inne raporty, w tym te zg\u0142oszone przez Szwajcarskie Stowarzyszenie Bankier\u00f3w i rz\u0105d Szwajcarii, twierdz\u0105, \u017ce raporty te s\u0105 fa\u0142szywe i sfabrykowane, a \u0142\u0105czna kwota przechowywana na wszystkich szwajcarskich rachunkach bankowych przez obywateli r\u00f3\u017cnych kraj\u00f3w wynosi oko\u0142o $20 bilion\u00f3w USD.<\/p>\n<p>W lutym 2012 r. dyrektor indyjskiego Centralnego Biura \u015aledczego powiedzia\u0142, \u017ce Hindusi maj\u0105 $900 mld USD nielegalnych funduszy w zagranicznych rajach podatkowych, wi\u0119cej ni\u017c jakikolwiek inny kraj. W marcu 2012 roku rz\u0105d Indii wyja\u015bni\u0142 w parlamencie, \u017ce o\u015bwiadczenie dyrektora CBI o $900 miliardach nielegalnych pieni\u0119dzy by\u0142o szacunkiem opartym na o\u015bwiadczeniu z\u0142o\u017conym przed indyjskim S\u0105dem Najwy\u017cszym w lipcu 2011 roku.<\/p>\n<h4><strong>SSD Universal Chemical<br \/>\n<\/strong><\/h4>\n<p>Roztw\u00f3r chemiczny SSD to jednorodny roztw\u00f3r chemiczny na bazie wody, stosowany specjalnie do rozpuszczania i usuwania powlekanego barwnika ze zniszczonych walut (DOLLARS, POUNDS, EUROS, RUPEES ETC). Te powlekane waluty mog\u0105 by\u0107 w kolorze czarnym, zielonym, \u017c\u00f3\u0142tym lub bia\u0142ym. S\u0105 one usuwane lub stemplowane, aby unikn\u0105\u0107 niepotrzebnych kwestii zwi\u0105zanych z odpraw\u0105 celn\u0105, przechwycenia przez przest\u0119pc\u00f3w lub gangi podczas dostawy czarnych dolar\u00f3w.<\/p>\n<p><img decoding=\"async\" class=\"wp-image-463 aligncenter\" src=\"https:\/\/poisonshops.com\/wp-content\/uploads\/2025\/11\/tttt-1-204x300.png\" alt=\"Sklep z truciznami\" width=\"75\" height=\"110\" srcset=\"https:\/\/poisonshops.com\/wp-content\/uploads\/2025\/11\/tttt-1-204x300.png 204w, https:\/\/poisonshops.com\/wp-content\/uploads\/2025\/11\/tttt-1.png 218w\" sizes=\"(max-width: 75px) 100vw, 75px\" \/><\/p>\n<h4>Rozwi\u0105zanie chemiczne SSD na sprzeda\u017c<\/h4>\n<p>SSD Solution, SSD Chemical Solution, SSD Super Solution, SSD Universal Solution, SSD Super Automatic Solution, SSD PK58 Solution, SSD Ultimate 2018 Solution, Activation Powder, Mercury Powder, Passports and ID Authentication, Grade A Counterfeit Bills, Activation Powder &amp; Ssd Solution Formula, SSD Chemical Solution na sprzeda\u017c<\/p>\n<p>Anti Breeze Chemical Formula, Black Dollar Cleaning Chemical Formula, Black Dollar Cleaning Solution Formula, Black Money Cleaner Formula, Currency Cleaning Chemical Formula, Humine Powder Preparation, Ssd Chemical Solution Formula, Ssd Solution Formula, SSD Universal Chemical Solution Formula. Roztw\u00f3r chemiczny SSD na sprzeda\u017c.<\/p>\n<p><img decoding=\"async\" class=\"wp-image-502 aligncenter\" src=\"https:\/\/poisonshops.com\/wp-content\/uploads\/2025\/11\/Bio-Weapons-240x300.png\" alt=\"Bro\u0144 biologiczna\" width=\"70\" height=\"88\" srcset=\"https:\/\/poisonshops.com\/wp-content\/uploads\/2025\/11\/Bio-Weapons-240x300.png 240w, https:\/\/poisonshops.com\/wp-content\/uploads\/2025\/11\/Bio-Weapons.png 265w\" sizes=\"(max-width: 70px) 100vw, 70px\" \/><\/p>\n<h4><strong>Zawsze u\u017cywaj roztwor\u00f3w chemicznych SSD z najwy\u017csz\u0105 ostro\u017cno\u015bci\u0105<\/strong><\/h4>\n<p>Nie musisz by\u0107 certyfikowanym chemikiem, aby zastosowa\u0107 to rozwi\u0105zanie. Proces czyszczenia jest do\u015b\u0107 \u0142atwy i pozbawiony ryzyka, je\u015bli jest przeprowadzany zgodnie ze wszystkimi wytycznymi. Jednak jak w przypadku ka\u017cdej substancji chemicznej, zachowanie ostro\u017cno\u015bci jest kluczowe. Kup SSD SOLUTIONS i LIQUID MERCURY.<\/p>\n<p>Unikaj bezpo\u015bredniego kontaktu z tym roztworem do prania czarnych pieni\u0119dzy i podejmij \u015brodki ochronne, aby zapobiec przedostaniu si\u0119 go na sk\u00f3r\u0119. Niekt\u00f3re z jego sk\u0142adnik\u00f3w mog\u0105 powodowa\u0107 podra\u017cnienia w przypadku rozlania na cia\u0142o. W takim przypadku nale\u017cy przemy\u0107 dotkni\u0119ty obszar du\u017c\u0105 ilo\u015bci\u0105 wody. Wysokiej jako\u015bci automatyczne rozwi\u0105zanie SSD.<\/p>\n<p>Wa\u017cne jest, aby przestrzega\u0107 instrukcji bezpiecze\u0144stwa podczas czyszczenia zniszczonych banknot\u00f3w za pomoc\u0105 tej substancji. W Solve Problems do\u0142o\u017cyli\u015bmy wszelkich stara\u0144, aby przedstawi\u0107 je w jednoznaczny spos\u00f3b. Po zakupie naszego roztworu chemicznego SSD, trzymaj si\u0119 ich, aby bezpiecznie uratowa\u0107 swoje czarne pieni\u0105dze przed wyrzuceniem do kosza na \u015bmieci. Kup SSD Solution online.<\/p>\n<p><img decoding=\"async\" class=\"wp-image-176 aligncenter\" src=\"https:\/\/poisonshops.com\/wp-content\/uploads\/2025\/11\/poison_shop_logo-300x171.png\" alt=\"Sklepy z truciznami\" width=\"146\" height=\"83\" srcset=\"https:\/\/poisonshops.com\/wp-content\/uploads\/2025\/11\/poison_shop_logo-300x171.png 300w, https:\/\/poisonshops.com\/wp-content\/uploads\/2025\/11\/poison_shop_logo.png 563w\" sizes=\"(max-width: 146px) 100vw, 146px\" \/><\/p>\n<\/div>","protected":false},"excerpt":{"rendered":"<p>Buy SSD Solution Online Get your money back with our SSD chemical solution for sale. You can take care of all your odd-looking notes with SSD Automatic chemical that has proven to be a great solution in America, Europe, Africa, Asia, and other continents around the world. Buy SSD Solution from the best SSD solution [&hellip;]<\/p>\n","protected":false},"featured_media":394,"comment_status":"open","ping_status":"closed","template":"","meta":[],"product_brand":[],"product_cat":[21],"product_tag":[],"class_list":{"0":"post-393","1":"product","2":"type-product","3":"status-publish","4":"has-post-thumbnail","6":"product_cat-buy-research-chemicals-online","8":"first","9":"instock","10":"shipping-taxable","11":"purchasable","12":"product-type-simple"},"_links":{"self":[{"href":"https:\/\/poisonshops.com\/pl\/wp-json\/wp\/v2\/product\/393","targetHints":{"allow":["GET"]}}],"collection":[{"href":"https:\/\/poisonshops.com\/pl\/wp-json\/wp\/v2\/product"}],"about":[{"href":"https:\/\/poisonshops.com\/pl\/wp-json\/wp\/v2\/types\/product"}],"replies":[{"embeddable":true,"href":"https:\/\/poisonshops.com\/pl\/wp-json\/wp\/v2\/comments?post=393"}],"wp:featuredmedia":[{"embeddable":true,"href":"https:\/\/poisonshops.com\/pl\/wp-json\/wp\/v2\/media\/394"}],"wp:attachment":[{"href":"https:\/\/poisonshops.com\/pl\/wp-json\/wp\/v2\/media?parent=393"}],"wp:term":[{"taxonomy":"product_brand","embeddable":true,"href":"https:\/\/poisonshops.com\/pl\/wp-json\/wp\/v2\/product_brand?post=393"},{"taxonomy":"product_cat","embeddable":true,"href":"https:\/\/poisonshops.com\/pl\/wp-json\/wp\/v2\/product_cat?post=393"},{"taxonomy":"product_tag","embeddable":true,"href":"https:\/\/poisonshops.com\/pl\/wp-json\/wp\/v2\/product_tag?post=393"}],"curies":[{"name":"wp","href":"https:\/\/api.w.org\/{rel}","templated":true}]}}