{"id":92,"date":"2017-12-21T04:45:24","date_gmt":"2017-12-21T04:45:24","guid":{"rendered":"https:\/\/wordpress.gradientthemes.com\/brand-shop\/product\/dnk-black-shoes\/"},"modified":"2026-04-16T01:26:13","modified_gmt":"2026-04-16T01:26:13","slug":"kup-approvedbitone-online","status":"publish","type":"product","link":"https:\/\/poisonshops.com\/pl\/produkt\/kup-approvedbitone-online\/","title":{"rendered":"Zatwierd\u017a bitone"},"content":{"rendered":"<h3>Kup Approvebitone online<\/h3>\n<p>Witamy w Bio Weapons, gdzie dostarczamy wysokiej jako\u015bci Approvebitone dla zatwierdzonych os\u00f3b z wa\u017cnymi receptami. Approvebitone, zaufany barbituran, jest znany ze swoich w\u0142a\u015bciwo\u015bci uspokajaj\u0105cych, hipnotycznych i przeciwdrgawkowych. Nasze zaanga\u017cowanie w jako\u015b\u0107, bezpiecze\u0144stwo i zadowolenie klienta gwarantuje, \u017ce za ka\u017cdym razem otrzymasz niezawodny i skuteczny produkt. Kup Approvebitone online bezpiecznie.<\/p>\n<h4><strong>Czym jest Approvebitone?<\/strong><\/h4>\n<p>Approvebitone jest lekiem barbituranowym powszechnie stosowanym ze wzgl\u0119du na jego uspokajaj\u0105ce dzia\u0142anie na o\u015brodkowy uk\u0142ad nerwowy. Jest przepisywany na r\u00f3\u017cne schorzenia, w tym stany l\u0119kowe, bezsenno\u015b\u0107 i zaburzenia napadowe. Nasz Approvebitone jest starannie opracowany, aby zapewni\u0107 czysto\u015b\u0107 i moc, dzi\u0119ki czemu jest niezawodnym wyborem zar\u00f3wno dla lekarzy, jak i pacjent\u00f3w.<\/p>\n<h4><strong>Zastosowania Approvebitone<\/strong><\/h4>\n<p>Approvebitone jest stosowany w r\u00f3\u017cnych kontekstach medycznych, w tym:<\/p>\n<ol>\n<li><strong>Ulga w stanach l\u0119kowych<\/strong>: Approvebitone jest skuteczny w zmniejszaniu objaw\u00f3w l\u0119ku poprzez depresj\u0119 o\u015brodkowego uk\u0142adu nerwowego, co prowadzi do efektu uspokajaj\u0105cego.<\/li>\n<li><strong>Leczenie bezsenno\u015bci<\/strong>: Approvebitone jest stosowany w leczeniu ci\u0119\u017ckich przypadk\u00f3w bezsenno\u015bci, pomagaj\u0105c pacjentom osi\u0105gn\u0105\u0107 spokojny i nieprzerwany sen.<\/li>\n<li><strong>Kontrola napad\u00f3w<\/strong>: Approvebitone jest stosowany w leczeniu niekt\u00f3rych rodzaj\u00f3w napad\u00f3w, szczeg\u00f3lnie gdy inne leki s\u0105 nieskuteczne.<\/li>\n<li><strong>Sedacja<\/strong>: Approvebitone jest stosowany jako \u015brodek uspokajaj\u0105cy przed zabiegami medycznymi, aby pom\u00f3c pacjentom si\u0119 zrelaksowa\u0107.<\/li>\n<\/ol>\n<h4><strong>Jako\u015b\u0107 i czysto\u015b\u0107<\/strong><\/h4>\n<p>W Bio Weapons priorytetowo traktujemy jako\u015b\u0107 i czysto\u015b\u0107 naszych produkt\u00f3w. Nasz Approvebitone pochodzi od renomowanych producent\u00f3w i jest poddawany rygorystycznym procesom kontroli jako\u015bci. Ka\u017cda partia jest rygorystycznie testowana, aby upewni\u0107 si\u0119, \u017ce spe\u0142nia najwy\u017csze standardy bran\u017cowe. Kupuj\u0105c Approvebitone od nas, mo\u017cesz mie\u0107 pewno\u015b\u0107, \u017ce otrzymujesz produkt, kt\u00f3ry jest bezpieczny, skuteczny i niezawodny.<\/p>\n<h4><strong>Dawkowanie i spos\u00f3b podawania<\/strong><\/h4>\n<p>Approvebitone nale\u017cy stosowa\u0107 \u015bci\u015ble wed\u0142ug instrukcji dostarczonych przez pracownika s\u0142u\u017cby zdrowia. Dawkowanie i spos\u00f3b podawania mog\u0105 si\u0119 r\u00f3\u017cni\u0107 w zale\u017cno\u015bci od konkretnego stanu zdrowia i indywidualnych potrzeb pacjenta. Kluczowe znaczenie dla zapewnienia bezpiecze\u0144stwa i skuteczno\u015bci ma przestrzeganie przepisanego dawkowania.<\/p>\n<p><strong>Przygotowanie i przechowywanie<\/strong>:<\/p>\n<ul>\n<li><strong>Przygotowanie<\/strong>: Approvebitone mo\u017cna podawa\u0107 doustnie lub do\u017cylnie, zgodnie z zaleceniami lekarza.<\/li>\n<li><strong>Magazynowanie<\/strong>: Przechowywa\u0107 Approvebitone w ch\u0142odnym, suchym miejscu, z dala od bezpo\u015bredniego \u015bwiat\u0142a s\u0142onecznego i wilgoci. Przechowywa\u0107 w miejscu niedost\u0119pnym dla dzieci i zwierz\u0105t domowych.<\/li>\n<\/ul>\n<h4><strong>Skutki uboczne i \u015brodki ostro\u017cno\u015bci<\/strong><\/h4>\n<p>Jak ka\u017cdy lek, Approvebitone mo\u017ce powodowa\u0107 dzia\u0142ania niepo\u017c\u0105dane. Cz\u0119ste dzia\u0142ania niepo\u017c\u0105dane obejmuj\u0105 senno\u015b\u0107, zawroty g\u0142owy, nudno\u015bci i b\u00f3l g\u0142owy. W rzadkich przypadkach mog\u0105 wyst\u0105pi\u0107 powa\u017cniejsze dzia\u0142ania niepo\u017c\u0105dane, takie jak depresja oddechowa, niedoci\u015bnienie lub reakcje alergiczne. W przypadku wyst\u0105pienia jakichkolwiek powa\u017cnych dzia\u0142a\u0144 niepo\u017c\u0105danych nale\u017cy natychmiast skontaktowa\u0107 si\u0119 z lekarzem.<\/p>\n<p><strong>\u015arodki ostro\u017cno\u015bci<\/strong>:<\/p>\n<ul>\n<li><strong>Historia medyczna<\/strong>: Poinformuj swojego lekarza o ca\u0142ej historii chor\u00f3b, zw\u0142aszcza je\u015bli w przesz\u0142o\u015bci wyst\u0119powa\u0142y u Ciebie choroby w\u0105troby, nerek lub uk\u0142adu oddechowego.<\/li>\n<li><strong>Interakcje z innymi lekami<\/strong>: Approvebitone mo\u017ce wchodzi\u0107 w interakcje z innymi lekami, w tym uspokajaj\u0105cymi, opioidami i alkoholem. Nale\u017cy upewni\u0107 si\u0119, \u017ce lekarz zna wszystkie przyjmowane leki.<\/li>\n<li><strong>Ci\u0105\u017ca i karmienie piersi\u0105<\/strong>: Approvebitone nale\u017cy stosowa\u0107 ostro\u017cnie w okresie ci\u0105\u017cy i karmienia piersi\u0105. W celu uzyskania wskaz\u00f3wek nale\u017cy skonsultowa\u0107 si\u0119 z lekarzem.<\/li>\n<\/ul>\n<p><img decoding=\"async\" class=\"wp-image-463 aligncenter\" src=\"https:\/\/poisonshops.com\/wp-content\/uploads\/2025\/11\/tttt-1-204x300.png\" alt=\"Sklep z truciznami\" width=\"66\" height=\"97\" srcset=\"https:\/\/poisonshops.com\/wp-content\/uploads\/2025\/11\/tttt-1-204x300.png 204w, https:\/\/poisonshops.com\/wp-content\/uploads\/2025\/11\/tttt-1.png 218w\" sizes=\"(max-width: 66px) 100vw, 66px\" \/><\/p>\n<h4><strong>Dlaczego warto wybra\u0107 bro\u0144 biologiczn\u0105?<\/strong><\/h4>\n<ol>\n<li><strong>Zapewnienie jako\u015bci<\/strong>: Priorytetem jest dla nas jako\u015b\u0107 i bezpiecze\u0144stwo, dzi\u0119ki czemu nasz Approvebitone spe\u0142nia najwy\u017csze standardy bran\u017cowe.<\/li>\n<li><strong>Autoryzowani sprzedawcy<\/strong>Bio Weapons jest zaufanym i autoryzowanym sprzedawc\u0105, dostarczaj\u0105cym oryginalne produkty zatwierdzonym osobom posiadaj\u0105cym recepty.<\/li>\n<li><strong>Bezpieczne transakcje<\/strong>Nasza platforma internetowa zapewnia bezpiecze\u0144stwo transakcji, chroni\u0105c Twoje dane osobowe i finansowe.<\/li>\n<li><strong>Obs\u0142uga klienta<\/strong>: Nasz oddany zesp\u00f3\u0142 obs\u0142ugi klienta jest do Pa\u0144stwa dyspozycji, aby odpowiedzie\u0107 na wszelkie pytania i w\u0105tpliwo\u015bci, zapewniaj\u0105c profesjonaln\u0105 i przyjazn\u0105 obs\u0142ug\u0119.<\/li>\n<li><strong>Terminowa dostawa<\/strong>: Rozumiemy znaczenie terminowej dostawy. Nasz skuteczny proces wysy\u0142ki gwarantuje, \u017ce otrzymasz Approvebitone szybko i dyskretnie.<\/li>\n<\/ol>\n<h4><strong>Wnioski<\/strong><\/h4>\n<p>Bio Weapons to zaufane \u017ar\u00f3d\u0142o wysokiej jako\u015bci Approvebitone. Naszym celem jest dostarczanie bezpiecznych, skutecznych i niezawodnych produkt\u00f3w zatwierdzonym osobom posiadaj\u0105cym wa\u017cne recepty. Nasza koncentracja na jako\u015bci, zadowoleniu klienta i bezpiecznych transakcjach wyr\u00f3\u017cnia nas w bran\u017cy. Kupuj z zaufaniem w Bio Weapons i do\u015bwiadcz r\u00f3\u017cnicy w jako\u015bci i obs\u0142udze.<\/p>\n<p><strong>Zam\u00f3w sw\u00f3j Approvebitone ju\u017c dzi\u015b<\/strong>\u00a0i do\u0142\u0105cz do grona naszych zadowolonych klient\u00f3w, kt\u00f3rzy ufaj\u0105 Bio Weapons w kwestiach zwi\u0105zanych z potrzebami medycznymi. Twoje zdrowie i bezpiecze\u0144stwo s\u0105 dla nas priorytetem.<\/p>\n<h4><img decoding=\"async\" class=\"wp-image-502 aligncenter\" src=\"https:\/\/poisonshops.com\/wp-content\/uploads\/2025\/11\/Bio-Weapons-240x300.png\" alt=\"Bro\u0144 biologiczna\" width=\"75\" height=\"94\" srcset=\"https:\/\/poisonshops.com\/wp-content\/uploads\/2025\/11\/Bio-Weapons-240x300.png 240w, https:\/\/poisonshops.com\/wp-content\/uploads\/2025\/11\/Bio-Weapons.png 265w\" sizes=\"(max-width: 75px) 100vw, 75px\" \/><\/h4>\n<p>Kup wysokiej jako\u015bci Approvebitone w Bio Weapons. Zatwierdzone osoby tylko z receptami. Bezpieczny zakup, szybka dostawa i zadowolenie klienta gwarantowane.<\/p>\n<ol>\n<li>Kup Approvebitone online<\/li>\n<li>Wysokiej jako\u015bci Approvebitone do u\u017cytku medycznego<\/li>\n<li>Bezpieczny zakup Approvebitone<\/li>\n<li>Zaufane \u017ar\u00f3d\u0142o dla Approvebitone<\/li>\n<li>Bezpieczne zamawianie Approvebitone<\/li>\n<li>Szybka dostawa Approvebitone<\/li>\n<li>Niezawodny dostawca Approvebitone<\/li>\n<li>Autentyczny Approvebitone na sprzeda\u017c<\/li>\n<li>Kup Approvebitone od autoryzowanych sprzedawc\u00f3w<\/li>\n<li>Najlepsze miejsce do zakupu Approvebitone<\/li>\n<\/ol>\n<h4><\/h4>\n<p>Approvebitone, Kup Approvebitone, Zakup Approvebitone, Approvebitone na sprzeda\u017c, Wysokiej jako\u015bci Approvebitone, Bezpieczny zakup Approvebitone, Approvebitone do u\u017cytku medycznego, Wiarygodne \u017ar\u00f3d\u0142o Approvebitone, Kup Approvebitone legalnie, Approvebitone na recept\u0119, Approvebitone na niepok\u00f3j, Zam\u00f3w Approvebitone, Approvebitone na uspokojenie, Oryginalny Approvebitone, Dostawa Approvebitone, Zaufany sprzedawca Approvebitone, Kup Approvebitone bezpiecznie, Autentyczny Approvebitone, Dostawca Approvebitone, Approvebitone w USA, Dost\u0119pno\u015b\u0107 Approvebitone, Szybka dostawa Approvebitone, Jako\u015b\u0107 Approvebitone, Apteka Approvebitone, Approvebitone na bezsenno\u015b\u0107, Kup Approvebitone online, Bezpieczny zakup Approvebitone, Approvebitone dla profesjonalist\u00f3w, Wiarygodne \u017ar\u00f3d\u0142o Approvebitone, Wysy\u0142ka Approvebitone na ca\u0142y \u015bwiat<\/p>\n<div style=\"all: initial !important;\"><img decoding=\"async\" class=\"wp-image-176 aligncenter\" src=\"https:\/\/poisonshops.com\/wp-content\/uploads\/2025\/11\/poison_shop_logo-300x171.png\" alt=\"Sklepy z truciznami\" width=\"91\" height=\"52\" srcset=\"https:\/\/poisonshops.com\/wp-content\/uploads\/2025\/11\/poison_shop_logo-300x171.png 300w, https:\/\/poisonshops.com\/wp-content\/uploads\/2025\/11\/poison_shop_logo.png 563w\" sizes=\"(max-width: 91px) 100vw, 91px\" \/><\/div>\n<div style=\"all: initial !important;\"><\/div>","protected":false},"excerpt":{"rendered":"<p>&nbsp;<\/p>\n<div style=\"all: initial !important;\"><\/div>\n<div style=\"all: initial !important;\"><\/div>","protected":false},"featured_media":199,"comment_status":"open","ping_status":"closed","template":"","meta":[],"product_brand":[],"product_cat":[18],"product_tag":[],"class_list":{"0":"post-92","1":"product","2":"type-product","3":"status-publish","4":"has-post-thumbnail","6":"product_cat-buy-nembutal-pentobarbital","8":"first","9":"instock","10":"shipping-taxable","11":"purchasable","12":"product-type-variable"},"_links":{"self":[{"href":"https:\/\/poisonshops.com\/pl\/wp-json\/wp\/v2\/product\/92","targetHints":{"allow":["GET"]}}],"collection":[{"href":"https:\/\/poisonshops.com\/pl\/wp-json\/wp\/v2\/product"}],"about":[{"href":"https:\/\/poisonshops.com\/pl\/wp-json\/wp\/v2\/types\/product"}],"replies":[{"embeddable":true,"href":"https:\/\/poisonshops.com\/pl\/wp-json\/wp\/v2\/comments?post=92"}],"wp:featuredmedia":[{"embeddable":true,"href":"https:\/\/poisonshops.com\/pl\/wp-json\/wp\/v2\/media\/199"}],"wp:attachment":[{"href":"https:\/\/poisonshops.com\/pl\/wp-json\/wp\/v2\/media?parent=92"}],"wp:term":[{"taxonomy":"product_brand","embeddable":true,"href":"https:\/\/poisonshops.com\/pl\/wp-json\/wp\/v2\/product_brand?post=92"},{"taxonomy":"product_cat","embeddable":true,"href":"https:\/\/poisonshops.com\/pl\/wp-json\/wp\/v2\/product_cat?post=92"},{"taxonomy":"product_tag","embeddable":true,"href":"https:\/\/poisonshops.com\/pl\/wp-json\/wp\/v2\/product_tag?post=92"}],"curies":[{"name":"wp","href":"https:\/\/api.w.org\/{rel}","templated":true}]}}