{"id":95,"date":"2017-12-21T04:37:21","date_gmt":"2017-12-21T04:37:21","guid":{"rendered":"https:\/\/wordpress.gradientthemes.com\/brand-shop\/product\/dnk-blue-shoes\/"},"modified":"2025-12-03T10:36:58","modified_gmt":"2025-12-03T10:36:58","slug":"kup-nembutal-pentobarbital-plyn-doustny","status":"publish","type":"product","link":"https:\/\/poisonshops.com\/pl\/produkt\/kup-nembutal-pentobarbital-plyn-doustny\/","title":{"rendered":"Nembutal Pentobarbital P\u0142yn doustny"},"content":{"rendered":"<h2>Kup online Nembutal Pentobarbital p\u0142yn doustny<\/h2>\n<p>Witamy w Bio Weapons, g\u0142\u00f3wnym \u017ar\u00f3dle wysokiej jako\u015bci p\u0142ynu doustnego Nembutal Pentobarbital. Nasz p\u0142yn doustny Nembutal jest dost\u0119pny wy\u0142\u0105cznie dla zatwierdzonych os\u00f3b posiadaj\u0105cych wa\u017cne recepty. D\u0105\u017cymy do zapewnienia najwy\u017cszej jako\u015bci, bezpiecze\u0144stwa i zadowolenia klient\u00f3w, dzi\u0119ki czemu jeste\u015bmy zaufan\u0105 mark\u0105 w bran\u017cy.<\/p>\n<h4><strong>Co to jest Nembutal Pentobarbital Oral Liquid?<\/strong><\/h4>\n<p>Nembutal, znany r\u00f3wnie\u017c jako pentobarbital, jest lekiem barbituranowym stosowanym ze wzgl\u0119du na swoje w\u0142a\u015bciwo\u015bci uspokajaj\u0105ce, znieczulaj\u0105ce i przeciwdrgawkowe. Nembutal w postaci p\u0142ynu doustnego oferuje elastyczno\u015b\u0107 dawkowania i \u0142atwo\u015b\u0107 podawania, co czyni go idealnym wyborem do r\u00f3\u017cnych zastosowa\u0144 medycznych. Nasz p\u0142yn doustny Nembutal jest starannie opracowany, aby zapewni\u0107 dok\u0142adno\u015b\u0107 i skuteczno\u015b\u0107.<\/p>\n<h4><strong>Zastosowanie leku Nembutal Pentobarbital p\u0142yn doustny<\/strong><\/h4>\n<p>P\u0142yn doustny Nembutal jest stosowany w r\u00f3\u017cnych kontekstach medycznych, w tym:<\/p>\n<ol>\n<li><strong>Sedacja<\/strong>: P\u0142yn doustny Nembutal jest cz\u0119sto stosowany do wywo\u0142ywania sedacji u pacjent\u00f3w poddawanych zabiegom medycznym. Jego szybki pocz\u0105tek dzia\u0142ania zapewnia, \u017ce pacjenci szybko osi\u0105gaj\u0105 zrelaksowany i komfortowy stan.<\/li>\n<li><strong>Znieczulenie<\/strong>: W warunkach chirurgicznych p\u0142yn doustny Nembutal jest stosowany jako \u015brodek przed znieczuleniem w celu wywo\u0142ania g\u0142\u0119bokiego snu. Jego skuteczno\u015b\u0107 i niezawodno\u015b\u0107 sprawiaj\u0105, \u017ce jest cennym narz\u0119dziem dla anestezjolog\u00f3w.<\/li>\n<li><strong>Kontrola napad\u00f3w<\/strong>: Nembutal jest skuteczny w leczeniu ostrych napad\u00f3w padaczkowych, szczeg\u00f3lnie w sytuacjach nag\u0142ych. Dzia\u0142a poprzez hamowanie o\u015brodkowego uk\u0142adu nerwowego, zmniejszaj\u0105c w ten spos\u00f3b aktywno\u015b\u0107 napadow\u0105.<\/li>\n<li><strong>Eutanazja<\/strong>: W medycynie weterynaryjnej p\u0142yn doustny Nembutal jest stosowany do humanitarnej eutanazji zwierz\u0105t. Jego szybko dzia\u0142aj\u0105ce w\u0142a\u015bciwo\u015bci zapewniaj\u0105 spokojne i bezbolesne przej\u015bcie.<\/li>\n<\/ol>\n<h4><strong>Jako\u015b\u0107 i czysto\u015b\u0107<\/strong><\/h4>\n<p>W Bio Weapons rozumiemy kluczowe znaczenie czysto\u015bci i jako\u015bci produkt\u00f3w farmaceutycznych. Nasz p\u0142yn doustny Nembutal pochodzi od renomowanych producent\u00f3w i jest poddawany rygorystycznym procesom kontroli jako\u015bci. Ka\u017cda partia jest rygorystycznie testowana pod k\u0105tem czysto\u015bci i mocy, dzi\u0119ki czemu spe\u0142nia najwy\u017csze standardy bran\u017cowe. Kupuj\u0105c u nas Pentobarbital Nembutal p\u0142yn doustny, mo\u017cesz mie\u0107 pewno\u015b\u0107, \u017ce otrzymujesz produkt bezpieczny, skuteczny i niezawodny.<\/p>\n<h4><strong>Dawkowanie i spos\u00f3b podawania<\/strong><\/h4>\n<p>Pentobarbital Nembutal p\u0142yn doustny nale\u017cy stosowa\u0107 \u015bci\u015ble wed\u0142ug instrukcji dostarczonych przez pracownika s\u0142u\u017cby zdrowia. Dawkowanie i spos\u00f3b podawania mog\u0105 si\u0119 r\u00f3\u017cni\u0107 w zale\u017cno\u015bci od konkretnego stanu chorobowego i indywidualnych potrzeb pacjenta. Przestrzeganie zaleconego dawkowania ma kluczowe znaczenie dla zapewnienia bezpiecze\u0144stwa i skuteczno\u015bci.<\/p>\n<p><strong>Przygotowanie i przechowywanie<\/strong>:<\/p>\n<ul>\n<li><strong>Przygotowanie<\/strong>: P\u0142yn doustny Nembutal jest podawany doustnie, z dok\u0142adnym odmierzeniem dawki za pomoc\u0105 strzykawki klasy medycznej lub urz\u0105dzenia pomiarowego.<\/li>\n<li><strong>Magazynowanie<\/strong>: P\u0142yn doustny Nembutal nale\u017cy przechowywa\u0107 w ch\u0142odnym, suchym miejscu, z dala od bezpo\u015bredniego \u015bwiat\u0142a s\u0142onecznego i wilgoci. Przechowywa\u0107 w miejscu niedost\u0119pnym dla dzieci i zwierz\u0105t domowych.<\/li>\n<\/ul>\n<h4><strong>Skutki uboczne i \u015brodki ostro\u017cno\u015bci<\/strong><\/h4>\n<p>Jak ka\u017cdy lek, Nembutal p\u0142yn doustny mo\u017ce powodowa\u0107 dzia\u0142ania niepo\u017c\u0105dane. Cz\u0119ste dzia\u0142ania niepo\u017c\u0105dane obejmuj\u0105 senno\u015b\u0107, zawroty g\u0142owy, nudno\u015bci i b\u00f3l g\u0142owy. W rzadkich przypadkach mog\u0105 wyst\u0105pi\u0107 powa\u017cniejsze dzia\u0142ania niepo\u017c\u0105dane, takie jak depresja oddechowa, niedoci\u015bnienie lub reakcje alergiczne. W przypadku wyst\u0105pienia jakichkolwiek powa\u017cnych dzia\u0142a\u0144 niepo\u017c\u0105danych nale\u017cy natychmiast skontaktowa\u0107 si\u0119 z lekarzem.<\/p>\n<p><strong>\u015arodki ostro\u017cno\u015bci<\/strong>:<\/p>\n<ul>\n<li><strong>Historia medyczna<\/strong>: Poinformuj swojego lekarza o ca\u0142ej historii chor\u00f3b, zw\u0142aszcza je\u015bli w przesz\u0142o\u015bci wyst\u0119powa\u0142y u Ciebie choroby w\u0105troby, nerek lub uk\u0142adu oddechowego.<\/li>\n<li><strong>Interakcje z innymi lekami<\/strong>: Nembutal mo\u017ce wchodzi\u0107 w interakcje z innymi lekami, w tym \u015brodkami uspokajaj\u0105cymi, opioidami i alkoholem. Nale\u017cy poinformowa\u0107 lekarza o wszystkich przyjmowanych lekach.<\/li>\n<li><strong>Ci\u0105\u017ca i karmienie piersi\u0105<\/strong>: Nembutal nale\u017cy stosowa\u0107 ostro\u017cnie podczas ci\u0105\u017cy i karmienia piersi\u0105. Nale\u017cy skonsultowa\u0107 si\u0119 z lekarzem w celu uzyskania wskaz\u00f3wek.<\/li>\n<\/ul>\n<p><img decoding=\"async\" class=\"wp-image-463 aligncenter\" src=\"https:\/\/poisonshops.com\/wp-content\/uploads\/2025\/11\/tttt-1-204x300.png\" alt=\"Sklep z truciznami\" width=\"56\" height=\"82\" srcset=\"https:\/\/poisonshops.com\/wp-content\/uploads\/2025\/11\/tttt-1-204x300.png 204w, https:\/\/poisonshops.com\/wp-content\/uploads\/2025\/11\/tttt-1.png 218w\" sizes=\"(max-width: 56px) 100vw, 56px\" \/><\/p>\n<h4><strong>Dlaczego warto wybra\u0107 bro\u0144 biologiczn\u0105?<\/strong><\/h4>\n<ol>\n<li><strong>Zapewnienie jako\u015bci<\/strong>: Naszym priorytetem jest jako\u015b\u0107 i bezpiecze\u0144stwo, dzi\u0119ki czemu nasz p\u0142yn doustny Nembutal spe\u0142nia najwy\u017csze standardy bran\u017cowe.<\/li>\n<li><strong>Autoryzowani sprzedawcy<\/strong>Bio Weapons jest zaufanym i autoryzowanym sprzedawc\u0105, dostarczaj\u0105cym oryginalne produkty zatwierdzonym osobom posiadaj\u0105cym recepty.<\/li>\n<li><strong>Bezpieczne transakcje<\/strong>Nasza platforma internetowa zapewnia bezpiecze\u0144stwo transakcji, chroni\u0105c Twoje dane osobowe i finansowe.<\/li>\n<li><strong>Obs\u0142uga klienta<\/strong>: Nasz oddany zesp\u00f3\u0142 obs\u0142ugi klienta jest do Pa\u0144stwa dyspozycji, aby odpowiedzie\u0107 na wszelkie pytania i w\u0105tpliwo\u015bci, zapewniaj\u0105c profesjonaln\u0105 i przyjazn\u0105 obs\u0142ug\u0119.<\/li>\n<li><strong>Terminowa dostawa<\/strong>: Rozumiemy znaczenie terminowej dostawy. Nasz skuteczny proces wysy\u0142ki zapewnia szybkie i dyskretne otrzymanie p\u0142ynu doustnego Nembutal.<\/li>\n<\/ol>\n<h4><strong>Wnioski<\/strong><\/h4>\n<p>Bio Weapons to zaufane \u017ar\u00f3d\u0142o wysokiej jako\u015bci p\u0142ynu doustnego Nembutal Pentobarbital. Naszym celem jest dostarczanie bezpiecznych, skutecznych i niezawodnych produkt\u00f3w zatwierdzonym osobom posiadaj\u0105cym wa\u017cne recepty. Nasza koncentracja na jako\u015bci, zadowoleniu klienta i bezpiecznych transakcjach wyr\u00f3\u017cnia nas w bran\u017cy. Kupuj z zaufaniem w Bio Weapons i do\u015bwiadcz r\u00f3\u017cnicy w jako\u015bci i obs\u0142udze.<\/p>\n<p><strong>Zam\u00f3w p\u0142yn doustny Nembutal Pentobarbital ju\u017c dzi\u015b<\/strong> i do\u0142\u0105cz do grona naszych zadowolonych klient\u00f3w, kt\u00f3rzy ufaj\u0105 Bio Weapons w kwestiach zwi\u0105zanych z potrzebami medycznymi. Twoje zdrowie i bezpiecze\u0144stwo s\u0105 dla nas priorytetem.<\/p>\n<p>Kup wysokiej jako\u015bci Nembutal Pentobarbital p\u0142yn doustny w Poison Shops. Tylko zatwierdzone osoby z receptami. Bezpieczny zakup, szybka dostawa i zadowolenie klienta gwarantowane.<\/p>\n<p><img decoding=\"async\" class=\"wp-image-502 aligncenter\" src=\"https:\/\/poisonshops.com\/wp-content\/uploads\/2025\/11\/Bio-Weapons-240x300.png\" alt=\"Bro\u0144 biologiczna\" width=\"85\" height=\"106\" srcset=\"https:\/\/poisonshops.com\/wp-content\/uploads\/2025\/11\/Bio-Weapons-240x300.png 240w, https:\/\/poisonshops.com\/wp-content\/uploads\/2025\/11\/Bio-Weapons.png 265w\" sizes=\"(max-width: 85px) 100vw, 85px\" \/><\/p>\n<h4><\/h4>\n<ol>\n<li>Kup online Nembutal Pentobarbital p\u0142yn doustny<\/li>\n<li>Wysokiej jako\u015bci p\u0142yn doustny Nembutal do u\u017cytku medycznego<\/li>\n<li>Bezpieczny zakup Nembutal Pentobarbital Oral Liquid<\/li>\n<li>Zaufane \u017ar\u00f3d\u0142o Nembutal Pentobarbital Oral Liquid<\/li>\n<li>Bezpiecznie zam\u00f3w Nembutal Pentobarbital Oral Liquid<\/li>\n<li>Szybka dostawa Nembutal Pentobarbital P\u0142yn doustny<\/li>\n<li>Niezawodny dostawca Nembutal Pentobarbital Oral Liquid<\/li>\n<li>Autentyczny Nembutal Pentobarbital Oral Liquid na sprzeda\u017c<\/li>\n<li>Kup Nembutal Oral Liquid od autoryzowanych sprzedawc\u00f3w<\/li>\n<li>Najlepsze miejsce do zakupu Nembutal Pentobarbital Oral Liquid<\/li>\n<\/ol>\n<h4><\/h4>\n<p>Nembutal Pentobarbital p\u0142yn doustny, Kup Nembutal p\u0142yn doustny, Zakup Nembutal Pentobarbital p\u0142yn, Nembutal p\u0142yn doustny na sprzeda\u017c, Wysokiej jako\u015bci Nembutal p\u0142yn doustny, Bezpieczny zakup Nembutal Pentobarbital p\u0142yn, Nembutal p\u0142yn do u\u017cytku medycznego, Wiarygodne \u017ar\u00f3d\u0142o Nembutal p\u0142yn doustny, Kup Nembutal p\u0142yn legalnie, Nembutal p\u0142yn doustny na recept\u0119, Nembutal p\u0142yn do eutanazji, Zam\u00f3w Nembutal Pentobarbital p\u0142yn doustny, Nembutal p\u0142yn do sedacji,<\/p>\n<p>Oryginalny Nembutal Pentobarbital p\u0142yn, Nembutal p\u0142yn doustny dostawa, Zaufany sprzedawca Nembutal p\u0142yn, Kup Nembutal p\u0142yn bezpiecznie, Autentyczny Nembutal p\u0142yn, Nembutal p\u0142yn dostawca, Nembutal p\u0142yn w USA, Nembutal p\u0142yn doustny dost\u0119pno\u015b\u0107, Szybka dostawa Nembutal p\u0142yn, Jako\u015b\u0107 Nembutal Pentobarbital p\u0142yn, Nembutal p\u0142yn apteka, Nembutal p\u0142yn do znieczulenia, Kup Nembutal p\u0142yn online, Bezpieczny zakup Nembutal p\u0142yn, Nembutal Pentobarbital p\u0142yn doustny dla profesjonalist\u00f3w, Wiarygodne \u017ar\u00f3d\u0142o Nembutal p\u0142yn, Nembutal p\u0142yn na ca\u0142ym \u015bwiecie wysy\u0142ka<\/p>\n<p><img decoding=\"async\" class=\"wp-image-176 aligncenter\" src=\"https:\/\/poisonshops.com\/wp-content\/uploads\/2025\/11\/poison_shop_logo-300x171.png\" alt=\"Sklepy z truciznami\" width=\"128\" height=\"73\" srcset=\"https:\/\/poisonshops.com\/wp-content\/uploads\/2025\/11\/poison_shop_logo-300x171.png 300w, https:\/\/poisonshops.com\/wp-content\/uploads\/2025\/11\/poison_shop_logo.png 563w\" sizes=\"(max-width: 128px) 100vw, 128px\" \/><\/p>","protected":false},"excerpt":{"rendered":"<p>Buy Nembutal Pentobarbital Oral Liquid Online Welcome to Bio Weapons , the premier source for high-quality Nembutal Pentobarbital oral liquid. Our Nembutal oral liquid is available exclusively to approved individuals with valid prescriptions. We are dedicated to providing superior quality, safety, and customer satisfaction, making us a trusted name in the industry. What is Nembutal [&hellip;]<\/p>\n","protected":false},"featured_media":216,"comment_status":"open","ping_status":"closed","template":"","meta":[],"product_brand":[],"product_cat":[18],"product_tag":[],"class_list":{"0":"post-95","1":"product","2":"type-product","3":"status-publish","4":"has-post-thumbnail","6":"product_cat-buy-nembutal-pentobarbital","8":"first","9":"instock","10":"featured","11":"shipping-taxable","12":"purchasable","13":"product-type-variable"},"_links":{"self":[{"href":"https:\/\/poisonshops.com\/pl\/wp-json\/wp\/v2\/product\/95","targetHints":{"allow":["GET"]}}],"collection":[{"href":"https:\/\/poisonshops.com\/pl\/wp-json\/wp\/v2\/product"}],"about":[{"href":"https:\/\/poisonshops.com\/pl\/wp-json\/wp\/v2\/types\/product"}],"replies":[{"embeddable":true,"href":"https:\/\/poisonshops.com\/pl\/wp-json\/wp\/v2\/comments?post=95"}],"wp:featuredmedia":[{"embeddable":true,"href":"https:\/\/poisonshops.com\/pl\/wp-json\/wp\/v2\/media\/216"}],"wp:attachment":[{"href":"https:\/\/poisonshops.com\/pl\/wp-json\/wp\/v2\/media?parent=95"}],"wp:term":[{"taxonomy":"product_brand","embeddable":true,"href":"https:\/\/poisonshops.com\/pl\/wp-json\/wp\/v2\/product_brand?post=95"},{"taxonomy":"product_cat","embeddable":true,"href":"https:\/\/poisonshops.com\/pl\/wp-json\/wp\/v2\/product_cat?post=95"},{"taxonomy":"product_tag","embeddable":true,"href":"https:\/\/poisonshops.com\/pl\/wp-json\/wp\/v2\/product_tag?post=95"}],"curies":[{"name":"wp","href":"https:\/\/api.w.org\/{rel}","templated":true}]}}