{"id":96,"date":"2017-12-20T14:16:27","date_gmt":"2017-12-20T14:16:27","guid":{"rendered":"https:\/\/wordpress.gradientthemes.com\/brand-shop\/product\/dark-brown-jeans\/"},"modified":"2025-12-03T10:45:42","modified_gmt":"2025-12-03T10:45:42","slug":"kup-nembutal-pentobarbital-w-tabletkach-100mg","status":"publish","type":"product","link":"https:\/\/poisonshops.com\/pl\/produkt\/kup-nembutal-pentobarbital-w-tabletkach-100mg\/","title":{"rendered":"Tabletki Nembutal Pentobarbital 100 mg"},"content":{"rendered":"<h2>Kup tabletki Nembutal Pentobarbital 100 mg<\/h2>\n<h3>Nembutal Pentobarbital Sodium Pills, 100mg Opis produktu<\/h3>\n<p>Witamy w Bio Weapons, wiod\u0105cym dostawcy wysokiej jako\u015bci tabletek Nembutal Pentobarbital Sodium. Oferujemy tabletki Nembutal 100 mg wy\u0142\u0105cznie zatwierdzonym osobom posiadaj\u0105cym wa\u017cne recepty. Nasze niezachwiane zaanga\u017cowanie w jako\u015b\u0107, bezpiecze\u0144stwo i zadowolenie klienta wyr\u00f3\u017cnia nas w bran\u017cy. Kup Nembutal Pentobarbital Pills 100mg online z \u0142atwo\u015bci\u0105.<\/p>\n<h4><strong>Co to s\u0105 tabletki Nembutal Pentobarbital Sodium?<\/strong><\/h4>\n<p>Nembutal, znany r\u00f3wnie\u017c jako pentobarbital, jest lekiem barbituranowym stosowanym jako \u015brodek uspokajaj\u0105cy, znieczulaj\u0105cy i przeciwdrgawkowy. Ka\u017cda tabletka 100 mg zapewnia siln\u0105 dawk\u0119, zapewniaj\u0105c skuteczno\u015b\u0107 w r\u00f3\u017cnych zastosowaniach medycznych. Tabletki te oferuj\u0105 wygod\u0119 i precyzyjne dawkowanie, co czyni je idealnym wyborem zar\u00f3wno dla pracownik\u00f3w s\u0142u\u017cby zdrowia, jak i pacjent\u00f3w.<\/p>\n<h4><strong>Zastosowanie leku Nembutal Pentobarbital Sodium Pills, 100 mg<\/strong><\/h4>\n<p>Tabletki Nembutal 100 mg s\u0105 stosowane w r\u00f3\u017cnych warunkach medycznych, w tym:<\/p>\n<ol>\n<li><strong>Sedacja<\/strong>: Tabletki Nembutal s\u0105 powszechnie przepisywane w celu wywo\u0142ania sedacji u pacjent\u00f3w poddawanych zabiegom medycznym. Ich szybki pocz\u0105tek dzia\u0142ania zapewnia, \u017ce pacjenci szybko osi\u0105gaj\u0105 zrelaksowany i komfortowy stan.<\/li>\n<li><strong>Znieczulenie<\/strong>: W \u015brodowisku chirurgicznym tabletki Nembutal 100 mg s\u0105 stosowane jako \u015brodek przed znieczuleniem w celu wywo\u0142ania g\u0142\u0119bokiego snu. Ich niezawodno\u015b\u0107 i skuteczno\u015b\u0107 sprawiaj\u0105, \u017ce s\u0105 nieocenione dla anestezjolog\u00f3w.<\/li>\n<li><strong>Kontrola napad\u00f3w<\/strong>: Nembutal jest skuteczny w leczeniu ostrych napad\u00f3w padaczkowych, szczeg\u00f3lnie w sytuacjach nag\u0142ych. Dzia\u0142a poprzez hamowanie o\u015brodkowego uk\u0142adu nerwowego, zmniejszaj\u0105c w ten spos\u00f3b aktywno\u015b\u0107 napadow\u0105.<\/li>\n<li><strong>Eutanazja<\/strong>: W medycynie weterynaryjnej tabletki Nembutal s\u0105 stosowane do humanitarnej eutanazji zwierz\u0105t. Ich szybkie dzia\u0142anie zapewnia spokojne i bezbolesne przej\u015bcie.<\/li>\n<\/ol>\n<h4><strong>Jako\u015b\u0107 i czysto\u015b\u0107<\/strong><\/h4>\n<p>W Bio Weapons rozumiemy kluczowe znaczenie czysto\u015bci i jako\u015bci produkt\u00f3w farmaceutycznych. Nasze tabletki Nembutal 100 mg pochodz\u0105 od renomowanych producent\u00f3w i przechodz\u0105 rygorystyczne procesy kontroli jako\u015bci. Ka\u017cda partia jest rygorystycznie testowana pod k\u0105tem czysto\u015bci i mocy, dzi\u0119ki czemu spe\u0142nia najwy\u017csze standardy bran\u017cowe. Kupuj\u0105c u nas tabletki Nembutal Pentobarbital Sodium, mo\u017cesz mie\u0107 pewno\u015b\u0107, \u017ce otrzymujesz produkt, kt\u00f3ry jest bezpieczny, skuteczny i niezawodny.<\/p>\n<h4><strong>Dawkowanie i spos\u00f3b podawania<\/strong><\/h4>\n<p>Tabletki Nembutal Pentobarbital Sodium nale\u017cy stosowa\u0107 \u015bci\u015ble wed\u0142ug instrukcji dostarczonych przez pracownika s\u0142u\u017cby zdrowia. Dawkowanie i spos\u00f3b podawania mog\u0105 si\u0119 r\u00f3\u017cni\u0107 w zale\u017cno\u015bci od konkretnego stanu zdrowia i indywidualnych potrzeb pacjenta. Przestrzeganie zaleconego dawkowania ma kluczowe znaczenie dla zapewnienia bezpiecze\u0144stwa i skuteczno\u015bci.<\/p>\n<p><strong>Przygotowanie i przechowywanie<\/strong>:<\/p>\n<ul>\n<li><strong>Przygotowanie<\/strong>: Tabletki Nembutal 100 mg przyjmuje si\u0119 doustnie, z jedzeniem lub bez, zgodnie z zaleceniami lekarza.<\/li>\n<li><strong>Magazynowanie<\/strong>: Tabletki Nembutal nale\u017cy przechowywa\u0107 w ch\u0142odnym, suchym miejscu, z dala od bezpo\u015bredniego \u015bwiat\u0142a s\u0142onecznego i wilgoci. Przechowywa\u0107 w miejscu niedost\u0119pnym dla dzieci i zwierz\u0105t domowych.<\/li>\n<\/ul>\n<h4><strong>Skutki uboczne i \u015brodki ostro\u017cno\u015bci<\/strong><\/h4>\n<p>Jak ka\u017cdy lek, tabletki Nembutal mog\u0105 powodowa\u0107 dzia\u0142ania niepo\u017c\u0105dane. Cz\u0119ste dzia\u0142ania niepo\u017c\u0105dane obejmuj\u0105 senno\u015b\u0107, zawroty g\u0142owy, nudno\u015bci i b\u00f3l g\u0142owy. W rzadkich przypadkach mog\u0105 wyst\u0105pi\u0107 powa\u017cniejsze dzia\u0142ania niepo\u017c\u0105dane, takie jak depresja oddechowa, niedoci\u015bnienie lub reakcje alergiczne. W przypadku wyst\u0105pienia jakichkolwiek powa\u017cnych dzia\u0142a\u0144 niepo\u017c\u0105danych nale\u017cy natychmiast skontaktowa\u0107 si\u0119 z lekarzem.<\/p>\n<p><strong>\u015arodki ostro\u017cno\u015bci<\/strong>:<\/p>\n<ul>\n<li><strong>Historia medyczna<\/strong>: Poinformuj swojego lekarza o ca\u0142ej historii chor\u00f3b, zw\u0142aszcza je\u015bli w przesz\u0142o\u015bci wyst\u0119powa\u0142y u Ciebie choroby w\u0105troby, nerek lub uk\u0142adu oddechowego.<\/li>\n<li><strong>Interakcje z innymi lekami<\/strong>: Nembutal mo\u017ce wchodzi\u0107 w interakcje z innymi lekami, w tym \u015brodkami uspokajaj\u0105cymi, opioidami i alkoholem. Nale\u017cy poinformowa\u0107 lekarza o wszystkich przyjmowanych lekach.<\/li>\n<li><strong>Ci\u0105\u017ca i karmienie piersi\u0105<\/strong>: Nembutal nale\u017cy stosowa\u0107 ostro\u017cnie podczas ci\u0105\u017cy i karmienia piersi\u0105. Nale\u017cy skonsultowa\u0107 si\u0119 z lekarzem w celu uzyskania wskaz\u00f3wek.<\/li>\n<\/ul>\n<h4><strong>Dlaczego warto wybra\u0107 bro\u0144 biologiczn\u0105?<\/strong><\/h4>\n<ol>\n<li><strong>Zapewnienie jako\u015bci<\/strong>: Stawiamy na jako\u015b\u0107 i bezpiecze\u0144stwo, zapewniaj\u0105c, \u017ce nasze tabletki Nembutal 100 mg spe\u0142niaj\u0105 najwy\u017csze standardy bran\u017cowe.<\/li>\n<li><strong>Autoryzowani sprzedawcy<\/strong>Bio Weapons jest zaufanym i autoryzowanym sprzedawc\u0105, dostarczaj\u0105cym oryginalne produkty zatwierdzonym osobom posiadaj\u0105cym recepty.<\/li>\n<li><strong>Bezpieczne transakcje<\/strong>Nasza platforma internetowa zapewnia bezpiecze\u0144stwo transakcji, chroni\u0105c Twoje dane osobowe i finansowe.<\/li>\n<li><strong>Obs\u0142uga klienta<\/strong>: Nasz oddany zesp\u00f3\u0142 obs\u0142ugi klienta jest do Pa\u0144stwa dyspozycji, aby odpowiedzie\u0107 na wszelkie pytania i w\u0105tpliwo\u015bci, zapewniaj\u0105c profesjonaln\u0105 i przyjazn\u0105 obs\u0142ug\u0119.<\/li>\n<li><strong>Terminowa dostawa<\/strong>: Rozumiemy znaczenie terminowej dostawy. Nasz skuteczny proces wysy\u0142ki zapewnia szybkie i dyskretne otrzymanie tabletek Nembutal.<\/li>\n<\/ol>\n<p><img decoding=\"async\" class=\"wp-image-463 aligncenter\" src=\"https:\/\/poisonshops.com\/wp-content\/uploads\/2025\/11\/tttt-1-204x300.png\" alt=\"Sklep z truciznami\" width=\"75\" height=\"110\" srcset=\"https:\/\/poisonshops.com\/wp-content\/uploads\/2025\/11\/tttt-1-204x300.png 204w, https:\/\/poisonshops.com\/wp-content\/uploads\/2025\/11\/tttt-1.png 218w\" sizes=\"(max-width: 75px) 100vw, 75px\" \/><\/p>\n<h4><strong>Wnioski<\/strong><\/h4>\n<p>Bio Weapons to zaufane \u017ar\u00f3d\u0142o wysokiej jako\u015bci tabletek Nembutal Pentobarbital Sodium 100 mg. Naszym celem jest dostarczanie bezpiecznych, skutecznych i niezawodnych produkt\u00f3w zatwierdzonym osobom posiadaj\u0105cym wa\u017cne recepty. Nasza koncentracja na jako\u015bci, zadowoleniu klienta i bezpiecznych transakcjach wyr\u00f3\u017cnia nas w bran\u017cy. Kupuj z zaufaniem w Bio Weapons i do\u015bwiadcz r\u00f3\u017cnicy w jako\u015bci i obs\u0142udze.<\/p>\n<p><strong>Zam\u00f3w tabletki Nembutal Pentobarbital Sodium 100mg ju\u017c dzi\u015b<\/strong> i do\u0142\u0105cz do grona naszych zadowolonych klient\u00f3w, kt\u00f3rzy ufaj\u0105 Bio Weapons w kwestiach zwi\u0105zanych z potrzebami medycznymi. Twoje zdrowie i bezpiecze\u0144stwo s\u0105 dla nas priorytetem.<\/p>\n<p>&nbsp;<\/p>\n<h4><img decoding=\"async\" class=\"wp-image-502 aligncenter\" src=\"https:\/\/poisonshops.com\/wp-content\/uploads\/2025\/11\/Bio-Weapons-240x300.png\" alt=\"Bro\u0144 biologiczna\" width=\"84\" height=\"105\" srcset=\"https:\/\/poisonshops.com\/wp-content\/uploads\/2025\/11\/Bio-Weapons-240x300.png 240w, https:\/\/poisonshops.com\/wp-content\/uploads\/2025\/11\/Bio-Weapons.png 265w\" sizes=\"(max-width: 84px) 100vw, 84px\" \/><\/h4>\n<ol>\n<li>Kup online tabletki Nembutal Pentobarbital Sodium 100 mg<\/li>\n<li>Wysokiej jako\u015bci tabletki Nembutal 100 mg do u\u017cytku medycznego<\/li>\n<li>Bezpieczny i legalny zakup tabletek Nembutal 100 mg<\/li>\n<li>Zaufane \u017ar\u00f3d\u0142o tabletek Nembutal Pentobarbital 100 mg<\/li>\n<li>Bezpieczne zamawianie tabletek Nembutal Pentobarbital Sodium 100mg<\/li>\n<li>Szybka dostawa tabletek Nembutal 100 mg na ca\u0142ym \u015bwiecie<\/li>\n<li>Niezawodny dostawca tabletek Nembutal Pentobarbital Sodium 100mg<\/li>\n<li>Autentyczne tabletki Nembutal Pentobarbital 100 mg na sprzeda\u017c<\/li>\n<li>Kup tabletki Nembutal 100 mg od autoryzowanych sprzedawc\u00f3w<\/li>\n<li>Najlepsze miejsce do zakupu tabletek Nembutal Pentobarbital Sodium 100mg<\/li>\n<\/ol>\n<h4><\/h4>\n<p>Nembutal Pentobarbital Sodium 100mg tabletki, Kup Nembutal 100mg tabletki, Zakup Nembutal Pentobarbital Sodium tabletki, Nembutal 100mg tabletki na sprzeda\u017c, Wysokiej jako\u015bci Nembutal 100mg tabletki, Bezpieczny zakup Nembutal Pentobarbital Sodium 100mg, Tabletki Nembutal do u\u017cytku medycznego, Wiarygodne \u017ar\u00f3d\u0142o tabletek Nembutal 100mg, Kup tabletki Nembutal legalnie, Tabletki Nembutal 100mg na recept\u0119, Tabletki Nembutal do eutanazji, Zam\u00f3w tabletki Nembutal Pentobarbital Sodium 100mg,<\/p>\n<p>Tabletki Nembutal na uspokojenie, Oryginalne tabletki Nembutal Pentobarbital 100mg, Dostawa tabletek Nembutal, Zaufany sprzedawca tabletek Nembutal, Kup bezpiecznie tabletki Nembutal 100mg, Autentyczne tabletki Nembutal 100mg, Dostawca tabletek Nembutal, Tabletki Nembutal w USA, Dost\u0119pno\u015b\u0107 tabletek Nembutal 100mg, Szybka dostawa tabletek Nembutal, Jako\u015b\u0107 Nembutal Pentobarbital 100mg pigu\u0142ki, Nembutal pigu\u0142ki apteka, Nembutal pigu\u0142ki do znieczulenia, Kup Nembutal pigu\u0142ki online, Bezpieczny zakup Nembutal pigu\u0142ki, Nembutal Pentobarbital 100mg pigu\u0142ki dla profesjonalist\u00f3w, Niezawodne \u017ar\u00f3d\u0142o Nembutal 100mg pigu\u0142ki, Nembutal pigu\u0142ki na ca\u0142ym \u015bwiecie wysy\u0142ka<\/p>\n<p><img decoding=\"async\" class=\"wp-image-176 aligncenter\" src=\"https:\/\/poisonshops.com\/wp-content\/uploads\/2025\/11\/poison_shop_logo-300x171.png\" alt=\"Sklepy z truciznami\" width=\"123\" height=\"70\" srcset=\"https:\/\/poisonshops.com\/wp-content\/uploads\/2025\/11\/poison_shop_logo-300x171.png 300w, https:\/\/poisonshops.com\/wp-content\/uploads\/2025\/11\/poison_shop_logo.png 563w\" sizes=\"(max-width: 123px) 100vw, 123px\" \/><\/p>","protected":false},"excerpt":{"rendered":"<p>Buy Nembutal Pentobarbital Pills 100mg Nembutal Pentobarbital Sodium Pills, 100mg Product Description Welcome to Bio Weapons , the leading provider of high-quality Nembutal Pentobarbital Sodium pills. We offer 100mg Nembutal pills exclusively to approved individuals with valid prescriptions. Our unwavering commitment to quality, safety, and customer satisfaction distinguishes us in the industry. Buy Nembutal Pentobarbital [&hellip;]<\/p>\n","protected":false},"featured_media":225,"comment_status":"open","ping_status":"closed","template":"","meta":[],"product_brand":[],"product_cat":[18],"product_tag":[],"class_list":{"0":"post-96","1":"product","2":"type-product","3":"status-publish","4":"has-post-thumbnail","6":"product_cat-buy-nembutal-pentobarbital","8":"first","9":"instock","10":"featured","11":"shipping-taxable","12":"purchasable","13":"product-type-variable"},"_links":{"self":[{"href":"https:\/\/poisonshops.com\/pl\/wp-json\/wp\/v2\/product\/96","targetHints":{"allow":["GET"]}}],"collection":[{"href":"https:\/\/poisonshops.com\/pl\/wp-json\/wp\/v2\/product"}],"about":[{"href":"https:\/\/poisonshops.com\/pl\/wp-json\/wp\/v2\/types\/product"}],"replies":[{"embeddable":true,"href":"https:\/\/poisonshops.com\/pl\/wp-json\/wp\/v2\/comments?post=96"}],"wp:featuredmedia":[{"embeddable":true,"href":"https:\/\/poisonshops.com\/pl\/wp-json\/wp\/v2\/media\/225"}],"wp:attachment":[{"href":"https:\/\/poisonshops.com\/pl\/wp-json\/wp\/v2\/media?parent=96"}],"wp:term":[{"taxonomy":"product_brand","embeddable":true,"href":"https:\/\/poisonshops.com\/pl\/wp-json\/wp\/v2\/product_brand?post=96"},{"taxonomy":"product_cat","embeddable":true,"href":"https:\/\/poisonshops.com\/pl\/wp-json\/wp\/v2\/product_cat?post=96"},{"taxonomy":"product_tag","embeddable":true,"href":"https:\/\/poisonshops.com\/pl\/wp-json\/wp\/v2\/product_tag?post=96"}],"curies":[{"name":"wp","href":"https:\/\/api.w.org\/{rel}","templated":true}]}}