{"id":98,"date":"2017-12-20T14:16:06","date_gmt":"2017-12-20T14:16:06","guid":{"rendered":"https:\/\/wordpress.gradientthemes.com\/brand-shop\/product\/faint-washed-denim-blue-jeans\/"},"modified":"2025-12-05T12:55:48","modified_gmt":"2025-12-05T12:55:48","slug":"proszek-nembutalowy","status":"publish","type":"product","link":"https:\/\/poisonshops.com\/pl\/produkt\/proszek-nembutalowy\/","title":{"rendered":"Proszek Nembutal"},"content":{"rendered":"<h3>Opis produktu Nembutal w proszku<\/h3>\n<p>Witamy w Bio Weapons, najlepszym \u017ar\u00f3dle wysokiej jako\u015bci proszku Nembutal. Jeste\u015bmy dumni z tego, \u017ce oferujemy najlepszy proszek Nembutal (pentobarbital) zatwierdzonym osobom posiadaj\u0105cym wa\u017cne recepty. Nasze zaanga\u017cowanie w jako\u015b\u0107, bezpiecze\u0144stwo i satysfakcj\u0119 klient\u00f3w wyr\u00f3\u017cnia nas w bran\u017cy.<\/p>\n<h4><strong>Czym jest proszek Nembutal?<\/strong><\/h4>\n<p>Nembutal, znany r\u00f3wnie\u017c jako pentobarbital, jest lekiem barbituranowym stosowanym g\u0142\u00f3wnie jako \u015brodek uspokajaj\u0105cy, znieczulaj\u0105cy i przeciwdrgawkowy. W postaci proszku ma wszechstronne zastosowanie, szczeg\u00f3lnie w medycynie i weterynarii. Proszek Nembutal jest znany ze swojej skuteczno\u015bci i szybkiego dzia\u0142ania, co czyni go niezawodnym wyborem dla pracownik\u00f3w s\u0142u\u017cby zdrowia.<\/p>\n<h4><strong>Zastosowania proszku Nembutal<\/strong><\/h4>\n<p>Proszek Nembutal jest wykorzystywany w r\u00f3\u017cnych zastosowaniach medycznych, w tym:<\/p>\n<ol>\n<li><strong>Sedacja<\/strong>: Nembutal jest powszechnie stosowany w celu wywo\u0142ania sedacji u pacjent\u00f3w poddawanych zabiegom medycznym. Jego szybkie dzia\u0142anie zapewnia pacjentom szybkie odpr\u0119\u017cenie i komfort.<\/li>\n<li><strong>Znieczulenie<\/strong>W warunkach chirurgicznych proszek Nembutal jest stosowany jako \u015brodek znieczulaj\u0105cy. Jego zdolno\u015b\u0107 do szybkiego wywo\u0142ywania g\u0142\u0119bokiego stanu snu sprawia, \u017ce idealnie nadaje si\u0119 do sedacji przedoperacyjnej.<\/li>\n<li><strong>Kontrola napad\u00f3w<\/strong>: Nembutal jest skuteczny w kontrolowaniu napad\u00f3w padaczkowych, zw\u0142aszcza w sytuacjach nag\u0142ych. Dzia\u0142a poprzez hamowanie o\u015brodkowego uk\u0142adu nerwowego, zmniejszaj\u0105c ryzyko wyst\u0105pienia napad\u00f3w.<\/li>\n<li><strong>Eutanazja<\/strong>W weterynarii proszek Nembutal jest stosowany do humanitarnej eutanazji zwierz\u0105t. Jego szybko dzia\u0142aj\u0105ce w\u0142a\u015bciwo\u015bci zapewniaj\u0105 spokojne i bezbolesne odej\u015bcie.<\/li>\n<\/ol>\n<h4><strong>Jako\u015b\u0107 i czysto\u015b\u0107<\/strong><\/h4>\n<p>W Bio Weapons rozumiemy znaczenie czysto\u015bci i jako\u015bci produkt\u00f3w farmaceutycznych. Nasz proszek Nembutal pochodzi od renomowanych producent\u00f3w i przechodzi rygorystyczne procesy kontroli jako\u015bci. Ka\u017cda partia jest testowana pod k\u0105tem czysto\u015bci, co gwarantuje, \u017ce spe\u0142nia najwy\u017csze standardy bran\u017cowe. Kupuj\u0105c proszek Nembutal w naszej firmie, mo\u017cesz mie\u0107 pewno\u015b\u0107, \u017ce otrzymujesz produkt bezpieczny, skuteczny i niezawodny.<\/p>\n<h4><strong>Dawkowanie i spos\u00f3b podawania<\/strong><\/h4>\n<p>Proszek Nembutal nale\u017cy stosowa\u0107 \u015bci\u015ble zgodnie z instrukcjami przekazanymi przez pracownika s\u0142u\u017cby zdrowia. Dawkowanie i spos\u00f3b podawania mog\u0105 si\u0119 r\u00f3\u017cni\u0107 w zale\u017cno\u015bci od konkretnego schorzenia i indywidualnych potrzeb pacjenta. Aby zapewni\u0107 bezpiecze\u0144stwo i skuteczno\u015b\u0107, nale\u017cy bezwzgl\u0119dnie przestrzega\u0107 zalecanego dawkowania.<\/p>\n<p><strong>Przygotowanie i przechowywanie<\/strong>:<\/p>\n<ul>\n<li><strong>Przygotowanie<\/strong>: Proszek Nembutal mo\u017cna przywr\u00f3ci\u0107 do postaci p\u0142ynnej poprzez zmieszanie z odpowiednim rozpuszczalnikiem. Aby zapewni\u0107 dok\u0142adne dawkowanie, nale\u017cy bezwzgl\u0119dnie przestrzega\u0107 odpowiednich wytycznych dotycz\u0105cych przygotowania.<\/li>\n<li><strong>Magazynowanie<\/strong>Proszek Nembutal nale\u017cy przechowywa\u0107 w ch\u0142odnym, suchym miejscu, z dala od bezpo\u015bredniego \u015bwiat\u0142a s\u0142onecznego i wilgoci. Nale\u017cy przechowywa\u0107 go w miejscu niedost\u0119pnym dla dzieci i zwierz\u0105t domowych.<\/li>\n<\/ul>\n<h4><strong>Skutki uboczne i \u015brodki ostro\u017cno\u015bci<\/strong><\/h4>\n<p>Podobnie jak wszystkie leki, proszek Nembutal mo\u017ce powodowa\u0107 dzia\u0142ania niepo\u017c\u0105dane. Typowe dzia\u0142ania niepo\u017c\u0105dane obejmuj\u0105 senno\u015b\u0107, zawroty g\u0142owy, nudno\u015bci i b\u00f3le g\u0142owy. W rzadkich przypadkach mog\u0105 wyst\u0105pi\u0107 powa\u017cniejsze dzia\u0142ania niepo\u017c\u0105dane, takie jak depresja oddechowa, niedoci\u015bnienie lub reakcje alergiczne. W przypadku wyst\u0105pienia powa\u017cnych dzia\u0142a\u0144 niepo\u017c\u0105danych nale\u017cy niezw\u0142ocznie zg\u0142osi\u0107 si\u0119 do lekarza.<\/p>\n<p><img decoding=\"async\" class=\"wp-image-463 aligncenter\" src=\"https:\/\/poisonshops.com\/wp-content\/uploads\/2025\/11\/tttt-1-204x300.png\" alt=\"Sklep z truciznami\" width=\"50\" height=\"74\" srcset=\"https:\/\/poisonshops.com\/wp-content\/uploads\/2025\/11\/tttt-1-204x300.png 204w, https:\/\/poisonshops.com\/wp-content\/uploads\/2025\/11\/tttt-1.png 218w\" sizes=\"(max-width: 50px) 100vw, 50px\" \/><\/p>\n<p><strong>\u015arodki ostro\u017cno\u015bci<\/strong>:<\/p>\n<ul>\n<li><strong>Historia medyczna<\/strong>: Poinformuj swojego lekarza o ca\u0142ej historii chor\u00f3b, zw\u0142aszcza je\u015bli w przesz\u0142o\u015bci wyst\u0119powa\u0142y u Ciebie choroby w\u0105troby, nerek lub uk\u0142adu oddechowego.<\/li>\n<li><strong>Interakcje z innymi lekami<\/strong>: Nembutal mo\u017ce wchodzi\u0107 w interakcje z innymi lekami, w tym \u015brodkami uspokajaj\u0105cymi, opioidami i alkoholem. Nale\u017cy poinformowa\u0107 lekarza o wszystkich przyjmowanych lekach.<\/li>\n<li><strong>Ci\u0105\u017ca i karmienie piersi\u0105<\/strong>: Nembutal nale\u017cy stosowa\u0107 ostro\u017cnie podczas ci\u0105\u017cy i karmienia piersi\u0105. Nale\u017cy skonsultowa\u0107 si\u0119 z lekarzem w celu uzyskania wskaz\u00f3wek.<\/li>\n<\/ul>\n<h4><strong>Dlaczego warto wybra\u0107 bro\u0144 biologiczn\u0105?<\/strong><\/h4>\n<ol>\n<li><strong>Zapewnienie jako\u015bci<\/strong>: Priorytetowo traktujemy jako\u015b\u0107 i bezpiecze\u0144stwo, dbaj\u0105c o to, aby nasz proszek Nembutal spe\u0142nia\u0142 najwy\u017csze standardy bran\u017cowe.<\/li>\n<li><strong>Autoryzowani sprzedawcy<\/strong>Bio Weapons jest zaufanym i autoryzowanym sprzedawc\u0105, dostarczaj\u0105cym oryginalne produkty zatwierdzonym osobom posiadaj\u0105cym recepty.<\/li>\n<li><strong>Bezpieczne transakcje<\/strong>Nasza platforma internetowa zapewnia bezpiecze\u0144stwo transakcji, chroni\u0105c Twoje dane osobowe i finansowe.<\/li>\n<li><strong>Obs\u0142uga klienta<\/strong>: Nasz oddany zesp\u00f3\u0142 obs\u0142ugi klienta jest do Pa\u0144stwa dyspozycji, aby odpowiedzie\u0107 na wszelkie pytania i w\u0105tpliwo\u015bci, zapewniaj\u0105c profesjonaln\u0105 i przyjazn\u0105 obs\u0142ug\u0119.<\/li>\n<li><strong>Terminowa dostawa<\/strong>Rozumiemy, jak wa\u017cna jest terminowa dostawa. Nasz sprawny proces wysy\u0142ki gwarantuje, \u017ce otrzymasz proszek Nembutal szybko i dyskretnie.<\/li>\n<\/ol>\n<h4><strong>Wnioski<\/strong><\/h4>\n<p>Bio Weapons to sprawdzone \u017ar\u00f3d\u0142o wysokiej jako\u015bci proszku Nembutal. Naszym celem jest dostarczanie bezpiecznych, skutecznych i niezawodnych produkt\u00f3w osobom posiadaj\u0105cym wa\u017cne recepty. Skupiamy si\u0119 na jako\u015bci, zadowoleniu klient\u00f3w i bezpiecze\u0144stwie transakcji, co wyr\u00f3\u017cnia nas na tle konkurencji. Kupuj bez obaw w Bio Weapons i przekonaj si\u0119 o r\u00f3\u017cnicy w jako\u015bci i obs\u0142udze.<\/p>\n<p><strong>Zam\u00f3w proszek Nembutal ju\u017c dzi\u015b<\/strong> i do\u0142\u0105cz do grona naszych zadowolonych klient\u00f3w, kt\u00f3rzy ufaj\u0105 Bio Weapons w kwestiach zwi\u0105zanych z potrzebami medycznymi. Twoje zdrowie i bezpiecze\u0144stwo s\u0105 dla nas priorytetem. <span class=\"EKtkFWMYpwzMKOYr0GYm LQVY1Jpkk8nyJ6HBWKAk\">Gdzie mo\u017cna bezpiecznie kupi\u0107 Nembutal przez Internet?<\/span>.<\/p>\n<p>#BuyNembutal, #NembutalPowder, #PentobarbitalPowder, #BuyNembutalOnline, #NembutalForSale, #NembutalGermany, #NembutalFrance, #NembutalPoland, #NembutalNetherlands, #NembutalPrescription, #NembutalEuthanasia, # Zam\u00f3w Nembutal, # Nembutal do u\u017cytku medycznego, # Bezpieczny Nembutal, # Autentyczny Nembutal, # Wysokiej jako\u015bci Nembutal, # Legalny Nembutal, # Nembutal do sedacji, #NembutalZnieczulenie, #NembutalDostawca, #NembutalZaufany, #NembutalDostawa, #BuyNembutalBezpiecznie, #NembutalUSA, #NembutalPharmacy, #ReliableNembutal, #GenuineNembutal, #ApprovedNembutal, #QualityNembutal, #NembutalAvailability<\/p>\n<p><img decoding=\"async\" class=\"wp-image-502 aligncenter\" src=\"https:\/\/poisonshops.com\/wp-content\/uploads\/2025\/11\/Bio-Weapons-240x300.png\" alt=\"Bro\u0144 biologiczna\" width=\"80\" height=\"100\" srcset=\"https:\/\/poisonshops.com\/wp-content\/uploads\/2025\/11\/Bio-Weapons-240x300.png 240w, https:\/\/poisonshops.com\/wp-content\/uploads\/2025\/11\/Bio-Weapons.png 265w\" sizes=\"(max-width: 80px) 100vw, 80px\" \/><\/p>\n<h2>Proszek Nembutal na sprzeda\u017c<\/h2>\n<h3 id=\"h-what-is-nembutal\" class=\"wp-block-heading has-text-color has-link-color wp-elements-c7a9867694f4b28eab870bc05ee2f5c7\"><strong>Czym jest Nembutal?<\/strong><\/h3>\n<p class=\"has-black-color has-text-color has-link-color wp-elements-a52f8ded0e6e5833fca35ff12a1e2cbd\">Nembutal, znany r\u00f3wnie\u017c jako <strong>pentobarbital sodowy<\/strong>, jest <a href=\"https:\/\/www.google.com\/url?sa=t&amp;source=web&amp;rct=j&amp;opi=89978449&amp;url=https:\/\/www.dea.gov\/sites\/default\/files\/2020-06\/Barbiturates-2020_0.pdf&amp;ved=2ahUKEwi2hfvui92KAxVL97sIHQruAmkQFnoECBkQAw&amp;usg=AOvVaw00RmUaQbtHgF1kcuZwLpOn\" target=\"_blank\" rel=\"noopener\">barbituran<\/a> kt\u00f3ry dzia\u0142a jako \u015brodek hamuj\u0105cy o\u015brodkowy uk\u0142ad nerwowy. Jest powszechnie stosowany w celu:<\/p>\n<ul class=\"wp-block-list\">\n<li class=\"has-black-color has-text-color has-link-color wp-elements-d3520ca6f1e17665b515e2849f1f7d4d\"><strong>Cele medyczne<\/strong>: Leczenie ci\u0119\u017ckiej bezsenno\u015bci lub wywo\u0142ywanie znieczulenia przed operacj\u0105.<\/li>\n<li class=\"has-black-color has-text-color has-link-color wp-elements-c834f37fd6e09ee6c1ed13efef61581a\"><strong>Eutanazja<\/strong>: Humanitarna i spokojna eutanazja zar\u00f3wno dla ludzi, jak i zwierz\u0105t.<\/li>\n<li class=\"has-black-color has-text-color has-link-color wp-elements-e4b8282324965a0b03255e972cb2430e\"><strong>Zastosowania badawcze<\/strong>: Wspieranie r\u00f3\u017cnych bada\u0144 w \u015brodowisku naukowym.<\/li>\n<\/ul>\n<h3 id=\"h-where-to-purchase-nembutal-online\" class=\"wp-block-heading has-text-color has-link-color wp-elements-de3f8183d929965b906b1bf9f564e611\"><strong>Gdzie kupi\u0107 Nembutal online?<\/strong><\/h3>\n<p class=\"has-black-color has-text-color has-link-color wp-elements-4f99a5d4a9e6a920664eec6ec9ae9b08\">Szukaj\u0105c miejsca, gdzie mo\u017cna kupi\u0107 Nembutal, nale\u017cy przede wszystkim zwr\u00f3ci\u0107 uwag\u0119 na bezpiecze\u0144stwo i autentyczno\u015b\u0107 produktu. Oto przewodnik krok po kroku:<\/p>\n<h4 class=\"wp-block-heading has-text-color has-link-color wp-elements-765a871ed94148e8878acc5f29185bf5\"><strong>1. Poszukaj sprawdzonych dostawc\u00f3w<\/strong><\/h4>\n<p class=\"has-black-color has-text-color has-link-color wp-elements-d3fe54f35a4dd2dcf235b160d9a74c51\">Wybieraj dostawc\u00f3w, kt\u00f3rzy maj\u0105 udokumentowane do\u015bwiadczenie w dostarczaniu oryginalnego Nembutalu. <strong>Nembutal Mann<\/strong> jest wiod\u0105cym dostawc\u0105 znanym z jako\u015bci i dyskrecji.<\/p>\n<h4 class=\"wp-block-heading has-text-color has-link-color wp-elements-772c7e19a158a234d9d65c895a686b53\"><strong>2. Zweryfikuj po\u015bwiadczenia<\/strong><\/h4>\n<p class=\"has-black-color has-text-color has-link-color wp-elements-704b9f36f10e2cdec6e4994a7349c9bd\">Upewnij si\u0119, \u017ce dostawca przestrzega norm regulacyjnych i dostarcza odpowiedni\u0105 dokumentacj\u0119, tak\u0105 jak certyfikaty produkt\u00f3w i raporty laboratoryjne.<\/p>\n<h4 class=\"wp-block-heading has-text-color has-link-color wp-elements-673d025fdf1f08de067fbbff47ba8996\"><strong>3. Priorytetowe traktowanie poufno\u015bci<\/strong><\/h4>\n<p class=\"has-black-color has-text-color has-link-color wp-elements-8359270a4ece85697b7c956cb427a8e5\">Ze wzgl\u0119du na delikatny charakter zakup\u00f3w Nembutalu, wybierz dostawc\u0119, kt\u00f3ry oferuje dyskretne opakowanie i bezpieczne opcje p\u0142atno\u015bci, aby chroni\u0107 swoj\u0105 prywatno\u015b\u0107.<\/p>\n<h4>Gdzie mo\u017cna bezpiecznie kupi\u0107 Nembutal przez Internet?<\/h4>\n<p><img decoding=\"async\" class=\"wp-image-176 aligncenter\" src=\"https:\/\/poisonshops.com\/wp-content\/uploads\/2025\/11\/poison_shop_logo-300x171.png\" alt=\"Sklepy z truciznami\" width=\"132\" height=\"75\" srcset=\"https:\/\/poisonshops.com\/wp-content\/uploads\/2025\/11\/poison_shop_logo-300x171.png 300w, https:\/\/poisonshops.com\/wp-content\/uploads\/2025\/11\/poison_shop_logo.png 563w\" sizes=\"(max-width: 132px) 100vw, 132px\" \/><\/p>","protected":false},"excerpt":{"rendered":"<p>Nembutal Powder Product Description Welcome to Bio Weapons , your premier source for high-quality Nembutal powder. We take pride in offering the finest Nembutal (pentobarbital) powder to approved individuals with valid prescriptions. Our commitment to quality, safety, and customer satisfaction sets us apart in the industry. What is Nembutal Powder? Nembutal, also known as pentobarbital, [&hellip;]<\/p>\n","protected":false},"featured_media":247,"comment_status":"open","ping_status":"closed","template":"","meta":[],"product_brand":[],"product_cat":[18],"product_tag":[],"class_list":{"0":"post-98","1":"product","2":"type-product","3":"status-publish","4":"has-post-thumbnail","6":"product_cat-buy-nembutal-pentobarbital","8":"first","9":"instock","10":"shipping-taxable","11":"purchasable","12":"product-type-variable"},"_links":{"self":[{"href":"https:\/\/poisonshops.com\/pl\/wp-json\/wp\/v2\/product\/98","targetHints":{"allow":["GET"]}}],"collection":[{"href":"https:\/\/poisonshops.com\/pl\/wp-json\/wp\/v2\/product"}],"about":[{"href":"https:\/\/poisonshops.com\/pl\/wp-json\/wp\/v2\/types\/product"}],"replies":[{"embeddable":true,"href":"https:\/\/poisonshops.com\/pl\/wp-json\/wp\/v2\/comments?post=98"}],"wp:featuredmedia":[{"embeddable":true,"href":"https:\/\/poisonshops.com\/pl\/wp-json\/wp\/v2\/media\/247"}],"wp:attachment":[{"href":"https:\/\/poisonshops.com\/pl\/wp-json\/wp\/v2\/media?parent=98"}],"wp:term":[{"taxonomy":"product_brand","embeddable":true,"href":"https:\/\/poisonshops.com\/pl\/wp-json\/wp\/v2\/product_brand?post=98"},{"taxonomy":"product_cat","embeddable":true,"href":"https:\/\/poisonshops.com\/pl\/wp-json\/wp\/v2\/product_cat?post=98"},{"taxonomy":"product_tag","embeddable":true,"href":"https:\/\/poisonshops.com\/pl\/wp-json\/wp\/v2\/product_tag?post=98"}],"curies":[{"name":"wp","href":"https:\/\/api.w.org\/{rel}","templated":true}]}}