{"id":137,"date":"2017-12-17T10:06:43","date_gmt":"2017-12-17T10:06:43","guid":{"rendered":"https:\/\/wordpress.gradientthemes.com\/brand-shop\/about\/"},"modified":"2025-11-29T14:33:52","modified_gmt":"2025-11-29T14:33:52","slug":"lojas-de-veneno","status":"publish","type":"page","link":"https:\/\/poisonshops.com\/pt\/lojas-de-veneno\/","title":{"rendered":"Sobre"},"content":{"rendered":"<div data-elementor-type=\"wp-post\" data-elementor-id=\"137\" class=\"elementor elementor-137\">\n\t\t\t\t<div class=\"elementor-element elementor-element-b4375f3 e-flex e-con-boxed e-con e-parent\" data-id=\"b4375f3\" data-element_type=\"container\" data-e-type=\"container\">\n\t\t\t\t\t<div class=\"e-con-inner\">\n\t\t\t\t<div class=\"elementor-element elementor-element-c2b1470 elementor-widget elementor-widget-text-editor\" data-id=\"c2b1470\" data-element_type=\"widget\" data-e-type=\"widget\" data-widget_type=\"text-editor.default\">\n\t\t\t\t<div class=\"elementor-widget-container\">\n\t\t\t\t\t\t\t\t\t<h2>Lojas de venenos<\/h2><p>Bem-vindo \u00e0 Poison Shops, a sua principal fonte de produtos de alta qualidade, especializada em agentes bioqu\u00edmicos e toxinas de primeira linha e mais t\u00f3xicos do mundo. Operando a partir das nossas instala\u00e7\u00f5es em <strong>Alemanha, Su\u00ed\u00e7a,<\/strong> e<strong> Fran\u00e7a<\/strong>, Estamos empenhados em fornecer aos nossos clientes produtos e servi\u00e7os de primeira linha. O nosso foco na seguran\u00e7a e na satisfa\u00e7\u00e3o do cliente nos diferencia no setor. Loja de armas biol\u00f3gicas.<\/p><p>Em <a href=\"https:\/\/poisonshops.com\/pt\/\">Lojas de venenos<\/a>, garantimos o cumprimento rigoroso das regulamenta\u00e7\u00f5es internacionais, priorizando a responsabilidade<strong>embalagem, manuseamento, envio, <\/strong>e <strong>distribui\u00e7\u00e3o<\/strong> de materiais perigosos. A nossa equipa \u00e9 bem treinada e equipada com tecnologia avan\u00e7ada <strong>equipamento de prote\u00e7\u00e3o individual (EPI),<\/strong> e todas as remessas incluem cobertura abrangente <strong>Fichas de dados de seguran\u00e7a (FDS)<\/strong> para sua garantia e seguran\u00e7a. A nossa gama inclui <strong>Veneno de ars\u00e9nico, aconitina, batrachotoxina, toxina botul\u00ednica, cianeto, dimetilmerc\u00fario, maitotoxina, pol\u00f3nio-210, ricina, sarin, tetrodotoxina, suic\u00eddio com nembutal<a href=\"https:\/\/duckduckgo.com\/\" target=\"_blank\" rel=\"noopener\">,<\/a>e VR Nerve Agent. O melhor lugar para encomendar veneno discretamente.<\/strong><\/p><p><img decoding=\"async\" class=\"wp-image-502 aligncenter\" src=\"https:\/\/poisonshops.com\/wp-content\/uploads\/2025\/11\/Bio-Weapons-240x300.png\" alt=\"Armas biol\u00f3gicas\" width=\"53\" height=\"66\" srcset=\"https:\/\/poisonshops.com\/wp-content\/uploads\/2025\/11\/Bio-Weapons-240x300.png 240w, https:\/\/poisonshops.com\/wp-content\/uploads\/2025\/11\/Bio-Weapons.png 265w\" sizes=\"(max-width: 53px) 100vw, 53px\" \/><\/p><p>Quer pretenda os nossos venenos\/toxinas para fins de investiga\u00e7\u00e3o, eutan\u00e1sia ou se gere um laborat\u00f3rio de investiga\u00e7\u00e3o para lojas de venenos ou pretenda realizar limpeza \u00e9tnica, assassinatos, confie nas lojas de venenos para obter toxinas fi\u00e1veis com solu\u00e7\u00f5es de entrega discretas e transa\u00e7\u00f5es seguras apenas com criptomoedas. Compre produtos qu\u00edmicos para investiga\u00e7\u00e3o online.<\/p><p>Oferecemos v\u00e1rias op\u00e7\u00f5es de envio, incluindo <strong>padr\u00e3o <\/strong>e<strong> servi\u00e7os expressos,<\/strong> com <strong>frete gr\u00e1tis<\/strong> em encomendas superiores a<strong> \u20ac10,000<\/strong>. Para requisitos especializados, fornecemos um <strong>ponto morto <\/strong>servi\u00e7o para <strong>coordenadas GPS espec\u00edficas<\/strong>. As nossas pol\u00edticas refletem a nossa dedica\u00e7\u00e3o a um servi\u00e7o seguro e eficiente, incluindo uma pol\u00edtica clara de reembolsos e devolu\u00e7\u00f5es focada em encomendas n\u00e3o recebidas ou atrasadas.<\/p><p>A Bio Weapons \u00e9 um parceiro de confian\u00e7a na ind\u00fastria bioqu\u00edmica, mantendo os mais elevados padr\u00f5es de integridade, inova\u00e7\u00e3o e especializa\u00e7\u00e3o. Obrigado por escolher a Bio Weapons para as suas necessidades bioqu\u00edmicas especializadas. Compre venenos.<\/p><p><img decoding=\"async\" class=\"wp-image-489 aligncenter\" src=\"https:\/\/poisonshops.com\/wp-content\/uploads\/2025\/11\/Buy-poisons-and-toxins-anonymously-300x200.jpg\" alt=\"Compre venenos e toxinas anonimamente\" width=\"74\" height=\"49\" srcset=\"https:\/\/poisonshops.com\/wp-content\/uploads\/2025\/11\/Buy-poisons-and-toxins-anonymously-300x200.jpg 300w, https:\/\/poisonshops.com\/wp-content\/uploads\/2025\/11\/Buy-poisons-and-toxins-anonymously-446x297.jpg 446w, https:\/\/poisonshops.com\/wp-content\/uploads\/2025\/11\/Buy-poisons-and-toxins-anonymously.jpg 474w\" sizes=\"(max-width: 74px) 100vw, 74px\" \/><\/p><h3>Compre venenos e toxinas anonimamente<\/h3><p>Atualmente, \u00e9 mais comum usar m\u00e9todos mais silenciosos e dissimulados para cometer homic\u00eddios. V\u00e1rios venenos de a\u00e7\u00e3o lenta v\u00eam em socorro. N\u00e3o h\u00e1 mais nada de novo neste mundo, e os venenos tamb\u00e9m eram usados em pa\u00edses civilizados: no antigo Egito, na Europa medieval. Naqueles anos da medicina, n\u00e3o havia per\u00edcia forense, ningu\u00e9m sabia por que a pessoa morria, ent\u00e3o era poss\u00edvel facilmente encomendar qualquer tipo de morte aos qu\u00edmicos da \u00e9poca: lenta e torturante, r\u00e1pida e indolor, durante o sono, ataque card\u00edaco, etc.<\/p><p>Agora, devido aos m\u00e9todos modernos de determinar a causa da morte, tornou-se incrivelmente dif\u00edcil envenenar uma pessoa, especialmente se ela morrer repentinamente, pois as pessoas suspeitar\u00e3o imediatamente de envenenamento. O veneno de rato comprado na loja n\u00e3o servir\u00e1, pois o exame forense encontrar\u00e1 imediatamente os seus res\u00edduos no sangue ou danos nos \u00f3rg\u00e3os durante a aut\u00f3psia.\u00a0<\/p><p>Portanto, o uso de venenos qu\u00edmicos como cianeto, metilmerc\u00fario e ars\u00e9nico \u00e9 inseguro do ponto de vista legal. Eles permanecem no corpo ap\u00f3s a morte e os sinais externos s\u00e3o muito evidentes para os especialistas em exames forenses.<\/p><p>Eu crio venenos org\u00e2nicos cuidadosamente selecionados com efeito de longo prazo e sintetizo um disfarce como soro para alguns deles. Porqu\u00ea inventar algo se a natureza j\u00e1 fez isso por si?<\/p><p>Eu crio venenos org\u00e2nicos cuidadosamente selecionados com efeito de longo prazo e sintetizo um disfarce como soro para alguns deles. Porqu\u00ea inventar algo se a natureza j\u00e1 fez isso por si?<\/p><p>\u00c9 muito f\u00e1cil envenenar pessoas. \u00c9 comum ouvir nas not\u00edcias locais sobre a morte de uma av\u00f3 por envenenamento devido \u00e0 m\u00e1 qualidade da carne comprada no mercado, e a av\u00f3 morava sozinha num apartamento de dois quartos... Compre produtos qu\u00edmicos para pesquisa online.<\/p><p>Que provas posso fornecer de que n\u00e3o sou um estudante que criou o site para enganar as pessoas apenas para ganhar a vida? Em primeiro lugar, compreender\u00e1 imediatamente quando falar comigo, mas tamb\u00e9m vou anexar algumas fotos do meu laborat\u00f3rio:<\/p><h4>Compre produtos qu\u00edmicos para investiga\u00e7\u00e3o online<\/h4><p><img decoding=\"async\" class=\"wp-image-176 aligncenter\" src=\"https:\/\/poisonshops.com\/wp-content\/uploads\/2025\/11\/poison_shop_logo-300x171.png\" alt=\"Lojas de venenos\" width=\"70\" height=\"40\" srcset=\"https:\/\/poisonshops.com\/wp-content\/uploads\/2025\/11\/poison_shop_logo-300x171.png 300w, https:\/\/poisonshops.com\/wp-content\/uploads\/2025\/11\/poison_shop_logo.png 563w\" sizes=\"(max-width: 70px) 100vw, 70px\" \/><\/p>\t\t\t\t\t\t\t\t<\/div>\n\t\t\t\t<\/div>\n\t\t\t\t\t<\/div>\n\t\t\t\t<\/div>\n\t\t\t\t<\/div>","protected":false},"excerpt":{"rendered":"<p>Poison Shops Welcome to Poison Shops \u00a0your premier source for high-quality, specialized in top-tier and world most toxic biochemical agents and toxins. Operating from our facilities in Germany, Switzerland, and France, we are committed to providing our clients with top-tier products and services. Our focus on safety, security, and customer satisfaction sets us apart in [&hellip;]<\/p>\n","protected":false},"author":1,"featured_media":0,"parent":0,"menu_order":0,"comment_status":"closed","ping_status":"closed","template":"elementor_header_footer","meta":{"footnotes":""},"class_list":["post-137","page","type-page","status-publish","hentry"],"_links":{"self":[{"href":"https:\/\/poisonshops.com\/pt\/wp-json\/wp\/v2\/pages\/137","targetHints":{"allow":["GET"]}}],"collection":[{"href":"https:\/\/poisonshops.com\/pt\/wp-json\/wp\/v2\/pages"}],"about":[{"href":"https:\/\/poisonshops.com\/pt\/wp-json\/wp\/v2\/types\/page"}],"author":[{"embeddable":true,"href":"https:\/\/poisonshops.com\/pt\/wp-json\/wp\/v2\/users\/1"}],"replies":[{"embeddable":true,"href":"https:\/\/poisonshops.com\/pt\/wp-json\/wp\/v2\/comments?post=137"}],"version-history":[{"count":34,"href":"https:\/\/poisonshops.com\/pt\/wp-json\/wp\/v2\/pages\/137\/revisions"}],"predecessor-version":[{"id":508,"href":"https:\/\/poisonshops.com\/pt\/wp-json\/wp\/v2\/pages\/137\/revisions\/508"}],"wp:attachment":[{"href":"https:\/\/poisonshops.com\/pt\/wp-json\/wp\/v2\/media?parent=137"}],"curies":[{"name":"wp","href":"https:\/\/api.w.org\/{rel}","templated":true}]}}