{"id":413,"date":"2025-11-20T11:53:41","date_gmt":"2025-11-20T11:53:41","guid":{"rendered":"https:\/\/poisonshops.com\/?page_id=413"},"modified":"2025-12-01T10:34:02","modified_gmt":"2025-12-01T10:34:02","slug":"comprar-antidotos","status":"publish","type":"page","link":"https:\/\/poisonshops.com\/pt\/comprar-antidotos\/","title":{"rendered":"Ant\u00eddotos"},"content":{"rendered":"<div data-elementor-type=\"wp-page\" data-elementor-id=\"413\" class=\"elementor elementor-413\">\n\t\t\t\t<div class=\"elementor-element elementor-element-9807fb7 e-flex e-con-boxed e-con e-parent\" data-id=\"9807fb7\" data-element_type=\"container\" data-e-type=\"container\">\n\t\t\t\t\t<div class=\"e-con-inner\">\n\t\t\t\t<div class=\"elementor-element elementor-element-4c61a81 elementor-widget elementor-widget-text-editor\" data-id=\"4c61a81\" data-element_type=\"widget\" data-e-type=\"widget\" data-widget_type=\"text-editor.default\">\n\t\t\t\t<div class=\"elementor-widget-container\">\n\t\t\t\t\t\t\t\t\t<h2 class=\"entry-content\">Compre ant\u00eddotos online<\/h2><p>Ao manusear subst\u00e2ncias perigosas, a seguran\u00e7a \u00e9 a nossa principal prioridade. \u00c9 essencial ter \u00e0 m\u00e3o os ant\u00eddotos adequados para cada toxina que fornecemos. Acidentes podem acontecer, seja durante o transporte, manuseio ou em caso de exposi\u00e7\u00e3o acidental. Compre ant\u00eddotos online para envenenamento.<\/p><h3 class=\"LnpumSThxEWMIsDdAT17 CXMyPcQ6nDv47DKFeywM\"><span class=\"EKtkFWMYpwzMKOYr0GYm LQVY1Jpkk8nyJ6HBWKAk\">Compre ant\u00eddotos online para envenenamento e overdose<\/span><\/h3><p>Para garantir a seguran\u00e7a de todos os envolvidos, exigimos que cada toxina seja enviada com o seu ant\u00eddoto correspondente. Abaixo, encontrar\u00e1 uma lista completa de ant\u00eddotos para as toxinas que oferecemos, juntamente com instru\u00e7\u00f5es detalhadas sobre como administr\u00e1-los e os seus pre\u00e7os. Ant\u00eddotos \u00e0 venda online.<\/p><p><img decoding=\"async\" class=\"wp-image-518 aligncenter\" src=\"https:\/\/poisonshops.com\/wp-content\/uploads\/2025\/12\/Buy-Antidotes-Online-for-Poisoning-300x300.jpg\" alt=\"Compre ant\u00eddotos online para envenenamento\" width=\"44\" height=\"44\" srcset=\"https:\/\/poisonshops.com\/wp-content\/uploads\/2025\/12\/Buy-Antidotes-Online-for-Poisoning-300x300.jpg 300w, https:\/\/poisonshops.com\/wp-content\/uploads\/2025\/12\/Buy-Antidotes-Online-for-Poisoning-1024x1024.jpg 1024w, https:\/\/poisonshops.com\/wp-content\/uploads\/2025\/12\/Buy-Antidotes-Online-for-Poisoning-150x150.jpg 150w, https:\/\/poisonshops.com\/wp-content\/uploads\/2025\/12\/Buy-Antidotes-Online-for-Poisoning-768x768.jpg 768w, https:\/\/poisonshops.com\/wp-content\/uploads\/2025\/12\/Buy-Antidotes-Online-for-Poisoning-350x350.jpg 350w, https:\/\/poisonshops.com\/wp-content\/uploads\/2025\/12\/Buy-Antidotes-Online-for-Poisoning-600x600.jpg 600w, https:\/\/poisonshops.com\/wp-content\/uploads\/2025\/12\/Buy-Antidotes-Online-for-Poisoning-100x100.jpg 100w, https:\/\/poisonshops.com\/wp-content\/uploads\/2025\/12\/Buy-Antidotes-Online-for-Poisoning.jpg 1200w\" sizes=\"(max-width: 44px) 100vw, 44px\" \/><\/p><h3>1. <strong>Veneno de ars\u00e9nico<\/strong><\/h3><ul><li><strong>Ant\u00eddoto<\/strong>: Dimercaprol (BAL)<\/li><li><strong>Administra\u00e7\u00e3o<\/strong>: Inje\u00e7\u00e3o intramuscular<\/li><li><strong>Doses necess\u00e1rias<\/strong>: 2,5 mg\/kg a cada 4 horas durante os primeiros dois dias, a cada 6 horas durante os dois dias seguintes e, depois, a cada 12 horas durante um per\u00edodo m\u00e1ximo de 10 dias. Ant\u00eddoto dimercaprol \u00e0 venda.<\/li><li><strong>Como funciona<\/strong>: O dimercaprol quelata o ars\u00e9nico, permitindo que seja excretado pela urina.<\/li><li><strong>Dura\u00e7\u00e3o da elimina\u00e7\u00e3o de toxinas<\/strong>: 7 a 14 dias, dependendo da gravidade do envenenamento.<\/li><li><strong>Pre\u00e7os<\/strong>: $400 por dose. Normalmente, s\u00e3o necess\u00e1rias 20 a 30 doses. Compre ant\u00eddotos para envenenamento por ars\u00e9nico.<\/li><\/ul><h3>2. <strong>Aconitina<\/strong><\/h3><ul><li><strong>Ant\u00eddoto<\/strong>: Cuidados de suporte, incluindo medicamentos antiarr\u00edtmicos (por exemplo, lidoca\u00edna)<\/li><li><strong>Administra\u00e7\u00e3o<\/strong>: Intravenoso para medicamentos antiarr\u00edtmicos. Ant\u00eddoto para envenenamento por aconitina.<\/li><li><strong>Doses necess\u00e1rias<\/strong>: Depende da resposta cl\u00ednica; \u00e9 necess\u00e1rio um acompanhamento cont\u00ednuo.<\/li><li><strong>Como funciona<\/strong>: Os medicamentos antiarr\u00edtmicos estabilizam o ritmo card\u00edaco e neutralizam a toxicidade.<\/li><li><strong>Dura\u00e7\u00e3o da elimina\u00e7\u00e3o de toxinas<\/strong>: Normalmente, 24 a 48 horas com cuidados de suporte cont\u00ednuos.<\/li><li><strong>Pre\u00e7os<\/strong>: $50 por frasco de medicamentos antiarr\u00edtmicos; o n\u00famero de frascos varia.<\/li><\/ul><h3>3. <strong>Batrachotoxina<\/strong><\/h3><ul><li><strong>Ant\u00eddoto<\/strong>: Cuidados de suporte com carv\u00e3o ativado e suporte respirat\u00f3rio<\/li><li><strong>Administra\u00e7\u00e3o<\/strong>: Carv\u00e3o ativado oral e ventila\u00e7\u00e3o mec\u00e2nica, se necess\u00e1rio<\/li><li><strong>Doses necess\u00e1rias<\/strong>: Dose \u00fanica de carv\u00e3o ativado (50-100 gramas)<\/li><li><strong>Como funciona<\/strong>: O carv\u00e3o ativado absorve as toxinas no trato gastrointestinal; o suporte respirat\u00f3rio previne a insufici\u00eancia respirat\u00f3ria.<\/li><li><strong>Dura\u00e7\u00e3o da elimina\u00e7\u00e3o de toxinas<\/strong>: 24 a 72 horas, dependendo da gravidade.<\/li><li><strong>Pre\u00e7os<\/strong>: $20 por dose de carv\u00e3o ativado.<\/li><\/ul><h3>4. <strong>Toxina botul\u00ednica<\/strong><\/h3><ul><li><strong>Ant\u00eddoto<\/strong>: Antitoxina botul\u00ednica<\/li><li><strong>Administra\u00e7\u00e3o<\/strong>: Infus\u00e3o intravenosa<\/li><li><strong>Doses necess\u00e1rias<\/strong>: Dose \u00fanica de antitoxina<\/li><li><strong>Como funciona<\/strong>: A antitoxina neutraliza as mol\u00e9culas de toxina em circula\u00e7\u00e3o.<\/li><li><strong>Dura\u00e7\u00e3o da elimina\u00e7\u00e3o de toxinas<\/strong>: Vari\u00e1vel, mas os sintomas podem durar v\u00e1rias semanas; a antitoxina impede a progress\u00e3o.<\/li><li><strong>Pre\u00e7os<\/strong>: $3.500 por frasco; normalmente \u00e9 necess\u00e1rio um frasco.<\/li><\/ul><h3>5. <strong>Cianeto (cianeto de pot\u00e1ssio)<\/strong><\/h3><ul><li><strong>Ant\u00eddoto<\/strong>: Hidroxocobalamina (Cyanokit) ou tiossulfato de s\u00f3dio e nitrito de s\u00f3dio<\/li><li><strong>Administra\u00e7\u00e3o<\/strong>: Infus\u00e3o intravenosa<\/li><li><strong>Doses necess\u00e1rias<\/strong>: Dose inicial de 5 g de hidroxocobalamina, pode repetir uma vez; tiossulfato de s\u00f3dio 12,5 g<\/li><li><strong>Como funciona<\/strong>: A hidroxocobalamina liga-se ao cianeto para formar um composto n\u00e3o t\u00f3xico; o tiossulfato de s\u00f3dio ajuda a converter o cianeto em tiocianato, que \u00e9 excretado na urina.<\/li><li><strong>Dura\u00e7\u00e3o da elimina\u00e7\u00e3o de toxinas<\/strong>: De algumas horas a alguns dias, dependendo da gravidade.<\/li><li><strong>Pre\u00e7os<\/strong>: $900 por dose de 5 g de hidroxocobalamina; $150 por dose de tiossulfato de s\u00f3dio.<\/li><\/ul><h3>6. <strong>Dimetilmerc\u00fario<\/strong><\/h3><ul><li><strong>Ant\u00eddoto<\/strong>: Terapia de quela\u00e7\u00e3o com dimercaprol (BAL)<\/li><li><strong>Administra\u00e7\u00e3o<\/strong>: Inje\u00e7\u00e3o intramuscular<\/li><li><strong>Doses necess\u00e1rias<\/strong>: Semelhante ao ars\u00e9nico; 2,5 mg\/kg a cada 4 horas inicialmente<\/li><li><strong>Como funciona<\/strong>: O dimercaprol quelata o merc\u00fario, aumentando a sua excre\u00e7\u00e3o.<\/li><li><strong>Dura\u00e7\u00e3o da elimina\u00e7\u00e3o de toxinas<\/strong>: V\u00e1rias semanas a meses, devido \u00e0 persist\u00eancia do merc\u00fario nos tecidos.<\/li><li><strong>Pre\u00e7os<\/strong>: $400 por dose; o n\u00famero total de doses varia.<\/li><\/ul><h3>7. <strong>Dimetilc\u00e1dmio<\/strong><\/h3><ul><li><strong>Ant\u00eddoto<\/strong>: N\u00e3o h\u00e1 ant\u00eddoto espec\u00edfico; cuidados de suporte com terapia de quela\u00e7\u00e3o (dimercaprol)<\/li><li><strong>Administra\u00e7\u00e3o<\/strong>: Inje\u00e7\u00e3o intramuscular de quelantes<\/li><li><strong>Doses necess\u00e1rias<\/strong>: Varia; semelhante ao ars\u00e9nico e ao dimetilmerc\u00fario.<\/li><li><strong>Como funciona<\/strong>: A terapia de quela\u00e7\u00e3o ajuda a remover o c\u00e1dmio do corpo.<\/li><li><strong>Dura\u00e7\u00e3o da elimina\u00e7\u00e3o de toxinas<\/strong>: V\u00e1rios dias a semanas, dependendo do n\u00edvel de exposi\u00e7\u00e3o.<\/li><li><strong>Pre\u00e7os<\/strong>: $400 por dose; os requisitos de dosagem variam.<\/li><\/ul><h3>8. <strong>Maitotoxina<\/strong><\/h3><ul><li><strong>Ant\u00eddoto<\/strong>: Cuidados de suporte, principalmente suporte respirat\u00f3rio e cardiovascular<\/li><li><strong>Administra\u00e7\u00e3o<\/strong>: Ventila\u00e7\u00e3o mec\u00e2nica e fluidos intravenosos<\/li><li><strong>Doses necess\u00e1rias<\/strong>: Cuidados de suporte cont\u00ednuos at\u00e9 que a toxina seja eliminada.<\/li><li><strong>Como funciona<\/strong>: Apoia as fun\u00e7\u00f5es vitais enquanto o corpo metaboliza e excreta a toxina.<\/li><li><strong>Dura\u00e7\u00e3o da elimina\u00e7\u00e3o de toxinas<\/strong>: De alguns dias a uma semana.<\/li><li><strong>Pre\u00e7os<\/strong>O custo dos cuidados de suporte pode variar bastante; normalmente, $500\/dia em ambiente hospitalar.<\/li><\/ul><h3>9. <strong>Pol\u00f3nio-210<\/strong><\/h3><ul><li><strong>Ant\u00eddoto<\/strong>: Azul da Pr\u00fassia e iodeto de pot\u00e1ssio<\/li><li><strong>Administra\u00e7\u00e3o<\/strong>: Oral<\/li><li><strong>Doses necess\u00e1rias<\/strong>: Doses di\u00e1rias durante semanas ou meses, dependendo do n\u00edvel de contamina\u00e7\u00e3o.<\/li><li><strong>Como funciona<\/strong>: O azul da Pr\u00fassia liga as part\u00edculas radioativas no intestino, reduzindo a absor\u00e7\u00e3o; o iodeto de pot\u00e1ssio protege a tir\u00f3ide.<\/li><li><strong>Dura\u00e7\u00e3o da elimina\u00e7\u00e3o de toxinas<\/strong>: Semanas a meses; requer tratamento prolongado.<\/li><li><strong>Pre\u00e7os<\/strong>: O azul da Pr\u00fassia custa cerca de $200 por dose; o iodeto de pot\u00e1ssio custa cerca de $20 por dose.<\/li><\/ul><h3>10. <strong>Ricina<\/strong><\/h3><ul><li><strong>Ant\u00eddoto<\/strong>: Cuidados de suporte com carv\u00e3o ativado em caso de ingest\u00e3o<\/li><li><strong>Administra\u00e7\u00e3o<\/strong>: Carv\u00e3o ativado oral, fluidos intravenosos<\/li><li><strong>Doses necess\u00e1rias<\/strong>: Dose \u00fanica de carv\u00e3o ativado (50-100 gramas)<\/li><li><strong>Como funciona<\/strong>: O carv\u00e3o ativado liga-se \u00e0 toxina no trato gastrointestinal; os l\u00edquidos mant\u00eam a hidrata\u00e7\u00e3o.<\/li><li><strong>Dura\u00e7\u00e3o da elimina\u00e7\u00e3o de toxinas<\/strong>: 1-2 semanas, dependendo da quantidade ingerida e da resposta aos cuidados de suporte.<\/li><li><strong>Pre\u00e7os<\/strong>: $20 por dose de carv\u00e3o ativado.<\/li><\/ul><h3>11. <strong>Sarin<\/strong><\/h3><ul><li><strong>Ant\u00eddoto<\/strong>: Atropina e pralidoxima (2-PAM)<\/li><li><strong>Administra\u00e7\u00e3o<\/strong>: Inje\u00e7\u00e3o intramuscular ou infus\u00e3o intravenosa<\/li><li><strong>Doses necess\u00e1rias<\/strong>: Atropina 2 mg a cada 5-10 minutos at\u00e9 os sintomas desaparecerem; Pralidoxima 600 mg a cada 15 minutos por 3 doses.<\/li><li><strong>Como funciona<\/strong>: A atropina bloqueia os recetores de acetilcolina, neutralizando a toxina; a pralidoxima reativa a acetilcolinesterase.<\/li><li><strong>Dura\u00e7\u00e3o da elimina\u00e7\u00e3o de toxinas<\/strong>: Horas a dias com tratamento adequado.<\/li><li><strong>Pre\u00e7os<\/strong>: Atropina $30 por dose; Pralidoxima $100 por dose.<\/li><\/ul><h3>12. <strong>Tetrodotoxina<\/strong><\/h3><ul><li><strong>Ant\u00eddoto<\/strong>: Cuidados de suporte com lavagem g\u00e1strica e suporte respirat\u00f3rio<\/li><li><strong>Administra\u00e7\u00e3o<\/strong>: Intuba\u00e7\u00e3o e ventila\u00e7\u00e3o mec\u00e2nica, conforme necess\u00e1rio<\/li><li><strong>Doses necess\u00e1rias<\/strong>: Cuidados de suporte at\u00e9 que a toxina seja eliminada; sem n\u00famero espec\u00edfico de doses.<\/li><li><strong>Como funciona<\/strong>: Apoia as fun\u00e7\u00f5es vitais enquanto o corpo metaboliza e elimina a toxina.<\/li><li><strong>Dura\u00e7\u00e3o da elimina\u00e7\u00e3o de toxinas<\/strong>: 24-48 horas.<\/li><li><strong>Pre\u00e7os<\/strong>Os cuidados de suporte podem variar bastante; normalmente $1.000\/dia numa unidade de cuidados intensivos.<\/li><\/ul><h3>13. <strong>Agente nervoso VR<\/strong><\/h3><ul><li><strong>Ant\u00eddoto<\/strong>: Atropina e pralidoxima (2-PAM)<\/li><li><strong>Administra\u00e7\u00e3o<\/strong>: Semelhante ao Sarin<\/li><li><strong>Doses necess\u00e1rias<\/strong>: Semelhante ao Sarin<\/li><li><strong>Como funciona<\/strong>: Mecanismo semelhante ao ant\u00eddoto contra o sarin.<\/li><li><strong>Dura\u00e7\u00e3o da elimina\u00e7\u00e3o de toxinas<\/strong>: Horas a dias com tratamento.<\/li><li><strong>Pre\u00e7os<\/strong>: Semelhante ao Sarin.<\/li><\/ul><h3>14. <strong>Heliotr\u00f3pio (cont\u00e9m alcal\u00f3ides pirrolizid\u00ednicos)<\/strong><\/h3><ul><li><strong>Ant\u00eddoto<\/strong>: N\u00e3o h\u00e1 ant\u00eddoto espec\u00edfico; cuidados de suporte com foco na fun\u00e7\u00e3o hep\u00e1tica.<\/li><li><strong>Administra\u00e7\u00e3o<\/strong>: Tratamento sintom\u00e1tico e medicamentos de suporte hep\u00e1tico<\/li><li><strong>Doses necess\u00e1rias<\/strong>: Varia; cuidados cont\u00ednuos com base na gravidade dos danos hep\u00e1ticos.<\/li><li><strong>Como funciona<\/strong>: Apoia a fun\u00e7\u00e3o hep\u00e1tica e previne danos adicionais.<\/li><li><strong>Dura\u00e7\u00e3o da elimina\u00e7\u00e3o de toxinas<\/strong>: Semanas a meses, dependendo dos danos no f\u00edgado.<\/li><li><strong>Pre\u00e7os<\/strong>Os custos dos cuidados de apoio variam.<\/li><\/ul><h3>15. <strong>Colchicina<\/strong><\/h3><ul><li><strong>Ant\u00eddoto<\/strong>: N\u00e3o h\u00e1 ant\u00eddoto espec\u00edfico; cuidados de suporte com hidrata\u00e7\u00e3o agressiva.<\/li><li><strong>Administra\u00e7\u00e3o<\/strong>: Fluidos orais ou intravenosos<\/li><li><strong>Doses necess\u00e1rias<\/strong>: Cuidados cont\u00ednuos conforme necess\u00e1rio; sem n\u00famero espec\u00edfico de doses.<\/li><li><strong>Como funciona<\/strong>: Mant\u00e9m a hidrata\u00e7\u00e3o e a fun\u00e7\u00e3o renal para ajudar na elimina\u00e7\u00e3o de toxinas.<\/li><li><strong>Dura\u00e7\u00e3o da elimina\u00e7\u00e3o de toxinas<\/strong>: V\u00e1rios dias a semanas.<\/li><li><strong>Pre\u00e7os<\/strong>: $200\/dia para cuidados de suporte<\/li><\/ul><h3>16. <strong>Cicutoxina (cicuta-aqu\u00e1tica)<\/strong><\/h3><ul><li><strong>Ant\u00eddoto<\/strong>Benzodiazep\u00ednicos (como Diazepam ou Lorazepam) para controlo de convuls\u00f5es<\/li><li><strong>Administra\u00e7\u00e3o<\/strong>: Administra\u00e7\u00e3o intravenosa (IV) de benzodiazepinas<\/li><li><strong>Doses necess\u00e1rias<\/strong>: Dose inicial de Diazepam 5-10 mg ou Lorazepam 4 mg, repetida a cada 5-10 minutos at\u00e9 que as convuls\u00f5es sejam controladas.<\/li><li><strong>Como funciona<\/strong>: As benzodiazepinas aumentam o efeito do GABA, um neurotransmissor que inibe a atividade nervosa, ajudando a controlar as convuls\u00f5es causadas pela cicutoxina.<\/li><li><strong>Dura\u00e7\u00e3o da elimina\u00e7\u00e3o de toxinas<\/strong>: Normalmente, 24 a 48 horas com cuidados de suporte.<\/li><li><strong>Pre\u00e7os<\/strong>: $50 por dose; podem ser necess\u00e1rias v\u00e1rias doses.<\/li><\/ul><h3>17. <strong>Amatoxina (Amanita phalloides)<\/strong><\/h3><ul><li><strong>Ant\u00eddoto<\/strong>: Silibinina (um extrato de cardo mariano) e carv\u00e3o ativado<\/li><li><strong>Administra\u00e7\u00e3o<\/strong>: Administra\u00e7\u00e3o oral ou intravenosa de silibinina; carv\u00e3o ativado oral<\/li><li><strong>Doses necess\u00e1rias<\/strong>: Silibinina 20-50 mg\/kg\/dia durante at\u00e9 7 dias; dose \u00fanica de carv\u00e3o ativado (50-100 gramas).<\/li><li><strong>Como funciona<\/strong>: A silibinina inibe a absor\u00e7\u00e3o de toxinas nas c\u00e9lulas hep\u00e1ticas e promove a regenera\u00e7\u00e3o do f\u00edgado; o carv\u00e3o ativado liga-se \u00e0s toxinas no trato gastrointestinal.<\/li><li><strong>Dura\u00e7\u00e3o da elimina\u00e7\u00e3o de toxinas<\/strong>: V\u00e1rios dias a uma semana, dependendo da quantidade ingerida.<\/li><li><strong>Pre\u00e7os<\/strong>: Silibinina $400 por dia; carv\u00e3o ativado $20 por dose.<\/li><\/ul><h3>18. <strong>Amanita Virosa (Cogumelo Anjo Destruidor)<\/strong><\/h3><ul><li><strong>Ant\u00eddoto<\/strong>: Semelhante \u00e0 amatoxina \u2013 silibinina e carv\u00e3o ativado<\/li><li><strong>Administra\u00e7\u00e3o<\/strong>: O mesmo que Amatoxina<\/li><li><strong>Doses necess\u00e1rias<\/strong>: O mesmo que Amatoxina<\/li><li><strong>Como funciona<\/strong>: O mesmo mecanismo que no caso de intoxica\u00e7\u00e3o por amatoxina.<\/li><li><strong>Dura\u00e7\u00e3o da elimina\u00e7\u00e3o de toxinas<\/strong>: Semelhante \u00e0 amatoxina<\/li><li><strong>Pre\u00e7os<\/strong>: Semelhante \u00e0 amatoxina<\/li><\/ul><h3>19. <strong>Tiopental X Pentobarbital (Barbit\u00faricos)<\/strong><\/h3><ul><li><strong>Ant\u00eddoto<\/strong>: N\u00e3o h\u00e1 ant\u00eddoto espec\u00edfico; tratamento de suporte com carv\u00e3o ativado e diurese alcalina.<\/li><li><strong>Administra\u00e7\u00e3o<\/strong>: Carv\u00e3o ativado oral; fluidos intravenosos para diurese<\/li><li><strong>Doses necess\u00e1rias<\/strong>: Dose \u00fanica de carv\u00e3o ativado (50-100 gramas); fluidos intravenosos cont\u00ednuos.<\/li><li><strong>Como funciona<\/strong>: O carv\u00e3o vegetal liga a toxina no trato gastrointestinal e a diurese acelera a elimina\u00e7\u00e3o atrav\u00e9s da urina.<\/li><li><strong>Dura\u00e7\u00e3o da elimina\u00e7\u00e3o de toxinas<\/strong>: 24-48 horas, dependendo da quantidade ingerida.<\/li><li><strong>Pre\u00e7os<\/strong>: Carv\u00e3o ativado $20 por dose; cuidados de suporte $200\/dia.<\/li><\/ul><h3>20. <strong>Tetraetilchumbo<\/strong><\/h3><ul><li><strong>Ant\u00eddoto<\/strong>: Terapia de quela\u00e7\u00e3o com EDTA diss\u00f3dico c\u00e1lcico (CaNa2EDTA)<\/li><li><strong>Administra\u00e7\u00e3o<\/strong>: Intravenoso<\/li><li><strong>Doses necess\u00e1rias<\/strong>: 1.000-1.500 mg\/m\u00b2\/dia, administrados em 2-4 doses divididas durante 5 dias, seguidos de 2 dias de intervalo, repetindo-se se necess\u00e1rio.<\/li><li><strong>Como funciona<\/strong>: Quelata os i\u00f5es de chumbo, aumentando a sua excre\u00e7\u00e3o pelos rins.<\/li><li><strong>Dura\u00e7\u00e3o da elimina\u00e7\u00e3o de toxinas<\/strong>: V\u00e1rios dias a semanas, dependendo da extens\u00e3o da exposi\u00e7\u00e3o.<\/li><li><strong>Pre\u00e7os<\/strong>: $150 por dose; podem ser necess\u00e1rias v\u00e1rias doses ao longo de v\u00e1rios dias.<\/li><\/ul><h3>Resumo dos pre\u00e7os e doses do ant\u00eddoto:<\/h3><table><thead><tr><th><strong>Toxina<\/strong><\/th><th><strong>Ant\u00eddoto<\/strong><\/th><th><strong>Pre\u00e7o por dose<\/strong><\/th><th><strong>Doses necess\u00e1rias<\/strong><\/th><th><strong>Estimativa do custo total<\/strong><\/th><\/tr><\/thead><tbody><tr><td>Ars\u00e9nico<\/td><td>Dimercaprol<\/td><td>$400<\/td><td>20-30<\/td><td>$8.000 \u2013 $12.000<\/td><\/tr><tr><td>Aconitina<\/td><td>Medicamentos antiarr\u00edtmicos<\/td><td>$50<\/td><td>Varia<\/td><td>Varia<\/td><\/tr><tr><td>Batrachotoxina<\/td><td>Carv\u00e3o ativado<\/td><td>$20<\/td><td>1<\/td><td>$20<\/td><\/tr><tr><td>Toxina botul\u00ednica<\/td><td>Antitoxina botul\u00ednica<\/td><td>$3,500<\/td><td>1<\/td><td>$3,500<\/td><\/tr><tr><td>Cianeto<\/td><td>Hidroxocobalamina, tiossulfato de s\u00f3dio<\/td><td>$900, $150<\/td><td>1-2, 1<\/td><td>$1.050 \u2013 $2.100<\/td><\/tr><tr><td>Dimetilmerc\u00fario<\/td><td>Dimercaprol<\/td><td>$400<\/td><td>20-30<\/td><td>$8.000 \u2013 $12.000<\/td><\/tr><tr><td>Dimetilc\u00e1dmio<\/td><td>Cuidados de apoio<\/td><td>Varia<\/td><td>Varia<\/td><td>Varia<\/td><\/tr><tr><td>Maitotoxina<\/td><td>Cuidados de apoio<\/td><td>$500\/dia<\/td><td>3 a 7 dias<\/td><td>$1.500 \u2013 $3.500<\/td><\/tr><tr><td>Pol\u00f3nio-210<\/td><td>Azul da Pr\u00fassia, iodeto de pot\u00e1ssio<\/td><td>$200, $20<\/td><td>10 a 30 dias<\/td><td>$2.200 \u2013 $6.600<\/td><\/tr><tr><td>Ricina<\/td><td>Carv\u00e3o ativado<\/td><td>$20<\/td><td>1<\/td><td>$20<\/td><\/tr><tr><td>Sarin<\/td><td>Atropina, pralidoxima<\/td><td>$30, $100<\/td><td>M\u00faltiplo<\/td><td>$500 \u2013 $1.500<\/td><\/tr><tr><td>Tetrodotoxina<\/td><td>Cuidados de apoio<\/td><td>$1.000\/dia<\/td><td>1-2 dias<\/td><td>$1.000 \u2013 $2.000<\/td><\/tr><tr><td>Agente nervoso VR<\/td><td>Atropina, pralidoxima<\/td><td>$30, $100<\/td><td>M\u00faltiplo<\/td><td>$500 \u2013 $1.500<\/td><\/tr><tr><td>Heliotr\u00f3pio<\/td><td>Cuidados de apoio<\/td><td>Varia<\/td><td>Varia<\/td><td>Varia<\/td><\/tr><tr><td>Colchicina<\/td><td>Cuidados de apoio<\/td><td>$200\/dia<\/td><td>3 a 7 dias<\/td><td>$600 \u2013 $1.400<\/td><\/tr><tr><td>Cicutoxina<\/td><td>Benzodiazep\u00ednicos<\/td><td>$50<\/td><td>M\u00faltiplo<\/td><td>$100 \u2013 $300<\/td><\/tr><tr><td>Amatoxina<\/td><td>Silibinina, carv\u00e3o ativado<\/td><td>$400\/dia, $20<\/td><td>7 dias, 1<\/td><td>$2,820<\/td><\/tr><tr><td>Amanita Virosa<\/td><td>Silibinina, carv\u00e3o ativado<\/td><td>$400\/dia, $20<\/td><td>7 dias, 1<\/td><td>$2,820<\/td><\/tr><tr><td>Tiopental X Pentobarbital<\/td><td>Carv\u00e3o ativado<\/td><td>$20<\/td><td>1<\/td><td>$20<\/td><\/tr><tr><td>Tetraetilchumbo<\/td><td>CaNa2EDTA<\/td><td>$150<\/td><td>M\u00faltiplo (10+)<\/td><td>$1.500 \u2013 $3.000<\/td><\/tr><\/tbody><\/table><h3>Nota:<\/h3><p>Esses pre\u00e7os e doses s\u00e3o estimativas. O tratamento real pode variar de acordo com a condi\u00e7\u00e3o do paciente, a gravidade do envenenamento e os protocolos m\u00e9dicos. Todos os ant\u00eddotos devem ser administrados apenas sob a orienta\u00e7\u00e3o de um profissional de sa\u00fade qualificado.<\/p><h2>O que s\u00e3o ant\u00eddotos?<\/h2><div><p class=\"LnpumSThxEWMIsDdAT17 CXMyPcQ6nDv47DKFeywM\"><span class=\"EKtkFWMYpwzMKOYr0GYm LQVY1Jpkk8nyJ6HBWKAk\">Encomende o Kit Ant\u00eddoto para Cianeto. <\/span>Um ant\u00eddoto \u00e9 um medicamento, subst\u00e2ncia quelante ou produto qu\u00edmico que neutraliza os efeitos de outro medicamento ou veneno. <a href=\"https:\/\/poisonshops.com\/pt\/\">Compre ant\u00eddotos online<\/a> com seguran\u00e7a.<\/p><p><img decoding=\"async\" class=\"wp-image-517 aligncenter\" src=\"https:\/\/poisonshops.com\/wp-content\/uploads\/2025\/12\/Buy-antidotes-online-240x300.jpg\" alt=\"Compre ant\u00eddotos online\" width=\"103\" height=\"129\" srcset=\"https:\/\/poisonshops.com\/wp-content\/uploads\/2025\/12\/Buy-antidotes-online-240x300.jpg 240w, https:\/\/poisonshops.com\/wp-content\/uploads\/2025\/12\/Buy-antidotes-online-820x1024.jpg 820w, https:\/\/poisonshops.com\/wp-content\/uploads\/2025\/12\/Buy-antidotes-online-768x960.jpg 768w, https:\/\/poisonshops.com\/wp-content\/uploads\/2025\/12\/Buy-antidotes-online-1229x1536.jpg 1229w, https:\/\/poisonshops.com\/wp-content\/uploads\/2025\/12\/Buy-antidotes-online-1024x1280.jpg 1024w, https:\/\/poisonshops.com\/wp-content\/uploads\/2025\/12\/Buy-antidotes-online-600x750.jpg 600w, https:\/\/poisonshops.com\/wp-content\/uploads\/2025\/12\/Buy-antidotes-online.jpg 1639w\" sizes=\"(max-width: 103px) 100vw, 103px\" \/><\/p><p>Existem dezenas de ant\u00eddotos diferentes; no entanto, alguns podem neutralizar apenas uma droga espec\u00edfica, enquanto outros (como o carv\u00e3o vegetal) podem ajudar a reduzir a toxicidade de v\u00e1rias drogas. Ant\u00eddotos \u00e0 venda online.<\/p><p>A maioria dos ant\u00eddotos n\u00e3o \u00e9 100% eficaz, e ainda podem ocorrer mortes mesmo quando um ant\u00eddoto \u00e9 administrado. Alguns exemplos de ant\u00eddotos incluem:<\/p><ul><li>Compre acetilciste\u00edna para acetaminofeno <a href=\"https:\/\/www.drugs.com\/condition\/poisoning.html\" data-type=\"auto\" target=\"_blank\" rel=\"noopener\">envenenamento<\/a><\/li><li>Compre carv\u00e3o ativado para a maioria dos venenos<\/li><li>Compre Atropina para organofosfatos e carbamatos<\/li><li>Compre Fab imune \u00e0 digoxina para toxicidade da digoxina<\/li><li>Compre Dimercaprol para envenenamento por ars\u00e9nico, ouro ou merc\u00fario inorg\u00e2nico<\/li><li>Compre Flumazenil para overdose de benzodiazepina<\/li><li>Compre azul de metileno para metemoglobinemia induzida por medicamentos<\/li><li>Compre Naloxona para overdose de opi\u00f3ides<\/li><li>Compre Pralidoxima para intoxica\u00e7\u00e3o por agentes nervosos anticolinester\u00e1sicos.<\/li><\/ul><p><img decoding=\"async\" class=\"alignnone wp-image-176\" src=\"https:\/\/poisonshops.com\/wp-content\/uploads\/2025\/11\/poison_shop_logo-300x171.png\" alt=\"Lojas de venenos\" width=\"114\" height=\"65\" srcset=\"https:\/\/poisonshops.com\/wp-content\/uploads\/2025\/11\/poison_shop_logo-300x171.png 300w, https:\/\/poisonshops.com\/wp-content\/uploads\/2025\/11\/poison_shop_logo.png 563w\" sizes=\"(max-width: 114px) 100vw, 114px\" \/><\/p><\/div>\t\t\t\t\t\t\t\t<\/div>\n\t\t\t\t<\/div>\n\t\t\t\t\t<\/div>\n\t\t\t\t<\/div>\n\t\t\t\t<\/div>","protected":false},"excerpt":{"rendered":"<p>Buy Antidotes Online When handling dangerous substances, safety is our top priority. It is essential to have the appropriate antidotes on hand for every toxin we provide. Accidents can happen, whether during transportation, handling, or in the event of unintended exposure. Buy Antidotes Online for Poisoning. Buy Antidotes Online for Poisoning &amp; Overdose To ensure [&hellip;]<\/p>\n","protected":false},"author":1,"featured_media":0,"parent":0,"menu_order":0,"comment_status":"closed","ping_status":"closed","template":"","meta":{"footnotes":""},"class_list":["post-413","page","type-page","status-publish","hentry"],"_links":{"self":[{"href":"https:\/\/poisonshops.com\/pt\/wp-json\/wp\/v2\/pages\/413","targetHints":{"allow":["GET"]}}],"collection":[{"href":"https:\/\/poisonshops.com\/pt\/wp-json\/wp\/v2\/pages"}],"about":[{"href":"https:\/\/poisonshops.com\/pt\/wp-json\/wp\/v2\/types\/page"}],"author":[{"embeddable":true,"href":"https:\/\/poisonshops.com\/pt\/wp-json\/wp\/v2\/users\/1"}],"replies":[{"embeddable":true,"href":"https:\/\/poisonshops.com\/pt\/wp-json\/wp\/v2\/comments?post=413"}],"version-history":[{"count":16,"href":"https:\/\/poisonshops.com\/pt\/wp-json\/wp\/v2\/pages\/413\/revisions"}],"predecessor-version":[{"id":527,"href":"https:\/\/poisonshops.com\/pt\/wp-json\/wp\/v2\/pages\/413\/revisions\/527"}],"wp:attachment":[{"href":"https:\/\/poisonshops.com\/pt\/wp-json\/wp\/v2\/media?parent=413"}],"curies":[{"name":"wp","href":"https:\/\/api.w.org\/{rel}","templated":true}]}}