{"id":418,"date":"2025-11-20T11:56:12","date_gmt":"2025-11-20T11:56:12","guid":{"rendered":"https:\/\/poisonshops.com\/?page_id=418"},"modified":"2025-12-01T12:00:53","modified_gmt":"2025-12-01T12:00:53","slug":"orientacoes-de-epi","status":"publish","type":"page","link":"https:\/\/poisonshops.com\/pt\/orientacoes-de-epi\/","title":{"rendered":"Diretrizes para EPI"},"content":{"rendered":"<div data-elementor-type=\"wp-page\" data-elementor-id=\"418\" class=\"elementor elementor-418\">\n\t\t\t\t<div class=\"elementor-element elementor-element-0dae480 e-flex e-con-boxed e-con e-parent\" data-id=\"0dae480\" data-element_type=\"container\" data-e-type=\"container\">\n\t\t\t\t\t<div class=\"e-con-inner\">\n\t\t\t\t<div class=\"elementor-element elementor-element-3c24701 elementor-widget elementor-widget-text-editor\" data-id=\"3c24701\" data-element_type=\"widget\" data-e-type=\"widget\" data-widget_type=\"text-editor.default\">\n\t\t\t\t<div class=\"elementor-widget-container\">\n\t\t\t\t\t\t\t\t\t<div id=\"primary\" class=\"content-area\"><main id=\"main\" class=\"site-main\"><\/main><article id=\"post-389666\" class=\"post-389666 page type-page status-publish\"><div class=\"inside-article\"><header class=\"entry-header\"><h2 class=\"entry-title\">Diretrizes abrangentes sobre EPI para o manuseamento seguro de subst\u00e2ncias t\u00f3xicas<\/h2><\/header><div class=\"entry-content\"><p>Aqui est\u00e1 uma recomenda\u00e7\u00e3o detalhada de equipamentos de prote\u00e7\u00e3o individual (EPI) para lidar com cada uma das toxinas listadas, com foco nos equipamentos mais eficazes com base nos riscos espec\u00edficos associados a cada subst\u00e2ncia:<\/p><h3 class=\"wp-block-heading\">1. <strong>Veneno de ars\u00e9nico<\/strong><\/h3><ul class=\"wp-block-list\"><li><strong>Luvas<\/strong>: Luvas de nitrilo ou l\u00e1tex \u2013 Proporcionam resist\u00eancia qu\u00edmica e evitam o contacto com a pele.<\/li><li><strong>Prote\u00e7\u00e3o ocular<\/strong>\u00d3culos de prote\u00e7\u00e3o \u2013 Protegem contra salpicos.<\/li><li><strong>Prote\u00e7\u00e3o facial<\/strong>: Prote\u00e7\u00e3o facial \u2013 Oferece prote\u00e7\u00e3o adicional para o rosto e pesco\u00e7o.<\/li><li><strong>Vestu\u00e1rio<\/strong>: Bata de laborat\u00f3rio ou macac\u00e3o descart\u00e1vel \u2013 Protege a roupa e a pele contra contamina\u00e7\u00e3o.<\/li><li><strong>Prote\u00e7\u00e3o respirat\u00f3ria<\/strong>: Respirador N95 ou superior \u2013 Filtra part\u00edculas transportadas pelo ar.<\/li><\/ul><p><strong>Motivo<\/strong>: O ars\u00e9nico pode causar irrita\u00e7\u00e3o cut\u00e2nea e respirat\u00f3ria. O EPI evita o contacto direto e a inala\u00e7\u00e3o.<\/p><h3 class=\"wp-block-heading\">2. <strong>Aconitina<\/strong><\/h3><ul class=\"wp-block-list\"><li><strong>Luvas<\/strong>: Luvas de nitrilo \u2013 Resistentes a produtos qu\u00edmicos e impedem a absor\u00e7\u00e3o pela pele.<\/li><li><strong>Prote\u00e7\u00e3o ocular<\/strong>\u00d3culos de prote\u00e7\u00e3o \u2013 Protegem os olhos contra poss\u00edveis salpicos.<\/li><li><strong>Prote\u00e7\u00e3o facial<\/strong>: Prote\u00e7\u00e3o facial \u2013 Prote\u00e7\u00e3o adicional do rosto contra salpicos.<\/li><li><strong>Vestu\u00e1rio<\/strong>: Bata de laborat\u00f3rio ou macac\u00e3o descart\u00e1vel \u2013 Protege a pele contra contamina\u00e7\u00e3o.<\/li><li><strong>Prote\u00e7\u00e3o respirat\u00f3ria<\/strong>: Respirador P100 \u2013 Oferece prote\u00e7\u00e3o contra part\u00edculas finas.<\/li><\/ul><p><strong>Motivo<\/strong>: <a href=\"https:\/\/poisonshops.com\/pt\/\">Aconitina<\/a> \u00e9 altamente t\u00f3xico e pode ser absorvido pela pele, exigindo EPI completo.<\/p><h3 class=\"wp-block-heading\">3. <strong>Batrachotoxina<\/strong><\/h3><ul class=\"wp-block-list\"><li><strong>Luvas<\/strong>: Luvas de borracha but\u00edlica \u2013 Oferecem prote\u00e7\u00e3o superior contra subst\u00e2ncias altamente t\u00f3xicas.<\/li><li><strong>Prote\u00e7\u00e3o ocular<\/strong>\u00d3culos de prote\u00e7\u00e3o \u2013 Evitam a exposi\u00e7\u00e3o dos olhos.<\/li><li><strong>Prote\u00e7\u00e3o facial<\/strong>: Prote\u00e7\u00e3o facial integral \u2013 Essencial para o manuseamento de materiais altamente t\u00f3xicos.<\/li><li><strong>Vestu\u00e1rio<\/strong>: Fato qu\u00edmico de corpo inteiro \u2013 Protege contra a exposi\u00e7\u00e3o da pele.<\/li><li><strong>Prote\u00e7\u00e3o respirat\u00f3ria<\/strong>: Respirador com suprimento de ar \u2013 Garante prote\u00e7\u00e3o contra a inala\u00e7\u00e3o de toxinas transportadas pelo ar.<\/li><\/ul><p><strong>Motivo<\/strong>: A batracotoxina \u00e9 extremamente t\u00f3xica e requer prote\u00e7\u00e3o total do corpo para evitar qualquer exposi\u00e7\u00e3o.<\/p><h3 class=\"wp-block-heading\">4. <strong>Toxina botul\u00ednica<\/strong><\/h3><ul class=\"wp-block-list\"><li><strong>Luvas<\/strong>: Luvas de nitrilo \u2013 Resistentes a toxinas e protegem as m\u00e3os.<\/li><li><strong>Prote\u00e7\u00e3o ocular<\/strong>\u00d3culos de prote\u00e7\u00e3o \u2013 Evitam o contacto com os olhos.<\/li><li><strong>Prote\u00e7\u00e3o facial<\/strong>: Prote\u00e7\u00e3o facial \u2013 Oferece prote\u00e7\u00e3o adicional para o rosto<a href=\"https:\/\/duckduckgo.com\/\" target=\"_blank\" rel=\"noopener\">.<\/a><\/li><li><strong>Vestu\u00e1rio<\/strong>: Bata de laborat\u00f3rio ou macac\u00e3o descart\u00e1vel \u2013 Protege contra contamina\u00e7\u00e3o.<\/li><li><strong>Prote\u00e7\u00e3o respirat\u00f3ria<\/strong>: Respirador P100 ou superior \u2013 Filtra part\u00edculas transportadas pelo ar.<\/li><\/ul><p><strong>Motivo<\/strong>: A toxina botul\u00ednica \u00e9 altamente t\u00f3xica, por isso \u00e9 fundamental evitar qualquer tipo de exposi\u00e7\u00e3o.<\/p><h3 class=\"wp-block-heading\">5. <strong>Cianeto<\/strong><\/h3><ul class=\"wp-block-list\"><li><strong>Luvas<\/strong>: Luvas de nitrilo ou neoprene \u2013 Resistentes a produtos qu\u00edmicos e protegem a pele.<\/li><li><strong>Prote\u00e7\u00e3o ocular<\/strong>\u00d3culos de prote\u00e7\u00e3o \u2013 Protegem contra salpicos.<\/li><li><strong>Prote\u00e7\u00e3o facial<\/strong>: Prote\u00e7\u00e3o facial \u2013 Prote\u00e7\u00e3o adicional para o rosto.<\/li><li><strong>Vestu\u00e1rio<\/strong>: Bata ou macac\u00e3o resistente a produtos qu\u00edmicos \u2013 Evita a exposi\u00e7\u00e3o da pele.<\/li><li><strong>Prote\u00e7\u00e3o respirat\u00f3ria<\/strong>: Respirador facial completo com filtros adequados \u2013 Protege contra a inala\u00e7\u00e3o de vapores t\u00f3xicos.<\/li><\/ul><p><strong>Motivo<\/strong>: O cianeto \u00e9 um veneno potente e pode ser absorvido pela pele ou inalado, exigindo EPI completo.<\/p><h3 class=\"wp-block-heading\">6. <strong>Dimetilmerc\u00fario<\/strong><\/h3><ul class=\"wp-block-list\"><li><strong>Luvas<\/strong>: Luvas de borracha but\u00edlica \u2013 Oferecem alta resist\u00eancia qu\u00edmica.<\/li><li><strong>Prote\u00e7\u00e3o ocular<\/strong>\u00d3culos de prote\u00e7\u00e3o \u2013 Protegem os olhos contra a exposi\u00e7\u00e3o.<\/li><li><strong>Prote\u00e7\u00e3o facial<\/strong>: Prote\u00e7\u00e3o facial completa \u2013 Oferece prote\u00e7\u00e3o facial completa.<\/li><li><strong>Vestu\u00e1rio<\/strong>: Fato qu\u00edmico de corpo inteiro \u2013 Garante prote\u00e7\u00e3o completa contra contamina\u00e7\u00e3o.<\/li><li><strong>Prote\u00e7\u00e3o respirat\u00f3ria<\/strong>: Respirador com suprimento de ar \u2013 Essencial devido \u00e0 sua alta toxicidade e risco de vapor.<\/li><\/ul><p><strong>Motivo<\/strong>O dimetilmerc\u00fario \u00e9 extremamente t\u00f3xico e vol\u00e1til, exigindo EPI de alto n\u00edvel para evitar qualquer exposi\u00e7\u00e3o.<\/p><p><img decoding=\"async\" class=\"wp-image-462 aligncenter\" src=\"https:\/\/poisonshops.com\/wp-content\/uploads\/2025\/11\/tttt-204x300.png\" alt=\"Diretrizes de EPI para o manuseamento seguro de subst\u00e2ncias t\u00f3xicas\" width=\"90\" height=\"133\" srcset=\"https:\/\/poisonshops.com\/wp-content\/uploads\/2025\/11\/tttt-204x300.png 204w, https:\/\/poisonshops.com\/wp-content\/uploads\/2025\/11\/tttt.png 218w\" sizes=\"(max-width: 90px) 100vw, 90px\" \/><\/p><h3 class=\"wp-block-heading\">7. <strong>Maitotoxina<\/strong><\/h3><ul class=\"wp-block-list\"><li><strong>Luvas<\/strong>: Luvas de nitrilo \u2013 Protegem contra o contacto com a pele.<\/li><li><strong>Prote\u00e7\u00e3o ocular<\/strong>\u00d3culos de prote\u00e7\u00e3o \u2013 Evitam a exposi\u00e7\u00e3o dos olhos.<\/li><li><strong>Prote\u00e7\u00e3o facial<\/strong>: Prote\u00e7\u00e3o facial \u2013 Oferece prote\u00e7\u00e3o adicional para o rosto.<\/li><li><strong>Vestu\u00e1rio<\/strong>: Bata de laborat\u00f3rio ou macac\u00e3o \u2013 Protege a roupa e a pele.<\/li><li><strong>Prote\u00e7\u00e3o respirat\u00f3ria<\/strong>: Respirador N95 ou superior \u2013 Filtra part\u00edculas transportadas pelo ar.<\/li><\/ul><p><strong>Motivo<\/strong>: A maitotoxina \u00e9 altamente t\u00f3xica, exigindo o uso de luvas e roupas de prote\u00e7\u00e3o para evitar o contacto.<\/p><h3 class=\"wp-block-heading\">8. <strong>Pol\u00f3nio-210<\/strong><\/h3><ul class=\"wp-block-list\"><li><strong>Luvas<\/strong>: Luvas revestidas com chumbo \u2013 Oferecem prote\u00e7\u00e3o contra radia\u00e7\u00e3o.<\/li><li><strong>Prote\u00e7\u00e3o ocular<\/strong>\u00d3culos de prote\u00e7\u00e3o \u2013 Protegem os olhos contra contamina\u00e7\u00e3o.<\/li><li><strong>Prote\u00e7\u00e3o facial<\/strong>: Prote\u00e7\u00e3o facial revestida a chumbo \u2013 Oferece prote\u00e7\u00e3o adicional contra a exposi\u00e7\u00e3o \u00e0 radia\u00e7\u00e3o.<\/li><li><strong>Vestu\u00e1rio<\/strong>: Bata de laborat\u00f3rio revestida a chumbo \u2013 Protege contra radia\u00e7\u00e3o.<\/li><li><strong>Prote\u00e7\u00e3o respirat\u00f3ria<\/strong>: Normalmente n\u00e3o \u00e9 necess\u00e1rio, a menos que o manuseamento envolva contamina\u00e7\u00e3o a\u00e9rea.<\/li><\/ul><p><strong>Motivo<\/strong>: O pol\u00f3nio-210 \u00e9 radioativo, pelo que \u00e9 essencial utilizar EPI revestido a chumbo para prote\u00e7\u00e3o contra a radia\u00e7\u00e3o.<\/p><h3 class=\"wp-block-heading\">9. <strong>Ricina<\/strong><\/h3><ul class=\"wp-block-list\"><li><strong>Luvas<\/strong>: Luvas de nitrilo \u2013 Proporcionam resist\u00eancia qu\u00edmica e evitam o contacto com a pele.<\/li><li><strong>Prote\u00e7\u00e3o ocular<\/strong>\u00d3culos de prote\u00e7\u00e3o \u2013 Protegem os olhos contra a exposi\u00e7\u00e3o.<\/li><li><strong>Prote\u00e7\u00e3o facial<\/strong>: Prote\u00e7\u00e3o facial completa \u2013 Oferece prote\u00e7\u00e3o adicional.<\/li><li><strong>Vestu\u00e1rio<\/strong>: Bata de laborat\u00f3rio ou macac\u00e3o descart\u00e1vel \u2013 Protege a pele.<\/li><li><strong>Prote\u00e7\u00e3o respirat\u00f3ria<\/strong>: Respirador P100 \u2013 Filtra part\u00edculas e aeross\u00f3is.<\/li><\/ul><p><strong>Motivo<\/strong>: A ricina \u00e9 altamente t\u00f3xica e pode ser absorvida pela pele ou inalada, exigindo EPI completo.<\/p><h3 class=\"wp-block-heading\">10. <strong>Sarin<\/strong><\/h3><ul class=\"wp-block-list\"><li><strong>Luvas<\/strong>: Luvas de borracha but\u00edlica \u2013 Oferecem prote\u00e7\u00e3o contra agentes qu\u00edmicos.<\/li><li><strong>Prote\u00e7\u00e3o ocular<\/strong>\u00d3culos de prote\u00e7\u00e3o \u2013 Protegem contra salpicos.<\/li><li><strong>Prote\u00e7\u00e3o facial<\/strong>: Prote\u00e7\u00e3o facial completa \u2013 Essencial para o manuseamento de agentes nervosos.<\/li><li><strong>Vestu\u00e1rio<\/strong>: Fato qu\u00edmico de corpo inteiro \u2013 Garante prote\u00e7\u00e3o contra contamina\u00e7\u00e3o.<\/li><li><strong>Prote\u00e7\u00e3o respirat\u00f3ria<\/strong>: Respirador com suprimento de ar \u2013 Necess\u00e1rio para prote\u00e7\u00e3o contra vapores de agentes nervosos.<\/li><\/ul><p><strong>Motivo<\/strong>: O sarin \u00e9 um agente nervoso que requer equipamento de prote\u00e7\u00e3o corporal completo devido \u00e0 sua elevada toxicidade.<\/p><h3 class=\"wp-block-heading\">11. <strong>Tetrodotoxina<\/strong><\/h3><ul class=\"wp-block-list\"><li><strong>Luvas<\/strong>: Luvas de nitrilo \u2013 Oferecem prote\u00e7\u00e3o contra subst\u00e2ncias t\u00f3xicas.<\/li><li><strong>Prote\u00e7\u00e3o ocular<\/strong>\u00d3culos de prote\u00e7\u00e3o \u2013 Evitam a exposi\u00e7\u00e3o dos olhos.<\/li><li><strong>Prote\u00e7\u00e3o facial<\/strong>: Prote\u00e7\u00e3o facial \u2013 Oferece prote\u00e7\u00e3o extra.<\/li><li><strong>Vestu\u00e1rio<\/strong>: Bata de laborat\u00f3rio ou macac\u00e3o descart\u00e1vel \u2013 Protege contra contamina\u00e7\u00e3o.<\/li><li><strong>Prote\u00e7\u00e3o respirat\u00f3ria<\/strong>: Respirador N95 \u2013 Filtra part\u00edculas transportadas pelo ar.<\/li><\/ul><p><strong>Motivo<\/strong>: A tetrodotoxina \u00e9 extremamente t\u00f3xica, por isso \u00e9 necess\u00e1rio usar EPI completo para evitar a exposi\u00e7\u00e3o.<\/p><h3 class=\"wp-block-heading\">12. <strong>Agente nervoso VR<\/strong><\/h3><ul class=\"wp-block-list\"><li><strong>Luvas<\/strong>: Luvas de borracha but\u00edlica \u2013 Altamente resistentes a agentes nervosos.<\/li><li><strong>Prote\u00e7\u00e3o ocular<\/strong>\u00d3culos de prote\u00e7\u00e3o \u2013 Protegem os olhos contra a exposi\u00e7\u00e3o.<\/li><li><strong>Prote\u00e7\u00e3o facial<\/strong>: Prote\u00e7\u00e3o facial completa \u2013 Essencial para prote\u00e7\u00e3o total.<\/li><li><strong>Vestu\u00e1rio<\/strong>: Fato qu\u00edmico de corpo inteiro \u2013 Protege contra o contacto com agentes nervosos.<\/li><li><strong>Prote\u00e7\u00e3o respirat\u00f3ria<\/strong>: Respirador com suprimento de ar \u2013 Fornece ar limpo e prote\u00e7\u00e3o contra a inala\u00e7\u00e3o de vapores t\u00f3xicos.<\/li><\/ul><p><strong>Motivo<\/strong>: Os agentes nervosos VR s\u00e3o altamente t\u00f3xicos e requerem EPI abrangente para evitar a exposi\u00e7\u00e3o por todas as vias poss\u00edveis.<\/p><p>Para cada toxina, \u00e9 fundamental seguir os protocolos de seguran\u00e7a estabelecidos e garantir que todos os EPIs estejam devidamente ajustados, mantidos e utilizados de acordo com as instru\u00e7\u00f5es do fabricante e as diretrizes de seguran\u00e7a.<\/p><p><img decoding=\"async\" class=\"wp-image-176 aligncenter\" src=\"https:\/\/poisonshops.com\/wp-content\/uploads\/2025\/11\/poison_shop_logo-300x171.png\" alt=\"Lojas de venenos\" width=\"122\" height=\"70\" srcset=\"https:\/\/poisonshops.com\/wp-content\/uploads\/2025\/11\/poison_shop_logo-300x171.png 300w, https:\/\/poisonshops.com\/wp-content\/uploads\/2025\/11\/poison_shop_logo.png 563w\" sizes=\"(max-width: 122px) 100vw, 122px\" \/><\/p><\/div><\/div><\/article><\/div>\t\t\t\t\t\t\t\t<\/div>\n\t\t\t\t<\/div>\n\t\t\t\t\t<\/div>\n\t\t\t\t<\/div>\n\t\t\t\t<\/div>","protected":false},"excerpt":{"rendered":"<p>Comprehensive PPE Guidelines for Safe Handling of Toxic Substances Here\u2019s a detailed recommendation of personal protective equipment (PPE) for handling each of the listed toxins, focusing on the most effective gear based on the specific hazards associated with each substance: 1. Arsenic Poison Gloves: Nitrile or latex gloves \u2013 Provide chemical resistance and prevent skin [&hellip;]<\/p>\n","protected":false},"author":1,"featured_media":0,"parent":0,"menu_order":0,"comment_status":"closed","ping_status":"closed","template":"","meta":{"footnotes":""},"class_list":["post-418","page","type-page","status-publish","hentry"],"_links":{"self":[{"href":"https:\/\/poisonshops.com\/pt\/wp-json\/wp\/v2\/pages\/418","targetHints":{"allow":["GET"]}}],"collection":[{"href":"https:\/\/poisonshops.com\/pt\/wp-json\/wp\/v2\/pages"}],"about":[{"href":"https:\/\/poisonshops.com\/pt\/wp-json\/wp\/v2\/types\/page"}],"author":[{"embeddable":true,"href":"https:\/\/poisonshops.com\/pt\/wp-json\/wp\/v2\/users\/1"}],"replies":[{"embeddable":true,"href":"https:\/\/poisonshops.com\/pt\/wp-json\/wp\/v2\/comments?post=418"}],"version-history":[{"count":7,"href":"https:\/\/poisonshops.com\/pt\/wp-json\/wp\/v2\/pages\/418\/revisions"}],"predecessor-version":[{"id":550,"href":"https:\/\/poisonshops.com\/pt\/wp-json\/wp\/v2\/pages\/418\/revisions\/550"}],"wp:attachment":[{"href":"https:\/\/poisonshops.com\/pt\/wp-json\/wp\/v2\/media?parent=418"}],"curies":[{"name":"wp","href":"https:\/\/api.w.org\/{rel}","templated":true}]}}