{"id":439,"date":"2025-11-20T12:15:58","date_gmt":"2025-11-20T12:15:58","guid":{"rendered":"https:\/\/poisonshops.com\/?page_id=439"},"modified":"2025-12-01T11:33:18","modified_gmt":"2025-12-01T11:33:18","slug":"comprar-venenos-online","status":"publish","type":"page","link":"https:\/\/poisonshops.com\/pt\/comprar-venenos-online\/","title":{"rendered":"Contato"},"content":{"rendered":"<div data-elementor-type=\"wp-page\" data-elementor-id=\"439\" class=\"elementor elementor-439\">\n\t\t\t\t<div class=\"elementor-element elementor-element-ac71f13 e-flex e-con-boxed e-con e-parent\" data-id=\"ac71f13\" data-element_type=\"container\" data-e-type=\"container\">\n\t\t\t\t\t<div class=\"e-con-inner\">\n\t\t\t\t<div class=\"elementor-element elementor-element-b8aef59 elementor-widget elementor-widget-text-editor\" data-id=\"b8aef59\" data-element_type=\"widget\" data-e-type=\"widget\" data-widget_type=\"text-editor.default\">\n\t\t\t\t<div class=\"elementor-widget-container\">\n\t\t\t\t\t\t\t\t\t<div id=\"primary\" class=\"content-area\"><main id=\"main\" class=\"site-main\"><\/main><article id=\"post-298\" class=\"post-298 page type-page status-publish\"><div class=\"inside-article\"><div class=\"entry-content\"><p class=\"has-text-align-left\">Compre venenos online; Estamos aqui para ajud\u00e1-lo com quaisquer d\u00favidas ou preocupa\u00e7\u00f5es. Entre em contacto connosco atrav\u00e9s dos seguintes m\u00e9todos:<\/p><p><img fetchpriority=\"high\" decoding=\"async\" class=\"size-medium wp-image-502 alignleft\" src=\"https:\/\/poisonshops.com\/wp-content\/uploads\/2025\/11\/Bio-Weapons-240x300.png\" alt=\"Armas biol\u00f3gicas\" width=\"240\" height=\"300\" srcset=\"https:\/\/poisonshops.com\/wp-content\/uploads\/2025\/11\/Bio-Weapons-240x300.png 240w, https:\/\/poisonshops.com\/wp-content\/uploads\/2025\/11\/Bio-Weapons.png 265w\" sizes=\"(max-width: 240px) 100vw, 240px\" \/><\/p><div class=\"wp-block-columns is-layout-flex wp-container-core-columns-is-layout-9d6595d7 wp-block-columns-is-layout-flex\"><div class=\"wp-block-column is-layout-flow wp-block-column-is-layout-flow\"><div class=\"wp-block-image\">\u00a0<\/div><\/div><div class=\"wp-block-column is-layout-flow wp-block-column-is-layout-flow\"><p><mark class=\"has-inline-color\"><\/mark><span style=\"color: #000!important;\"><b>E-mail:<\/b><\/span><a class=\"info-box_link\" href=\"mailto:Ps35dk@proton.me\"><strong><span style=\"color: #ff0000;\">Ps35dk@proton.me<\/span><\/strong><\/a><\/p><\/div><\/div><p>Para obter suporte relacionado a encomendas, envios ou informa\u00e7\u00f5es sobre produtos, a nossa equipa est\u00e1 pronta para ajudar. Obrigado por escolher a Poison Shops. Aguardamos o seu contacto!<\/p><\/div><\/div><\/article><\/div>\t\t\t\t\t\t\t\t<\/div>\n\t\t\t\t<\/div>\n\t\t\t\t\t<\/div>\n\t\t\t\t<\/div>\n\t\t<div class=\"elementor-element elementor-element-8502aa0 e-flex e-con-boxed e-con e-parent\" data-id=\"8502aa0\" data-element_type=\"container\" data-e-type=\"container\">\n\t\t\t\t\t<div class=\"e-con-inner\">\n\t\t\t\t<div class=\"elementor-element elementor-element-3d1bb0a elementor-widget elementor-widget-text-editor\" data-id=\"3d1bb0a\" data-element_type=\"widget\" data-e-type=\"widget\" data-widget_type=\"text-editor.default\">\n\t\t\t\t<div class=\"elementor-widget-container\">\n\t\t\t\t\t\t\t\t\t<h3>Compre venenos online<\/h3><p>Bem-vindo a <img decoding=\"async\" class=\"emoji\" role=\"img\" draggable=\"false\" src=\"https:\/\/s.w.org\/images\/core\/emoji\/16.0.1\/svg\/26a0.svg\" alt=\"\u26a0\ufe0f\" \/><a href=\"https:\/\/poisonshops.com\/pt\/\">Loja de Venenos<\/a>, onde a ci\u00eancia encontra a precis\u00e3o. Somos o fornecedor l\u00edder global de venenos e agentes qu\u00edmicos altamente potentes para pesquisa e uso pessoal, com a confian\u00e7a de indiv\u00edduos<a href=\"https:\/\/duckduckgo.com\/\" target=\"_blank\" rel=\"noopener\">,<\/a> laborat\u00f3rios e organiza\u00e7\u00f5es. Desde toxinas naturais a produtos qu\u00edmicos industriais e agentes nervosos, fornecemos a gama mais abrangente de venenos do mercado. Lojas de venenos.<\/p><p>Explore a nossa vasta gama de venenos<br \/>Oferecemos 40 dos venenos mais mortais do mundo, dispon\u00edveis em formas l\u00edquidas, em spray ou s\u00f3lidas, concebidos para satisfazer as suas necessidades espec\u00edficas. Quer precise de uma neurotoxina de a\u00e7\u00e3o r\u00e1pida, um agente qu\u00edmico ou um veneno natural, a Bio Weapons garante a mais alta pureza para as suas aplica\u00e7\u00f5es cr\u00edticas.<\/p><p><img decoding=\"async\" class=\"size-full wp-image-28 aligncenter\" src=\"https:\/\/poisonshops.com\/wp-content\/uploads\/2021\/12\/30-Day-Guarantee-1.png\" alt=\"Compre venenos online\" width=\"300\" height=\"248\" \/><\/p><p>Portf\u00f3lio de produtos<br \/>Toxinas naturais:<\/p><p>Toxina botul\u00ednica \u2013 O agente paral\u00edtico mais potente.<br \/>Ricina e abrina \u2013 Inibidores da s\u00edntese proteica de a\u00e7\u00e3o r\u00e1pida.<br \/>Tetrodotoxina e saxitoxina \u2013 Toxinas marinhas que afetam as vias neurol\u00f3gicas.<br \/>Batrachotoxina \u2013 Proveniente de sapos venenosos, ideal para estudos de canais i\u00f4nicos.<br \/>Conotoxinas e ciguatoxina \u2013 Venenos para investiga\u00e7\u00e3o neurot\u00f3xica avan\u00e7ada.<br \/>Venenos qu\u00edmicos e agentes nervosos:<\/p><p>VX, Sarin, Tabun e Soman \u2013 Agentes nervosos de alto impacto para investiga\u00e7\u00e3o.<br \/>Cianeto de s\u00f3dio e cianeto de hidrog\u00e9nio \u2013 Bloqueadores instant\u00e2neos da respira\u00e7\u00e3o celular.<br \/>Trioxido de ars\u00e9nico, pol\u00f3nio-210, t\u00e1lio e merc\u00fario \u2013 Ideal para toxicologia.<br \/>Venenos \u00e0 base de plantas:<\/p><p>Atropina, aconitina, estricnina e digit\u00e1licos \u2013 Para investiga\u00e7\u00e3o card\u00edaca e do sistema nervoso.<br \/>Colchicina e oleandrina \u2013 Cruciais para a investiga\u00e7\u00e3o sobre o cancro.<br \/>Coniina e taxina \u2013 Venenos cl\u00e1ssicos para aplica\u00e7\u00f5es toxicol\u00f3gicas.<br \/>Venenos industriais:<\/p><p>Cloro, fosg\u00e9nio, mon\u00f3xido de carbono, dioxinas, chumbo e c\u00e1dmio \u2013 Perfeito para estudos ambientais e qu\u00edmicos.<\/p><p>Venenos animais:<\/p><p>Venenos de cobra-real, mamba negra e \u00e1gua-viva-caixa \u2013 Para estudos neurol\u00f3gicos avan\u00e7ados.<br \/>Veneno do peixe-pedra \u2013 \u00datil na investiga\u00e7\u00e3o sobre necrose tecidual.<\/p><h4>Porqu\u00ea lojas de venenos?<\/h4><p>Qualidade incompar\u00e1vel: Todos os produtos s\u00e3o acompanhados por um Certificado de An\u00e1lise (COA) para garantir a pot\u00eancia e a pureza.<br \/>Seguran\u00e7a abrangente: cada produto vem com uma Ficha de Dados de Seguran\u00e7a (FDS) e recomenda\u00e7\u00f5es de EPI.<\/p><p>Op\u00e7\u00f5es de formas vers\u00e1teis: Dispon\u00edvel em l\u00edquido, spray ou s\u00f3lido para facilitar o uso.<br \/>Entrega global: Oferecemos envios internacionais discretos.<\/p><p>Orienta\u00e7\u00e3o especializada: Os nossos especialistas fornecem instru\u00e7\u00f5es de manuseamento para garantir uma utiliza\u00e7\u00e3o segura e em conformidade.<br \/>Encomende agora \u2013 Pot\u00eancia, precis\u00e3o e efic\u00e1cia ao seu alcance<br \/>Na Poison Shops, entendemos que precis\u00e3o e confiabilidade s\u00e3o inegoci\u00e1veis.<\/p><p>Quer esteja a realizar pesquisas toxicol\u00f3gicas avan\u00e7adas, a trabalhar em projetos qu\u00edmicos ou tenha necessidades pessoais, somos o seu parceiro de confian\u00e7a.<\/p><p><img decoding=\"async\" class=\"wp-image-176 aligncenter\" src=\"https:\/\/poisonshops.com\/wp-content\/uploads\/2025\/11\/poison_shop_logo-300x171.png\" alt=\"Lojas de venenos\" width=\"114\" height=\"65\" srcset=\"https:\/\/poisonshops.com\/wp-content\/uploads\/2025\/11\/poison_shop_logo-300x171.png 300w, https:\/\/poisonshops.com\/wp-content\/uploads\/2025\/11\/poison_shop_logo.png 563w\" sizes=\"(max-width: 114px) 100vw, 114px\" \/><\/p><p>\u00a0<\/p><p>comprar veneno, melhor lugar para comprar veneno, veneno \u00e0 venda, comprar produtos qu\u00edmicos t\u00f3xicos, comprar veneno online, comprar toxina botul\u00ednica, toxina botul\u00ednica \u00e0 venda, comprar ricina, ricina \u00e0 venda, comprar abrina, abrina \u00e0 venda, comprar tetrodotoxina, tetrodotoxina \u00e0 venda, comprar saxitoxina, saxitoxina \u00e0 venda, comprar conotoxinas, conotoxinas \u00e0 venda,<\/p><p>comprar batracotoxina, batracotoxina \u00e0 venda, comprar ciguatoxina, ciguatoxina \u00e0 venda, comprar maitotoxina, maitotoxina \u00e0 venda, comprar aflatoxinas, aflatoxinas \u00e0 venda, comprar VX, VX \u00e0 venda, comprar sarin, sarin \u00e0 venda, comprar tabun, tabun \u00e0 venda, comprar soman, soman \u00e0 venda, comprar cianeto de hidrog\u00e9nio, cianeto de hidrog\u00e9nio \u00e0 venda, comprar cianeto de s\u00f3dio, cianeto de s\u00f3dio \u00e0 venda, comprar ars\u00e9nico, ars\u00e9nico \u00e0 venda, comprar pol\u00f3nio-210, pol\u00f3nio-210 \u00e0 venda, comprar t\u00e1lio, t\u00e1lio \u00e0 venda, comprar merc\u00fario,<\/p><p>merc\u00fario \u00e0 venda, comprar atropina, atropina \u00e0 venda, comprar aconitina, aconitina \u00e0 venda, comprar digitalis, digitalis \u00e0 venda, comprar estricnina, estricnina \u00e0 venda, comprar oleandrina, oleandrina \u00e0 venda, comprar colchicina, colchicina \u00e0 venda, comprar alcal\u00f3ides do cravagem, alcal\u00f3ides do cravagem \u00e0 venda, comprar coniina, coniina \u00e0 venda, comprar taxina, taxina \u00e0 venda,<\/p><p>comprar g\u00e1s cloro, g\u00e1s cloro \u00e0 venda, comprar fosg\u00e9nio, fosg\u00e9nio \u00e0 venda, comprar mon\u00f3xido de carbono, mon\u00f3xido de carbono \u00e0 venda, comprar dioxinas, dioxinas \u00e0 venda, comprar chumbo, chumbo \u00e0 venda, comprar c\u00e1dmio, c\u00e1dmio \u00e0 venda, comprar veneno de cobra, veneno de cobra \u00e0 venda, comprar veneno de mamba negra, veneno de mamba negra \u00e0 venda,<\/p><p>comprar veneno de \u00e1gua-viva-caixa, veneno de \u00e1gua-viva-caixa \u00e0 venda, comprar veneno de peixe-pedra, veneno de peixe-pedra \u00e0 venda, comprar gases t\u00f3xicos, gases t\u00f3xicos \u00e0 venda, comprar venenos qu\u00edmicos, venenos qu\u00edmicos \u00e0 venda, comprar toxinas marinhas,<\/p><p>toxinas marinhas \u00e0 venda, comprar venenos \u00e0 base de plantas, venenos \u00e0 base de plantas \u00e0 venda, comprar agentes nervosos, agentes nervosos \u00e0 venda,<\/p><p>comprar metais pesados, metais pesados \u00e0 venda, comprar cianeto, melhor lugar para comprar cianeto, comprar c\u00e1psulas de cianeto, comprar cianeto em p\u00f3, comprar cianeto l\u00edquido, comprar produtos qu\u00edmicos para pesquisa, produtos qu\u00edmicos para pesquisa \u00e0 venda, onde comprar veneno, comprar toxinas letais, melhor lugar para comprar toxinas, comprar veneno animal, veneno animal \u00e0 venda, comprar ricina online, comprar botul\u00ednica pura, comprar cianeto com COA, comprar toxinas para uso em laborat\u00f3rio,<\/p><p>comprar tri\u00f3xido de ars\u00e9nico, comprar toxinas com envio discreto, comprar spray de conotoxinas, comprar aconitina l\u00edquida, comprar ricina em p\u00f3, comprar produtos qu\u00edmicos industriais, produtos qu\u00edmicos industriais \u00e0 venda, comprar comprimidos de digitalis, comprar c\u00e1psulas de estricnina, comprar agentes nervosos online, g\u00e1s VX \u00e0 venda, comprar pol\u00f3nio discretamente,<\/p><p>comprar toxinas qu\u00edmicas, comprar p\u00f3 de chumbo, comprar l\u00edquido de t\u00e1lio, comprar toxinas ambientais, comprar kit de venenos, comprar toxinas com SDS, onde comprar subst\u00e2ncias t\u00f3xicas, comprar venenos para uso pessoal, comprar toxinas com EPI, comprar agentes qu\u00edmicos com envio r\u00e1pido, comprar cianeto perto de mim, comprar veneno com envio discreto,<\/p><p>comprar produtos qu\u00edmicos t\u00f3xicos em todo o mundo, comprar subst\u00e2ncias venenosas, comprar veneno de fornecedores confi\u00e1veis, encomendar toxina botul\u00ednica online, comprar ars\u00e9nico com certificado de an\u00e1lise, comprar cianeto e produtos qu\u00edmicos t\u00f3xicos, melhor loja online para venenos, comprar sarin online, comprar comprimidos de merc\u00fario, comprar toxinas de oleandro, comprar ricina discretamente, comprar venenos de a\u00e7\u00e3o r\u00e1pida, comprar cianeto com seguran\u00e7a,<\/p><p>onde comprar toxina botul\u00ednica perto de mim, encomendar agente nervoso VX, comprar toxinas nervosas com envio, comprar toxinas letais para investiga\u00e7\u00e3o, comprar estricnina online, comprar toxinas marinhas com entrega r\u00e1pida, comprar c\u00e1psulas de taxina, melhor loja para toxinas venenosas, comprar aconitina discretamente, onde encomendar toxinas online, comprar venenos \u00e0 base de plantas, comprar derivados de cravagem, comprar sprays t\u00f3xicos, melhor lugar para encomendar produtos qu\u00edmicos online, comprar botijas de g\u00e1s t\u00f3xico,<\/p><p>comprar subst\u00e2ncias altamente t\u00f3xicas, comprar venenos online com seguran\u00e7a, comprar venenos industriais discretamente, comprar botul\u00ednica rapidamente, onde comprar cianeto online, encomendar produtos qu\u00edmicos t\u00f3xicos com COA, comprar fosg\u00e9nio para uso laboratorial, comprar toxinas de cobras venenosas, comprar veneno de mamba negra com envio r\u00e1pido, comprar veneno de peixe-pedra com an\u00e1lise, melhor fornecedor de subst\u00e2ncias t\u00f3xicas,<\/p><p>onde comprar produtos qu\u00edmicos perigosos, comprar spray de aconitina, comprar toxinas para pesquisa online, comprar ars\u00e9nico com entrega discreta, comprar toxinas com envio internacional r\u00e1pido, comprar agentes nervosos agora, melhor mercado para agentes t\u00f3xicos, comprar p\u00f3s de chumbo e c\u00e1dmio, comprar toxinas altamente letais online,<\/p><p>Encomende venenos com seguran\u00e7a, compre ricina perto de mim, compre cianeto de s\u00f3dio com seguran\u00e7a, compre merc\u00fario online, compre toxina botul\u00ednica com envio r\u00e1pido, encomende toxinas discretamente, a melhor fonte de agentes nervosos, compre produtos qu\u00edmicos perigosos agora.<\/p>\t\t\t\t\t\t\t\t<\/div>\n\t\t\t\t<\/div>\n\t\t\t\t\t<\/div>\n\t\t\t\t<\/div>\n\t\t\t\t<\/div>","protected":false},"excerpt":{"rendered":"<p>Buy Poisons online; We\u2019re here to assist you with any inquiries or concerns. Please reach out to us through the following methods: \u00a0 Email:Ps35dk@proton.me For support related to orders, shipping, or product information, our team is ready to help. Thank you for choosing Poison Shops. We look forward to hearing from you! Buy Poisons online [&hellip;]<\/p>\n","protected":false},"author":1,"featured_media":0,"parent":0,"menu_order":0,"comment_status":"closed","ping_status":"closed","template":"","meta":{"footnotes":""},"class_list":["post-439","page","type-page","status-publish","hentry"],"_links":{"self":[{"href":"https:\/\/poisonshops.com\/pt\/wp-json\/wp\/v2\/pages\/439","targetHints":{"allow":["GET"]}}],"collection":[{"href":"https:\/\/poisonshops.com\/pt\/wp-json\/wp\/v2\/pages"}],"about":[{"href":"https:\/\/poisonshops.com\/pt\/wp-json\/wp\/v2\/types\/page"}],"author":[{"embeddable":true,"href":"https:\/\/poisonshops.com\/pt\/wp-json\/wp\/v2\/users\/1"}],"replies":[{"embeddable":true,"href":"https:\/\/poisonshops.com\/pt\/wp-json\/wp\/v2\/comments?post=439"}],"version-history":[{"count":19,"href":"https:\/\/poisonshops.com\/pt\/wp-json\/wp\/v2\/pages\/439\/revisions"}],"predecessor-version":[{"id":539,"href":"https:\/\/poisonshops.com\/pt\/wp-json\/wp\/v2\/pages\/439\/revisions\/539"}],"wp:attachment":[{"href":"https:\/\/poisonshops.com\/pt\/wp-json\/wp\/v2\/media?parent=439"}],"curies":[{"name":"wp","href":"https:\/\/api.w.org\/{rel}","templated":true}]}}