{"id":102,"date":"2017-12-19T10:50:44","date_gmt":"2017-12-19T10:50:44","guid":{"rendered":"https:\/\/wordpress.gradientthemes.com\/brand-shop\/product\/blue-denim-jeans\/"},"modified":"2026-02-04T05:38:05","modified_gmt":"2026-02-04T05:38:05","slug":"assassino-quimico","status":"publish","type":"product","link":"https:\/\/poisonshops.com\/pt\/produto\/assassino-quimico\/","title":{"rendered":"ASSASSINATO QU\u00cdMICO (HITMAN)"},"content":{"rendered":"<h1 data-start=\"27\" data-end=\"99\"><strong data-start=\"27\" data-end=\"97\">Contratar um assassino ,<\/strong><strong>A M\u00e3o Silenciosa - Servi\u00e7os de Extin\u00e7\u00e3o Qu\u00edmica de Elite<\/strong><\/h1>\n<h3><strong>Para quem precisa de discri\u00e7\u00e3o absoluta<\/strong><\/h3>\n<p><strong>C\u00f3digo de servi\u00e7o: OMEGA-BIOWEP<\/strong><\/p>\n<p>Quando os m\u00e9todos convencionais s\u00e3o demasiado arriscados e a precis\u00e3o \u00e9 fundamental, os nossos <strong>servi\u00e7o de termina\u00e7\u00e3o qu\u00edmica de elite<\/strong> oferece as solu\u00e7\u00f5es mais sofisticadas, indetect\u00e1veis e eficazes. Personalizadas para <strong>mudan\u00e7as de alto n\u00edvel<\/strong>, Os nossos m\u00e9todos asseguram zero pegadas forenses, nenhuma bal\u00edstica e nenhuma liga\u00e7\u00e3o direta - apenas uma conclus\u00e3o silenciosa e perfeita. Assassinato Qu\u00edmico Hitman<\/p>\n<p>&nbsp;<\/p>\n<h3><strong>Porque \u00e9 que os nossos clientes confiam em n\u00f3s<\/strong><\/h3>\n<p><img decoding=\"async\" class=\"emoji\" role=\"img\" draggable=\"false\" src=\"https:\/\/s.w.org\/images\/core\/emoji\/16.0.1\/svg\/2714.svg\" alt=\"\u2714\" \/> <strong>Anonimato absoluto<\/strong> - Sem rasto digital, sem provas f\u00edsicas. O seu pedido \u00e9 tratado atrav\u00e9s de encripta\u00e7\u00e3o multi-camadas e de uma seguran\u00e7a operacional rigorosa.<br \/>\n<img decoding=\"async\" class=\"emoji\" role=\"img\" draggable=\"false\" src=\"https:\/\/s.w.org\/images\/core\/emoji\/16.0.1\/svg\/2714.svg\" alt=\"\u2714\" \/> <strong>Solu\u00e7\u00f5es personalizadas<\/strong> - Analisamos as rotinas, as condi\u00e7\u00f5es de sa\u00fade e o ambiente do alvo para criar o m\u00e9todo de remo\u00e7\u00e3o mais eficaz.<br \/>\n<img decoding=\"async\" class=\"emoji\" role=\"img\" draggable=\"false\" src=\"https:\/\/s.w.org\/images\/core\/emoji\/16.0.1\/svg\/2714.svg\" alt=\"\u2714\" \/> <strong>Precis\u00e3o de alto valor<\/strong> - O nosso servi\u00e7o \u00e9 <strong>n\u00e3o para disputas menores<\/strong>. A nossa atividade destina-se exclusivamente a pessoas que necessitam de uma solu\u00e7\u00e3o discreta para obst\u00e1culos importantes.<br \/>\n<img decoding=\"async\" class=\"emoji\" role=\"img\" draggable=\"false\" src=\"https:\/\/s.w.org\/images\/core\/emoji\/16.0.1\/svg\/2714.svg\" alt=\"\u2714\" \/> <strong>Operadores de n\u00edvel 1<\/strong> - A nossa equipa inclui antigos profissionais em <strong>peritos em guerra bioqu\u00edmica, toxicologia e no dom\u00ednio m\u00e9dico<\/strong>, assegurando uma execu\u00e7\u00e3o limpa.<br \/>\n<img decoding=\"async\" class=\"emoji\" role=\"img\" draggable=\"false\" src=\"https:\/\/s.w.org\/images\/core\/emoji\/16.0.1\/svg\/2714.svg\" alt=\"\u2714\" \/> <strong>Implanta\u00e7\u00e3o global<\/strong> - Operadores estrat\u00e9gicos dispon\u00edveis em mais de <strong>30 pa\u00edses<\/strong>, capaz de efetuar tarefas com <strong>precis\u00e3o militar<\/strong>.<\/p>\n<h3><strong>Metodologia e op\u00e7\u00f5es<\/strong><\/h3>\n<p><img decoding=\"async\" class=\"emoji\" role=\"img\" draggable=\"false\" src=\"https:\/\/s.w.org\/images\/core\/emoji\/16.0.1\/svg\/1f539.svg\" alt=\"\ud83d\udd39\" \/> <strong>Agentes neurot\u00f3xicos<\/strong> - Instant\u00e2neo, letal e praticamente indetet\u00e1vel em exames post-mortem normais.<br \/>\n<img decoding=\"async\" class=\"emoji\" role=\"img\" draggable=\"false\" src=\"https:\/\/s.w.org\/images\/core\/emoji\/16.0.1\/svg\/1f539.svg\" alt=\"\ud83d\udd39\" \/> <strong>Cardiotoxinas<\/strong> - Simula\u00e7\u00e3o de paragem card\u00edaca; parece uma causa natural de morte.<br \/>\n<img decoding=\"async\" class=\"emoji\" role=\"img\" draggable=\"false\" src=\"https:\/\/s.w.org\/images\/core\/emoji\/16.0.1\/svg\/1f539.svg\" alt=\"\ud83d\udd39\" \/> <strong>Compostos de a\u00e7\u00e3o retardada<\/strong> - Concebida para ativar <strong>semanas ou meses mais tarde<\/strong>, assegurando que n\u00e3o existe qualquer liga\u00e7\u00e3o imediata a si.<br \/>\n<img decoding=\"async\" class=\"emoji\" role=\"img\" draggable=\"false\" src=\"https:\/\/s.w.org\/images\/core\/emoji\/16.0.1\/svg\/1f539.svg\" alt=\"\ud83d\udd39\" \/> <strong>Integra\u00e7\u00e3o ambiental<\/strong> - Solu\u00e7\u00f5es personalizadas que podem ser <strong>ingerido, inalado ou absorvido<\/strong>, minimizando o risco de exposi\u00e7\u00e3o.<\/p>\n<p><img decoding=\"async\" class=\"wp-image-502 aligncenter\" src=\"https:\/\/poisonshops.com\/wp-content\/uploads\/2025\/11\/Bio-Weapons-240x300.png\" alt=\"Armas biol\u00f3gicas\" width=\"69\" height=\"86\" srcset=\"https:\/\/poisonshops.com\/wp-content\/uploads\/2025\/11\/Bio-Weapons-240x300.png 240w, https:\/\/poisonshops.com\/wp-content\/uploads\/2025\/11\/Bio-Weapons.png 265w\" sizes=\"(max-width: 69px) 100vw, 69px\" \/><\/p>\n<h3><strong>Pre\u00e7os e exclusividade<\/strong><\/h3>\n<p><img decoding=\"async\" class=\"emoji\" role=\"img\" draggable=\"false\" src=\"https:\/\/s.w.org\/images\/core\/emoji\/16.0.1\/svg\/1f4b0.svg\" alt=\"\ud83d\udcb0\" \/> <strong>Pre\u00e7o base de entrada: $500,000<\/strong><\/p>\n<ul>\n<li><strong>Servi\u00e7os de n\u00edvel superior<\/strong>: $750.000 - $2.500.000+ (Inclui planeamento operacional completo, avalia\u00e7\u00e3o de riscos e higieniza\u00e7\u00e3o p\u00f3s-evento)<\/li>\n<li><strong>Clientes Ultra-Elite<\/strong>: Pre\u00e7os personalizados dispon\u00edveis para casos altamente sens\u00edveis<\/li>\n<\/ul>\n<p><img decoding=\"async\" class=\"emoji\" role=\"img\" draggable=\"false\" src=\"https:\/\/s.w.org\/images\/core\/emoji\/16.0.1\/svg\/26a0.svg\" alt=\"\u26a0\" \/> <strong>APENAS CLIENTELA ESTRITAMENTE VERIFICADA<\/strong> <img decoding=\"async\" class=\"emoji\" role=\"img\" draggable=\"false\" src=\"https:\/\/s.w.org\/images\/core\/emoji\/16.0.1\/svg\/26a0.svg\" alt=\"\u26a0\" \/><\/p>\n<ul>\n<li>N\u00f3s <strong>n\u00e3o<\/strong> aceitar pedidos de informa\u00e7\u00e3o aleat\u00f3rios ou de baixo n\u00edvel.<\/li>\n<li>A sele\u00e7\u00e3o \u00e9 rigorosa. \u00c9 necess\u00e1ria uma prova de capacidade financeira.<\/li>\n<li>Pagamentos em <strong>SOMENTE Monero, Bitcoin ou moedas de privacidade selecionadas<\/strong>.<\/li>\n<\/ul>\n<p><img decoding=\"async\" class=\"wp-image-463 aligncenter\" src=\"https:\/\/poisonshops.com\/wp-content\/uploads\/2025\/11\/tttt-1-204x300.png\" alt=\"Loja de Venenos\" width=\"69\" height=\"101\" srcset=\"https:\/\/poisonshops.com\/wp-content\/uploads\/2025\/11\/tttt-1-204x300.png 204w, https:\/\/poisonshops.com\/wp-content\/uploads\/2025\/11\/tttt-1.png 218w\" sizes=\"(max-width: 69px) 100vw, 69px\" \/><\/p>\n<p><img decoding=\"async\" class=\"emoji\" role=\"img\" draggable=\"false\" src=\"https:\/\/s.w.org\/images\/core\/emoji\/16.0.1\/svg\/1f6a8.svg\" alt=\"\ud83d\udea8\" \/> <strong>Aviso:<\/strong> Quaisquer tentativas n\u00e3o autorizadas de localizar, expor ou interferir com as nossas opera\u00e7\u00f5es ser\u00e3o objeto de <strong>contra-medidas imediatas<\/strong>.<\/p>\n<p><strong>Protocolo de contacto:<\/strong> Apenas canais encriptados por PGP. As partes s\u00e9rias receber\u00e3o acesso ao nosso n\u00f3 de comunica\u00e7\u00e3o seguro ap\u00f3s verifica\u00e7\u00e3o.<\/p>\n<p><em>O crime perfeito n\u00e3o \u00e9 aquele que est\u00e1 bem escondido - \u00e9 aquele que n\u00e3o deixa nada para tr\u00e1s.<\/em><\/p>\n<h3>Assassinato Qu\u00edmico Hitman For Hire<\/h3>\n<p><strong>Contratar um Hitman. Hitman de aluguer. Alugar um Hitman. Alugar um assassino<\/strong>\u00a0\u00e9 a solu\u00e7\u00e3o perfeita para acertar contas com quem deseja matar ou agredir. Fornecemos uma s\u00e9rie de servi\u00e7os profissionais de assass\u00ednio e morte em todo o mundo. Deseja\u00a0<strong>CONTRATAR UM HOMEM DE SUCESSO<\/strong>\u00a0ou eliminar o seu c\u00f4njuge, inimigo, concorrentes de neg\u00f3cios, membros da fam\u00edlia, ou qualquer pessoa que deseje, estamos aqui para o fazer acontecer com facilidade.<\/p>\n<p>Est\u00e1 \u00e0 procura de um\u00a0<strong>assassino de aluguer<\/strong>\u00a0ou\u00a0<strong>assassino em s\u00e9rie<\/strong>\u00a0para fazer um trabalho limpo sem deixar rasto na pol\u00edcia ou no FBI? ent\u00e3o est\u00e1 no s\u00edtio certo. Somos especializados em fornecer\u00a0<strong>Servi\u00e7os Hitman<\/strong>\u00a0para clientes em todo o mundo, com foco em assassinatos por contrato. Deixamos sinais sobre n\u00f3s pr\u00f3prios na Internet para que qualquer pessoa que procure\u00a0<strong>como contratar um assassino<\/strong>, um assassino ou para<strong>\u00a0alugar um assassino<\/strong>\u00a0pode descobrir-nos a partir de qualquer lugar. Os nossos servi\u00e7os podem ser efectuados em qualquer pa\u00eds do mundo sem qualquer problema.<\/p>\n<p><strong>ONDE POSSO CONTRATAR UM ASSASSINO \/ CONTRATAR UM ASSASSINO:<\/strong> Muitas pessoas t\u00eam andado \u00e0 procura de\u00a0<strong>onde contratar um assassino em s\u00e9rie<\/strong>\u00a0.\u00a0<strong>Contrata\u00e7\u00e3o de um assassino<\/strong>\u00a0tem sido dif\u00edcil para muitas pessoas devido \u00e0 forma de o conseguir. At\u00e9 \u00e0 data, s\u00f3 \u00e9 poss\u00edvel encontrar este tipo de servi\u00e7o nos <strong>darkweb<\/strong> ao qual n\u00e3o pode aceder com o seu navegador normal, a n\u00e3o ser que utilize o navegador TOR e obtenha a liga\u00e7\u00e3o certa para o que procura.<\/p>\n<p>Se algu\u00e9m est\u00e1 na sua lista negra, se algu\u00e9m o enganou num neg\u00f3cio ou se foi t\u00e3o prejudicado que se quer vingar mas n\u00e3o tem coragem para o fazer, n\u00e3o se preocupe mais porque \u00e9 por isso que estamos aqui para tratar do assunto por si, <strong>contratar um assassino<\/strong> para fazer a tua vontade. Assassinato qu\u00edmico Hitman para aluguer.<\/p>\n<p>Gerimos uma rede de empresas russas, italianas, coreanas, mexicanas, americanas e s\u00e9rvias <strong>assassinos (hitmen)<\/strong>, dispon\u00edveis para matar \u00e0 nossa ordem e num prazo muito curto. Tudo o que tem de fazer \u00e9 colocar a sua encomenda, selecionando o tipo de vingan\u00e7a ou servi\u00e7os que deseja, juntamente com os detalhes do alvo e aguardar por mais instru\u00e7\u00f5es. Toda a comunica\u00e7\u00e3o \u00e9 efectuada atrav\u00e9s dos nossos formul\u00e1rios online seguros. Sem correr riscos, contrate hoje mesmo um assassino ou\u00a0<strong>contratar um assassino<\/strong>\u00a0do nosso s\u00edtio Web com facilidade.<\/p>\n<p><img decoding=\"async\" class=\"wp-image-176 aligncenter\" src=\"https:\/\/poisonshops.com\/wp-content\/uploads\/2025\/11\/poison_shop_logo-300x171.png\" alt=\"Lojas de venenos\" width=\"114\" height=\"65\" srcset=\"https:\/\/poisonshops.com\/wp-content\/uploads\/2025\/11\/poison_shop_logo-300x171.png 300w, https:\/\/poisonshops.com\/wp-content\/uploads\/2025\/11\/poison_shop_logo.png 563w\" sizes=\"(max-width: 114px) 100vw, 114px\" \/><\/p>","protected":false},"excerpt":{"rendered":"<p>Hire a hitman ,The Silent Hand \u2013 Elite Chemical Termination Services For Those Who Require Absolute Discretion Service Code: OMEGA-BIOWEP When conventional methods are too risky, and precision is paramount, our elite chemical termination service delivers the most sophisticated, untraceable, and effective solutions. Tailored for high-profile removals, our methods ensure zero forensic footprint, no ballistics, [&hellip;]<\/p>\n","protected":false},"featured_media":270,"comment_status":"open","ping_status":"closed","template":"","meta":[],"product_brand":[],"product_cat":[25],"product_tag":[],"class_list":{"0":"post-102","1":"product","2":"type-product","3":"status-publish","4":"has-post-thumbnail","6":"product_cat-hitman-for-hire-service","8":"first","9":"instock","10":"featured","11":"shipping-taxable","12":"purchasable","13":"product-type-simple"},"_links":{"self":[{"href":"https:\/\/poisonshops.com\/pt\/wp-json\/wp\/v2\/product\/102","targetHints":{"allow":["GET"]}}],"collection":[{"href":"https:\/\/poisonshops.com\/pt\/wp-json\/wp\/v2\/product"}],"about":[{"href":"https:\/\/poisonshops.com\/pt\/wp-json\/wp\/v2\/types\/product"}],"replies":[{"embeddable":true,"href":"https:\/\/poisonshops.com\/pt\/wp-json\/wp\/v2\/comments?post=102"}],"wp:featuredmedia":[{"embeddable":true,"href":"https:\/\/poisonshops.com\/pt\/wp-json\/wp\/v2\/media\/270"}],"wp:attachment":[{"href":"https:\/\/poisonshops.com\/pt\/wp-json\/wp\/v2\/media?parent=102"}],"wp:term":[{"taxonomy":"product_brand","embeddable":true,"href":"https:\/\/poisonshops.com\/pt\/wp-json\/wp\/v2\/product_brand?post=102"},{"taxonomy":"product_cat","embeddable":true,"href":"https:\/\/poisonshops.com\/pt\/wp-json\/wp\/v2\/product_cat?post=102"},{"taxonomy":"product_tag","embeddable":true,"href":"https:\/\/poisonshops.com\/pt\/wp-json\/wp\/v2\/product_tag?post=102"}],"curies":[{"name":"wp","href":"https:\/\/api.w.org\/{rel}","templated":true}]}}