{"id":108,"date":"2017-12-19T09:56:29","date_gmt":"2017-12-19T09:56:29","guid":{"rendered":"https:\/\/wordpress.gradientthemes.com\/brand-shop\/product\/flamingo-tshirt\/"},"modified":"2025-12-08T21:55:27","modified_gmt":"2025-12-08T21:55:27","slug":"comprar-escopolamina-halito-do-diabo","status":"publish","type":"product","link":"https:\/\/poisonshops.com\/pt\/produto\/comprar-escopolamina-halito-do-diabo\/","title":{"rendered":"Comprar Escopolamina (Sopro do Diabo)"},"content":{"rendered":"<h2>Comprar Scopolamina Devils Breath<\/h2>\n<p>A escopolamina, tamb\u00e9m conhecida como hioscina ou Devil's Breath, \u00e9 um alcal\u00f3ide trop\u00e2nico natural ou produzido sinteticamente e um medicamento anticolin\u00e9rgico utilizado no tratamento de enjoos e n\u00e1useas e v\u00f3mitos p\u00f3s-operat\u00f3rios. Tamb\u00e9m \u00e9 por vezes utilizada antes de cirurgias para diminuir a saliva\u00e7\u00e3o. Quando utilizada por inje\u00e7\u00e3o, os efeitos come\u00e7am ap\u00f3s cerca de 20 minutos e duram at\u00e9 8 horas. Tamb\u00e9m pode ser utilizada por via oral. Compre Escopolamina Devils Breath.<\/p>\n<h3>O que faz a escopolamina?<\/h3>\n<p>A escopolamina faz parte da fam\u00edlia dos medicamentos antimuscar\u00ednicos e atua bloqueando alguns dos efeitos da acetilcolina no sistema nervoso. A escopolamina foi descrita pela primeira vez em 1881 e come\u00e7ou a ser usada para anestesia por volta de 1900. A escopolamina \u00e9 tamb\u00e9m o principal componente ativo produzido por certas plantas da fam\u00edlia das solan\u00e1ceas, que t\u00eam sido historicamente utilizadas como drogas psicoativas (conhecidas como delirantes) devido aos seus efeitos alucin\u00f3genos induzidos por antimuscar\u00ednicos em doses mais elevadas. Nestes contextos, os seus efeitos psicoativos t\u00eam sido utilizados para fins recreativos e ocultistas.<\/p>\n<h4><span class=\"kY2IgmnCmOGjharHErah\">Compre p\u00f3 de escopolamina online para venda<\/span><\/h4>\n<p>Envenenamento por escopolamina proveniente do vinho caseiro \u2018flor da lua\u2019<br \/>\nLH, um homem caucasiano de 76 anos, bebeu 3 colheres de ch\u00e1 (15 ml) de vinho caseiro durante um per\u00edodo de 1 hora e ficou doente. Aproximadamente 1,5 horas depois, foi levado para a sala de emerg\u00eancia de um hospital local com sintomas de dificuldade respirat\u00f3ria e fraqueza. A planta usada na produ\u00e7\u00e3o do vinho era a trombeta-de-anjo (Datura suaveolens), que supostamente cont\u00e9m quantidades vari\u00e1veis de escopolamina e atropina.<\/p>\n<p>Uma amostra do vinho foi recolhida e analisada para estes dois compostos por cromatografia HPLC de fase reversa usando 97% metanol-3% \u00e1gua desionizada. O vinho filtrado continha aproximadamente 29 mg de escopolamina\/mL, o que produziu uma dose total ingerida de 435 mg. N\u00e3o foi detectada atropina. A escopolamina foi confirmada por TLC. Foi relatado que uma dose oral de 50 mg de sulfato de atropina em humanos \u00e9 fatal. O teor alco\u00f3lico e o pH 3,8 do vinho caseiro podem ter aumentado a extra\u00e7\u00e3o desse composto do material vegetal, e o processo de fermenta\u00e7\u00e3o do vinho pode ter concentrado o extrato original.<\/p>\n<p><img decoding=\"async\" class=\"wp-image-463 aligncenter\" src=\"https:\/\/poisonshops.com\/wp-content\/uploads\/2025\/11\/tttt-1-204x300.png\" alt=\"Loja de Venenos\" width=\"63\" height=\"93\" srcset=\"https:\/\/poisonshops.com\/wp-content\/uploads\/2025\/11\/tttt-1-204x300.png 204w, https:\/\/poisonshops.com\/wp-content\/uploads\/2025\/11\/tttt-1.png 218w\" sizes=\"(max-width: 63px) 100vw, 63px\" \/><\/p>\n<h2>Dosagem para a morte<\/h2>\n<p>A escopolamina em pequenas doses causa inconsci\u00eancia por at\u00e9 24 horas ou mais, sendo amplamente utilizada em assaltos em que a v\u00edtima fica inconsciente. Mas na quantidade de 10 mg \u00e9 suficiente para matar e pode ser usada juntamente com alimentos ou bebidas, sendo que em bebidas alco\u00f3licas o seu efeito \u00e9 mais r\u00e1pido, cerca de 30 minutos, causando uma morte indolor, pois provoca sonol\u00eancia. S\u00f3 \u00e9 detectada em aut\u00f3psias mais precisas. <span class=\"kY2IgmnCmOGjharHErah\">Compre p\u00f3 de escopolamina online para venda<\/span>.<\/p>\n<p>escopolamina, nos filmes \u00e9 chamada de soro verdadeiro, aplique com muito cuidado e a seu crit\u00e9rio!<\/p>\n<p><img decoding=\"async\" class=\"wp-image-502 aligncenter\" src=\"https:\/\/poisonshops.com\/wp-content\/uploads\/2025\/11\/Bio-Weapons-240x300.png\" alt=\"Armas biol\u00f3gicas\" width=\"65\" height=\"81\" srcset=\"https:\/\/poisonshops.com\/wp-content\/uploads\/2025\/11\/Bio-Weapons-240x300.png 240w, https:\/\/poisonshops.com\/wp-content\/uploads\/2025\/11\/Bio-Weapons.png 265w\" sizes=\"(max-width: 65px) 100vw, 65px\" \/><\/p>\n<h3 class=\"LnpumSThxEWMIsDdAT17 CXMyPcQ6nDv47DKFeywM\"><span class=\"EKtkFWMYpwzMKOYr0GYm LQVY1Jpkk8nyJ6HBWKAk\">COMPRAR Scopolamina (Sopro do Diabo) em p\u00f3 online<\/span><\/h3>\n<p><span class=\"kY2IgmnCmOGjharHErah\"><b>Comprar<\/b> <b>escopolamina<\/b> online. A hioscina, tamb\u00e9m conhecida como <b>escopolamina<\/b>( <b>Do Diabo<\/b> <b>Respira\u00e7\u00e3o<\/b>), \u00e9 um medicamento utilizado para tratar enjoos e n\u00e1useas e v\u00f3mitos p\u00f3s-operat\u00f3rios. adesivo para enjoos, adesivo para enjoos mar\u00edtimos, adesivo para n\u00e1useas, transderm scop, adesivo dramamine, adesivo anti-n\u00e1useas, adesivo para enjoos mar\u00edtimos, enjoos <\/span><\/p>\n<p><span class=\"kY2IgmnCmOGjharHErah\"><b>Comprar<\/b> <b>Escopolamina<\/b> P\u00f3 \u00e0 venda online (Burundanga, \u201cO <b>Do Diabo<\/b> <b>Respira\u00e7\u00e3o<\/b>\u201c, Borrachero, Hioscina, Trombeta-de-anjo) A hioscina, tamb\u00e9m conhecida como <b>escopolamina<\/b>, \u00e9 um medicamento utilizado para tratar enjoos e n\u00e1useas e v\u00f3mitos p\u00f3s-operat\u00f3rios.<\/span><\/p>\n<p><span class=\"kY2IgmnCmOGjharHErah\">Depois de inalar o \u201c<b>Do Diabo<\/b> <b>Respira\u00e7\u00e3o<\/b>, sabe-se que as v\u00edtimas acordam sem qualquer mem\u00f3ria de terem levantado as suas poupan\u00e7as de uma vida e as terem dado. <b>Escopolamina<\/b>, apelidado de \u201c<b>Do Diabo<\/b> <b>Respira\u00e7\u00e3o<\/b>, \u00e9 frequentemente considerada a droga mais perigosa do mundo. Prevalece principalmente na Am\u00e9rica do Sul.<\/span><\/p>\n<p><span class=\"kY2IgmnCmOGjharHErah\"><b>Do Diabo<\/b> <b>Respira\u00e7\u00e3o<\/b> \u00e9 derivado da flor do arbusto \u201cborrachero\u201d, comum na Col\u00f4mbia, pa\u00eds da Am\u00e9rica do Sul. As sementes, quando pulverizadas e extra\u00eddas atrav\u00e9s de um processo qu\u00edmico, cont\u00eam uma subst\u00e2ncia qu\u00edmica semelhante \u00e0 <b>escopolamina<\/b> chamada \u201cburandanga\u201d. Compre escopolamina, o sopro do diabo.<\/span><\/p>\n<h3>Escopolamina \u00e0 venda online<\/h3>\n<p><img decoding=\"async\" class=\"wp-image-176 aligncenter\" src=\"https:\/\/poisonshops.com\/wp-content\/uploads\/2025\/11\/poison_shop_logo-300x171.png\" alt=\"Lojas de venenos\" width=\"118\" height=\"67\" srcset=\"https:\/\/poisonshops.com\/wp-content\/uploads\/2025\/11\/poison_shop_logo-300x171.png 300w, https:\/\/poisonshops.com\/wp-content\/uploads\/2025\/11\/poison_shop_logo.png 563w\" sizes=\"(max-width: 118px) 100vw, 118px\" \/><\/p>","protected":false},"excerpt":{"rendered":"<p>Buy Scopolamine Devils Breath Scopolamine, also known as hyoscine, or Devil\u2019s Breath, is a natural or synthetically produced tropane alkaloid and anticholinergic medication that is used as a medication to treat motion sickness and postoperative nausea and vomiting. It is also sometimes used before surgery to decrease saliva. When used by injection, the effects begin [&hellip;]<\/p>\n","protected":false},"featured_media":313,"comment_status":"open","ping_status":"closed","template":"","meta":[],"product_brand":[],"product_cat":[17],"product_tag":[],"class_list":{"0":"post-108","1":"product","2":"type-product","3":"status-publish","4":"has-post-thumbnail","6":"product_cat-poisons-for-sale","8":"first","9":"instock","10":"shipping-taxable","11":"purchasable","12":"product-type-variable"},"_links":{"self":[{"href":"https:\/\/poisonshops.com\/pt\/wp-json\/wp\/v2\/product\/108","targetHints":{"allow":["GET"]}}],"collection":[{"href":"https:\/\/poisonshops.com\/pt\/wp-json\/wp\/v2\/product"}],"about":[{"href":"https:\/\/poisonshops.com\/pt\/wp-json\/wp\/v2\/types\/product"}],"replies":[{"embeddable":true,"href":"https:\/\/poisonshops.com\/pt\/wp-json\/wp\/v2\/comments?post=108"}],"wp:featuredmedia":[{"embeddable":true,"href":"https:\/\/poisonshops.com\/pt\/wp-json\/wp\/v2\/media\/313"}],"wp:attachment":[{"href":"https:\/\/poisonshops.com\/pt\/wp-json\/wp\/v2\/media?parent=108"}],"wp:term":[{"taxonomy":"product_brand","embeddable":true,"href":"https:\/\/poisonshops.com\/pt\/wp-json\/wp\/v2\/product_brand?post=108"},{"taxonomy":"product_cat","embeddable":true,"href":"https:\/\/poisonshops.com\/pt\/wp-json\/wp\/v2\/product_cat?post=108"},{"taxonomy":"product_tag","embeddable":true,"href":"https:\/\/poisonshops.com\/pt\/wp-json\/wp\/v2\/product_tag?post=108"}],"curies":[{"name":"wp","href":"https:\/\/api.w.org\/{rel}","templated":true}]}}