{"id":109,"date":"2017-12-19T09:56:26","date_gmt":"2017-12-19T09:56:26","guid":{"rendered":"https:\/\/wordpress.gradientthemes.com\/brand-shop\/product\/purple-tshirt\/"},"modified":"2025-12-08T22:12:48","modified_gmt":"2025-12-08T22:12:48","slug":"cianeto","status":"publish","type":"product","link":"https:\/\/poisonshops.com\/pt\/produto\/cianeto\/","title":{"rendered":"Cianeto"},"content":{"rendered":"<h2>Cianeto \u00e0 venda online<\/h2>\n<h4>Vis\u00e3o geral<\/h4>\n<p>O cianeto \u00e9 uma subst\u00e2ncia qu\u00edmica de a\u00e7\u00e3o r\u00e1pida e potencialmente mortal que pode existir sob v\u00e1rias formas, incluindo o cianeto de hidrog\u00e9nio (HCN) e sais de cianeto (por exemplo, cianeto de pot\u00e1ssio, cianeto de s\u00f3dio). Interfere com a capacidade do corpo de usar oxig\u00e9nio, levando \u00e0 asfixia celular. Cianeto para venda online.<\/p>\n<h4>Mecanismo de a\u00e7\u00e3o<\/h4>\n<p>O cianeto inibe a citocromo c oxidase, uma enzima cr\u00edtica na cadeia de transporte de electr\u00f5es das mitoc\u00f4ndrias. Esta inibi\u00e7\u00e3o impede que as c\u00e9lulas utilizem o oxig\u00e9nio, levando \u00e0 paragem metab\u00f3lica e \u00e0 morte celular. Cianeto para venda online.<\/p>\n<h4>Como \u00e9 que mata<\/h4>\n<p>Ap\u00f3s a exposi\u00e7\u00e3o, o cianeto entra rapidamente na corrente sangu\u00ednea e inibe o transporte e a utiliza\u00e7\u00e3o do oxig\u00e9nio pelas c\u00e9lulas. Os sintomas podem aparecer em segundos ou minutos, dependendo da via e da quantidade de exposi\u00e7\u00e3o, e podem incluir respira\u00e7\u00e3o r\u00e1pida, dor de cabe\u00e7a, tonturas, convuls\u00f5es, coma e morte por insufici\u00eancia respirat\u00f3ria.<\/p>\n<h3>Comprar veneno na dark web<\/h3>\n<h4>Quantidade necess\u00e1ria para matar<\/h4>\n<p>A dose letal de cianeto varia em fun\u00e7\u00e3o de factores como a via de exposi\u00e7\u00e3o e a toler\u00e2ncia individual. A ingest\u00e3o de apenas 50-200 mg de cianeto de pot\u00e1ssio pode ser fatal para um ser humano adulto. Veneno de cianeto para venda online.<\/p>\n<h4>Sinais e sintomas<\/h4>\n<p>Os sintomas de envenenamento por cianeto incluem:<\/p>\n<ul>\n<li><strong>Sintomas iniciais<\/strong>: Ansiedade, confus\u00e3o, respira\u00e7\u00e3o r\u00e1pida e n\u00e1useas.<\/li>\n<li><strong>Sintomas progressivos<\/strong>: Dores de cabe\u00e7a, tonturas, convuls\u00f5es, perda de consci\u00eancia e paragem card\u00edaca.<\/li>\n<\/ul>\n<h4>Formul\u00e1rios e fontes<\/h4>\n<p>O cianeto pode ser encontrado em:<\/p>\n<ul>\n<li><strong>Ambientes industriais<\/strong>: Utilizado na extra\u00e7\u00e3o de ouro, no revestimento de metais e no fabrico de produtos qu\u00edmicos.<\/li>\n<li><strong>Fontes naturais<\/strong>: Algumas plantas produzem glicos\u00eddeos cianog\u00e9nicos, que podem libertar cianeto quando metabolizados.<\/li>\n<\/ul>\n<h4>Detec\u00e7\u00e3o e tratamento<\/h4>\n<ul>\n<li><strong>Detec\u00e7\u00e3o<\/strong>: O diagn\u00f3stico baseia-se nos sintomas e \u00e9 confirmado por an\u00e1lises ao sangue que medem os n\u00edveis de cianeto.<\/li>\n<li><strong>Tratamento<\/strong>: Administra\u00e7\u00e3o imediata de ant\u00eddotos como a hidroxocobalamina ou o tiossulfato de s\u00f3dio para desintoxicar o cianeto. Os cuidados de suporte incluem oxigenoterapia e apoio cardiovascular. Comprar venenos online Barato e seguro.<\/li>\n<\/ul>\n<h4>Preven\u00e7\u00e3o<\/h4>\n<ul>\n<li><strong>Medidas de seguran\u00e7a<\/strong>: Ventila\u00e7\u00e3o adequada e equipamento de prote\u00e7\u00e3o individual (EPI) em ambientes industriais. Evitar a ingest\u00e3o de plantas potencialmente t\u00f3xicas em ambientes naturais.<\/li>\n<\/ul>\n<h4>Conclus\u00e3o<\/h4>\n<p>O cianeto \u00e9 um qu\u00edmico altamente t\u00f3xico que interfere com a utiliza\u00e7\u00e3o do oxig\u00e9nio pelas c\u00e9lulas, causando um envenenamento r\u00e1pido e potencialmente fatal. Compreender os seus mecanismos, sintomas e tratamento de emerg\u00eancia \u00e9 crucial para mitigar os riscos associados \u00e0 exposi\u00e7\u00e3o. Comprar Dark Web Poisons.<\/p>\n<p><img decoding=\"async\" class=\"wp-image-463 aligncenter\" src=\"https:\/\/poisonshops.com\/wp-content\/uploads\/2025\/11\/tttt-1-204x300.png\" alt=\"Loja de Venenos\" width=\"54\" height=\"79\" srcset=\"https:\/\/poisonshops.com\/wp-content\/uploads\/2025\/11\/tttt-1-204x300.png 204w, https:\/\/poisonshops.com\/wp-content\/uploads\/2025\/11\/tttt-1.png 218w\" sizes=\"(max-width: 54px) 100vw, 54px\" \/><\/p>\n<h3>Comprar veneno na dark web<\/h3>\n<p>Muitos m\u00e9dicos sabem como envenenar uma pessoa em casa e como evitar sinais suspeitos, no entanto, isto continua a ser uma ofensa criminal. No entanto, atualmente, algumas pessoas recorrem a este m\u00e9todo para eliminar o seu advers\u00e1rio, o que acontece frequentemente em comunidades criminosas.<\/p>\n<p>Mesmo os produtos de origem natural s\u00e3o perigosos se soubermos como envenenar uma pessoa. A morte pode ser causada n\u00e3o s\u00f3 por agentes patog\u00e9nicos, mas tamb\u00e9m por compostos. Um veneno bem conhecido \u00e9 a toxina botul\u00ednica, que \u00e9 produzida por micr\u00f3bios especiais que se podem multiplicar intensamente num ambiente proteico. \u00c9 a causa da intoxica\u00e7\u00e3o ap\u00f3s a ingest\u00e3o de alimentos enlatados estragados, cogumelos e outros produtos. No trato digestivo, esta toxina n\u00e3o \u00e9 destru\u00edda por enzimas, mas \u00e9 absorvida pelas membranas mucosas do est\u00f4mago e dos intestinos.<\/p>\n<p>As pessoas que pensam em envenenar algu\u00e9m at\u00e9 a morte raramente preferem a toxina botul\u00ednica, uma vez que a morte, nesse caso, \u00e9 bastante rara.<\/p>\n<p>No entanto, os sinais da doen\u00e7a podem sempre estar relacionados com a \u00faltima refei\u00e7\u00e3o que fizeram, durante a qual podem ter consumido comida enlatada, enchidos e outros alimentos n\u00e3o seguros. Os sintomas de intoxica\u00e7\u00e3o s\u00e3o n\u00e1useas, v\u00f3mitos e pele seca, ap\u00f3s os quais se desenvolve paralisia dos m\u00fasculos estriados.<\/p>\n<p>A maioria das pessoas conhece o \u00f3leo de r\u00edcino, mas poucas sabem sobre a ricina, uma toxina encontrada nas sementes da mamona. Criminosos que procuram uma ferramenta para envenenar secretamente uma pessoa costumam escolher esse veneno. Trata-se de cristais brancos e inodoros que se dissolvem em um l\u00edquido; no entanto, quando uma solu\u00e7\u00e3o aquosa \u00e9 fervida, as propriedades perigosas da ricina desaparecem.<\/p>\n<p>Esta subst\u00e2ncia venenosa n\u00e3o penetra atrav\u00e9s da pele, s\u00f3 actua quando entra no corpo. No caso de envenenamento por ricina, o per\u00edodo latente de intoxica\u00e7\u00e3o varia de 15 a 24 horas, por vezes os sintomas aparecem mais cedo. Podem ocorrer c\u00f3licas intestinais, diarreia com sangue, n\u00e1useas e v\u00f3mitos, bem como hemorragias na retina do olho.<\/p>\n<p><img decoding=\"async\" class=\"wp-image-502 aligncenter\" src=\"https:\/\/poisonshops.com\/wp-content\/uploads\/2025\/11\/Bio-Weapons-240x300.png\" alt=\"Armas biol\u00f3gicas\" width=\"78\" height=\"97\" srcset=\"https:\/\/poisonshops.com\/wp-content\/uploads\/2025\/11\/Bio-Weapons-240x300.png 240w, https:\/\/poisonshops.com\/wp-content\/uploads\/2025\/11\/Bio-Weapons.png 265w\" sizes=\"(max-width: 78px) 100vw, 78px\" \/><\/p>\n<p>Quando uma quantidade significativa de sementes de mamona entra no corpo, a morte ocorre ap\u00f3s 6 dias devido a danos nos \u00f3rg\u00e3os internos, bem como a hemorragias extensas.<\/p>\n<p>Os criminosos que pensam em como envenenar uma pessoa rapidamente \u00e0s vezes escolhem esse veneno. No entanto, a morte \u00e9 rara.<\/p>\n<p>O veneno da touca da morte era conhecido dos pol\u00edticos e curandeiros medievais que sabiam como envenenar uma pessoa at\u00e9 \u00e0 morte. Atualmente, os cientistas descobriram que este cogumelo cont\u00e9m toxinas como as faloidinas e as alfa-amanitinas, que actuam r\u00e1pida e irreversivelmente; estas subst\u00e2ncias n\u00e3o se desfazem durante o tratamento t\u00e9rmico.<\/p>\n<p>O per\u00edodo latente, sem quaisquer sinais alarmantes, dura at\u00e9 40 horas antes que uma grande quantidade de veneno entre na corrente sangu\u00ednea e cause sinais terr\u00edveis de envenenamento. \u00c9 caracterizado por diarreia, v\u00f3mitos e desidrata\u00e7\u00e3o do corpo, bem como palidez da pele e aumento da frequ\u00eancia card\u00edaca. Alguns dias depois, ocorrem danos extensos nos \u00f3rg\u00e3os internos \u2013 f\u00edgado e rins, desenvolve-se hepatite t\u00f3xica, ap\u00f3s o que se constata a morte.<\/p>\n<p>Como se pode envenenar uma pessoa, se n\u00e3o se tiver em conta os meios acima mencionados? Para este efeito, s\u00e3o utilizados os seguintes componentes:<\/p>\n<ul class=\"wp-block-list\">\n<li>atropina;<\/li>\n<li>solanina;<\/li>\n<li>aflatoxina.<\/li>\n<\/ul>\n<p>A atropina \u00e9 uma subst\u00e2ncia do grupo dos alcal\u00f3ides, encontrada em plantas como a beladona, a datura, o meimendro e outras. A intoxica\u00e7\u00e3o ocorre uma hora ap\u00f3s a ingest\u00e3o do veneno, e o grau de envenenamento pode variar.<\/p>\n<p><img decoding=\"async\" class=\"wp-image-176 aligncenter\" src=\"https:\/\/poisonshops.com\/wp-content\/uploads\/2025\/11\/poison_shop_logo-300x171.png\" alt=\"Lojas de venenos\" width=\"96\" height=\"55\" srcset=\"https:\/\/poisonshops.com\/wp-content\/uploads\/2025\/11\/poison_shop_logo-300x171.png 300w, https:\/\/poisonshops.com\/wp-content\/uploads\/2025\/11\/poison_shop_logo.png 563w\" sizes=\"(max-width: 96px) 100vw, 96px\" \/><\/p>\n<h3>Comprar venenos online Barato e seguro<\/h3>\n<p>Sabe-se que a atropina afecta a estrutura do c\u00e9rebro, causando perturba\u00e7\u00f5es da coordena\u00e7\u00e3o, les\u00f5es card\u00edacas e pulmonares. O resultado letal ocorre com pouca frequ\u00eancia devido a uma dose insuficiente da toxina.<\/p>\n<p>Como \u00e9 que se envenena uma pessoa a curto prazo? Neste caso, a solanina encontrada nas ra\u00edzes dos vegetais \u00e9 uma boa op\u00e7\u00e3o. Pode ser encontrada n\u00e3o s\u00f3 nas batatas, mas tamb\u00e9m nos tomates e nas beringelas.<\/p>\n<p>A intoxica\u00e7\u00e3o manifesta-se sob a forma de n\u00e1useas, v\u00f3mitos, c\u00f3licas abdominais e uma sensa\u00e7\u00e3o de amargura na boca. No entanto, \u00e9 pouco prov\u00e1vel que se consuma uma grande dose de solanina, pelo que as v\u00edtimas n\u00e3o morrem.<\/p>\n<p>Para al\u00e9m disso, as aflatoxinas, um grupo de subst\u00e2ncias t\u00f3xicas segregadas por um fungo microsc\u00f3pico, s\u00e3o um m\u00e9todo comum de envenenamento. Se armazenado incorretamente, aparece em v\u00e1rios produtos alimentares, por exemplo, frutas secas, leite, arroz, ch\u00e1 e contagem. Comprar veneno de cianeto online.<\/p>","protected":false},"excerpt":{"rendered":"<p>Cyanide For Sale Online Overview Cyanide is a rapidly acting, potentially deadly chemical that can exist in various forms, including hydrogen cyanide (HCN) and cyanide salts (e.g., potassium cyanide, sodium cyanide). It interferes with the body\u2019s ability to use oxygen, leading to cellular asphyxiation. Cyanide For Sale Online. Mechanism of Action Cyanide inhibits cytochrome c [&hellip;]<\/p>\n","protected":false},"featured_media":320,"comment_status":"open","ping_status":"closed","template":"","meta":[],"product_brand":[],"product_cat":[17],"product_tag":[],"class_list":{"0":"post-109","1":"product","2":"type-product","3":"status-publish","4":"has-post-thumbnail","6":"product_cat-poisons-for-sale","8":"first","9":"instock","10":"shipping-taxable","11":"purchasable","12":"product-type-variable"},"_links":{"self":[{"href":"https:\/\/poisonshops.com\/pt\/wp-json\/wp\/v2\/product\/109","targetHints":{"allow":["GET"]}}],"collection":[{"href":"https:\/\/poisonshops.com\/pt\/wp-json\/wp\/v2\/product"}],"about":[{"href":"https:\/\/poisonshops.com\/pt\/wp-json\/wp\/v2\/types\/product"}],"replies":[{"embeddable":true,"href":"https:\/\/poisonshops.com\/pt\/wp-json\/wp\/v2\/comments?post=109"}],"wp:featuredmedia":[{"embeddable":true,"href":"https:\/\/poisonshops.com\/pt\/wp-json\/wp\/v2\/media\/320"}],"wp:attachment":[{"href":"https:\/\/poisonshops.com\/pt\/wp-json\/wp\/v2\/media?parent=109"}],"wp:term":[{"taxonomy":"product_brand","embeddable":true,"href":"https:\/\/poisonshops.com\/pt\/wp-json\/wp\/v2\/product_brand?post=109"},{"taxonomy":"product_cat","embeddable":true,"href":"https:\/\/poisonshops.com\/pt\/wp-json\/wp\/v2\/product_cat?post=109"},{"taxonomy":"product_tag","embeddable":true,"href":"https:\/\/poisonshops.com\/pt\/wp-json\/wp\/v2\/product_tag?post=109"}],"curies":[{"name":"wp","href":"https:\/\/api.w.org\/{rel}","templated":true}]}}