{"id":349,"date":"2025-11-20T11:10:23","date_gmt":"2025-11-20T11:10:23","guid":{"rendered":"https:\/\/poisonshops.com\/?post_type=product&#038;p=349"},"modified":"2025-12-02T15:14:41","modified_gmt":"2025-12-02T15:14:41","slug":"veneno-de-polonio-210","status":"publish","type":"product","link":"https:\/\/poisonshops.com\/pt\/produto\/veneno-de-polonio-210\/","title":{"rendered":"Veneno de pol\u00f3nio-210"},"content":{"rendered":"<h2>Comprar veneno de pol\u00f3nio-210<\/h2>\n<h4>Vis\u00e3o geral<\/h4>\n<p>Comprar produtos qu\u00edmicos Pol\u00f3nio-210 com seguran\u00e7a. O pol\u00f3nio-210 \u00e9 um is\u00f3topo radioativo do pol\u00f3nio, um metaloide raro e altamente t\u00f3xico. \u00c9 conhecido principalmente pelo seu uso nas ind\u00fastrias nucleares, mas tamb\u00e9m pode ser usado maliciosamente como veneno devido \u00e0 sua alta toxicidade. Comprar Veneno de Pol\u00f3nio-210.<\/p>\n<h4>Propriedades<\/h4>\n<ul>\n<li><strong>Radioatividade<\/strong>: O pol\u00f3nio-210 emite part\u00edculas alfa, que podem ser detidas pela pele ou por uma folha de papel, mas que podem causar graves danos internos se forem ingeridas ou inaladas.<\/li>\n<li><strong>Meia-vida<\/strong>: Tem uma meia-vida de cerca de 138 dias, decaindo em chumbo-206 est\u00e1vel atrav\u00e9s de decaimento alfa.<\/li>\n<\/ul>\n<h4>Fontes<\/h4>\n<ul>\n<li><strong>Ocorr\u00eancia natural<\/strong>: Encontrado em quantidades vestigiais nos min\u00e9rios e minerais de ur\u00e2nio.<\/li>\n<li><strong>Utiliza\u00e7\u00e3o industrial<\/strong>: Utilizado em eliminadores de est\u00e1tica, escovas e fontes de neutr\u00f5es e part\u00edculas alfa em investiga\u00e7\u00e3o.<\/li>\n<\/ul>\n<h4>Toxicidade<\/h4>\n<ul>\n<li><strong>Dose letal<\/strong>: Uma pequena quantidade, cerca de 1 micrograma, pode ser fatal se for ingerida, inalada ou absorvida atrav\u00e9s de feridas.<\/li>\n<li><strong>Efeitos<\/strong>: Causa danos graves aos tecidos por radia\u00e7\u00e3o, levando \u00e0 fal\u00eancia de \u00f3rg\u00e3os e \u00e0 morte.<\/li>\n<\/ul>\n<h4>Sintomas de envenenamento<\/h4>\n<ul>\n<li><strong>Sintomas iniciais<\/strong>: N\u00e1useas, v\u00f3mitos, diarreia e dores abdominais.<\/li>\n<li><strong>Sintomas posteriores<\/strong>: Perda de cabelo, danos no trato gastrointestinal e supress\u00e3o da fun\u00e7\u00e3o da medula \u00f3ssea.<\/li>\n<\/ul>\n<p><img decoding=\"async\" class=\"alignnone wp-image-463\" src=\"https:\/\/poisonshops.com\/wp-content\/uploads\/2025\/11\/tttt-1-204x300.png\" alt=\"Loja de Venenos\" width=\"52\" height=\"76\" srcset=\"https:\/\/poisonshops.com\/wp-content\/uploads\/2025\/11\/tttt-1-204x300.png 204w, https:\/\/poisonshops.com\/wp-content\/uploads\/2025\/11\/tttt-1.png 218w\" sizes=\"(max-width: 52px) 100vw, 52px\" \/><\/p>\n<h4>Detec\u00e7\u00e3o e tratamento<\/h4>\n<ul>\n<li><strong>Detec\u00e7\u00e3o<\/strong>: O pol\u00f3nio-210 pode ser detectado atrav\u00e9s de testes especializados que medem a radia\u00e7\u00e3o alfa.<\/li>\n<li><strong>Tratamento<\/strong>: N\u00e3o existe um ant\u00eddoto espec\u00edfico. O tratamento centra-se em cuidados de suporte, incluindo terapia de quela\u00e7\u00e3o para remover o pol\u00f3nio do corpo. Comprar o qu\u00edmico Pol\u00f3nio-210 com seguran\u00e7a.<\/li>\n<\/ul>\n<h4>Casos not\u00e1veis<\/h4>\n<ul>\n<li><strong>Alexander Litvinenko<\/strong>: Antigo espi\u00e3o russo que morreu em 2006 envenenado com pol\u00f3nio-210, suspeito de ter sido assassinado por agentes russos. Venenos \u00e0 venda.<\/li>\n<\/ul>\n<p><img decoding=\"async\" class=\"alignnone wp-image-502\" src=\"https:\/\/poisonshops.com\/wp-content\/uploads\/2025\/11\/Bio-Weapons-240x300.png\" alt=\"Armas biol\u00f3gicas\" width=\"53\" height=\"66\" srcset=\"https:\/\/poisonshops.com\/wp-content\/uploads\/2025\/11\/Bio-Weapons-240x300.png 240w, https:\/\/poisonshops.com\/wp-content\/uploads\/2025\/11\/Bio-Weapons.png 265w\" sizes=\"(max-width: 53px) 100vw, 53px\" \/><\/p>\n<h4>Manuseamento e seguran\u00e7a<\/h4>\n<ul>\n<li><strong>Medidas de seguran\u00e7a<\/strong>: O manuseamento exige protocolos de seguran\u00e7a rigorosos devido \u00e0 sua natureza radioactiva e t\u00f3xica. O equipamento e os procedimentos de prote\u00e7\u00e3o s\u00e3o essenciais para evitar a exposi\u00e7\u00e3o acidental.<\/li>\n<\/ul>\n<h4>Conclus\u00e3o<\/h4>\n<p>O pol\u00f3nio-210 \u00e9 uma subst\u00e2ncia radioactiva altamente t\u00f3xica, n\u00e3o se conhecendo um limite seguro de exposi\u00e7\u00e3o. Compreender as suas propriedades, efeitos e os riscos potenciais associados \u00e0 exposi\u00e7\u00e3o \u00e9 crucial para as medidas de prote\u00e7\u00e3o e seguran\u00e7a. Encomendar Pol\u00f3nio-210 qu\u00edmico.<\/p>\n<h4>Encomendar Pol\u00f3nio-210 qu\u00edmico<\/h4>\n<p><img decoding=\"async\" class=\"alignnone wp-image-176\" src=\"https:\/\/poisonshops.com\/wp-content\/uploads\/2025\/11\/poison_shop_logo-300x171.png\" alt=\"Lojas de venenos\" width=\"116\" height=\"66\" srcset=\"https:\/\/poisonshops.com\/wp-content\/uploads\/2025\/11\/poison_shop_logo-300x171.png 300w, https:\/\/poisonshops.com\/wp-content\/uploads\/2025\/11\/poison_shop_logo.png 563w\" sizes=\"(max-width: 116px) 100vw, 116px\" \/><\/p>","protected":false},"excerpt":{"rendered":"<p>Buy Polonium-210 Poison Overview Purchase Polonium-210 chemical safely. Polonium-210 is a radioactive isotope of polonium, a rare and highly toxic metalloid. It is primarily known for its use in nuclear industries, but it can also be used maliciously as a poison due to its high toxicity. Buy Polonium-210 Poison. Properties Radioactivity: Polonium-210 emits alpha particles, [&hellip;]<\/p>\n","protected":false},"featured_media":350,"comment_status":"open","ping_status":"closed","template":"","meta":[],"product_brand":[],"product_cat":[17],"product_tag":[],"class_list":{"0":"post-349","1":"product","2":"type-product","3":"status-publish","4":"has-post-thumbnail","6":"product_cat-poisons-for-sale","8":"first","9":"instock","10":"shipping-taxable","11":"purchasable","12":"product-type-variable"},"_links":{"self":[{"href":"https:\/\/poisonshops.com\/pt\/wp-json\/wp\/v2\/product\/349","targetHints":{"allow":["GET"]}}],"collection":[{"href":"https:\/\/poisonshops.com\/pt\/wp-json\/wp\/v2\/product"}],"about":[{"href":"https:\/\/poisonshops.com\/pt\/wp-json\/wp\/v2\/types\/product"}],"replies":[{"embeddable":true,"href":"https:\/\/poisonshops.com\/pt\/wp-json\/wp\/v2\/comments?post=349"}],"wp:featuredmedia":[{"embeddable":true,"href":"https:\/\/poisonshops.com\/pt\/wp-json\/wp\/v2\/media\/350"}],"wp:attachment":[{"href":"https:\/\/poisonshops.com\/pt\/wp-json\/wp\/v2\/media?parent=349"}],"wp:term":[{"taxonomy":"product_brand","embeddable":true,"href":"https:\/\/poisonshops.com\/pt\/wp-json\/wp\/v2\/product_brand?post=349"},{"taxonomy":"product_cat","embeddable":true,"href":"https:\/\/poisonshops.com\/pt\/wp-json\/wp\/v2\/product_cat?post=349"},{"taxonomy":"product_tag","embeddable":true,"href":"https:\/\/poisonshops.com\/pt\/wp-json\/wp\/v2\/product_tag?post=349"}],"curies":[{"name":"wp","href":"https:\/\/api.w.org\/{rel}","templated":true}]}}