{"id":388,"date":"2025-11-20T11:34:02","date_gmt":"2025-11-20T11:34:02","guid":{"rendered":"https:\/\/poisonshops.com\/?post_type=product&#038;p=388"},"modified":"2025-12-02T14:35:34","modified_gmt":"2025-12-02T14:35:34","slug":"comprar-cianeto-de-potassio","status":"publish","type":"product","link":"https:\/\/poisonshops.com\/pt\/produto\/comprar-cianeto-de-potassio\/","title":{"rendered":"Cianeto de pot\u00e1ssio"},"content":{"rendered":"<h2>Comprar cianeto de pot\u00e1ssio<\/h2>\n<p><strong>Cianeto de pot\u00e1ssio (KCN)<\/strong> \u00e9 um composto altamente t\u00f3xico, geralmente conhecido pelos seus efeitos r\u00e1pidos e letais quando ingerido ou inalado. \u00c9 utilizado em v\u00e1rias aplica\u00e7\u00f5es industriais, mas \u00e9 not\u00f3rio pela sua utiliza\u00e7\u00e3o como veneno. Abaixo est\u00e3o os principais detalhes sobre o cianeto de pot\u00e1ssio, incluindo seus usos, como ele mata, as formas em que se apresenta e a quantidade necess\u00e1ria para a letalidade. Comprar Cianeto de Pot\u00e1ssio.<\/p>\n<h3>O que \u00e9 o cianeto de pot\u00e1ssio?<\/h3>\n<p>O cianeto de pot\u00e1ssio \u00e9 um composto cristalino branco com uma f\u00f3rmula qu\u00edmica de\u00a0<strong>KCN<\/strong>. Tem um ligeiro odor a am\u00eandoa, embora nem todos consigam detetar este cheiro devido a factores gen\u00e9ticos. O cianeto de pot\u00e1ssio \u00e9 altamente sol\u00favel em \u00e1gua e pode libertar um g\u00e1s mortal de cianeto de hidrog\u00e9nio em contacto com \u00e1cidos ou \u00e1gua. Cianeto de pot\u00e1ssio para venda.<\/p>\n<h3>Utiliza\u00e7\u00f5es do cianeto de pot\u00e1ssio<\/h3>\n<p>1.\u00a0<strong>Extra\u00e7\u00e3o e explora\u00e7\u00e3o de ouro<\/strong>: O cianeto de pot\u00e1ssio \u00e9 amplamente utilizado na ind\u00fastria mineira para extrair ouro e prata de min\u00e9rios num processo chamado cianeta\u00e7\u00e3o. Fornecedores de cianeto de pot\u00e1ssio.<\/p>\n<p>2.\u00a0<strong>Galvanoplastia<\/strong>: \u00c9 utilizado na galvanoplastia para revestir metais como a prata, o ouro e outros metais preciosos para fins decorativos e de prote\u00e7\u00e3o.<\/p>\n<p>3. <strong>S\u00edntese qu\u00edmica<\/strong>: O cianeto de pot\u00e1ssio \u00e9 utilizado em qu\u00edmica org\u00e2nica para sintetizar nitrilos e outros compostos contendo cianeto.<\/p>\n<p>4. <strong>Joalharia e refina\u00e7\u00e3o de metais:<\/strong>\u00a0Na ind\u00fastria da joalharia, o cianeto de pot\u00e1ssio \u00e9 por vezes utilizado para limpar ou polir metais.<\/p>\n<p>5. <strong>Utiliza\u00e7\u00e3o hist\u00f3rica como veneno:<\/strong> O KCN tem sido usado historicamente como um veneno letal em espionagem, suic\u00eddios e execu\u00e7\u00f5es. Cianeto de Pot\u00e1ssio para venda.<\/p>\n<h3>Como \u00e9 que o cianeto de pot\u00e1ssio mata<\/h3>\n<p>O cianeto de pot\u00e1ssio mata ao inibir a respira\u00e7\u00e3o celular, que \u00e9 essencial para a produ\u00e7\u00e3o de energia. Eis como funciona:<\/p>\n<p>\u2013 <strong>Mecanismo de a\u00e7\u00e3o:<\/strong>\u00a0Quando ingerido, inalado ou absorvido, o cianeto de pot\u00e1ssio liberta<strong>\u00a0i\u00f5es cianeto (CN-)<\/strong>, que se ligam \u00e0 enzima\u00a0<strong>citocromo c oxidase<\/strong>\u00a0nas mitoc\u00f4ndrias das c\u00e9lulas. Esta enzima desempenha um papel fundamental na cadeia de transporte de electr\u00f5es, que \u00e9 essencial para a produ\u00e7\u00e3o de ATP (adenosina trifosfato), a moeda energ\u00e9tica da c\u00e9lula.<\/p>\n<p>\u2013<strong>\u00a0Resultado:<\/strong> O cianeto impede as mitoc\u00f4ndrias de utilizarem o oxig\u00e9nio, interrompendo efetivamente a respira\u00e7\u00e3o aer\u00f3bica. Sem produ\u00e7\u00e3o de energia, as c\u00e9lulas - particularmente em \u00f3rg\u00e3os vitais como o cora\u00e7\u00e3o e o c\u00e9rebro - come\u00e7am a morrer rapidamente. Fornecedores de cianeto de pot\u00e1ssio.<\/p>\n<p>\u2013 <strong>Sintomas e in\u00edcio:<\/strong>\u00a0Os sintomas de envenenamento por cianeto incluem n\u00e1useas, tonturas, dificuldade em respirar, convuls\u00f5es e inconsci\u00eancia. A morte pode ocorrer em minutos devido a paragem card\u00edaca ou insufici\u00eancia respirat\u00f3ria, dependendo da dose e da via de exposi\u00e7\u00e3o.<\/p>\n<h3>Formas de cianeto de pot\u00e1ssio<\/h3>\n<p>1.\u00a0<strong>S\u00f3lido (cristalino\/p\u00f3):**<\/strong>\u00a0O cianeto de pot\u00e1ssio \u00e9 normalmente encontrado como um s\u00f3lido cristalino branco ou em forma de p\u00f3.<\/p>\n<p>2. <strong>Solu\u00e7\u00e3o:<\/strong>\u00a0Pode ser dissolvido em \u00e1gua ou noutros l\u00edquidos, formando uma solu\u00e7\u00e3o altamente t\u00f3xica. Esta forma tamb\u00e9m \u00e9 perigosa porque pode libertar\u00a0<strong>g\u00e1s cianeto de hidrog\u00e9nio\u00a0<\/strong>se entrar em contacto com \u00e1cidos.<\/p>\n<p>3. <strong>Comprimidos ou c\u00e1psulas:<\/strong> Nalguns casos, o cianeto de pot\u00e1ssio foi formulado em comprimidos ou c\u00e1psulas, historicamente utilizados na espionagem para o suic\u00eddio, a fim de evitar a captura. Comprar cianeto de pot\u00e1ssio online.<\/p>\n<h3>Cianeto de pot\u00e1ssio para venda<\/h3>\n<p><img decoding=\"async\" class=\"wp-image-463 aligncenter\" src=\"https:\/\/poisonshops.com\/wp-content\/uploads\/2025\/11\/tttt-1-204x300.png\" alt=\"Loja de Venenos\" width=\"68\" height=\"100\" srcset=\"https:\/\/poisonshops.com\/wp-content\/uploads\/2025\/11\/tttt-1-204x300.png 204w, https:\/\/poisonshops.com\/wp-content\/uploads\/2025\/11\/tttt-1.png 218w\" sizes=\"(max-width: 68px) 100vw, 68px\" \/><\/p>\n<h3>Dose letal de cianeto de pot\u00e1ssio<\/h3>\n<p>\u2013\u00a0<strong>Dose Letal Oral (LD50)<\/strong>: A estimativa\u00a0<strong>a dose letal para os seres humanos varia entre 200 e 300 mg, ou 2 a 3 mg por quilograma de peso corporal<\/strong>\u00a0quando ingerido.<\/p>\n<p>\u2013<strong>\u00a0Inala\u00e7\u00e3o<\/strong>: A inala\u00e7\u00e3o de cianeto de pot\u00e1ssio ou da sua forma gasosa, o cianeto de hidrog\u00e9nio, pode ser fatal em concentra\u00e7\u00f5es t\u00e3o baixas como<strong>\u00a0100-300 ppm (partes por milh\u00e3o)<\/strong>. A inala\u00e7\u00e3o resulta numa absor\u00e7\u00e3o mais r\u00e1pida e pode levar a efeitos mais imediatos em compara\u00e7\u00e3o com a ingest\u00e3o. Comprar cianeto de pot\u00e1ssio (KCN) online.<\/p>\n<p>\u2013\u00a0<strong>Quantidade para matar:<\/strong> Algumas centenas de miligramas de cianeto de pot\u00e1ssio (aproximadamente do tamanho de um gr\u00e3o de arroz) podem ser suficientes para matar um ser humano adulto. Para indiv\u00edduos mais pequenos ou com problemas de sa\u00fade, quantidades ainda mais pequenas podem ser letais. Comprar Cianeto de Pot\u00e1ssio.<\/p>\n<p><img decoding=\"async\" class=\"wp-image-502 aligncenter\" src=\"https:\/\/poisonshops.com\/wp-content\/uploads\/2025\/11\/Bio-Weapons-240x300.png\" alt=\"Armas biol\u00f3gicas\" width=\"63\" height=\"79\" srcset=\"https:\/\/poisonshops.com\/wp-content\/uploads\/2025\/11\/Bio-Weapons-240x300.png 240w, https:\/\/poisonshops.com\/wp-content\/uploads\/2025\/11\/Bio-Weapons.png 265w\" sizes=\"(max-width: 63px) 100vw, 63px\" \/><\/p>\n<h3>Considera\u00e7\u00f5es legais e de seguran\u00e7a sobre o cianeto de pot\u00e1ssio<\/h3>\n<p>\u2013\u00a0<strong>Precau\u00e7\u00f5es de manuseamento<\/strong>: O cianeto de pot\u00e1ssio \u00e9 uma subst\u00e2ncia controlada devido \u00e0 sua extrema toxicidade. O manuseamento requer equipamento de prote\u00e7\u00e3o, incluindo luvas, \u00f3culos de prote\u00e7\u00e3o e ventila\u00e7\u00e3o adequada para evitar a inala\u00e7\u00e3o.<br \/>\n<strong>- Elimina\u00e7\u00e3o:<\/strong> O cianeto de pot\u00e1ssio deve ser eliminado de acordo com os regulamentos relativos a materiais perigosos, envolvendo frequentemente a neutraliza\u00e7\u00e3o com lix\u00edvia ou per\u00f3xido de hidrog\u00e9nio em condi\u00e7\u00f5es controladas. Comprar Cianeto de Pot\u00e1ssio online ao melhor pre\u00e7o.<br \/>\n\u2013\u00a0<strong>Restri\u00e7\u00f5es legais<\/strong>: A venda, posse e utiliza\u00e7\u00e3o de cianeto de pot\u00e1ssio est\u00e3o altamente regulamentadas na maioria dos pa\u00edses. O uso n\u00e3o autorizado, especialmente para fins nocivos, \u00e9 ilegal e pode resultar em severas penalidades legais. Comprar cianeto de pot\u00e1ssio online com envio discreto e seguro.<\/p>\n<h4 class=\"LnpumSThxEWMIsDdAT17 CXMyPcQ6nDv47DKFeywM\"><span class=\"EKtkFWMYpwzMKOYr0GYm LQVY1Jpkk8nyJ6HBWKAk\">Onde se pode comprar cianeto de pot\u00e1ssio com seguran\u00e7a?<\/span><\/h4>\n<h3>Conclus\u00e3o<\/h3>\n<p>O cianeto de pot\u00e1ssio \u00e9 um produto qu\u00edmico extremamente t\u00f3xico que inibe a capacidade do organismo para utilizar o oxig\u00e9nio, levando a uma morte r\u00e1pida por insufici\u00eancia respirat\u00f3ria ou card\u00edaca. Mesmo pequenas quantidades podem ser letais e a sua utiliza\u00e7\u00e3o limita-se principalmente a processos industriais sob normas de seguran\u00e7a rigorosas. O manuseamento do cianeto de pot\u00e1ssio requer extrema cautela devido ao risco de envenenamento fatal por ingest\u00e3o, inala\u00e7\u00e3o ou absor\u00e7\u00e3o cut\u00e2nea. Fornecedores de cianeto de pot\u00e1ssio.<\/p>\n<h4>Comprar cianeto de pot\u00e1ssio online com envio seguro e discreto<\/h4>\n<p><img decoding=\"async\" class=\"wp-image-176 aligncenter\" src=\"https:\/\/poisonshops.com\/wp-content\/uploads\/2025\/11\/poison_shop_logo-300x171.png\" alt=\"Lojas de venenos\" width=\"133\" height=\"76\" srcset=\"https:\/\/poisonshops.com\/wp-content\/uploads\/2025\/11\/poison_shop_logo-300x171.png 300w, https:\/\/poisonshops.com\/wp-content\/uploads\/2025\/11\/poison_shop_logo.png 563w\" sizes=\"(max-width: 133px) 100vw, 133px\" \/><\/p>","protected":false},"excerpt":{"rendered":"<p>Buy Potassium Cyanide Potassium cyanide (KCN) is a highly toxic compound commonly known for its rapid and lethal effects when ingested or inhaled. It is used in various industrial applications but is notorious for its use as a poison. Below are key details about potassium cyanide, including its uses, how it kills, forms it comes [&hellip;]<\/p>\n","protected":false},"featured_media":389,"comment_status":"open","ping_status":"closed","template":"","meta":[],"product_brand":[],"product_cat":[21],"product_tag":[],"class_list":{"0":"post-388","1":"product","2":"type-product","3":"status-publish","4":"has-post-thumbnail","6":"product_cat-buy-research-chemicals-online","8":"first","9":"instock","10":"shipping-taxable","11":"purchasable","12":"product-type-simple"},"_links":{"self":[{"href":"https:\/\/poisonshops.com\/pt\/wp-json\/wp\/v2\/product\/388","targetHints":{"allow":["GET"]}}],"collection":[{"href":"https:\/\/poisonshops.com\/pt\/wp-json\/wp\/v2\/product"}],"about":[{"href":"https:\/\/poisonshops.com\/pt\/wp-json\/wp\/v2\/types\/product"}],"replies":[{"embeddable":true,"href":"https:\/\/poisonshops.com\/pt\/wp-json\/wp\/v2\/comments?post=388"}],"wp:featuredmedia":[{"embeddable":true,"href":"https:\/\/poisonshops.com\/pt\/wp-json\/wp\/v2\/media\/389"}],"wp:attachment":[{"href":"https:\/\/poisonshops.com\/pt\/wp-json\/wp\/v2\/media?parent=388"}],"wp:term":[{"taxonomy":"product_brand","embeddable":true,"href":"https:\/\/poisonshops.com\/pt\/wp-json\/wp\/v2\/product_brand?post=388"},{"taxonomy":"product_cat","embeddable":true,"href":"https:\/\/poisonshops.com\/pt\/wp-json\/wp\/v2\/product_cat?post=388"},{"taxonomy":"product_tag","embeddable":true,"href":"https:\/\/poisonshops.com\/pt\/wp-json\/wp\/v2\/product_tag?post=388"}],"curies":[{"name":"wp","href":"https:\/\/api.w.org\/{rel}","templated":true}]}}