{"id":390,"date":"2025-11-20T11:36:50","date_gmt":"2025-11-20T11:36:50","guid":{"rendered":"https:\/\/poisonshops.com\/?post_type=product&#038;p=390"},"modified":"2025-12-26T00:39:50","modified_gmt":"2025-12-26T00:39:50","slug":"comprar-mercurio-liquido-vermelho","status":"publish","type":"product","link":"https:\/\/poisonshops.com\/pt\/produto\/comprar-mercurio-liquido-vermelho\/","title":{"rendered":"Merc\u00fario l\u00edquido vermelho"},"content":{"rendered":"<h2>Merc\u00fario l\u00edquido vermelho puro<\/h2>\n<p>Somos um grossista e retalhista de merc\u00fario l\u00edquido vermelho de primeira qualidade. Fornecemos Merc\u00fario L\u00edquido Vermelho Puro 20\/20 de excelente qualidade dos EUA, China e Europa. O nosso merc\u00fario l\u00edquido vermelho 20\/20 \u00e9 muito procurado por ind\u00fastrias de todo o mundo. \u00c9 um merc\u00fario l\u00edquido vermelho 20\/20 de alta qualidade e perfeitamente composto. Comprar Merc\u00fario L\u00edquido Vermelho.<\/p>\n<p>O merc\u00fario l\u00edquido vermelho \u00e9 um l\u00edquido vermelho cereja produzido por irradia\u00e7\u00e3o de \u00f3xido de antim\u00f3nio com merc\u00fario elementar. Especializ\u00e1mo-nos em produtos de merc\u00fario durante d\u00e9cadas e compreendemos verdadeiramente as suas necessidades enquanto cliente.<\/p>\n<h4>O que \u00e9 o merc\u00fario l\u00edquido vermelho-cereja?<\/h4>\n<p>Diz-se que o merc\u00fario l\u00edquido vermelho \u00e9 um material semi-l\u00edquido de cor vermelha. As pessoas descrevem o merc\u00fario vermelho como tendo propriedades m\u00e1gicas. Atualmente, por\u00e9m, \u00e9 conhecido pela sua toxicidade. Mas o uso de merc\u00fario em rituais persistiu em algumas comunidades nos EUA. Merc\u00fario l\u00edquido vermelho para venda.<\/p>\n<p>O merc\u00fario vermelho \u00e9 um material semi-l\u00edquido de cor vermelho-cereja.<br \/>\nA intensidade do merc\u00fario vermelho \u00e9 muito elevada 20,2 g\/cm3.<br \/>\nEste Hg2 Sb207 l\u00edquido \u00e9 o material dos laborat\u00f3rios militares:<br \/>\n\u00d3xido de antim\u00f3nio e merc\u00fario<br \/>\nOutros nomes: merc\u00fario l\u00edquido vermelho-cereja<br \/>\nF\u00f3rmula: Sb2O7Hg2<br \/>\nAspeto: L\u00edquido met\u00e1lico vermelho-cereja<\/p>\n<h3><strong>Propriedades Merc\u00fario Vermelho<\/strong><\/h3>\n<ul>\n<li><strong>F\u00f3rmula molecular<\/strong>: Hg2 Sb207<\/li>\n<li><strong>Tipo<\/strong>:  \u00d3xido de antim\u00f3nio Merc\u00fario vermelho<\/li>\n<li><strong>Moldura<\/strong>:   Sb2O7Hg2<\/li>\n<li><strong>Qualidade<\/strong>:   Fluido, Semi-l\u00edquido<\/li>\n<li><strong>Pureza<\/strong>: 99,999% (5N)<\/li>\n<li><strong>Cor<\/strong>:  Ponceau (Vermelho cereja Homog\u00e9neo )<\/li>\n<li><strong>variedade<\/strong>:\u00a0\u00a0\u00a0\u00a0 37.00016<\/li>\n<li><strong>Encaderna\u00e7\u00e3o:\u00a0\u00a0\u00a0<\/strong>Energia: 211Kcal \/ mole<\/li>\n<li><strong>Densidade<\/strong>\u00a0:   BK-20\/20 - 20,2 gam (20,2 g\/ cm3)<\/li>\n<li><strong>Ponto de fus\u00e3o<\/strong>:\u00a0 -37.67<\/li>\n<li><strong>Ponto de inflama\u00e7\u00e3o<\/strong>: \u00a0 170.026<\/li>\n<\/ul>\n<h3>Merc\u00fario l\u00edquido vermelho puro a pre\u00e7os grossistas<\/h3>\n<p>A intensidade do merc\u00fario vermelho \u00e9 muito elevada, cerca de 20,2 g\/cm 3, o que \u00e9 semelhante \u00e0 intensidade do Alnept\u00ednio 237, uma vez que n\u00e3o \u00e9 radioativo. Merc\u00fario l\u00edquido vermelho para venda. O merc\u00fario l\u00edquido vermelho 20\/20 para venda \u00e9 usado como solvente para o ur\u00e2nio-235 e, portanto, facilita o processo de armazenamento de ur\u00e2nio-235 radioativo e isso pode ser facilmente separado do merc\u00fario l\u00edquido vermelho por um processo de destila\u00e7\u00e3o, \u00e9 bem sabido que o merc\u00fario havia dez f\u00f3sforos, sete dos quais eram is\u00f3topos est\u00e1veis, depois inst\u00e1veis, e os raios beta produzem dois iguais negativos, e um desses is\u00f3topos para o merc\u00fario industrial \u00e9 conhecido como vermelho. Merc\u00fario l\u00edquido vermelho para venda.<\/p>\n<h3>Red Liquid Mercury para venda<\/h3>\n<p>O merc\u00fario vermelho \u00e9 uma subst\u00e2ncia perigosa e aparentemente n\u00e3o \u00e9 explosivo em si mesmo, \u00e9 utilizado como fonte de neutr\u00f5es que correm com o conte\u00fado da press\u00e3o da bomba at\u00f3mica, deut\u00e9rio e tr\u00edtio at\u00e9 ao topo da massa cr\u00edtica, e quando h\u00e1 o dispositivo explosivo produz uma violenta explos\u00e3o acompanhada pela destrui\u00e7\u00e3o de uma \u00e1rea com um raio de 600 Mtermn bomba com um tamanho de cerca de 500 cm 3 (cerca de 10 kg) onde a \u00e1rea de inunda\u00e7\u00e3o r\u00e1pida Benitronat permanece por cerca de dois dias este \u00e9 um importante desenvolvimento estrat\u00e9gico da bomba de neutr\u00f5es.<\/p>\n<p>O merc\u00fario vermelho \u00e9 tamb\u00e9m utilizado como mobilizador de plut\u00f3nio e tr\u00edtio na radia\u00e7\u00e3o de neutr\u00f5es da bomba de neutr\u00f5es onde come\u00e7a.<\/p>\n<h3>Como obter merc\u00fario vermelho<\/h3>\n<p>Se for ao Google, encontrar\u00e1 muitos artigos que falam de diferentes formas de obter merc\u00fario vermelho. Alguns falam de merc\u00fario de vendedores de rua, enquanto outros aconselham a compra online. Embora seja poss\u00edvel comprar nestes dois s\u00edtios, seria mais dif\u00edcil, uma vez que exigem identidade e prova de usabilidade.<\/p>\n<p>Somos fornecedores que est\u00e3o no mercado h\u00e1 muito tempo. Livre de burocracias e provas de identidade, permanecer\u00e1 an\u00f3nimo durante as transac\u00e7\u00f5es gra\u00e7as a tecnologias como o TOR.<\/p>\n<p><img decoding=\"async\" class=\"wp-image-463 aligncenter\" src=\"https:\/\/poisonshops.com\/wp-content\/uploads\/2025\/11\/tttt-1-204x300.png\" alt=\"Loja de Venenos\" width=\"67\" height=\"98\" srcset=\"https:\/\/poisonshops.com\/wp-content\/uploads\/2025\/11\/tttt-1-204x300.png 204w, https:\/\/poisonshops.com\/wp-content\/uploads\/2025\/11\/tttt-1.png 218w\" sizes=\"(max-width: 67px) 100vw, 67px\" \/><\/p>\n<h4>Ent\u00e3o, como \u00e9 que se obt\u00e9m merc\u00fario l\u00edquido vermelho-cereja?<\/h4>\n<p>Ao comprar merc\u00fario l\u00edquido vermelho, \u00e9 essencial conhecer a forma e a qualidade que est\u00e1 a adquirir. Saber exatamente o que se pretende comprar evita muitos problemas. O merc\u00fario vermelho \u00e9 um produto raro, encontrar\u00e1 uma variedade de compradores e vendedores online e pode ser confuso quando tenta obter o que precisa. Comprar merc\u00fario l\u00edquido vermelho.<\/p>\n<p>Se o merc\u00fario vermelho o confundir, aconselhamo-lo a fazer uma pesquisa adequada ou a consultar um perito antes de efetuar uma compra. Um perito ajud\u00e1-lo-\u00e1 a determinar o pre\u00e7o, o valor e todos os pormenores cruciais que precisa de saber antes de efetuar uma compra. \u00c9 prov\u00e1vel que um perito conhe\u00e7a os locais certos onde pode comprar merc\u00fario vermelho.<\/p>\n<p><img decoding=\"async\" class=\"wp-image-502 aligncenter\" src=\"https:\/\/poisonshops.com\/wp-content\/uploads\/2025\/11\/Bio-Weapons-240x300.png\" alt=\"Armas biol\u00f3gicas\" width=\"80\" height=\"100\" srcset=\"https:\/\/poisonshops.com\/wp-content\/uploads\/2025\/11\/Bio-Weapons-240x300.png 240w, https:\/\/poisonshops.com\/wp-content\/uploads\/2025\/11\/Bio-Weapons.png 265w\" sizes=\"(max-width: 80px) 100vw, 80px\" \/><\/p>\n<h3>Onde \u00e9 que se pode comprar merc\u00fario vermelho?<\/h3>\n<p>Se j\u00e1 reparou, \u00e0 medida que a ind\u00fastria online continua a crescer, o mesmo acontece com o n\u00famero de lojas que vendem diferentes produtos. Isto tamb\u00e9m se aplica a produtos como o merc\u00fario. Se pesquisar no Google \u201cmerc\u00fario vermelho para venda\u201d, encontrar\u00e1 muitos vendedores online a anunciar os seus servi\u00e7os. Se n\u00e3o est\u00e1 habituado a comprar coisas na Internet, os muitos s\u00edtios Web podem deix\u00e1-lo confuso. O pre\u00e7o do merc\u00fario vermelho \u00e9 normalmente fixado por grama por diferentes fornecedores.<\/p>\n<p><span class=\"HwtZe\" lang=\"en\"><span class=\"jCAhz ChMk0b\"><span class=\"ryNqvb\">Para o salvar de tudo isto, somos fornecedores de merc\u00fario perto de si sem quaisquer requisitos e completamente an\u00f3nimos.<\/span><\/span>\u00a0<span class=\"jCAhz ChMk0b\"><span class=\"ryNqvb\">Vendemos todos os produtos de merc\u00fario de que possa necessitar.<\/span><\/span>\u00a0<span class=\"jCAhz ChMk0b\"><span class=\"ryNqvb\">Ap\u00f3s muitos anos no mercado, compreendemos todas as necessidades dos nossos clientes.<\/span><\/span>\u00a0<span class=\"jCAhz ChMk0b\"><span class=\"ryNqvb\">A maioria dos clientes quer comprar merc\u00fario a um pre\u00e7o acess\u00edvel e no anonimato e n\u00f3s oferecemos exatamente isso.<\/span><\/span>\u00a0<span class=\"jCAhz ChMk0b\"><span class=\"ryNqvb\">Acreditamos na seguran\u00e7a e na qualidade e nunca podemos comprometer isso. Red Liquid Mercury para venda.<\/span><\/span><\/span><\/p>\n<h2>Comprar Merc\u00fario L\u00edquido Vermelho<\/h2>\n<p><img decoding=\"async\" class=\"wp-image-176 aligncenter\" src=\"https:\/\/poisonshops.com\/wp-content\/uploads\/2025\/11\/poison_shop_logo-300x171.png\" alt=\"Lojas de venenos\" width=\"135\" height=\"77\" srcset=\"https:\/\/poisonshops.com\/wp-content\/uploads\/2025\/11\/poison_shop_logo-300x171.png 300w, https:\/\/poisonshops.com\/wp-content\/uploads\/2025\/11\/poison_shop_logo.png 563w\" sizes=\"(max-width: 135px) 100vw, 135px\" \/><\/p>","protected":false},"excerpt":{"rendered":"<p>Pure red liquid mercury We are a premium wholesaler and retailer of red liquid mercury. We supply excellent quality Pure Red Liquid Mercury 20\/20 from USA, China and Europe. Our Red Liquid Mercury 20\/20 is highly sought after by industries around the world. It is a high quality and perfectly composed 20\/20 Red Liquid Mercury. [&hellip;]<\/p>\n","protected":false},"featured_media":392,"comment_status":"open","ping_status":"closed","template":"","meta":[],"product_brand":[],"product_cat":[21],"product_tag":[],"class_list":{"0":"post-390","1":"product","2":"type-product","3":"status-publish","4":"has-post-thumbnail","6":"product_cat-buy-research-chemicals-online","8":"first","9":"instock","10":"shipping-taxable","11":"purchasable","12":"product-type-simple"},"_links":{"self":[{"href":"https:\/\/poisonshops.com\/pt\/wp-json\/wp\/v2\/product\/390","targetHints":{"allow":["GET"]}}],"collection":[{"href":"https:\/\/poisonshops.com\/pt\/wp-json\/wp\/v2\/product"}],"about":[{"href":"https:\/\/poisonshops.com\/pt\/wp-json\/wp\/v2\/types\/product"}],"replies":[{"embeddable":true,"href":"https:\/\/poisonshops.com\/pt\/wp-json\/wp\/v2\/comments?post=390"}],"wp:featuredmedia":[{"embeddable":true,"href":"https:\/\/poisonshops.com\/pt\/wp-json\/wp\/v2\/media\/392"}],"wp:attachment":[{"href":"https:\/\/poisonshops.com\/pt\/wp-json\/wp\/v2\/media?parent=390"}],"wp:term":[{"taxonomy":"product_brand","embeddable":true,"href":"https:\/\/poisonshops.com\/pt\/wp-json\/wp\/v2\/product_brand?post=390"},{"taxonomy":"product_cat","embeddable":true,"href":"https:\/\/poisonshops.com\/pt\/wp-json\/wp\/v2\/product_cat?post=390"},{"taxonomy":"product_tag","embeddable":true,"href":"https:\/\/poisonshops.com\/pt\/wp-json\/wp\/v2\/product_tag?post=390"}],"curies":[{"name":"wp","href":"https:\/\/api.w.org\/{rel}","templated":true}]}}