{"id":393,"date":"2025-11-20T11:38:23","date_gmt":"2025-11-20T11:38:23","guid":{"rendered":"https:\/\/poisonshops.com\/?post_type=product&#038;p=393"},"modified":"2025-12-02T10:52:31","modified_gmt":"2025-12-02T10:52:31","slug":"comprar-solucao-ssd-online","status":"publish","type":"product","link":"https:\/\/poisonshops.com\/pt\/produto\/comprar-solucao-ssd-online\/","title":{"rendered":"Solu\u00e7\u00e3o SSD 1 litro"},"content":{"rendered":"<h2>Compre solu\u00e7\u00f5es SSD online<\/h2>\n<p>Receba o seu dinheiro de volta com a nossa solu\u00e7\u00e3o qu\u00edmica SSD para venda. Voc\u00ea pode cuidar de todas as suas notas de apar\u00eancia estranha com o produto qu\u00edmico SSD Automatic, que provou ser uma \u00f3tima solu\u00e7\u00e3o na Am\u00e9rica, Europa, \u00c1frica, \u00c1sia e outros continentes ao redor do mundo. Compre a solu\u00e7\u00e3o SSD do melhor fornecedor de solu\u00e7\u00f5es SSD. Compre a solu\u00e7\u00e3o SSD online.<\/p>\n<h2><strong>O QUE \u00c9 A SOLU\u00c7\u00c3O QU\u00cdMICA SSD?<\/strong><\/h2>\n<p>SSD Chemical Solution, SSD Chemical \u00e9 um tipo de produto qu\u00edmico de limpeza utilizado por pessoas que querem limpar dinheiro preto em casa. Esta solu\u00e7\u00e3o de limpeza de moeda preta \u00e9 uma solu\u00e7\u00e3o qu\u00edmica padronizada geralmente utilizada para remover o excesso de manchas de todos os tipos de moeda.\u00a0<a href=\"http:\/\/google.com\/\" target=\"_blank\" rel=\"noopener\">SSD<\/a>\u00a0O produto qu\u00edmico l\u00edquido \u00e9 constitu\u00eddo por di\u00f3xido de merc\u00fario n\u00edtrico l\u00edquido, de cor castanha, preparado em laborat\u00f3rios qu\u00edmicos e fabricado por empresas altamente certificadas com t\u00e9cnicos de laborat\u00f3rio qualificados.<\/p>\n<h3>Comprar a solu\u00e7\u00e3o qu\u00edmica SSD online<\/h3>\n<p>A autoridade legal tamb\u00e9m \u00e9 necess\u00e1ria para as empresas de fabrico. Por isso, antes de contactar qualquer empresa para fornecer ou obter os servi\u00e7os de limpeza de moeda, deve haver uma prova de autoridade legal. A solu\u00e7\u00e3o de limpeza SSD \u00e9 tamb\u00e9m conhecida como uma solu\u00e7\u00e3o de limpeza m\u00e1gica utilizada pelas pessoas para limpar as n\u00f3doas do papel-moeda. Pode ser utilizada em casa se for corretamente utilizada, o que torna o seu dinheiro preto limpo e torna-o novamente utiliz\u00e1vel.<\/p>\n<h3><strong>O QUE \u00c9 A SSD?<\/strong><\/h3>\n<p>O significado completo de SSD \u00e9\u00a0<strong>detedente surfactante sint\u00e9tico<\/strong>. Que \u00e9 de facto um prefixo da palavra solu\u00e7\u00e3o qu\u00edmica. Um prefixo \u00e9 um afixo que \u00e9 colocado antes do radical de uma palavra. Ao adicion\u00e1-lo ao in\u00edcio de uma palavra, transforma-a noutra palavra. Por exemplo, quando o prefixo SSD- \u00e9 adicionado \u00e0 palavra Solution Chemical, cria-se a palavra SSD Solution Chemical.<\/p>\n<h4><strong>O que \u00e9 uma solu\u00e7\u00e3o qu\u00edmica?\u00a0<\/strong><\/h4>\n<p>Em qu\u00edmica, uma solu\u00e7\u00e3o \u00e9 um tipo especial de mistura homog\u00e9nea composta por duas ou mais subst\u00e2ncias. O termo solu\u00e7\u00e3o aquosa \u00e9 utilizado quando um dos solventes \u00e9 a \u00e1gua. Numa tal mistura, um soluto \u00e9 uma subst\u00e2ncia dissolvida noutra subst\u00e2ncia, conhecida como solvente. O processo de mistura de uma solu\u00e7\u00e3o acontece a uma escala em que os efeitos da polaridade qu\u00edmica est\u00e3o envolvidos, resultando em intera\u00e7\u00f5es que s\u00e3o espec\u00edficas da solvata\u00e7\u00e3o. Comprar SSD chemical Solution online.<\/p>\n<div id=\"tab-description\" class=\"woocommerce-Tabs-panel woocommerce-Tabs-panel--description panel entry-content active\" role=\"tabpanel\" aria-labelledby=\"tab-title-description\">\n<p>A solu\u00e7\u00e3o assume a fase do solvente quando o solvente \u00e9 a maior fra\u00e7\u00e3o da mistura, como \u00e9 normalmente o caso. A concentra\u00e7\u00e3o de um soluto numa solu\u00e7\u00e3o \u00e9 a massa desse soluto expressa em percentagem da massa de toda a solu\u00e7\u00e3o, o que a torna a solu\u00e7\u00e3o #1 para a limpeza de dinheiro preto desfigurado na ind\u00fastria.<\/p>\n<h4><strong>O que \u00e9 o dinheiro negro?<\/strong><\/h4>\n<p>De um modo geral, o dinheiro negro \u00e9 definido como dinheiro n\u00e3o contabilizado e n\u00e3o tributado gerado por transac\u00e7\u00f5es numa economia paralela, no mercado negro ou na criminalidade organizada, tais como: desvio de fundos, dinheiro da droga ou assalto a bancos. No seu conjunto, qualquer forma de dinheiro obtido em numer\u00e1rio n\u00e3o contabilizado. Os detentores de dinheiro negro tentam convert\u00ea-lo em dinheiro leg\u00edtimo (\u2018limpo\u2019 ou \u2018branco\u2019) atrav\u00e9s do branqueamento de capitais.<\/p>\n<\/div>\n<div id=\"tab-description\" class=\"woocommerce-Tabs-panel woocommerce-Tabs-panel--description panel entry-content active\" role=\"tabpanel\" aria-labelledby=\"tab-title-description\">\n<p>Uma das principais formas de branqueamento de capitais consiste em deslocar os fundos de um local para outro, o que exige que o dinheiro seja revestido por selos de seguran\u00e7a, marcas manchadas ou revestido com uma empresa de revestimento preto\/cinzento\/vermelho ou branco para um transporte f\u00e1cil e r\u00e1pido. Nesta forma de branqueamento de capitais, ser\u00e1 necess\u00e1ria a utiliza\u00e7\u00e3o de uma Solu\u00e7\u00e3o Qu\u00edmica SSD para limpar a empresa revestida no dinheiro e torn\u00e1-lo utiliz\u00e1vel.<\/p>\n<p>O dinheiro negro \u00e9 acumulado por algumas empresas, por desviadores, funcion\u00e1rios p\u00fablicos, criminosos, contrabandistas, acumuladores, evasores fiscais e outros elementos anti-sociais da sociedade. Cerca de\u00a0<strong>17,4 bili\u00f5es de euros<\/strong>\u00a0d\u00f3lares que, supostamente, os criminosos acumularam para satisfazer interesses particulares em todo o mundo, embora as peti\u00e7\u00f5es escritas no Supremo Tribunal estimem que este montante seja ainda maior do que o acima mencionado.<\/p>\n<p>O montante total de dinheiro negro depositado em bancos estrangeiros por particulares \u00e9 desconhecido. Alguns relat\u00f3rios referem um total de\u00a0<strong>US$6.06 - $7.4 bili\u00f5es<\/strong>\u00a0\u00e9 detido ilegalmente na Su\u00ed\u00e7a. Outros relat\u00f3rios, incluindo os da Associa\u00e7\u00e3o Su\u00ed\u00e7a de Banqueiros e do Governo da Su\u00ed\u00e7a, afirmam que estes relat\u00f3rios s\u00e3o falsos e fabricados, e que o montante total detido em todas as contas banc\u00e1rias su\u00ed\u00e7as por cidad\u00e3os de v\u00e1rios pa\u00edses \u00e9 de cerca de $20 bili\u00f5es de d\u00f3lares.<\/p>\n<p>Em fevereiro de 2012, o diretor do Central Bureau of Investigation da \u00cdndia afirmou que os indianos t\u00eam $900 mil milh\u00f5es de fundos ilegais em para\u00edsos fiscais estrangeiros, mais do que qualquer outro pa\u00eds. Em mar\u00e7o de 2012, o Governo da \u00cdndia esclareceu no seu parlamento que a declara\u00e7\u00e3o do diretor do CBI sobre $900 mil milh\u00f5es de dinheiro ilegal era uma estimativa baseada numa declara\u00e7\u00e3o feita ao Supremo Tribunal da \u00cdndia em julho de 2011.<\/p>\n<h4><strong>SSD Universal Chemical<br \/>\n<\/strong><\/h4>\n<p>A solu\u00e7\u00e3o qu\u00edmica SSD \u00e9 uma solu\u00e7\u00e3o qu\u00edmica homog\u00e9nea \u00e0 base de \u00e1gua, utilizada especificamente para dissolver e remover a tinta revestida de moedas desfiguradas (D\u00d3LARES, POUNDS, EUROS, RUPEES ETC). Estas moedas revestidas podem ser de cor preta, verde, amarela ou branca. S\u00e3o desfiguradas ou carimbadas para evitar problemas desnecess\u00e1rios de desalfandegamento, interce\u00e7\u00e3o por criminosos ou gangs durante a entrega dos d\u00f3lares negros.<\/p>\n<p><img decoding=\"async\" class=\"wp-image-463 aligncenter\" src=\"https:\/\/poisonshops.com\/wp-content\/uploads\/2025\/11\/tttt-1-204x300.png\" alt=\"Loja de Venenos\" width=\"75\" height=\"110\" srcset=\"https:\/\/poisonshops.com\/wp-content\/uploads\/2025\/11\/tttt-1-204x300.png 204w, https:\/\/poisonshops.com\/wp-content\/uploads\/2025\/11\/tttt-1.png 218w\" sizes=\"(max-width: 75px) 100vw, 75px\" \/><\/p>\n<h4>SSD Chemical Solution para venda<\/h4>\n<p>Solu\u00e7\u00e3o SSD, Solu\u00e7\u00e3o Qu\u00edmica SSD, Super Solu\u00e7\u00e3o SSD, Solu\u00e7\u00e3o Universal SSD, Solu\u00e7\u00e3o Super Autom\u00e1tica SSD, Solu\u00e7\u00e3o SSD PK58, Solu\u00e7\u00e3o SSD Ultimate 2018, P\u00f3 de Ativa\u00e7\u00e3o, P\u00f3 de Merc\u00fario, Autentica\u00e7\u00e3o de Passaportes e BI, Notas Falsas de Grau A, P\u00f3 de Ativa\u00e7\u00e3o &amp; F\u00f3rmula de Solu\u00e7\u00e3o Ssd, Solu\u00e7\u00e3o Qu\u00edmica SSD para venda<\/p>\n<p>F\u00f3rmula qu\u00edmica anti brisa, F\u00f3rmula qu\u00edmica de limpeza de d\u00f3lar negro, F\u00f3rmula de solu\u00e7\u00e3o de limpeza de d\u00f3lar negro, F\u00f3rmula de limpeza de dinheiro negro, F\u00f3rmula qu\u00edmica de limpeza de moeda, Prepara\u00e7\u00e3o de p\u00f3 de humina, F\u00f3rmula de solu\u00e7\u00e3o qu\u00edmica Ssd, F\u00f3rmula de solu\u00e7\u00e3o Ssd, F\u00f3rmula de solu\u00e7\u00e3o qu\u00edmica universal SSD. Solu\u00e7\u00e3o Qu\u00edmica SSD para venda.<\/p>\n<p><img decoding=\"async\" class=\"wp-image-502 aligncenter\" src=\"https:\/\/poisonshops.com\/wp-content\/uploads\/2025\/11\/Bio-Weapons-240x300.png\" alt=\"Armas biol\u00f3gicas\" width=\"70\" height=\"88\" srcset=\"https:\/\/poisonshops.com\/wp-content\/uploads\/2025\/11\/Bio-Weapons-240x300.png 240w, https:\/\/poisonshops.com\/wp-content\/uploads\/2025\/11\/Bio-Weapons.png 265w\" sizes=\"(max-width: 70px) 100vw, 70px\" \/><\/p>\n<h4><strong>Utilizar sempre as solu\u00e7\u00f5es qu\u00edmicas SSD com o m\u00e1ximo cuidado<\/strong><\/h4>\n<p>N\u00e3o \u00e9 necess\u00e1rio ser um qu\u00edmico certificado para aplicar a solu\u00e7\u00e3o. O processo de limpeza \u00e9 bastante f\u00e1cil e sem riscos quando efectuado com todas as orienta\u00e7\u00f5es em mente. No entanto, tal como acontece com qualquer produto qu\u00edmico, \u00e9 fundamental ser cauteloso. Comprar SOLU\u00c7\u00d5ES SSD E MERC\u00daRIO L\u00cdQUIDO.<\/p>\n<p>Evite a exposi\u00e7\u00e3o direta a esta solu\u00e7\u00e3o de lavagem de dinheiro preto e tome medidas de prote\u00e7\u00e3o para evitar que entre em contacto com a sua pele. Alguns dos seus ingredientes podem causar irrita\u00e7\u00e3o se forem derramados no corpo. Neste caso, n\u00e3o se esque\u00e7a de lavar a zona afetada com \u00e1gua abundante. Solu\u00e7\u00e3o autom\u00e1tica SSD de alta qualidade.<\/p>\n<p>\u00c9 importante seguir as instru\u00e7\u00f5es de seguran\u00e7a ao limpar notas danificadas com esta subst\u00e2ncia. Na Solve Problems, fizemos o nosso melhor para as apresentar de forma inequ\u00edvoca. Depois de comprar a nossa solu\u00e7\u00e3o qu\u00edmica SSD, cumpra-as para evitar que o seu dinheiro negro acabe num caixote do lixo em seguran\u00e7a. Comprar Solu\u00e7\u00e3o SSD Online.<\/p>\n<p><img decoding=\"async\" class=\"wp-image-176 aligncenter\" src=\"https:\/\/poisonshops.com\/wp-content\/uploads\/2025\/11\/poison_shop_logo-300x171.png\" alt=\"Lojas de venenos\" width=\"146\" height=\"83\" srcset=\"https:\/\/poisonshops.com\/wp-content\/uploads\/2025\/11\/poison_shop_logo-300x171.png 300w, https:\/\/poisonshops.com\/wp-content\/uploads\/2025\/11\/poison_shop_logo.png 563w\" sizes=\"(max-width: 146px) 100vw, 146px\" \/><\/p>\n<\/div>","protected":false},"excerpt":{"rendered":"<p>Buy SSD Solution Online Get your money back with our SSD chemical solution for sale. You can take care of all your odd-looking notes with SSD Automatic chemical that has proven to be a great solution in America, Europe, Africa, Asia, and other continents around the world. Buy SSD Solution from the best SSD solution [&hellip;]<\/p>\n","protected":false},"featured_media":394,"comment_status":"open","ping_status":"closed","template":"","meta":[],"product_brand":[],"product_cat":[21],"product_tag":[],"class_list":{"0":"post-393","1":"product","2":"type-product","3":"status-publish","4":"has-post-thumbnail","6":"product_cat-buy-research-chemicals-online","8":"first","9":"instock","10":"shipping-taxable","11":"purchasable","12":"product-type-simple"},"_links":{"self":[{"href":"https:\/\/poisonshops.com\/pt\/wp-json\/wp\/v2\/product\/393","targetHints":{"allow":["GET"]}}],"collection":[{"href":"https:\/\/poisonshops.com\/pt\/wp-json\/wp\/v2\/product"}],"about":[{"href":"https:\/\/poisonshops.com\/pt\/wp-json\/wp\/v2\/types\/product"}],"replies":[{"embeddable":true,"href":"https:\/\/poisonshops.com\/pt\/wp-json\/wp\/v2\/comments?post=393"}],"wp:featuredmedia":[{"embeddable":true,"href":"https:\/\/poisonshops.com\/pt\/wp-json\/wp\/v2\/media\/394"}],"wp:attachment":[{"href":"https:\/\/poisonshops.com\/pt\/wp-json\/wp\/v2\/media?parent=393"}],"wp:term":[{"taxonomy":"product_brand","embeddable":true,"href":"https:\/\/poisonshops.com\/pt\/wp-json\/wp\/v2\/product_brand?post=393"},{"taxonomy":"product_cat","embeddable":true,"href":"https:\/\/poisonshops.com\/pt\/wp-json\/wp\/v2\/product_cat?post=393"},{"taxonomy":"product_tag","embeddable":true,"href":"https:\/\/poisonshops.com\/pt\/wp-json\/wp\/v2\/product_tag?post=393"}],"curies":[{"name":"wp","href":"https:\/\/api.w.org\/{rel}","templated":true}]}}