{"id":95,"date":"2017-12-21T04:37:21","date_gmt":"2017-12-21T04:37:21","guid":{"rendered":"https:\/\/wordpress.gradientthemes.com\/brand-shop\/product\/dnk-blue-shoes\/"},"modified":"2025-12-03T10:36:58","modified_gmt":"2025-12-03T10:36:58","slug":"comprar-nembutal-pentobarbital-liquido-oral","status":"publish","type":"product","link":"https:\/\/poisonshops.com\/pt\/produto\/comprar-nembutal-pentobarbital-liquido-oral\/","title":{"rendered":"Nembutal Pentobarbital L\u00edquido Oral"},"content":{"rendered":"<h2>Comprar Nembutal Pentobarbital L\u00edquido Oral Online<\/h2>\n<p>Bem-vindo \u00e0 Bio Weapons, a principal fonte de l\u00edquido oral Nembutal Pentobarbital de alta qualidade. O nosso l\u00edquido oral Nembutal est\u00e1 dispon\u00edvel exclusivamente para indiv\u00edduos aprovados com prescri\u00e7\u00f5es v\u00e1lidas. Dedicamo-nos a fornecer qualidade superior, seguran\u00e7a e satisfa\u00e7\u00e3o do cliente, tornando-nos um nome de confian\u00e7a na ind\u00fastria.<\/p>\n<h4><strong>O que \u00e9 o Nembutal Pentobarbital L\u00edquido Oral?<\/strong><\/h4>\n<p>O Nembutal, tamb\u00e9m conhecido como pentobarbital, \u00e9 um medicamento barbit\u00farico utilizado pelas suas propriedades sedativas, anest\u00e9sicas e anticonvulsivas. A forma l\u00edquida oral do Nembutal oferece flexibilidade na dosagem e facilidade de administra\u00e7\u00e3o, tornando-o uma escolha ideal para v\u00e1rias aplica\u00e7\u00f5es m\u00e9dicas. O nosso Nembutal l\u00edquido oral \u00e9 meticulosamente formulado para garantir precis\u00e3o e efic\u00e1cia.<\/p>\n<h4><strong>Utiliza\u00e7\u00f5es do Nembutal Pentobarbital L\u00edquido Oral<\/strong><\/h4>\n<p>O Nembutal l\u00edquido oral \u00e9 utilizado numa variedade de contextos m\u00e9dicos, incluindo:<\/p>\n<ol>\n<li><strong>Seda\u00e7\u00e3o<\/strong>: O Nembutal l\u00edquido oral \u00e9 frequentemente utilizado para induzir a seda\u00e7\u00e3o em doentes submetidos a procedimentos m\u00e9dicos. O seu r\u00e1pido in\u00edcio de a\u00e7\u00e3o garante que os pacientes atinjam rapidamente um estado de relaxamento e conforto.<\/li>\n<li><strong>Anestesia<\/strong>: Em contextos cir\u00fargicos, o Nembutal l\u00edquido oral \u00e9 utilizado como agente pr\u00e9-anest\u00e9sico para induzir um sono profundo. A sua efic\u00e1cia e fiabilidade fazem dele um instrumento valioso para os anestesistas.<\/li>\n<li><strong>Controlo das convuls\u00f5es<\/strong>: Nembutal \u00e9 eficaz no tratamento de convuls\u00f5es agudas, particularmente em situa\u00e7\u00f5es de emerg\u00eancia. Funciona atrav\u00e9s da depress\u00e3o do sistema nervoso central, reduzindo assim a atividade convulsiva.<\/li>\n<li><strong>Eutan\u00e1sia<\/strong>: Em medicina veterin\u00e1ria, o Nembutal l\u00edquido oral \u00e9 utilizado para a eutan\u00e1sia sem sofrimento dos animais. As suas propriedades de a\u00e7\u00e3o r\u00e1pida garantem uma transi\u00e7\u00e3o pac\u00edfica e indolor.<\/li>\n<\/ol>\n<h4><strong>Qualidade e pureza<\/strong><\/h4>\n<p>Na Bio Weapons , compreendemos a import\u00e2ncia cr\u00edtica da pureza e da qualidade dos produtos farmac\u00eauticos. O nosso l\u00edquido oral Nembutal \u00e9 proveniente de fabricantes de renome e \u00e9 submetido a rigorosos processos de controlo de qualidade. Cada lote \u00e9 rigorosamente testado quanto \u00e0 pureza e pot\u00eancia, garantindo que cumpre os mais elevados padr\u00f5es da ind\u00fastria. Quando nos compra Nembutal Pentobarbital l\u00edquido oral, pode confiar que est\u00e1 a receber um produto seguro, eficaz e fi\u00e1vel.<\/p>\n<h4><strong>Dosagem e administra\u00e7\u00e3o<\/strong><\/h4>\n<p>Nembutal Pentobarbital l\u00edquido oral deve ser utilizado estritamente de acordo com as instru\u00e7\u00f5es fornecidas por um profissional de sa\u00fade. A dosagem e o m\u00e9todo de administra\u00e7\u00e3o podem variar consoante a condi\u00e7\u00e3o m\u00e9dica espec\u00edfica e as necessidades individuais do doente. \u00c9 crucial seguir a dosagem prescrita para garantir a seguran\u00e7a e a efic\u00e1cia.<\/p>\n<p><strong>Prepara\u00e7\u00e3o e armazenamento<\/strong>:<\/p>\n<ul>\n<li><strong>Prepara\u00e7\u00e3o<\/strong>: O Nembutal l\u00edquido oral \u00e9 administrado por via oral, sendo a dosagem medida com exatid\u00e3o atrav\u00e9s de uma seringa ou dispositivo de medi\u00e7\u00e3o de qualidade m\u00e9dica.<\/li>\n<li><strong>Armazenamento<\/strong>: Conservar Nembutal l\u00edquido oral num local fresco e seco, ao abrigo da luz solar direta e da humidade. Manter fora do alcance das crian\u00e7as e dos animais dom\u00e9sticos.<\/li>\n<\/ul>\n<h4><strong>Efeitos secund\u00e1rios e precau\u00e7\u00f5es<\/strong><\/h4>\n<p>Como todos os medicamentos, Nembutal l\u00edquido oral pode causar efeitos secund\u00e1rios. Os efeitos secund\u00e1rios mais frequentes incluem sonol\u00eancia, tonturas, n\u00e1useas e dores de cabe\u00e7a. Em casos raros, podem ocorrer efeitos secund\u00e1rios mais graves, como depress\u00e3o respirat\u00f3ria, hipotens\u00e3o ou reac\u00e7\u00f5es al\u00e9rgicas. \u00c9 essencial procurar assist\u00eancia m\u00e9dica imediata se sentir quaisquer efeitos secund\u00e1rios graves.<\/p>\n<p><strong>Precau\u00e7\u00f5es<\/strong>:<\/p>\n<ul>\n<li><strong>Historial m\u00e9dico<\/strong>: Informe o seu profissional de sa\u00fade sobre o seu historial m\u00e9dico completo, especialmente se tiver antecedentes de doen\u00e7a hep\u00e1tica, doen\u00e7a renal ou problemas respirat\u00f3rios.<\/li>\n<li><strong>Intera\u00e7\u00f5es medicamentosas<\/strong>: Nembutal pode interagir com outros medicamentos, incluindo sedativos, opi\u00e1ceos e \u00e1lcool. Certifique-se de que o seu m\u00e9dico tem conhecimento de todos os medicamentos que est\u00e1 a tomar.<\/li>\n<li><strong>Gravidez e amamenta\u00e7\u00e3o<\/strong>: Nembutal deve ser utilizado com precau\u00e7\u00e3o durante a gravidez e o aleitamento. Consulte o seu profissional de sa\u00fade para obter orienta\u00e7\u00e3o.<\/li>\n<\/ul>\n<p><img decoding=\"async\" class=\"wp-image-463 aligncenter\" src=\"https:\/\/poisonshops.com\/wp-content\/uploads\/2025\/11\/tttt-1-204x300.png\" alt=\"Loja de Venenos\" width=\"56\" height=\"82\" srcset=\"https:\/\/poisonshops.com\/wp-content\/uploads\/2025\/11\/tttt-1-204x300.png 204w, https:\/\/poisonshops.com\/wp-content\/uploads\/2025\/11\/tttt-1.png 218w\" sizes=\"(max-width: 56px) 100vw, 56px\" \/><\/p>\n<h4><strong>Porqu\u00ea escolher Bio Weapons?<\/strong><\/h4>\n<ol>\n<li><strong>Garantia de qualidade<\/strong>: Damos prioridade \u00e0 qualidade e seguran\u00e7a, assegurando que o nosso l\u00edquido oral Nembutal cumpre os mais elevados padr\u00f5es da ind\u00fastria.<\/li>\n<li><strong>Vendedores autorizados<\/strong>: Bio Weapons \u00e9 um vendedor de confian\u00e7a e autorizado, fornecendo produtos genu\u00ednos a indiv\u00edduos aprovados com prescri\u00e7\u00f5es.<\/li>\n<li><strong>Transac\u00e7\u00f5es seguras<\/strong>: A nossa plataforma em linha garante transac\u00e7\u00f5es seguras, protegendo as suas informa\u00e7\u00f5es pessoais e financeiras.<\/li>\n<li><strong>Apoio ao cliente<\/strong>: A nossa equipa dedicada de apoio ao cliente est\u00e1 dispon\u00edvel para o ajudar com quaisquer quest\u00f5es ou preocupa\u00e7\u00f5es, prestando um servi\u00e7o profissional e simp\u00e1tico.<\/li>\n<li><strong>Entrega atempada<\/strong>: Compreendemos a import\u00e2ncia de uma entrega atempada. O nosso processo de envio eficiente garante que recebe o seu Nembutal l\u00edquido oral de forma r\u00e1pida e discreta.<\/li>\n<\/ol>\n<h4><strong>Conclus\u00e3o<\/strong><\/h4>\n<p>Bio Weapons \u00e9 a sua fonte fi\u00e1vel de Nembutal Pentobarbital l\u00edquido oral de alta qualidade. Estamos empenhados em fornecer produtos seguros, eficazes e fi\u00e1veis a indiv\u00edduos aprovados com prescri\u00e7\u00f5es v\u00e1lidas. O nosso foco na qualidade, satisfa\u00e7\u00e3o do cliente e transac\u00e7\u00f5es seguras diferencia-nos na ind\u00fastria. Compre com confian\u00e7a na Bio Weapons e sinta a diferen\u00e7a em termos de qualidade e servi\u00e7o.<\/p>\n<p><strong>Encomende hoje o seu Nembutal Pentobarbital l\u00edquido oral<\/strong> e junte-se aos nossos clientes satisfeitos que confiam na Bio Weapons para as suas necessidades m\u00e9dicas. A sua sa\u00fade e seguran\u00e7a s\u00e3o as nossas principais prioridades.<\/p>\n<p>Comprar Nembutal Pentobarbital l\u00edquido oral de alta qualidade na Poison Shops . Apenas pessoas autorizadas com receita m\u00e9dica. Compra segura, entrega r\u00e1pida e satisfa\u00e7\u00e3o do cliente garantida.<\/p>\n<p><img decoding=\"async\" class=\"wp-image-502 aligncenter\" src=\"https:\/\/poisonshops.com\/wp-content\/uploads\/2025\/11\/Bio-Weapons-240x300.png\" alt=\"Armas biol\u00f3gicas\" width=\"85\" height=\"106\" srcset=\"https:\/\/poisonshops.com\/wp-content\/uploads\/2025\/11\/Bio-Weapons-240x300.png 240w, https:\/\/poisonshops.com\/wp-content\/uploads\/2025\/11\/Bio-Weapons.png 265w\" sizes=\"(max-width: 85px) 100vw, 85px\" \/><\/p>\n<h4><\/h4>\n<ol>\n<li>Comprar Nembutal Pentobarbital L\u00edquido Oral Online<\/li>\n<li>Nembutal l\u00edquido oral de alta qualidade para uso m\u00e9dico<\/li>\n<li>Comprar Nembutal Pentobarbital Oral Liquid com seguran\u00e7a<\/li>\n<li>Fonte segura de Nembutal Pentobarbital L\u00edquido Oral<\/li>\n<li>Encomendar Nembutal Pentobarbital Oral Liquid com seguran\u00e7a<\/li>\n<li>Entrega r\u00e1pida de Nembutal Pentobarbital L\u00edquido Oral<\/li>\n<li>Fornecedor fi\u00e1vel de Nembutal Pentobarbital L\u00edquido Oral<\/li>\n<li>Aut\u00eantico Nembutal Pentobarbital L\u00edquido Oral para venda<\/li>\n<li>Comprar Nembutal Oral Liquid a vendedores autorizados<\/li>\n<li>Melhor s\u00edtio para comprar Nembutal Pentobarbital L\u00edquido Oral<\/li>\n<\/ol>\n<h4><\/h4>\n<p>Nembutal Pentobarbital l\u00edquido oral, Comprar Nembutal l\u00edquido oral, Comprar Nembutal Pentobarbital l\u00edquido, Nembutal l\u00edquido oral para venda, Nembutal l\u00edquido oral de alta qualidade, Compra segura de Nembutal Pentobarbital l\u00edquido, Nembutal l\u00edquido para uso m\u00e9dico, Fonte fi\u00e1vel de Nembutal l\u00edquido oral, Comprar Nembutal l\u00edquido legalmente, Nembutal l\u00edquido oral com receita, Nembutal l\u00edquido para eutan\u00e1sia, Encomendar Nembutal Pentobarbital l\u00edquido oral, Nembutal l\u00edquido para seda\u00e7\u00e3o,<\/p>\n<p>Nembutal Pentobarbital l\u00edquido genu\u00edno, entrega de Nembutal l\u00edquido oral, vendedor de Nembutal l\u00edquido de confian\u00e7a, comprar Nembutal l\u00edquido com seguran\u00e7a, Nembutal l\u00edquido aut\u00eantico, fornecedor de Nembutal l\u00edquido, Nembutal l\u00edquido nos EUA, disponibilidade de Nembutal l\u00edquido oral, entrega r\u00e1pida de Nembutal l\u00edquido, Nembutal l\u00edquido Pentobarbital de qualidade, Nembutal l\u00edquido de farm\u00e1cia, Nembutal l\u00edquido para anestesia, Comprar Nembutal l\u00edquido online, Compra segura de Nembutal l\u00edquido, Nembutal Pentobarbital l\u00edquido oral para profissionais, Fonte fi\u00e1vel de Nembutal l\u00edquido, Nembutal l\u00edquido para todo o mundo<\/p>\n<p><img decoding=\"async\" class=\"wp-image-176 aligncenter\" src=\"https:\/\/poisonshops.com\/wp-content\/uploads\/2025\/11\/poison_shop_logo-300x171.png\" alt=\"Lojas de venenos\" width=\"128\" height=\"73\" srcset=\"https:\/\/poisonshops.com\/wp-content\/uploads\/2025\/11\/poison_shop_logo-300x171.png 300w, https:\/\/poisonshops.com\/wp-content\/uploads\/2025\/11\/poison_shop_logo.png 563w\" sizes=\"(max-width: 128px) 100vw, 128px\" \/><\/p>","protected":false},"excerpt":{"rendered":"<p>Buy Nembutal Pentobarbital Oral Liquid Online Welcome to Bio Weapons , the premier source for high-quality Nembutal Pentobarbital oral liquid. Our Nembutal oral liquid is available exclusively to approved individuals with valid prescriptions. We are dedicated to providing superior quality, safety, and customer satisfaction, making us a trusted name in the industry. What is Nembutal [&hellip;]<\/p>\n","protected":false},"featured_media":216,"comment_status":"open","ping_status":"closed","template":"","meta":[],"product_brand":[],"product_cat":[18],"product_tag":[],"class_list":{"0":"post-95","1":"product","2":"type-product","3":"status-publish","4":"has-post-thumbnail","6":"product_cat-buy-nembutal-pentobarbital","8":"first","9":"instock","10":"featured","11":"shipping-taxable","12":"purchasable","13":"product-type-variable"},"_links":{"self":[{"href":"https:\/\/poisonshops.com\/pt\/wp-json\/wp\/v2\/product\/95","targetHints":{"allow":["GET"]}}],"collection":[{"href":"https:\/\/poisonshops.com\/pt\/wp-json\/wp\/v2\/product"}],"about":[{"href":"https:\/\/poisonshops.com\/pt\/wp-json\/wp\/v2\/types\/product"}],"replies":[{"embeddable":true,"href":"https:\/\/poisonshops.com\/pt\/wp-json\/wp\/v2\/comments?post=95"}],"wp:featuredmedia":[{"embeddable":true,"href":"https:\/\/poisonshops.com\/pt\/wp-json\/wp\/v2\/media\/216"}],"wp:attachment":[{"href":"https:\/\/poisonshops.com\/pt\/wp-json\/wp\/v2\/media?parent=95"}],"wp:term":[{"taxonomy":"product_brand","embeddable":true,"href":"https:\/\/poisonshops.com\/pt\/wp-json\/wp\/v2\/product_brand?post=95"},{"taxonomy":"product_cat","embeddable":true,"href":"https:\/\/poisonshops.com\/pt\/wp-json\/wp\/v2\/product_cat?post=95"},{"taxonomy":"product_tag","embeddable":true,"href":"https:\/\/poisonshops.com\/pt\/wp-json\/wp\/v2\/product_tag?post=95"}],"curies":[{"name":"wp","href":"https:\/\/api.w.org\/{rel}","templated":true}]}}