{"id":137,"date":"2017-12-17T10:06:43","date_gmt":"2017-12-17T10:06:43","guid":{"rendered":"https:\/\/wordpress.gradientthemes.com\/brand-shop\/about\/"},"modified":"2025-11-29T14:33:52","modified_gmt":"2025-11-29T14:33:52","slug":"obchody-s-jedmi","status":"publish","type":"page","link":"https:\/\/poisonshops.com\/sk\/obchody-s-jedmi\/","title":{"rendered":"O n\u00e1s"},"content":{"rendered":"<div data-elementor-type=\"wp-post\" data-elementor-id=\"137\" class=\"elementor elementor-137\">\n\t\t\t\t<div class=\"elementor-element elementor-element-b4375f3 e-flex e-con-boxed e-con e-parent\" data-id=\"b4375f3\" data-element_type=\"container\" data-e-type=\"container\">\n\t\t\t\t\t<div class=\"e-con-inner\">\n\t\t\t\t<div class=\"elementor-element elementor-element-c2b1470 elementor-widget elementor-widget-text-editor\" data-id=\"c2b1470\" data-element_type=\"widget\" data-e-type=\"widget\" data-widget_type=\"text-editor.default\">\n\t\t\t\t<div class=\"elementor-widget-container\">\n\t\t\t\t\t\t\t\t\t<h2>Obchody s jedmi<\/h2><p>Vitajte v Poison Shops, va\u0161om hlavnom zdroji vysoko kvalitn\u00fdch, \u0161pecializovan\u00fdch, najkvalitnej\u0161\u00edch a najtoxickej\u0161\u00edch biochemick\u00fdch l\u00e1tok a tox\u00ednov na svete. P\u00f4sob\u00edme z na\u0161ich zariaden\u00ed v <strong>Nemecko, \u0160vaj\u010diarsko,<\/strong> a<strong> Franc\u00fazsko<\/strong>, sme odhodlan\u00ed poskytova\u0165 na\u0161im klientom produkty a slu\u017eby najvy\u0161\u0161ej kvality. Na\u0161e zameranie na bezpe\u010dnos\u0165, istotu a spokojnos\u0165 z\u00e1kazn\u00edkov n\u00e1s odli\u0161uje od ostatn\u00fdch v tomto odvetv\u00ed. Obchod s biologick\u00fdmi zbra\u0148ami.<\/p><p>Na <a href=\"https:\/\/poisonshops.com\/sk\/\">Obchody s jedmi<\/a>, zabezpe\u010dujeme pr\u00edsne dodr\u017eiavanie medzin\u00e1rodn\u00fdch predpisov, pri\u010dom uprednost\u0148ujeme zodpovedn\u00e9 p<strong>balenie, manipul\u00e1cia, preprava, <\/strong>a <strong>distrib\u00facia<\/strong> nebezpe\u010dn\u00fdch materi\u00e1lov. N\u00e1\u0161 t\u00edm je dobre vy\u0161kolen\u00fd a vybaven\u00fd pokro\u010dil\u00fdmi <strong>osobn\u00e9 ochrann\u00e9 prostriedky (OOP),<\/strong> a v\u0161etky z\u00e1sielky obsahuj\u00fa komplexn\u00e9 <strong>Bezpe\u010dnostn\u00e9 listy (SDS)<\/strong> pre va\u0161u istotu a bezpe\u010dnos\u0165. Na\u0161a ponuka zah\u0155\u0148a <strong>Arz\u00e9nov\u00e1 otrava, akonit\u00edn, batrachotox\u00edn, botulotox\u00edn, kyanid, dimetylortu\u0165, maitotox\u00edn, pol\u00f3nium-210, ric\u00edn, sar\u00edn, tetrodotox\u00edn, samovra\u017eda pomocou nembutalu<a href=\"https:\/\/duckduckgo.com\/\" target=\"_blank\" rel=\"noopener\">,<\/a>a VR Nerve Agent. Najlep\u0161ie miesto na diskr\u00e9tne objedn\u00e1vanie jedu.<\/strong><\/p><p><img decoding=\"async\" class=\"wp-image-502 aligncenter\" src=\"https:\/\/poisonshops.com\/wp-content\/uploads\/2025\/11\/Bio-Weapons-240x300.png\" alt=\"Biologick\u00e9 zbrane\" width=\"53\" height=\"66\" srcset=\"https:\/\/poisonshops.com\/wp-content\/uploads\/2025\/11\/Bio-Weapons-240x300.png 240w, https:\/\/poisonshops.com\/wp-content\/uploads\/2025\/11\/Bio-Weapons.png 265w\" sizes=\"(max-width: 53px) 100vw, 53px\" \/><\/p><p>\u010ci u\u017e chcete na\u0161e jedy\/tox\u00edny na v\u00fdskumn\u00e9 \u00fa\u010dely, eutan\u00e1ziu alebo prev\u00e1dzkujete v\u00fdskumn\u00fa laborat\u00f3rium pre obchody s jedmi, alebo m\u00e1te v \u00famysle vykon\u00e1va\u0165 etnick\u00e9 \u010distky, atent\u00e1ty, d\u00f4verujte obchodom s jedmi, ktor\u00e9 pon\u00fakaj\u00fa spo\u013eahliv\u00e9 tox\u00edny s diskr\u00e9tnymi rie\u0161eniami dod\u00e1vky a bezpe\u010dn\u00fdmi transakciami v\u00fdlu\u010dne prostredn\u00edctvom kryptomien. Nakupujte v\u00fdskumn\u00e9 chemik\u00e1lie online.<\/p><p>Pon\u00fakame r\u00f4zne mo\u017enosti dopravy, vr\u00e1tane <strong>\u0161tandard <\/strong>a<strong> expresn\u00e9 slu\u017eby,<\/strong> s <strong>doprava zadarmo<\/strong> pri objedn\u00e1vkach nad<strong> \u20ac10,000<\/strong>. Pre \u0161pecifick\u00e9 po\u017eiadavky poskytujeme <strong>m\u0155tva schr\u00e1nka <\/strong>slu\u017eba pre <strong>konkr\u00e9tne GPS s\u00faradnice<\/strong>. Na\u0161e z\u00e1sady odr\u00e1\u017eaj\u00fa n\u00e1\u0161 z\u00e1v\u00e4zok poskytova\u0165 bezpe\u010dn\u00e9 a efekt\u00edvne slu\u017eby, vr\u00e1tane jasn\u00fdch z\u00e1sad vr\u00e1tenia pe\u0148az\u00ed a vr\u00e1tenia tovaru zameran\u00fdch na nedoru\u010den\u00e9 alebo oneskoren\u00e9 objedn\u00e1vky.<\/p><p>Spolo\u010dnos\u0165 Bio Weapons je d\u00f4veryhodn\u00fdm partnerom v biochemickom priemysle, ktor\u00fd dodr\u017eiava najvy\u0161\u0161ie \u0161tandardy integrity, inov\u00e1cie a odbornosti. \u010eakujeme, \u017ee ste si pre svoje \u0161pecializovan\u00e9 biochemick\u00e9 potreby vybrali spolo\u010dnos\u0165 Bio Weapons. K\u00fapi\u0165 jedy.<\/p><p><img decoding=\"async\" class=\"wp-image-489 aligncenter\" src=\"https:\/\/poisonshops.com\/wp-content\/uploads\/2025\/11\/Buy-poisons-and-toxins-anonymously-300x200.jpg\" alt=\"K\u00fapte si jedy a tox\u00edny anonymne\" width=\"74\" height=\"49\" srcset=\"https:\/\/poisonshops.com\/wp-content\/uploads\/2025\/11\/Buy-poisons-and-toxins-anonymously-300x200.jpg 300w, https:\/\/poisonshops.com\/wp-content\/uploads\/2025\/11\/Buy-poisons-and-toxins-anonymously-446x297.jpg 446w, https:\/\/poisonshops.com\/wp-content\/uploads\/2025\/11\/Buy-poisons-and-toxins-anonymously.jpg 474w\" sizes=\"(max-width: 74px) 100vw, 74px\" \/><\/p><h3>K\u00fapte si jedy a tox\u00edny anonymne<\/h3><p>V s\u00fa\u010dasnosti je popul\u00e1rnej\u0161ie pou\u017e\u00edva\u0165 tich\u0161ie a skrytej\u0161ie met\u00f3dy vra\u017edenia. Na pomoc prich\u00e1dzaj\u00fa r\u00f4zne pomal\u00e9 jedy. Na tomto svete u\u017e nie je ni\u010d nov\u00e9 a jedy sa pou\u017e\u00edvali aj v civilizovan\u00fdch krajin\u00e1ch: v starovekom Egypte, v stredovekej Eur\u00f3pe. V t\u00fdch rokoch medic\u00edny neexistovala forenzn\u00e1 veda, nikto nevedel, pre\u010do \u010dlovek zomrel, tak\u017ee ste si mohli \u013eahko objedna\u0165 ak\u00fdko\u013evek typ smrti u starod\u00e1vnych chemikov: pomal\u00fa a mu\u010div\u00fa, r\u00fdchlu a bezbolestn\u00fa, vo sp\u00e1nku, infarkt at\u010f.<\/p><p>V\u010faka modern\u00fdm met\u00f3dam ur\u010dovania pr\u00ed\u010diny smrti je dnes neuverite\u013ene \u0165a\u017ek\u00e9 niekoho otr\u00e1vi\u0165, najm\u00e4 ak zomrie n\u00e1hle, \u013eudia okam\u017eite za\u010dn\u00fa podozrieva\u0165 otravu. Potravinov\u00fd jed na potkany z obchodu nesta\u010d\u00ed, forenzn\u00e1 expert\u00edza okam\u017eite n\u00e1jde jeho zvy\u0161ky v krvi alebo po\u0161kodenie org\u00e1nov pri pitve.\u00a0<\/p><p>Preto je pou\u017e\u00edvanie chemick\u00fdch jedov, ako je kyanid, metylortu\u0165 a arz\u00e9n, z pr\u00e1vneho h\u013eadiska nebezpe\u010dn\u00e9. Po smrti zost\u00e1vaj\u00fa v tele a vonkaj\u0161ie pr\u00edznaky s\u00fa pre forenzn\u00fdch expertov ve\u013emi zrejm\u00e9.<\/p><p>Vytv\u00e1ram starostlivo vybran\u00e9 organick\u00e9 jedy s dlhodob\u00fdm \u00fa\u010dinkom a niektor\u00e9 z nich syntetizujem do podoby s\u00e9ra. Pre\u010do vym\u00fd\u0161\u013ea\u0165 nie\u010do, \u010do u\u017e za v\u00e1s urobila pr\u00edroda?<\/p><p>Vytv\u00e1ram starostlivo vybran\u00e9 organick\u00e9 jedy s dlhodob\u00fdm \u00fa\u010dinkom a niektor\u00e9 z nich syntetizujem do podoby s\u00e9ra. Pre\u010do vym\u00fd\u0161\u013ea\u0165 nie\u010do, \u010do u\u017e za v\u00e1s urobila pr\u00edroda?<\/p><p>Je ve\u013emi \u013eahk\u00e9 otr\u00e1vi\u0165 \u013eud\u00ed, v miestnych spr\u00e1vach sa \u010dasto dozviete o smrti babi\u010dky v d\u00f4sledku otravy nekvalitn\u00fdm m\u00e4som z trhu, pri\u010dom babi\u010dka \u017eila sama v dvojizbovom byte... Nakupujte v\u00fdskumn\u00e9 chemik\u00e1lie online.<\/p><p>Ak\u00e9 d\u00f4kazy m\u00f4\u017eem poskytn\u00fa\u0165, \u017ee nie som \u0161tudent, ktor\u00fd vytvoril webov\u00fa str\u00e1nku s cie\u013eom podv\u00e1dza\u0165 \u013eud\u00ed, aby si zarobil na \u017eivobytie? V prvom rade to pochop\u00edte hne\u010f, ako so mnou budete hovori\u0165, ale prilo\u017e\u00edm aj nieko\u013eko fotografi\u00ed mojej laborat\u00f3ri\u00e1:<\/p><h4>K\u00fapi\u0165 chemik\u00e1lie na v\u00fdskum online<\/h4><p><img decoding=\"async\" class=\"wp-image-176 aligncenter\" src=\"https:\/\/poisonshops.com\/wp-content\/uploads\/2025\/11\/poison_shop_logo-300x171.png\" alt=\"Obchody s jedmi\" width=\"70\" height=\"40\" srcset=\"https:\/\/poisonshops.com\/wp-content\/uploads\/2025\/11\/poison_shop_logo-300x171.png 300w, https:\/\/poisonshops.com\/wp-content\/uploads\/2025\/11\/poison_shop_logo.png 563w\" sizes=\"(max-width: 70px) 100vw, 70px\" \/><\/p>\t\t\t\t\t\t\t\t<\/div>\n\t\t\t\t<\/div>\n\t\t\t\t\t<\/div>\n\t\t\t\t<\/div>\n\t\t\t\t<\/div>","protected":false},"excerpt":{"rendered":"<p>Poison Shops Welcome to Poison Shops \u00a0your premier source for high-quality, specialized in top-tier and world most toxic biochemical agents and toxins. Operating from our facilities in Germany, Switzerland, and France, we are committed to providing our clients with top-tier products and services. Our focus on safety, security, and customer satisfaction sets us apart in [&hellip;]<\/p>\n","protected":false},"author":1,"featured_media":0,"parent":0,"menu_order":0,"comment_status":"closed","ping_status":"closed","template":"elementor_header_footer","meta":{"footnotes":""},"class_list":["post-137","page","type-page","status-publish","hentry"],"_links":{"self":[{"href":"https:\/\/poisonshops.com\/sk\/wp-json\/wp\/v2\/pages\/137","targetHints":{"allow":["GET"]}}],"collection":[{"href":"https:\/\/poisonshops.com\/sk\/wp-json\/wp\/v2\/pages"}],"about":[{"href":"https:\/\/poisonshops.com\/sk\/wp-json\/wp\/v2\/types\/page"}],"author":[{"embeddable":true,"href":"https:\/\/poisonshops.com\/sk\/wp-json\/wp\/v2\/users\/1"}],"replies":[{"embeddable":true,"href":"https:\/\/poisonshops.com\/sk\/wp-json\/wp\/v2\/comments?post=137"}],"version-history":[{"count":34,"href":"https:\/\/poisonshops.com\/sk\/wp-json\/wp\/v2\/pages\/137\/revisions"}],"predecessor-version":[{"id":508,"href":"https:\/\/poisonshops.com\/sk\/wp-json\/wp\/v2\/pages\/137\/revisions\/508"}],"wp:attachment":[{"href":"https:\/\/poisonshops.com\/sk\/wp-json\/wp\/v2\/media?parent=137"}],"curies":[{"name":"wp","href":"https:\/\/api.w.org\/{rel}","templated":true}]}}